{"id":6749,"date":"2020-07-10T20:24:59","date_gmt":"2020-07-11T01:24:59","guid":{"rendered":"https:\/\/todoenseguridad.com\/site\/producto\/dahua-hfw1200t-a-camara-bullet-hdcvi-1080p-103-grados-de-ape\/"},"modified":"2026-03-30T17:42:19","modified_gmt":"2026-03-30T22:42:19","slug":"dahua-hfw1200t-a-camara-bullet-hdcvi-1080p-103-grados-de-ape","status":"publish","type":"product","link":"https:\/\/todoenseguridad.com\/site\/producto\/dahua-hfw1200t-a-camara-bullet-hdcvi-1080p-103-grados-de-ape\/","title":{"rendered":"DAHUA HFW1200T-A &#8211; Camara Bullet HDCVI 1080p \/ 103 Grados de Apertura"},"content":{"rendered":"<p><!--?xml version=\"1.0\" encoding=\"utf-8\"?--><\/p>\n<h2><span style=\"color: #0000ff;\">HFW1200T-A DAHUA Camara Bullet HDCVI 1080p \/ Audio Integrado\/ 103 Grados de Apertura\/ Lente 2.8 mm \/ IR 30 Mts\/ IP67\/ Metalica\/ DWDR\/ BLC \/HLC<\/span><\/h2>\n<p>&nbsp;<\/p>\n<h3><span style=\"color: #000000;\">INFORMACION GENERAL:<\/span><\/h3>\n<div>\n<p class=\"ql-align-justify\"><span style=\"color: #000000;\">El modelo <strong>HFW1200TA28<\/strong> es una camara\u00a0de resoluci\u00f3n <strong>1080P<\/strong> (1920&#215;1080). que cuenta con un potente chipset que incorpora un sensor avanzado para proporcionar una excelente calidad en la imagen con colores vivos y abundantes detalles, tambi\u00e9n obtendremos un \u00e1ngulo de visi\u00f3n m\u00e1s amplio.<\/span><\/p>\n<p class=\"ql-align-justify\"><span style=\"color: #000000;\">Una de las ventajas que nos proporciona este modelo es que tendremos una visi\u00f3n de <strong>103 grados<\/strong> con su lente de <strong>2.8 mm<\/strong>. Otra caracter\u00edsticas es a pueba de agua con \u00edndice de protecci\u00f3n <strong>IP67<\/strong> lo que le permite ser utilizada para el exterior, ya que esta dise\u00f1ada para que no ingrese polvo y agua.<\/span><\/p>\n<p class=\"ql-align-justify\"><span style=\"color: #000000;\">Otra caracter\u00edstica primordial de esta c\u00e1mara es que cuenta con audio integrado de calidad sin igual.<\/span><\/p>\n<\/div>\n<h3><span style=\"color: #000000;\"> Amplio \u00c1ngulo de Visi\u00f3n<\/span><\/h3>\n<div>\n<p class=\"ql-align-justify\"><span style=\"color: #000000;\">Una de las ventajas que nos proporciona este modelo es el \u00e1ngulo de visi\u00f3n amplio de 90\u00b0, sin perder detalle alguno.<\/span><\/p>\n<\/div>\n<h3><span style=\"color: #000000;\"> Larga distancia de transmisi\u00f3n<\/span><\/h3>\n<div>\n<p><span style=\"color: #000000;\">La tecnolog\u00eda HDCVI garantiza una transmisi\u00f3n a larga distancia y en tiempo real sin ninguna p\u00e9rdida. Admite hasta 700 m para video HD de 4MP a trav\u00e9s de cable coaxial y hasta 300 m mediante cable UTP.<\/span><\/p>\n<\/div>\n<h3><span style=\"color: #000000;\"> IR Inteligente<\/span><\/h3>\n<div>\n<p class=\"ql-align-justify\"><span style=\"color: #000000;\">La c\u00e1mara est\u00e1 dise\u00f1ada con iluminaci\u00f3n infrarroja LED microcristalina para un mejor rendimiento con poca luz. Smart IR es una tecnolog\u00eda para garantizar la uniformidad de brillo en im\u00e1genes B \/ W en condiciones de baja iluminaci\u00f3n. El Smart IR exclusivo de Dahua se ajusta a la intensidad de los LED infrarrojos de la c\u00e1mara para compensar la distancia de un objeto, y evita que los LEDs IR excedan la exposici\u00f3n de las im\u00e1genes cuando el objeto se acerca a la c\u00e1mara.<\/span><\/p>\n<\/div>\n<h3><span style=\"color: #000000;\"> Menu OSD Multi-lenguaje<\/span><\/h3>\n<div>\n<p class=\"ql-align-justify\"><span style=\"color: #000000;\">El men\u00fa OSD proporciona m\u00faltiples ajustes de imagen y configuraciones de funci\u00f3n para cumplir con los requisitos de diferentes escenas de monitoreo. El men\u00fa OSD incluye confguratons como modo de luz de fondo, d\u00eda \/ noche, balance de blancos, m\u00e1scara de privacidad y detecci\u00f3n de motones. La c\u00e1mara admite 11 idiomas para el men\u00fa OSD, a saber, chino, ingl\u00e9s, franc\u00e9s, alem\u00e1n, espa\u00f1ol, portugu\u00e9s, italiano, japon\u00e9s, coreano, ruso y polaco.<\/span><\/p>\n<p class=\"ql-align-justify\">\n<\/div>\n<h3><span style=\"color: #000000;\"> Protecci\u00f3n ambientes exteriores<\/span><\/h3>\n<div>\n<p class=\"ql-align-justify\"><span style=\"color: #000000;\">La excelente fiabilidad de la c\u00e1mara es insuperable debido a su dise\u00f1o robusto. La c\u00e1mara est\u00e1 protegida contra el agua y el polvo con la clasificaci\u00f3n <strong>IP67<\/strong>, lo que la hace adecuada para ambientes interiores o exteriores, adem\u00e1s soporta un rango de temperatura de trabajo de -40 \u00b0 C a +60 \u00b0 C (-40 \u00b0 F a +140 \u00b0 F).<\/span><\/p>\n<p class=\"ql-align-justify\"><span style=\"color: #000000;\">Con una tolerancia de voltaje de entrada de 30%, esta c\u00e1mara se adapta incluso a la mayor\u00eda de condiciones inestables de alimentaci\u00f3n. Su velocidad de rayo de <strong>4KV<\/strong> proporciona protecci\u00f3n a los efectos de los rayos.<\/span><\/p>\n<\/div>\n<p>&nbsp;<\/p>\n<p>&nbsp;<\/p>\n<p style=\"color: #848282; font-family: tahoma, verdana, arial; font-size: 11px;\" align=\"justify\"><span style=\"color: #ff0000;\"><strong><span style=\"font-size: xx-large;\">DUDAS?<\/span><\/strong><\/span><\/p>\n<p style=\"color: #848282; font-family: tahoma, verdana, arial; font-size: 11px;\" align=\"justify\"><span style=\"color: #ff6600; font-size: medium;\"><strong>Llamenos GRATIS NACIONAL al\u00a0 01-800-087-4650<\/strong><\/span><\/p>\n<p style=\"color: #848282; font-family: tahoma, verdana, arial; font-size: 11px;\"><span style=\"color: #ada96e;\">En algunas ocasiones nuestros inventarios pueden moverse y no tener en existencia alg\u00fan producto. Llamenos o escribanos para confirmar si ese articulo que busca lo tenemos o quizas podamos sugerir algun otro.<br \/>\nUtilice la<\/span>\u00a0<strong>AYUDA EN LINEA<\/strong><\/p>\n<p><span style=\"color: #f87217; font-family: tahoma, verdana, arial; font-size: 11px;\">Por favor tome un minuto y revise nuestras POLITICAS de venta al calce de la pagina.<\/span><\/p>\n<p>&nbsp;<\/p>\n","protected":false},"excerpt":{"rendered":"<p>HFW1200T-A DAHUA Camara Bullet HDCVI 1080p \/ Audio Integrado\/ 103 Grados de Apertura\/ Lente 2.8 mm \/ IR 30 Mts\/ IP67\/ Metalica\/ DWDR\/ BLC \/HLC &nbsp; INFORMACION GENERAL: El modelo HFW1200TA28 es una camara\u00a0de resoluci\u00f3n 1080P (1920&#215;1080). que cuenta con un potente chipset que incorpora un sensor avanzado para proporcionar una excelente calidad en la [&hellip;]<\/p>\n","protected":false},"featured_media":7749,"template":"","meta":{"_acf_changed":false},"product_brand":[],"product_cat":[107,104],"product_tag":[],"berocket_brand":[],"class_list":{"0":"post-6749","1":"product","2":"type-product","3":"status-publish","4":"has-post-thumbnail","6":"product_cat-bullet-cctv-hdcvi","7":"product_cat-cctv-hdcvi","9":"first","10":"instock","11":"taxable","12":"shipping-taxable","13":"purchasable","14":"product-type-simple","15":"berocket_lgv_grid","16":"berocket_lgv_list_grid"},"acf":[],"aioseo_notices":[],"_links":{"self":[{"href":"https:\/\/todoenseguridad.com\/site\/wp-json\/wp\/v2\/product\/6749","targetHints":{"allow":["GET"]}}],"collection":[{"href":"https:\/\/todoenseguridad.com\/site\/wp-json\/wp\/v2\/product"}],"about":[{"href":"https:\/\/todoenseguridad.com\/site\/wp-json\/wp\/v2\/types\/product"}],"wp:featuredmedia":[{"embeddable":true,"href":"https:\/\/todoenseguridad.com\/site\/wp-json\/wp\/v2\/media\/7749"}],"wp:attachment":[{"href":"https:\/\/todoenseguridad.com\/site\/wp-json\/wp\/v2\/media?parent=6749"}],"wp:term":[{"taxonomy":"product_brand","embeddable":true,"href":"https:\/\/todoenseguridad.com\/site\/wp-json\/wp\/v2\/product_brand?post=6749"},{"taxonomy":"product_cat","embeddable":true,"href":"https:\/\/todoenseguridad.com\/site\/wp-json\/wp\/v2\/product_cat?post=6749"},{"taxonomy":"product_tag","embeddable":true,"href":"https:\/\/todoenseguridad.com\/site\/wp-json\/wp\/v2\/product_tag?post=6749"},{"taxonomy":"berocket_brand","embeddable":true,"href":"https:\/\/todoenseguridad.com\/site\/wp-json\/wp\/v2\/berocket_brand?post=6749"}],"curies":[{"name":"wp","href":"https:\/\/api.w.org\/{rel}","templated":true}]}}