{"id":6738,"date":"2020-07-10T20:24:58","date_gmt":"2020-07-11T01:24:58","guid":{"rendered":"https:\/\/todoenseguridad.com\/site\/producto\/nv9311prj45-vivotek-nvr-movil-8-canales-h264-h265-1-bahia\/"},"modified":"2026-03-25T12:38:33","modified_gmt":"2026-03-25T17:38:33","slug":"nv9311prj45-vivotek-nvr-movil-8-canales-h264-h265-1-bahia","status":"publish","type":"product","link":"https:\/\/todoenseguridad.com\/site\/producto\/nv9311prj45-vivotek-nvr-movil-8-canales-h264-h265-1-bahia\/","title":{"rendered":"NV9311PRJ45 VIVOTEK NVR Movil 8 canales \/ H264 &#038; H265 \/ 1 Bahia 2.5"},"content":{"rendered":"<p><!--?xml version=\"1.0\" encoding=\"utf-8\"?--><\/p>\n<h2><span style=\"color: #0000ff;\">NV9311PRJ45 VIVOTEK NVR Movil 8 canales \/ H264 &amp; H265 \/ 1 Bahia 2.5 \/ 1 UPLINK RJ45 GB \/ 8 PoE AF \/ AT \/ WiFi \/ GPS \/ 4G \/ HDMI &amp; VGA<\/span><\/h2>\n<h3><span style=\"color: #000000;\"> Informaci\u00f3n general<\/span><\/h3>\n<p class=\"ql-align-justify\"><span style=\"color: #000000;\">El nuevo modelo NV9311P de VIVOTEK es un NVR m\u00f3vil dise\u00f1ado para vigilancia de transporte, ofrece una visualizaci\u00f3n en vivo en tiempo real de de 8 canales a 1080p con eficiencia de grabaci\u00f3n utilizando la avanzada tecnolog\u00eda de compresi\u00f3n de video H.265.\u00a0Los 8 puertos 802.3at \/ af PoE proporcionan conexiones de red y alimentaci\u00f3n a las c\u00e1maras de red.\u00a0El NVR m\u00f3vil proporcionar\u00e1 protecci\u00f3n duradera y robusta para todo tipo de movimiento de veh\u00edculos ya que cuenta con un dise\u00f1o resistente cumpliendo con las EN50155 y MIL-STD-810G.<\/span><\/p>\n<p>&nbsp;<\/p>\n<p class=\"ql-align-justify\"><span style=\"color: #000000;\">El modelo NV9311P integra un sensor G y un m\u00f3dulo GNSS para proporcionar informaci\u00f3n como eventos del sensor G, eventos de velocidad y adem\u00e1s ofrecer m\u00faltiples interfaces de red como LAN, WiFi y LTE para diferentes requisitos de conexi\u00f3n de red.\u00a0Al implementar el software VAST 2 de VIVOTEK, las ubicaciones de rastreo GPS se muestran instant\u00e1neamente en Google Maps.\u00a0Tambi\u00e9n se pueden mostrar de forma remota los videos en vivo , lo que permite un acceso instant\u00e1neo para un control de seguridad completo.<\/span><\/p>\n<p>&nbsp;<\/p>\n<p class=\"ql-align-justify\"><span style=\"color: #000000;\">Cuando se instala en veh\u00edculos, el NVR m\u00f3vil admite la activaci\u00f3n \/ desactivaci\u00f3n del retardo de alimentaci\u00f3n del sistema y la protecci\u00f3n de bajo voltaje para una mejor confiabilidad del sistema.\u00a0El NVR tambi\u00e9n cuenta con una amplia gama de entradas de alimentaci\u00f3n, un chasis de aluminio, un calentador incorporado, protecci\u00f3n contra sobretensiones y protecci\u00f3n contra golpes y vibraciones.\u00a0Con un dise\u00f1o f\u00e1cil de instalar, as\u00ed como una operaci\u00f3n simple y caracter\u00edsticas completas, el NV9311P ofrece m\u00e1s posibilidades para las aplicaciones de seguridad vehicular.<\/span><\/p>\n<h3><span style=\"color: #000000;\"> Pantalla en vivo en tiempo real H.265 1080P<\/span><\/h3>\n<div>\n<p class=\"ql-align-justify\"><span style=\"color: #000000;\">Con un potente SoC multin\u00facleo para proporcionar una visualizaci\u00f3n en vivo en tiempo real de 1080p (1920&#215;1080) para que los usuarios no pierdan ninguna informaci\u00f3n durante el monitoreo, los NVR tambi\u00e9n proporcionan H.265 y la tecnolog\u00eda Smart Stream de VIVOTEK para ayudar a ahorrar en gran medida la capacidad de grabaci\u00f3n que el sistema H.264 normal.<\/span><\/p>\n<p class=\"ql-align-justify\">\n<\/div>\n<h3><span style=\"color: #000000;\"> Opciones de conexi\u00f3n WiFi y LTE<\/span><\/h3>\n<p><span style=\"color: #000000;\">La transmisi\u00f3n de video y los datos de los NVR m\u00f3viles se transmitir\u00e1n al centro de control de forma remota para su monitoreo a trav\u00e9s de WiFi 802.11a \/ b \/ g \/ n \/ ac o conexi\u00f3n LTE.<\/span><\/p>\n<p>&nbsp;<\/p>\n<p><span style=\"color: #000000;\"><strong>Nota:<\/strong><\/span> <span style=\"color: #e60000;\">No se incluyen los m\u00f3dulos para conexi\u00f3n LTE Y Wi-Fi, estos m\u00f3dulos se adquieren por separado.<\/span><\/p>\n<p>&nbsp;<\/p>\n<h3><span style=\"color: #000000;\"> Sensor G incorporado <\/span><\/h3>\n<div>\n<p><span style=\"color: #000000;\">Sensor G incorporado para control de seguridad del variador.\u00a0Los usuarios pueden establecer el nivel de sensibilidad y el sensor G se activar\u00e1 en caso de accidente o cuando ocurran vibraciones extremas.<\/span><\/p>\n<p>&nbsp;<\/p>\n<p><span style=\"color: #000000;\"><strong>Nota:<\/strong><\/span> <span style=\"color: #e60000;\">Para enviar o recibir una notificaci\u00f3n del sensor G hacia la estacion requiere una conexi\u00f3n a internet por medio del modulo LTE con su SIM Card.<\/span><\/p>\n<p>&nbsp;<\/p>\n<\/div>\n<h3><span style=\"color: #000000;\"> Tecnolog\u00eda de imagen dewarp para divisi\u00f3n de imagen en c\u00e1mara fisheye<\/span><\/h3>\n<div>\n<p><span style=\"color: #000000;\">El NVR de VIVOTEK ofrece modos LiveView y Playback para una c\u00e1mara IP fisheye simult\u00e1neamente.\u00a0Tambi\u00e9n proporcionan m\u00faltiples modos de visualizaci\u00f3n dewarp fisheye, incluidos 1O, 1P, 1R, 1O3R, 1O8R, lo que permite a los usuarios monitorear cualquier \u00e1ngulo o disfrutar de im\u00e1genes detalladas precisas para una experiencia de vigilancia total.<\/span><\/p>\n<p>&nbsp;<\/p>\n<\/div>\n<h3><span style=\"color: #000000;\"> Rastreo vehicular por medio de GPS en Google Maps<\/span><\/h3>\n<div>\n<p><span style=\"color: #000000;\">El receptor GNSS incorporado admite sistemas GPS, GALILEO y GLONASS para diferentes aplicaciones de \u00e1rea.\u00a0Mediante el uso remoto de VAST 2 VMS, permite a los usuarios tener tanto visualizaci\u00f3n de video en vivo como rastreo GPS desde Google Maps.<\/span><\/p>\n<p>&nbsp;<\/p>\n<h5><span style=\"color: #000000;\"><strong>Nota:<\/strong><\/span> <span style=\"color: #e60000;\">Para poder obtener la visualizaci\u00f3n del mapa de google map, requiere una licencia de API para poder obtener la funci\u00f3n de seguimiento de recorrido del veh\u00edculo en tiempo real.<\/span><\/h5>\n<p>&nbsp;<\/p>\n<\/div>\n<h3><span style=\"color: #000000;\"> Dise\u00f1o robusto para vigilancia m\u00f3vil<\/span><\/h3>\n<div>\n<p><span style=\"color: #000000;\">Cumplimiento de las normas de transporte EN50155 y MIL-STD-810G, que garantiza el cumplimiento de los requisitos antivibraci\u00f3n y antichoque, y operable en condiciones dif\u00edciles como temperaturas extremadamente bajas, alta humedad e incluso protecci\u00f3n contra sobretensiones.<\/span><\/p>\n<p>&nbsp;<\/p>\n<\/div>\n<h3><span style=\"color: #000000;\"> Diagrama del sistema NVR movil de VIVOTEK<\/span><\/h3>\n<div>\n<p><span style=\"color: #000000;\">* 1: Disponible cuando Mobile NVR est\u00e1 en una direcci\u00f3n IP est\u00e1tica.<\/span><\/p>\n<p><span style=\"color: #000000;\">* 2: Disponible cuando Mobile NVR en direcci\u00f3n IP est\u00e1tica o VAST 2 en direcci\u00f3n IP est\u00e1tica (modo VPN).<\/span><\/p>\n<p>&nbsp;<\/p>\n<\/div>\n<h3><span style=\"color: #000000;\"> Protecci\u00f3n por bloqueo de panel exterior y bloqueo de bah\u00eda interna<\/span><\/h3>\n<div>\n<p><span style=\"color: #000000;\">Bloqueo de bisel principal, y bloqueo de bah\u00eda de disco interno por medio de llave.<\/span><\/p>\n<p>&nbsp;<\/p>\n<\/div>\n<h3><span style=\"color: #000000;\"> Principales caracter\u00edsticas<\/span><\/h3>\n<div>\n<ul>\n<li><span style=\"color: #000000;\">Pantalla en vivo en tiempo real H.265 1080p 8-CH<\/span><\/li>\n<li><span style=\"color: #000000;\">Smart Stream II de VIVOTEK para optimizar la eficiencia del ancho de banda<\/span><\/li>\n<li><span style=\"color: #000000;\">Pantalla 4K para monitoreo claro y detallado<\/span><\/li>\n<li><span style=\"color: #000000;\">LAN \/ Wi-Fi \/ LTE M\u00faltiples conexiones de red (Los modulos para conexion inalambrica se venden por separado)<\/span><\/li>\n<li><span style=\"color: #000000;\">Puerto PoE x8 compatible con 802.3at \/ af con eficiencia de gesti\u00f3n<\/span><\/li>\n<li><span style=\"color: #000000;\">Sensor G incorporado para alertas de vibraci\u00f3n del veh\u00edculo<\/span><\/li>\n<li><span style=\"color: #000000;\">Rastreo GPS en Google Maps (Requiere adquirir licencia de gogole maps) con VAST 2 VMS<\/span><\/li>\n<li><span style=\"color: #000000;\">Retraso de arranque \/ apagado de energ\u00eda y protecci\u00f3n de bajo voltaje<\/span><\/li>\n<li><span style=\"color: #000000;\">Calentador incorporado para temperaturas extremas (-40 \u00b0 C ~ 55 \u00b0 C)<\/span><\/li>\n<li><span style=\"color: #000000;\">Certificaci\u00f3n EN50155 \/ MIL-STD-810G para garantizar la confiabilidad durante el viaje del veh\u00edculo<\/span><\/li>\n<li><span style=\"color: #000000;\">Soporta VAST V1.10 o superior, VAST 2 V2.3 o superior.<\/span><\/li>\n<li><span style=\"color: #000000;\">Soporta NVR: Serie ND, Serie NV, NR Serie NVR.<\/span><\/li>\n<li><span style=\"color: #000000;\">Soporta Shepherd V2.0.0.6 o superior.<\/span><\/li>\n<\/ul>\n<\/div>\n<p style=\"color: #848282; font-family: tahoma, verdana, arial; font-size: 11px;\" align=\"justify\"><span style=\"color: #ff0000;\"><strong><span style=\"font-size: xx-large;\">DUDAS?<\/span><\/strong><\/span><\/p>\n<p style=\"color: #848282; font-family: tahoma, verdana, arial; font-size: 11px;\" align=\"justify\"><span style=\"color: #ff6600; font-size: medium;\"><strong>Llamenos GRATIS NACIONAL al\u00a0 01-800-087-4650<\/strong><\/span><\/p>\n<p style=\"color: #848282; font-family: tahoma, verdana, arial; font-size: 11px;\"><span style=\"color: #ada96e;\">En algunas ocasiones nuestros inventarios pueden moverse y no tener en existencia alg\u00fan producto. Llamenos o escribanos para confirmar si ese articulo que busca lo tenemos o quizas podamos sugerir algun otro.<br \/>\nUtilice la<\/span>\u00a0<strong>AYUDA EN LINEA<\/strong><\/p>\n<p><span style=\"color: #f87217; font-family: tahoma, verdana, arial; font-size: 11px;\">Por favor tome un minuto y revise nuestras POLITICAS de venta al calce de la pagina.<\/span><\/p>\n<p>&nbsp;<\/p>\n","protected":false},"excerpt":{"rendered":"<p>NV9311PRJ45 VIVOTEK NVR Movil 8 canales \/ H264 &amp; H265 \/ 1 Bahia 2.5 \/ 1 UPLINK RJ45 GB \/ 8 PoE AF \/ AT \/ WiFi \/ GPS \/ 4G \/ HDMI &amp; VGA Informaci\u00f3n general El nuevo modelo NV9311P de VIVOTEK es un NVR m\u00f3vil dise\u00f1ado para vigilancia de transporte, ofrece una visualizaci\u00f3n [&hellip;]<\/p>\n","protected":false},"featured_media":8877,"template":"","meta":{"_acf_changed":false},"product_brand":[],"product_cat":[93],"product_tag":[],"berocket_brand":[],"class_list":{"0":"post-6738","1":"product","2":"type-product","3":"status-publish","4":"has-post-thumbnail","6":"product_cat-8-canales-grabadoras-nvr-ip","8":"first","9":"instock","10":"taxable","11":"shipping-taxable","12":"purchasable","13":"product-type-simple","14":"berocket_lgv_grid","15":"berocket_lgv_list_grid"},"acf":[],"aioseo_notices":[],"_links":{"self":[{"href":"https:\/\/todoenseguridad.com\/site\/wp-json\/wp\/v2\/product\/6738","targetHints":{"allow":["GET"]}}],"collection":[{"href":"https:\/\/todoenseguridad.com\/site\/wp-json\/wp\/v2\/product"}],"about":[{"href":"https:\/\/todoenseguridad.com\/site\/wp-json\/wp\/v2\/types\/product"}],"wp:featuredmedia":[{"embeddable":true,"href":"https:\/\/todoenseguridad.com\/site\/wp-json\/wp\/v2\/media\/8877"}],"wp:attachment":[{"href":"https:\/\/todoenseguridad.com\/site\/wp-json\/wp\/v2\/media?parent=6738"}],"wp:term":[{"taxonomy":"product_brand","embeddable":true,"href":"https:\/\/todoenseguridad.com\/site\/wp-json\/wp\/v2\/product_brand?post=6738"},{"taxonomy":"product_cat","embeddable":true,"href":"https:\/\/todoenseguridad.com\/site\/wp-json\/wp\/v2\/product_cat?post=6738"},{"taxonomy":"product_tag","embeddable":true,"href":"https:\/\/todoenseguridad.com\/site\/wp-json\/wp\/v2\/product_tag?post=6738"},{"taxonomy":"berocket_brand","embeddable":true,"href":"https:\/\/todoenseguridad.com\/site\/wp-json\/wp\/v2\/berocket_brand?post=6738"}],"curies":[{"name":"wp","href":"https:\/\/api.w.org\/{rel}","templated":true}]}}