{"id":6702,"date":"2020-07-10T20:24:53","date_gmt":"2020-07-11T01:24:53","guid":{"rendered":"https:\/\/todoenseguridad.com\/site\/producto\/cellprokit1-kit-imou-de-1-camara-de-2mp-100-libre-de-cables-mas\/"},"modified":"2026-03-25T12:39:29","modified_gmt":"2026-03-25T17:39:29","slug":"cellprokit1-kit-imou-de-1-camara-de-2mp-100-libre-de-cables-mas","status":"publish","type":"product","link":"https:\/\/todoenseguridad.com\/site\/producto\/cellprokit1-kit-imou-de-1-camara-de-2mp-100-libre-de-cables-mas\/","title":{"rendered":"CELLPROKIT1 Kit IMOU de 1 camara de 2MP 100% libre de cables mas estacion base"},"content":{"rendered":"<p><!--?xml version=\"1.0\" encoding=\"utf-8\"?--><\/p>\n<h2><span style=\"color: #0000ff;\">CELLPROKIT1 Kit IMOU de 1 camara de 2MP 100% libre de cables mas estacion base \/ Bateria RECARGABLE de hasta 6 meses \/ PIR \/ Audio \/ IP65 \/ Compatible con Alexa y asistente de Google<\/span><\/h2>\n<h3><span style=\"color: #000000;\"> Informaci\u00f3n General<\/span><\/h3>\n<div>\n<p><span style=\"color: #000000;\">La c\u00e1mara\u00a0<strong>IMOU CELL<\/strong> nos permite obtener video de calidad HD de resoluci\u00f3n\u00a0<strong>1080P<\/strong>\u00a0con audio bidireccional y almacenamiento en la nube de Dahua, ideal para el hogar, oficina, tienda y\/o boutique.<\/span><\/p>\n<p><span style=\"color: #000000;\">Con su dise\u00f1o se adapta a cualquier entorno haciendo simple su la instalaci\u00f3n, el funcionamiento en combinaci\u00f3n con la plataforma imou le permite a cualquier persona crear un sistema de vigilancia simple y eficaz.<\/span><\/p>\n<\/div>\n<h3><span style=\"color: #000000;\"> Asistente Virtual<\/span><\/h3>\n<div>\n<p><span style=\"color: #000000;\">Los dispositivos IMOU son <strong>100% compatibles<\/strong> los asistentes virtuales mas utilizados del mercado como <strong>Alexa<\/strong>, <strong>Google Assistant<\/strong> e <strong>IFTTT<\/strong> permiti\u00e9ndonos tener una interacci\u00f3n intelgente y controlada de nuestras c\u00e1maras mediante comandos de voz.<\/span><\/p>\n<\/div>\n<div>\n<h3><span style=\"color: #000000;\"> Amplio \u00c1ngulo de Visi\u00f3n<\/span><\/h3>\n<div>\n<p><span style=\"color: #000000; background-color: transparent;\">Nuestra c\u00e1mara cuenta con un amplio \u00e1ngulo de visi\u00f3n de <\/span><strong style=\"color: #000000; background-color: transparent;\">110\u00b0 <\/strong><span style=\"color: #000000; background-color: transparent;\">que garantiza no haya puntos ciegos en la escena.<\/span><\/p>\n<\/div>\n<div>\n<h3><span style=\"color: #000000;\"> Audio Bidireccional<\/span><\/h3>\n<div>\n<p><span style=\"color: #000000; background-color: transparent;\">El altavoz incorporado y un micr\u00f3fono le permiten interactuar con familiares y tambi\u00e9n con sus mascotas incluso a disuadir a los hu\u00e9spedes no deseados.<\/span><\/p>\n<\/div>\n<div>\n<h3><span style=\"color: #000000;\"> Seguridad Inalambrica<\/span><\/h3>\n<p><span style=\"color: #000000;\">Alimentada por una bater\u00eda recargable y conectada por Wi-Fi, la c\u00e1mara Cell Pro puede ser colocada en cualquier sitio que desee.<\/span><\/p>\n<p><span style=\"color: #000000;\">Su protecci\u00f3n IP65 hace sencilla mantener vigilado su casa, dentro y fuera, con lluvia o soleado.<\/span><\/p>\n<p>&nbsp;<\/p>\n<p style=\"color: #848282; font-family: tahoma, verdana, arial; font-size: 11px;\" align=\"justify\"><span style=\"color: #ff0000;\"><strong><span style=\"font-size: xx-large;\">DUDAS?<\/span><\/strong><\/span><\/p>\n<p style=\"color: #848282; font-family: tahoma, verdana, arial; font-size: 11px;\" align=\"justify\"><span style=\"color: #ff6600; font-size: medium;\"><strong>Llamenos GRATIS NACIONAL al\u00a0 01-800-087-4650<\/strong><\/span><\/p>\n<p style=\"color: #848282; font-family: tahoma, verdana, arial; font-size: 11px;\"><span style=\"color: #ada96e;\">En algunas ocasiones nuestros inventarios pueden moverse y no tener en existencia alg\u00fan producto. Llamenos o escribanos para confirmar si ese articulo que busca lo tenemos o quizas podamos sugerir algun otro.<br \/>\nUtilice la<\/span>\u00a0<strong>AYUDA EN LINEA<\/strong><\/p>\n<p><span style=\"color: #f87217; font-family: tahoma, verdana, arial; font-size: 11px;\">Por favor tome un minuto y revise nuestras POLITICAS de venta al calce de la pagina.<\/span><\/p>\n<\/div>\n<\/div>\n<\/div>\n","protected":false},"excerpt":{"rendered":"<p>CELLPROKIT1 Kit IMOU de 1 camara de 2MP 100% libre de cables mas estacion base \/ Bateria RECARGABLE de hasta 6 meses \/ PIR \/ Audio \/ IP65 \/ Compatible con Alexa y asistente de Google Informaci\u00f3n General La c\u00e1mara\u00a0IMOU CELL nos permite obtener video de calidad HD de resoluci\u00f3n\u00a01080P\u00a0con audio bidireccional y almacenamiento en [&hellip;]<\/p>\n","protected":false},"featured_media":8698,"template":"","meta":{"_acf_changed":false},"product_brand":[],"product_cat":[52],"product_tag":[],"berocket_brand":[],"class_list":{"0":"post-6702","1":"product","2":"type-product","3":"status-publish","4":"has-post-thumbnail","6":"product_cat-bullet","8":"first","9":"instock","10":"taxable","11":"shipping-taxable","12":"purchasable","13":"product-type-simple","14":"berocket_lgv_grid","15":"berocket_lgv_list_grid"},"acf":[],"aioseo_notices":[],"_links":{"self":[{"href":"https:\/\/todoenseguridad.com\/site\/wp-json\/wp\/v2\/product\/6702","targetHints":{"allow":["GET"]}}],"collection":[{"href":"https:\/\/todoenseguridad.com\/site\/wp-json\/wp\/v2\/product"}],"about":[{"href":"https:\/\/todoenseguridad.com\/site\/wp-json\/wp\/v2\/types\/product"}],"wp:featuredmedia":[{"embeddable":true,"href":"https:\/\/todoenseguridad.com\/site\/wp-json\/wp\/v2\/media\/8698"}],"wp:attachment":[{"href":"https:\/\/todoenseguridad.com\/site\/wp-json\/wp\/v2\/media?parent=6702"}],"wp:term":[{"taxonomy":"product_brand","embeddable":true,"href":"https:\/\/todoenseguridad.com\/site\/wp-json\/wp\/v2\/product_brand?post=6702"},{"taxonomy":"product_cat","embeddable":true,"href":"https:\/\/todoenseguridad.com\/site\/wp-json\/wp\/v2\/product_cat?post=6702"},{"taxonomy":"product_tag","embeddable":true,"href":"https:\/\/todoenseguridad.com\/site\/wp-json\/wp\/v2\/product_tag?post=6702"},{"taxonomy":"berocket_brand","embeddable":true,"href":"https:\/\/todoenseguridad.com\/site\/wp-json\/wp\/v2\/berocket_brand?post=6702"}],"curies":[{"name":"wp","href":"https:\/\/api.w.org\/{rel}","templated":true}]}}