{"id":6675,"date":"2020-07-10T20:18:55","date_gmt":"2020-07-11T01:18:55","guid":{"rendered":"https:\/\/todoenseguridad.com\/site\/producto\/nbe-2ac-13-ubiquiti-networks-nanobeam-airmax-ac-cpe-hasta-330-mb\/"},"modified":"2026-03-25T12:41:29","modified_gmt":"2026-03-25T17:41:29","slug":"nbe-2ac-13-ubiquiti-networks-nanobeam-airmax-ac-cpe-hasta-330-mb","status":"publish","type":"product","link":"https:\/\/todoenseguridad.com\/site\/producto\/nbe-2ac-13-ubiquiti-networks-nanobeam-airmax-ac-cpe-hasta-330-mb\/","title":{"rendered":"NBE-2AC-13 UBIQUITI NETWORKS NanoBeam airMAX AC CPE hasta 330 Mbps"},"content":{"rendered":"<p><!--?xml version=\"1.0\" encoding=\"utf-8\"?--><\/p>\n<h2 id=\"product_title_142801\"><span style=\"color: #0000ff;\">NBE-2AC-13 UBIQUITI NETWORKS NanoBeam airMAX AC CPE hasta 330 Mbps, 2 GHz (2412 &#8211; 2472 MHz) con antena integrada de 13 dBi<\/span><\/h2>\n<p><span style=\"color: #000000;\"><strong>Puertos:<\/strong><\/span><br \/>\n<span style=\"color: #000000;\">1 puerto de datos\u00a010\/100\/1000 Mbps.<\/span><\/p>\n<p><span style=\"color: #000000;\"><strong>Sistema Operativo:<\/strong><\/span><br \/>\n<span style=\"color: #000000;\">airOS\u00ae 8<\/span><\/p>\n<p><span style=\"color: #000000;\"><strong>Modos de Operaci\u00f3n:<\/strong><\/span><br \/>\n<span style=\"color: #000000;\">Access Point.<\/span><br \/>\n<span style=\"color: #000000;\">Estaci\u00f3n.<\/span><\/p>\n<p><span style=\"color: #000000;\"><strong>Caracter\u00edsticas:<\/strong><\/span><br \/>\n<span style=\"color: #000000;\">Anchos de canal ajustable:<\/span><br \/>\n<span style=\"color: #000000;\">&#8211; PtP: 10\/20\/40 MHz.<\/span><br \/>\n<span style=\"color: #000000;\">&#8211; PtMP: 10\/20\/40 MHz.<\/span><br \/>\n<span style=\"color: #000000;\">Procesador\u00a0Atheros MIPS.<\/span><br \/>\n<span style=\"color: #000000;\">Fuerte seguridad WPA2 AES.<\/span><br \/>\n<span style=\"color: #000000;\">Escalable.<\/span><br \/>\n<span style=\"color: #000000;\">Radio de administraci\u00f3n en 5 GHz.<\/span><br \/>\n<span style=\"color: #000000;\">Rendimiento avanzado.<\/span><br \/>\n<span style=\"color: #000000;\">SNR mejorado.<\/span><br \/>\n<span style=\"color: #000000;\">Inmunidad al ruido mejorada.<\/span><\/p>\n<p><span style=\"color: #000000;\"><strong>Caracter\u00edsticas F\u00edsicas y El\u00e9ctricas:<\/strong><\/span><br \/>\n<span style=\"color: #000000;\">Alimentaci\u00f3n: 24 VDC, 0.5 A.<\/span><br \/>\n<span style=\"color: #000000;\">Dimensiones:\u00a0189 x 189 x 125 mm.<\/span><br \/>\n<span style=\"color: #000000;\">Peso: 530 g.<\/span><br \/>\n<span style=\"color: #000000;\">Temperatura de Operaci\u00f3n: -40\u00b0C a 70\u00b0C.<\/span><\/p>\n<p><span style=\"color: #000000;\"><strong>Incluye:<\/strong><\/span><br \/>\n<span style=\"color: #000000;\">Adaptador PoE Gigabit 24 VDC 0.5 A.<\/span><br \/>\n<span style=\"color: #000000;\">Montaje en poste o m\u00e1stil.<\/span><\/p>\n<p><span style=\"color: #000000;\"><strong>Garant\u00eda:<\/strong><\/span><br \/>\n<span style=\"color: #000000;\">1 A\u00f1o.<\/span><\/p>\n<p>&nbsp;<\/p>\n<p style=\"color: #848282; font-family: tahoma, verdana, arial; font-size: 11px;\" align=\"justify\"><span style=\"color: #ff0000;\"><strong><span style=\"font-size: xx-large;\">DUDAS?<\/span><\/strong><\/span><\/p>\n<p style=\"color: #848282; font-family: tahoma, verdana, arial; font-size: 11px;\" align=\"justify\"><span style=\"color: #ff6600; font-size: medium;\"><strong>Llamenos GRATIS NACIONAL al\u00a0 01-800-087-4650<\/strong><\/span><\/p>\n<p style=\"color: #848282; font-family: tahoma, verdana, arial; font-size: 11px;\"><span style=\"color: #ada96e;\">En algunas ocasiones nuestros inventarios pueden moverse y no tener en existencia alg\u00fan producto. Llamenos o escribanos para confirmar si ese articulo que busca lo tenemos o quizas podamos sugerir algun otro.<br \/>\nUtilice la<\/span>\u00a0<strong>AYUDA EN LINEA<\/strong><\/p>\n<p style=\"color: #848282; font-family: tahoma, verdana, arial; font-size: 11px;\">\n<p><span style=\"color: #f87217; font-family: tahoma, verdana, arial; font-size: 11px;\">Por favor tome un minuto y revise nuestras POLITICAS de venta al calce de la pagina.<\/span><\/p>\n<p>&nbsp;<\/p>\n<p>&nbsp;<\/p>\n","protected":false},"excerpt":{"rendered":"<p>NBE-2AC-13 UBIQUITI NETWORKS NanoBeam airMAX AC CPE hasta 330 Mbps, 2 GHz (2412 &#8211; 2472 MHz) con antena integrada de 13 dBi Puertos: 1 puerto de datos\u00a010\/100\/1000 Mbps. Sistema Operativo: airOS\u00ae 8 Modos de Operaci\u00f3n: Access Point. Estaci\u00f3n. Caracter\u00edsticas: Anchos de canal ajustable: &#8211; PtP: 10\/20\/40 MHz. &#8211; PtMP: 10\/20\/40 MHz. Procesador\u00a0Atheros MIPS. Fuerte seguridad [&hellip;]<\/p>\n","protected":false},"featured_media":6809,"template":"","meta":{"_acf_changed":false},"product_brand":[],"product_cat":[79,77,76],"product_tag":[],"berocket_brand":[],"class_list":{"0":"post-6675","1":"product","2":"type-product","3":"status-publish","4":"has-post-thumbnail","6":"product_cat-accesorios-exterior","7":"product_cat-enlaces-punto-a-punto-ptop-wifi-2-4-5-8-60ghz","8":"product_cat-exterior","10":"first","11":"instock","12":"taxable","13":"shipping-taxable","14":"purchasable","15":"product-type-simple","16":"berocket_lgv_grid","17":"berocket_lgv_list_grid"},"acf":[],"aioseo_notices":[],"_links":{"self":[{"href":"https:\/\/todoenseguridad.com\/site\/wp-json\/wp\/v2\/product\/6675","targetHints":{"allow":["GET"]}}],"collection":[{"href":"https:\/\/todoenseguridad.com\/site\/wp-json\/wp\/v2\/product"}],"about":[{"href":"https:\/\/todoenseguridad.com\/site\/wp-json\/wp\/v2\/types\/product"}],"wp:featuredmedia":[{"embeddable":true,"href":"https:\/\/todoenseguridad.com\/site\/wp-json\/wp\/v2\/media\/6809"}],"wp:attachment":[{"href":"https:\/\/todoenseguridad.com\/site\/wp-json\/wp\/v2\/media?parent=6675"}],"wp:term":[{"taxonomy":"product_brand","embeddable":true,"href":"https:\/\/todoenseguridad.com\/site\/wp-json\/wp\/v2\/product_brand?post=6675"},{"taxonomy":"product_cat","embeddable":true,"href":"https:\/\/todoenseguridad.com\/site\/wp-json\/wp\/v2\/product_cat?post=6675"},{"taxonomy":"product_tag","embeddable":true,"href":"https:\/\/todoenseguridad.com\/site\/wp-json\/wp\/v2\/product_tag?post=6675"},{"taxonomy":"berocket_brand","embeddable":true,"href":"https:\/\/todoenseguridad.com\/site\/wp-json\/wp\/v2\/berocket_brand?post=6675"}],"curies":[{"name":"wp","href":"https:\/\/api.w.org\/{rel}","templated":true}]}}