{"id":6673,"date":"2020-07-10T20:18:55","date_gmt":"2020-07-11T01:18:55","guid":{"rendered":"https:\/\/todoenseguridad.com\/site\/producto\/pbe-m2-400-ubiquiti-networks-powerbeam-airmax-m2-hasta-150-mbps\/"},"modified":"2026-03-25T12:42:36","modified_gmt":"2026-03-25T17:42:36","slug":"pbe-m2-400-ubiquiti-networks-powerbeam-airmax-m2-hasta-150-mbps","status":"publish","type":"product","link":"https:\/\/todoenseguridad.com\/site\/producto\/pbe-m2-400-ubiquiti-networks-powerbeam-airmax-m2-hasta-150-mbps\/","title":{"rendered":"PBE-M2-400 UBIQUITI NETWORKS PowerBeam airMAX M2\/ hasta 150 Mbps"},"content":{"rendered":"<p><!--?xml version=\"1.0\" encoding=\"utf-8\"?--><\/p>\n<h2 id=\"product_title_77036\"><span style=\"color: #0000ff;\">PBE-M2-400 UBIQUITI NETWORKS PowerBeam airMAX M2, hasta 150 Mbps, frecuencia 2 GHz (2405 &#8211; 2475 MHz) con antena tipo plato de 18 dBi<\/span><\/h2>\n<p><span style=\"color: #000000;\"><strong style=\"box-sizing: border-box; font-family: 'Helvetica Neue', Helvetica, Arial, sans-serif;\">Puertos:<\/strong><\/span><br \/>\n<span style=\"color: #000000;\">1 puertos\u00a010\/100\u00a0Mbps.<\/span><\/p>\n<p><span style=\"color: #000000;\"><strong style=\"box-sizing: border-box; font-family: 'Helvetica Neue', Helvetica, Arial, sans-serif;\">Sistema Operativo:<\/strong><\/span><br \/>\n<span style=\"color: #000000;\">airOS\u00ae 6<\/span><\/p>\n<p><span style=\"color: #000000;\"><strong style=\"box-sizing: border-box; font-family: 'Helvetica Neue', Helvetica, Arial, sans-serif;\">Modos de Operaci\u00f3n:<\/strong><\/span><br \/>\n<span style=\"color: #000000;\">Access Point.<\/span><br \/>\n<span style=\"color: #000000;\">Estaci\u00f3n.<\/span><\/p>\n<p><span style=\"color: #000000;\"><strong style=\"box-sizing: border-box; font-family: 'Helvetica Neue', Helvetica, Arial, sans-serif;\">Caracter\u00edsticas:<\/strong><\/span><br \/>\n<span style=\"color: #000000;\">Anchos de canal ajustable de 5 hasta 40 MHz.<\/span><br \/>\n<span style=\"color: #000000;\">Doble Polaridad Simult\u00e1nea (Vertical y Horizontal, 2&#215;2).<\/span><br \/>\n<span style=\"color: #000000;\">Seguridad: WEP, WPA, WPA2 y MAC ACL.<\/span><br \/>\n<span style=\"color: #000000;\">Se\u00f1alizaci\u00f3n propietaria: airMAX (TDMA).<\/span><br \/>\n<span style=\"color: #000000;\">F\u00e1cil de instalar.<\/span><\/p>\n<p><span style=\"color: #000000;\"><strong style=\"box-sizing: border-box; font-size: 13px;\">Caracter\u00edsticas F\u00edsicas y El\u00e9ctricas:<\/strong><\/span><br \/>\n<span style=\"color: #000000;\">Alimentaci\u00f3n: 24 V, 0.5 A<strong>.<\/strong><\/span><br \/>\n<span style=\"color: #000000;\">Dimensiones:\u00a0420 x 420 x 289 mm.<\/span><br \/>\n<span style=\"color: #000000;\">Peso: 1.795 kg.<\/span><br \/>\n<span style=\"color: #000000;\">Temperatura de Operaci\u00f3n: -40\u00b0C a 70\u00b0C.<\/span><\/p>\n<p><span style=\"color: #000000;\"><strong>Incluye:<\/strong><\/span><br \/>\n<span style=\"color: #000000;\">PBE-M2-400\u00a0.<\/span><br \/>\n<span style=\"color: #000000;\">Adaptador\u00a0PoE\u00a0 24 V, 0.5 A.<\/span><br \/>\n<span style=\"color: #000000;\">Cable de alimentaci\u00f3n.<\/span><br \/>\n<span style=\"color: #000000;\">Gu\u00eda r\u00e1pida de instalaci\u00f3n.<\/span><\/p>\n<p><span style=\"box-sizing: border-box; font-family: 'Helvetica Neue', Helvetica, Arial, sans-serif; color: #000000;\"><strong style=\"box-sizing: border-box;\">Garant\u00eda:<\/strong><\/span><br \/>\n<span style=\"color: #000000;\">1 A\u00f1o.<\/span><\/p>\n<p>&nbsp;<\/p>\n<p style=\"color: #848282; font-family: tahoma, verdana, arial; font-size: 11px;\" align=\"justify\"><span style=\"color: #ff0000;\"><strong><span style=\"font-size: xx-large;\">DUDAS?<\/span><\/strong><\/span><\/p>\n<p style=\"color: #848282; font-family: tahoma, verdana, arial; font-size: 11px;\" align=\"justify\"><span style=\"color: #ff6600; font-size: medium;\"><strong>Llamenos GRATIS NACIONAL al\u00a0 01-800-087-4650<\/strong><\/span><\/p>\n<p style=\"color: #848282; font-family: tahoma, verdana, arial; font-size: 11px;\"><span style=\"color: #ada96e;\">En algunas ocasiones nuestros inventarios pueden moverse y no tener en existencia alg\u00fan producto. Llamenos o escribanos para confirmar si ese articulo que busca lo tenemos o quizas podamos sugerir algun otro.<br \/>\nUtilice la<\/span>\u00a0<strong>AYUDA EN LINEA<\/strong><\/p>\n<p><span style=\"color: #f87217; font-family: tahoma, verdana, arial; font-size: 11px;\">Por favor tome un minuto y revise nuestras POLITICAS de venta al calce de la pagina.<\/span><\/p>\n<p>&nbsp;<\/p>\n<p>&nbsp;<\/p>\n","protected":false},"excerpt":{"rendered":"<p>PBE-M2-400 UBIQUITI NETWORKS PowerBeam airMAX M2, hasta 150 Mbps, frecuencia 2 GHz (2405 &#8211; 2475 MHz) con antena tipo plato de 18 dBi Puertos: 1 puertos\u00a010\/100\u00a0Mbps. Sistema Operativo: airOS\u00ae 6 Modos de Operaci\u00f3n: Access Point. Estaci\u00f3n. Caracter\u00edsticas: Anchos de canal ajustable de 5 hasta 40 MHz. Doble Polaridad Simult\u00e1nea (Vertical y Horizontal, 2&#215;2). Seguridad: WEP, [&hellip;]<\/p>\n","protected":false},"featured_media":8965,"template":"","meta":{"_acf_changed":false},"product_brand":[],"product_cat":[77,76,72],"product_tag":[],"berocket_brand":[],"class_list":{"0":"post-6673","1":"product","2":"type-product","3":"status-publish","4":"has-post-thumbnail","6":"product_cat-enlaces-punto-a-punto-ptop-wifi-2-4-5-8-60ghz","7":"product_cat-exterior","8":"product_cat-redes-inalambricas","10":"first","11":"instock","12":"taxable","13":"shipping-taxable","14":"purchasable","15":"product-type-simple","16":"berocket_lgv_grid","17":"berocket_lgv_list_grid"},"acf":[],"aioseo_notices":[],"_links":{"self":[{"href":"https:\/\/todoenseguridad.com\/site\/wp-json\/wp\/v2\/product\/6673","targetHints":{"allow":["GET"]}}],"collection":[{"href":"https:\/\/todoenseguridad.com\/site\/wp-json\/wp\/v2\/product"}],"about":[{"href":"https:\/\/todoenseguridad.com\/site\/wp-json\/wp\/v2\/types\/product"}],"wp:featuredmedia":[{"embeddable":true,"href":"https:\/\/todoenseguridad.com\/site\/wp-json\/wp\/v2\/media\/8965"}],"wp:attachment":[{"href":"https:\/\/todoenseguridad.com\/site\/wp-json\/wp\/v2\/media?parent=6673"}],"wp:term":[{"taxonomy":"product_brand","embeddable":true,"href":"https:\/\/todoenseguridad.com\/site\/wp-json\/wp\/v2\/product_brand?post=6673"},{"taxonomy":"product_cat","embeddable":true,"href":"https:\/\/todoenseguridad.com\/site\/wp-json\/wp\/v2\/product_cat?post=6673"},{"taxonomy":"product_tag","embeddable":true,"href":"https:\/\/todoenseguridad.com\/site\/wp-json\/wp\/v2\/product_tag?post=6673"},{"taxonomy":"berocket_brand","embeddable":true,"href":"https:\/\/todoenseguridad.com\/site\/wp-json\/wp\/v2\/berocket_brand?post=6673"}],"curies":[{"name":"wp","href":"https:\/\/api.w.org\/{rel}","templated":true}]}}