{"id":6668,"date":"2020-07-10T20:18:54","date_gmt":"2020-07-11T01:18:54","guid":{"rendered":"https:\/\/todoenseguridad.com\/site\/producto\/pbe-5ac-gen2-ubiquiti-networks-powerbeam-airmax-ac-gen2-hasta-45\/"},"modified":"2026-03-25T12:49:54","modified_gmt":"2026-03-25T17:49:54","slug":"pbe-5ac-gen2-ubiquiti-networks-powerbeam-airmax-ac-gen2-hasta-45","status":"publish","type":"product","link":"https:\/\/todoenseguridad.com\/site\/producto\/pbe-5ac-gen2-ubiquiti-networks-powerbeam-airmax-ac-gen2-hasta-45\/","title":{"rendered":"PBE-5AC-GEN2 UBIQUITI NETWORKS PowerBeam airMAX AC GEN2 hasta 450 Mbps"},"content":{"rendered":"<p><!--?xml version=\"1.0\" encoding=\"utf-8\"?--><\/p>\n<h2 id=\"product_title_95401\"><span style=\"color: #0000ff;\">PBE-5AC-GEN2 UBIQUITI NETWORKS PowerBeam airMAX AC GEN2 hasta 450 Mbps, 5 GHz (5150 &#8211; 5875 MHz) con antena tipo plato altamente eficiente de 25 dBi<\/span><\/h2>\n<h3><span style=\"color: #000000;\">Puertos:<\/span><\/h3>\n<p style=\"line-height: 1.5;\"><span style=\"font-size: 14px; color: #000000;\">1 puerto de datos 10\/100\/1000 Mbps.<\/span><\/p>\n<p><span style=\"color: #000000;\"><strong style=\"box-sizing: border-box;\">Sistema Operativo:<\/strong><\/span><\/p>\n<p style=\"line-height: 1.5;\"><span style=\"font-size: 14px; color: #000000;\">airOS\u00ae 8.<\/span><\/p>\n<p><span style=\"color: #000000;\"><strong style=\"box-sizing: border-box;\">Modos de Operaci\u00f3n:<\/strong><\/span><\/p>\n<p style=\"line-height: 1.5;\"><span style=\"font-size: 14px; color: #000000;\">Access Point.<\/span><\/p>\n<p style=\"line-height: 1.5;\"><span style=\"font-size: 14px; color: #000000;\">Estaci\u00f3n.<\/span><\/p>\n<p><span style=\"color: #000000;\"><strong style=\"box-sizing: border-box;\">Caracter\u00edsticas:<\/strong><\/span><\/p>\n<p style=\"line-height: 1.5;\"><span style=\"font-size: 14px; color: #000000;\">Anchos de canal ajustable:<\/span><\/p>\n<ul>\n<li style=\"line-height: 1.5;\"><span style=\"font-size: 14px; color: #000000;\">PtP: 10\/20\/30\/40\/50\/60\/80 MHz.<\/span><\/li>\n<li style=\"line-height: 1.5;\"><span style=\"font-size: 14px; color: #000000;\">PtMP: 10\/20\/30\/40 MHz.<\/span><\/li>\n<\/ul>\n<p style=\"line-height: 1.5;\"><span style=\"font-size: 14px; color: #000000;\">Rango de operaci\u00f3n (5150 &#8211; 5875 MHz) depende del pa\u00eds.<\/span><\/p>\n<p style=\"line-height: 1.5;\"><span style=\"font-size: 14px; color: #000000;\">Procesador\u00a0Atheros MIPS.<\/span><\/p>\n<p style=\"line-height: 1.5;\"><span style=\"font-size: 14px; color: #000000;\">Fuerte seguridad WPA2 AES.<\/span><\/p>\n<p style=\"line-height: 1.5;\"><span style=\"font-size: 14px; color: #000000;\">Alto desempe\u00f1o.<\/span><\/p>\n<p style=\"line-height: 1.5;\"><span style=\"font-size: 14px; color: #000000;\">Procesamiento superior.<\/span><\/p>\n<p style=\"line-height: 1.5;\"><span style=\"font-size: 14px; color: #000000;\">Radio de administraci\u00f3n en 2.4 GHz.<\/span><\/p>\n<p style=\"line-height: 1.5;\"><span style=\"font-size: 14px; color: #000000;\">SNR mejorado.<\/span><\/p>\n<p style=\"line-height: 1.5;\"><span style=\"font-size: 14px; color: #000000;\">Inmunidad al ruido mejorada.<\/span><\/p>\n<p><span style=\"color: #000000;\"><strong style=\"box-sizing: border-box; font-size: 13px;\">Caracter\u00edsticas F\u00edsicas y El\u00e9ctricas:<\/strong><\/span><\/p>\n<p style=\"line-height: 1.5;\"><span style=\"font-size: 14px; color: #000000;\">Alimentaci\u00f3n: 24 VDC, 0.5 A. Adaptador PoE Gigabit.<\/span><\/p>\n<p style=\"line-height: 1.5;\"><span style=\"font-size: 14px; color: #000000;\">Dimensiones: 420 x 420 x 230 mm.<\/span><\/p>\n<p style=\"line-height: 1.5;\"><span style=\"font-size: 14px; color: #000000;\">Peso: 2.22 kg.<\/span><\/p>\n<p style=\"line-height: 1.5;\"><span style=\"font-size: 14px; color: #000000;\">Temperatura de Operaci\u00f3n: -40 a 70\u00b0 C.<\/span><\/p>\n<p><span style=\"color: #000000;\"><strong style=\"box-sizing: border-box;\">Incluye:<\/strong><\/span><\/p>\n<p style=\"line-height: 1.5;\"><span style=\"font-size: 14px; color: #000000;\">Adaptador PoE Gigabit 24 VDC 0.5 A.<\/span><\/p>\n<p style=\"line-height: 1.5;\"><span style=\"font-size: 14px; color: #000000;\">Montaje en poste o m\u00e1stil.<\/span><\/p>\n<p><span style=\"box-sizing: border-box; color: #000000;\"><strong style=\"box-sizing: border-box;\">Garant\u00eda:<\/strong><\/span><\/p>\n<p style=\"line-height: 1.5;\"><span style=\"font-size: 14px; color: #000000;\">1 A\u00f1o.<\/span><\/p>\n<p>&nbsp;<\/p>\n<p style=\"color: #848282; font-family: tahoma, verdana, arial; font-size: 11px;\" align=\"justify\"><span style=\"color: #ff0000;\"><strong><span style=\"font-size: xx-large;\">DUDAS?<\/span><\/strong><\/span><\/p>\n<p style=\"color: #848282; font-family: tahoma, verdana, arial; font-size: 11px;\" align=\"justify\"><span style=\"color: #ff6600; font-size: medium;\"><strong>Llamenos GRATIS NACIONAL al\u00a0 01-800-087-4650<\/strong><\/span><\/p>\n<p style=\"color: #848282; font-family: tahoma, verdana, arial; font-size: 11px;\"><span style=\"color: #ada96e;\">En algunas ocasiones nuestros inventarios pueden moverse y no tener en existencia alg\u00fan producto. Llamenos o escribanos para confirmar si ese articulo que busca lo tenemos o quizas podamos sugerir algun otro.<br \/>\nUtilice la<\/span>\u00a0<strong>AYUDA EN LINEA<\/strong><\/p>\n<p><span style=\"color: #f87217; font-family: tahoma, verdana, arial; font-size: 11px;\">Por favor tome un minuto y revise nuestras POLITICAS de venta al calce de la pagina.<\/span><\/p>\n<p>&nbsp;<\/p>\n<p>&nbsp;<\/p>\n","protected":false},"excerpt":{"rendered":"<p>PBE-5AC-GEN2 UBIQUITI NETWORKS PowerBeam airMAX AC GEN2 hasta 450 Mbps, 5 GHz (5150 &#8211; 5875 MHz) con antena tipo plato altamente eficiente de 25 dBi Puertos: 1 puerto de datos 10\/100\/1000 Mbps. Sistema Operativo: airOS\u00ae 8. Modos de Operaci\u00f3n: Access Point. Estaci\u00f3n. Caracter\u00edsticas: Anchos de canal ajustable: PtP: 10\/20\/30\/40\/50\/60\/80 MHz. PtMP: 10\/20\/30\/40 MHz. Rango de [&hellip;]<\/p>\n","protected":false},"featured_media":10640,"template":"","meta":{"_acf_changed":false},"product_brand":[],"product_cat":[77,76,72],"product_tag":[],"berocket_brand":[],"class_list":{"0":"post-6668","1":"product","2":"type-product","3":"status-publish","4":"has-post-thumbnail","6":"product_cat-enlaces-punto-a-punto-ptop-wifi-2-4-5-8-60ghz","7":"product_cat-exterior","8":"product_cat-redes-inalambricas","10":"first","11":"instock","12":"taxable","13":"shipping-taxable","14":"purchasable","15":"product-type-simple","16":"berocket_lgv_grid","17":"berocket_lgv_list_grid"},"acf":[],"aioseo_notices":[],"_links":{"self":[{"href":"https:\/\/todoenseguridad.com\/site\/wp-json\/wp\/v2\/product\/6668","targetHints":{"allow":["GET"]}}],"collection":[{"href":"https:\/\/todoenseguridad.com\/site\/wp-json\/wp\/v2\/product"}],"about":[{"href":"https:\/\/todoenseguridad.com\/site\/wp-json\/wp\/v2\/types\/product"}],"wp:featuredmedia":[{"embeddable":true,"href":"https:\/\/todoenseguridad.com\/site\/wp-json\/wp\/v2\/media\/10640"}],"wp:attachment":[{"href":"https:\/\/todoenseguridad.com\/site\/wp-json\/wp\/v2\/media?parent=6668"}],"wp:term":[{"taxonomy":"product_brand","embeddable":true,"href":"https:\/\/todoenseguridad.com\/site\/wp-json\/wp\/v2\/product_brand?post=6668"},{"taxonomy":"product_cat","embeddable":true,"href":"https:\/\/todoenseguridad.com\/site\/wp-json\/wp\/v2\/product_cat?post=6668"},{"taxonomy":"product_tag","embeddable":true,"href":"https:\/\/todoenseguridad.com\/site\/wp-json\/wp\/v2\/product_tag?post=6668"},{"taxonomy":"berocket_brand","embeddable":true,"href":"https:\/\/todoenseguridad.com\/site\/wp-json\/wp\/v2\/berocket_brand?post=6668"}],"curies":[{"name":"wp","href":"https:\/\/api.w.org\/{rel}","templated":true}]}}