{"id":6665,"date":"2020-07-10T20:18:54","date_gmt":"2020-07-11T01:18:54","guid":{"rendered":"https:\/\/todoenseguridad.com\/site\/producto\/lbe-m5-23-ubiquiti-networks-litebeam-airmax-m5-cpe-hasta-100-mbp\/"},"modified":"2026-03-25T12:49:20","modified_gmt":"2026-03-25T17:49:20","slug":"lbe-m5-23-ubiquiti-networks-litebeam-airmax-m5-cpe-hasta-100-mbp","status":"publish","type":"product","link":"https:\/\/todoenseguridad.com\/site\/producto\/lbe-m5-23-ubiquiti-networks-litebeam-airmax-m5-cpe-hasta-100-mbp\/","title":{"rendered":"LBE-M5-23 UBIQUITI NETWORKS LiteBeam airMAX M5 CPE hasta 100 Mbp"},"content":{"rendered":"<p><!--?xml version=\"1.0\" encoding=\"utf-8\"?--><\/p>\n<h2 id=\"product_title_77413\"><span style=\"color: #0000ff;\">LBE-M5-23 UBIQUITI NETWORKS LiteBeam airMAX M5 CPE hasta 100 Mbps, 5 GHz (5150 &#8211; 5875 MHz) con antena integrada de 23 dBi<\/span><\/h2>\n<h3><span style=\"color: #000000;\">Puertos:<\/span><\/h3>\n<p style=\"line-height: 1.5;\"><span style=\"font-size: 14px; color: #000000;\">1 puerto de datos 10\/100 Mbps.<\/span><\/p>\n<p><span style=\"color: #000000;\"><strong>Sistema Operativo:<\/strong><\/span><\/p>\n<p style=\"line-height: 1.5;\"><span style=\"font-size: 14px; color: #000000;\">airOS\u00ae 6.<\/span><\/p>\n<p><span style=\"color: #000000;\"><strong>Modos de Operaci\u00f3n:<\/strong><\/span><\/p>\n<p style=\"line-height: 1.5;\"><span style=\"font-size: 14px; color: #000000;\">Access Point.<\/span><\/p>\n<p style=\"line-height: 1.5;\"><span style=\"font-size: 14px; color: #000000;\">Estaci\u00f3n.<\/span><\/p>\n<p><span style=\"color: #000000;\"><strong>Caracter\u00edsticas:<\/strong><\/span><\/p>\n<p style=\"line-height: 1.5;\"><span style=\"font-size: 14px; color: #000000;\">Equipo de polaridad simple, SISO 1&#215;1.<\/span><\/p>\n<p style=\"line-height: 1.5;\"><span style=\"font-size: 14px; color: #000000;\">Tecnolog\u00eda airMAX.<\/span><\/p>\n<p style=\"line-height: 1.5;\"><span style=\"font-size: 14px; color: #000000;\">Procesador Atheros MIPS.<\/span><\/p>\n<p style=\"line-height: 1.5;\"><span style=\"font-size: 14px; color: #000000;\">Fuerte seguridad WPA2 AES.<\/span><\/p>\n<p style=\"line-height: 1.5;\"><span style=\"font-size: 14px; color: #000000;\">Flexibilidad de ajuste.<\/span><\/p>\n<p style=\"line-height: 1.5;\"><span style=\"font-size: 14px; color: #000000;\">Ensamble r\u00e1pido.<\/span><\/p>\n<p><span style=\"color: #000000;\"><strong>Caracter\u00edsticas F\u00edsicas y El\u00e9ctricas:<\/strong><\/span><\/p>\n<p style=\"line-height: 1.5;\"><span style=\"font-size: 14px; color: #000000;\">Alimentaci\u00f3n: 24 V, 0.2 A.<\/span><\/p>\n<p style=\"line-height: 1.5;\"><span style=\"font-size: 14px; color: #000000;\">Dimensiones: 362 x 267 x 184 mm.<\/span><\/p>\n<p style=\"line-height: 1.5;\"><span style=\"font-size: 14px; color: #000000;\">Peso: 750 g.<\/span><\/p>\n<p style=\"line-height: 1.5;\"><span style=\"font-size: 14px; color: #000000;\">Temperatura de Operaci\u00f3n: -40 a 70\u00b0 C.<\/span><\/p>\n<p><span style=\"color: #000000;\"><strong>Incluye:<\/strong><\/span><\/p>\n<p style=\"line-height: 1.5;\"><span style=\"font-size: 14px; color: #000000;\">Adaptador PoE 24 V 0.2 A.<\/span><\/p>\n<p style=\"line-height: 1.5;\"><span style=\"font-size: 14px; color: #000000;\">Montaje en poste o m\u00e1stil.<\/span><\/p>\n<p><span style=\"color: #000000;\"><strong>Garant\u00eda:<\/strong><\/span><\/p>\n<p style=\"line-height: 1.5;\"><span style=\"font-size: 14px; color: #000000;\">1 A\u00f1o.<\/span><\/p>\n<p>&nbsp;<\/p>\n<p style=\"color: #848282; font-family: tahoma, verdana, arial; font-size: 11px;\" align=\"justify\"><span style=\"color: #ff0000;\"><strong><span style=\"font-size: xx-large;\">DUDAS?<\/span><\/strong><\/span><\/p>\n<p style=\"color: #848282; font-family: tahoma, verdana, arial; font-size: 11px;\" align=\"justify\"><span style=\"color: #ff6600; font-size: medium;\"><strong>Llamenos GRATIS NACIONAL al\u00a0 01-800-087-4650<\/strong><\/span><\/p>\n<p style=\"color: #848282; font-family: tahoma, verdana, arial; font-size: 11px;\"><span style=\"color: #ada96e;\">En algunas ocasiones nuestros inventarios pueden moverse y no tener en existencia alg\u00fan producto. Llamenos o escribanos para confirmar si ese articulo que busca lo tenemos o quizas podamos sugerir algun otro.<br \/>\nUtilice la<\/span>\u00a0<strong>AYUDA EN LINEA<\/strong><\/p>\n<p><span style=\"color: #f87217; font-family: tahoma, verdana, arial; font-size: 11px;\">Por favor tome un minuto y revise nuestras POLITICAS de venta al calce de la pagina.<\/span><\/p>\n<p>&nbsp;<\/p>\n<p>&nbsp;<\/p>\n","protected":false},"excerpt":{"rendered":"<p>LBE-M5-23 UBIQUITI NETWORKS LiteBeam airMAX M5 CPE hasta 100 Mbps, 5 GHz (5150 &#8211; 5875 MHz) con antena integrada de 23 dBi Puertos: 1 puerto de datos 10\/100 Mbps. Sistema Operativo: airOS\u00ae 6. Modos de Operaci\u00f3n: Access Point. Estaci\u00f3n. Caracter\u00edsticas: Equipo de polaridad simple, SISO 1&#215;1. Tecnolog\u00eda airMAX. Procesador Atheros MIPS. Fuerte seguridad WPA2 AES. [&hellip;]<\/p>\n","protected":false},"featured_media":11980,"template":"","meta":{"_acf_changed":false},"product_brand":[],"product_cat":[77,76,72],"product_tag":[],"berocket_brand":[],"class_list":{"0":"post-6665","1":"product","2":"type-product","3":"status-publish","4":"has-post-thumbnail","6":"product_cat-enlaces-punto-a-punto-ptop-wifi-2-4-5-8-60ghz","7":"product_cat-exterior","8":"product_cat-redes-inalambricas","10":"first","11":"instock","12":"taxable","13":"shipping-taxable","14":"purchasable","15":"product-type-simple","16":"berocket_lgv_grid","17":"berocket_lgv_list_grid"},"acf":[],"aioseo_notices":[],"_links":{"self":[{"href":"https:\/\/todoenseguridad.com\/site\/wp-json\/wp\/v2\/product\/6665","targetHints":{"allow":["GET"]}}],"collection":[{"href":"https:\/\/todoenseguridad.com\/site\/wp-json\/wp\/v2\/product"}],"about":[{"href":"https:\/\/todoenseguridad.com\/site\/wp-json\/wp\/v2\/types\/product"}],"wp:featuredmedia":[{"embeddable":true,"href":"https:\/\/todoenseguridad.com\/site\/wp-json\/wp\/v2\/media\/11980"}],"wp:attachment":[{"href":"https:\/\/todoenseguridad.com\/site\/wp-json\/wp\/v2\/media?parent=6665"}],"wp:term":[{"taxonomy":"product_brand","embeddable":true,"href":"https:\/\/todoenseguridad.com\/site\/wp-json\/wp\/v2\/product_brand?post=6665"},{"taxonomy":"product_cat","embeddable":true,"href":"https:\/\/todoenseguridad.com\/site\/wp-json\/wp\/v2\/product_cat?post=6665"},{"taxonomy":"product_tag","embeddable":true,"href":"https:\/\/todoenseguridad.com\/site\/wp-json\/wp\/v2\/product_tag?post=6665"},{"taxonomy":"berocket_brand","embeddable":true,"href":"https:\/\/todoenseguridad.com\/site\/wp-json\/wp\/v2\/berocket_brand?post=6665"}],"curies":[{"name":"wp","href":"https:\/\/api.w.org\/{rel}","templated":true}]}}