{"id":6662,"date":"2020-07-10T20:18:53","date_gmt":"2020-07-11T01:18:53","guid":{"rendered":"https:\/\/todoenseguridad.com\/site\/producto\/uap-ac-pro-ubiquiti-networks-access-point-unifi-doble-banda-802\/"},"modified":"2026-03-25T12:52:12","modified_gmt":"2026-03-25T17:52:12","slug":"uap-ac-pro-ubiquiti-networks-access-point-unifi-doble-banda-802","status":"publish","type":"product","link":"https:\/\/todoenseguridad.com\/site\/producto\/uap-ac-pro-ubiquiti-networks-access-point-unifi-doble-banda-802\/","title":{"rendered":"UAP-AC-PRO UBIQUITI NETWORKS Access Point UniFi doble banda 802.11ac"},"content":{"rendered":"<p><!--?xml version=\"1.0\" encoding=\"utf-8\"?--><\/p>\n<h2 id=\"product_title_80404\"><span style=\"color: #0000ff;\">UAP-AC-PRO UBIQUITI NETWORKS Access Point UniFi doble banda 802.11ac MIMO 3X3 para interior, PoE af\/at, soporta 250 clientes, Hasta 1.3 Gbps PoE incluido.<\/span><\/h2>\n<p>&nbsp;<\/p>\n<p><span style=\"color: #000000;\">Access Point UAPACPRO,\u00a0ideal para edificios y hoteler\u00eda.<\/span><\/p>\n<p><span style=\"color: #000000;\"><strong style=\"box-sizing: border-box;\">N\u00famero m\u00e1ximo de dispositivos conectados:<\/strong>\u00a0250 \u00a0dispositivos Wi-Fi.<\/span><\/p>\n<p><span style=\"color: #000000;\"><strong>Modo de operaci\u00f3n:<\/strong>\u00a0Acces Point y Repetidor Uplink (repetidor inal\u00e1mbrico de UAP UniFi cableado).<\/span><\/p>\n<p><span style=\"color: #000000;\"><strong style=\"box-sizing: border-box;\">Caracter\u00edsticas principales:<\/strong><\/span><br \/>\n<span style=\"color: #000000;\">Est\u00e1ndar Wi-Fi 802.11a\/b\/g\/n\/ac<\/span><br \/>\n<span style=\"color: #000000;\">Doble banda 5GHz y 2.4 GHz<\/span><br \/>\n<span style=\"color: #000000;\">MIMO 3X3<\/span><br \/>\n<span style=\"color: #000000;\">Hasta 1300 Mbps en 5GHz (802.11ac)<\/span><br \/>\n<span style=\"color: #000000;\">Hasta 450 Mbps en 2.4GHz y 5 GHz (802.11n)<\/span><\/p>\n<p><span style=\"color: #000000;\"><strong style=\"box-sizing: border-box;\">Caracter\u00edsticas generales:<\/strong><\/span><br \/>\n<span style=\"color: #000000;\">1 Puerto Gigabit 10\/100\/100 Mbps.<\/span><br \/>\n<span style=\"color: #000000;\">1 Puerto Gigabit secundario para pasar datos.<\/span><br \/>\n<span style=\"color: #000000;\">1 Puerto USB para alimentacion de salida.<\/span><br \/>\n<span style=\"color: #000000;\">Tres antenas duales de 3 dBi<\/span><br \/>\n<span style=\"color: #000000;\">Alimentaci\u00f3n de entrada: PoE pasivo 48V 0.5A, soporta alimentaci\u00f3n 802.3af\/at<\/span><br \/>\n<span style=\"color: #000000;\">Potencia de salida: 160 mW por banda<\/span><br \/>\n<span style=\"color: #000000;\">Consumo m\u00e1ximo de energ\u00eda: 9 W.<\/span><br \/>\n<span style=\"color: #000000;\">Soporta hasta 8\u00a0SSID<\/span><br \/>\n<span style=\"color: #000000;\">Dimensiones\u00a0196.7 x 196.7 x 35 mm\u00a0<\/span><\/p>\n<p>&nbsp;<\/p>\n<p style=\"color: #848282; font-family: tahoma, verdana, arial; font-size: 11px;\" align=\"justify\"><span style=\"color: #ff0000;\"><strong><span style=\"font-size: xx-large;\">DUDAS?<\/span><\/strong><\/span><\/p>\n<p style=\"color: #848282; font-family: tahoma, verdana, arial; font-size: 11px;\" align=\"justify\"><span style=\"color: #ff6600; font-size: medium;\"><strong>Llamenos GRATIS NACIONAL al\u00a0 01-800-087-4650<\/strong><\/span><\/p>\n<p style=\"color: #848282; font-family: tahoma, verdana, arial; font-size: 11px;\"><span style=\"color: #ada96e;\">En algunas ocasiones nuestros inventarios pueden moverse y no tener en existencia alg\u00fan producto. Llamenos o escribanos para confirmar si ese articulo que busca lo tenemos o quizas podamos sugerir algun otro.<br \/>\nUtilice la<\/span>\u00a0<strong>AYUDA EN LINEA<\/strong><\/p>\n<p style=\"color: #848282; font-family: tahoma, verdana, arial; font-size: 11px;\">\n<p><span style=\"color: #f87217; font-family: tahoma, verdana, arial; font-size: 11px;\">Por favor tome un minuto y revise nuestras POLITICAS de venta al calce de la pagina.<\/span><\/p>\n<p>&nbsp;<\/p>\n<p>&nbsp;<\/p>\n","protected":false},"excerpt":{"rendered":"<p>UAP-AC-PRO UBIQUITI NETWORKS Access Point UniFi doble banda 802.11ac MIMO 3X3 para interior, PoE af\/at, soporta 250 clientes, Hasta 1.3 Gbps PoE incluido. &nbsp; Access Point UAPACPRO,\u00a0ideal para edificios y hoteler\u00eda. N\u00famero m\u00e1ximo de dispositivos conectados:\u00a0250 \u00a0dispositivos Wi-Fi. Modo de operaci\u00f3n:\u00a0Acces Point y Repetidor Uplink (repetidor inal\u00e1mbrico de UAP UniFi cableado). Caracter\u00edsticas principales: Est\u00e1ndar Wi-Fi [&hellip;]<\/p>\n","protected":false},"featured_media":7134,"template":"","meta":{"_acf_changed":false},"product_brand":[],"product_cat":[74],"product_tag":[],"berocket_brand":[],"class_list":{"0":"post-6662","1":"product","2":"type-product","3":"status-publish","4":"has-post-thumbnail","6":"product_cat-access-point-punto-de-accesso","8":"first","9":"instock","10":"taxable","11":"shipping-taxable","12":"purchasable","13":"product-type-simple","14":"berocket_lgv_grid","15":"berocket_lgv_list_grid"},"acf":[],"aioseo_notices":[],"_links":{"self":[{"href":"https:\/\/todoenseguridad.com\/site\/wp-json\/wp\/v2\/product\/6662","targetHints":{"allow":["GET"]}}],"collection":[{"href":"https:\/\/todoenseguridad.com\/site\/wp-json\/wp\/v2\/product"}],"about":[{"href":"https:\/\/todoenseguridad.com\/site\/wp-json\/wp\/v2\/types\/product"}],"wp:featuredmedia":[{"embeddable":true,"href":"https:\/\/todoenseguridad.com\/site\/wp-json\/wp\/v2\/media\/7134"}],"wp:attachment":[{"href":"https:\/\/todoenseguridad.com\/site\/wp-json\/wp\/v2\/media?parent=6662"}],"wp:term":[{"taxonomy":"product_brand","embeddable":true,"href":"https:\/\/todoenseguridad.com\/site\/wp-json\/wp\/v2\/product_brand?post=6662"},{"taxonomy":"product_cat","embeddable":true,"href":"https:\/\/todoenseguridad.com\/site\/wp-json\/wp\/v2\/product_cat?post=6662"},{"taxonomy":"product_tag","embeddable":true,"href":"https:\/\/todoenseguridad.com\/site\/wp-json\/wp\/v2\/product_tag?post=6662"},{"taxonomy":"berocket_brand","embeddable":true,"href":"https:\/\/todoenseguridad.com\/site\/wp-json\/wp\/v2\/berocket_brand?post=6662"}],"curies":[{"name":"wp","href":"https:\/\/api.w.org\/{rel}","templated":true}]}}