{"id":6660,"date":"2020-07-10T20:18:53","date_gmt":"2020-07-11T01:18:53","guid":{"rendered":"https:\/\/todoenseguridad.com\/site\/producto\/uap-ac-lr-ubiquiti-networks-access-point-unifi-de-largo-alcance\/"},"modified":"2026-03-30T17:45:42","modified_gmt":"2026-03-30T22:45:42","slug":"uap-ac-lr-ubiquiti-networks-access-point-unifi-de-largo-alcance","status":"publish","type":"product","link":"https:\/\/todoenseguridad.com\/site\/producto\/uap-ac-lr-ubiquiti-networks-access-point-unifi-de-largo-alcance\/","title":{"rendered":"UAP-AC-LR UBIQUITI NETWORKS Access Point UniFi de largo alcance"},"content":{"rendered":"<p><!--?xml version=\"1.0\" encoding=\"utf-8\"?--><\/p>\n<h2 id=\"product_title_80402\"><span style=\"color: #0000ff;\">UAP-AC-LR UBIQUITI NETWORKS Access Point UniFi de largo alcance, Doble banda 802.11ac MIMO2X2 para interior, PoE 802.3af, soporta 250 clientes, hasta 867 Mbps<\/span><\/h2>\n<p style=\"font-weight: normal; line-height: 1.2; color: #333333;\"><span style=\"color: #000000;\">UAPACLR Ideal para edificios y hoteler\u00eda.<\/span><\/p>\n<p style=\"font-weight: normal; line-height: 1.2; color: #333333;\"><span style=\"color: #000000;\"><strong style=\"box-sizing: border-box;\">Numero m\u00e1ximo de dispositivos conectados:<\/strong>\u00a0250 dispositivos,\u00a0<span style=\"box-sizing: border-box;\">Se recomienda conectar m\u00e1ximo 125 dispositivos para mayor desempe\u00f1o.<\/span><\/span><\/p>\n<p><span style=\"color: #000000;\"><strong style=\"box-sizing: border-box;\">Caracter\u00edsticas principales:<\/strong><\/span><br \/>\n<span style=\"box-sizing: border-box; line-height: 20.8px; color: #000000;\">Estandar; Wi-Fi 802.11a\/b\/g\/n\/ac<\/span><br \/>\n<span style=\"box-sizing: border-box; color: #000000;\">Doble banda; 5GHz y 2.4 GHz<\/span><br \/>\n<span style=\"box-sizing: border-box; color: #000000;\">Hasta 867 Mbps en 5GHz (802.11ac)<\/span><br \/>\n<span style=\"box-sizing: border-box; color: #000000;\">Hasta 450 Mbps en 2.4GHz y 5 GHz (802.11n)<\/span><\/p>\n<p><span style=\"color: #000000;\"><strong style=\"box-sizing: border-box;\">Caracteristicas generales:<\/strong><\/span><br \/>\n<span style=\"box-sizing: border-box; color: #000000;\">1 Puerto Gigabit 10\/100\/1000 Mbps<\/span><br \/>\n<span style=\"box-sizing: border-box; color: #000000;\">Dos antenas duales de 3 dBi (Integradas).<\/span><br \/>\n<span style=\"box-sizing: border-box; color: #000000;\">Alimentaci\u00f3n de entrada:\u00a0PoE pasivo 24V 0.5 A y 802.3af<\/span><br \/>\n<span style=\"box-sizing: border-box; color: #000000;\">Potencia de salida en 5 GHz: 150 mW<\/span><br \/>\n<span style=\"box-sizing: border-box; color: #000000;\">Potencia de salida en 2.4 GHz: 250 mW\u00a0<\/span><br \/>\n<span style=\"color: #000000;\">Consumo m\u00e1ximo de energ\u00eda: 6.5 W.<\/span><br \/>\n<span style=\"box-sizing: border-box; color: #000000;\">Soporta hasta 4 SSID<\/span><br \/>\n<span style=\"box-sizing: border-box; color: #000000;\">Soporta los modos de seguridad\u00a0WEP, WPA-PSK, WPA-Enterprise (WPA\/WPA2, TKIP\/AES)\u00a0<\/span><br \/>\n<span style=\"box-sizing: border-box; color: #000000;\">Montajes de pared y techo incluidos<\/span><br \/>\n<span style=\"box-sizing: border-box; color: #000000;\">\u00a0Dimensiones\u00a0175.7 x 175.7 x 43.2 mm<\/span><\/p>\n<p>&nbsp;<\/p>\n<p style=\"color: #848282; font-family: tahoma, verdana, arial; font-size: 11px;\" align=\"justify\"><span style=\"color: #ff0000;\"><strong><span style=\"font-size: xx-large;\">DUDAS?<\/span><\/strong><\/span><\/p>\n<p style=\"color: #848282; font-family: tahoma, verdana, arial; font-size: 11px;\" align=\"justify\"><span style=\"color: #ff6600; font-size: medium;\"><strong>Llamenos GRATIS NACIONAL al\u00a0 01-800-087-4650<\/strong><\/span><\/p>\n<p style=\"color: #848282; font-family: tahoma, verdana, arial; font-size: 11px;\"><span style=\"color: #ada96e;\">En algunas ocasiones nuestros inventarios pueden moverse y no tener en existencia alg\u00fan producto. Llamenos o escribanos para confirmar si ese articulo que busca lo tenemos o quizas podamos sugerir algun otro.<br \/>\nUtilice la<\/span>\u00a0<strong>AYUDA EN LINEA<\/strong><\/p>\n<p><span style=\"color: #f87217; font-family: tahoma, verdana, arial; font-size: 11px;\">Por favor tome un minuto y revise nuestras POLITICAS de venta al calce de la pagina.<\/span><\/p>\n","protected":false},"excerpt":{"rendered":"<p>UAP-AC-LR UBIQUITI NETWORKS Access Point UniFi de largo alcance, Doble banda 802.11ac MIMO2X2 para interior, PoE 802.3af, soporta 250 clientes, hasta 867 Mbps UAPACLR Ideal para edificios y hoteler\u00eda. Numero m\u00e1ximo de dispositivos conectados:\u00a0250 dispositivos,\u00a0Se recomienda conectar m\u00e1ximo 125 dispositivos para mayor desempe\u00f1o. Caracter\u00edsticas principales: Estandar; Wi-Fi 802.11a\/b\/g\/n\/ac Doble banda; 5GHz y 2.4 GHz Hasta [&hellip;]<\/p>\n","protected":false},"featured_media":6848,"template":"","meta":{"_acf_changed":false},"product_brand":[],"product_cat":[74,73,72],"product_tag":[],"berocket_brand":[],"class_list":{"0":"post-6660","1":"product","2":"type-product","3":"status-publish","4":"has-post-thumbnail","6":"product_cat-access-point-punto-de-accesso","7":"product_cat-interior","8":"product_cat-redes-inalambricas","10":"first","11":"instock","12":"taxable","13":"shipping-taxable","14":"purchasable","15":"product-type-simple","16":"berocket_lgv_grid","17":"berocket_lgv_list_grid"},"acf":[],"aioseo_notices":[],"_links":{"self":[{"href":"https:\/\/todoenseguridad.com\/site\/wp-json\/wp\/v2\/product\/6660","targetHints":{"allow":["GET"]}}],"collection":[{"href":"https:\/\/todoenseguridad.com\/site\/wp-json\/wp\/v2\/product"}],"about":[{"href":"https:\/\/todoenseguridad.com\/site\/wp-json\/wp\/v2\/types\/product"}],"wp:featuredmedia":[{"embeddable":true,"href":"https:\/\/todoenseguridad.com\/site\/wp-json\/wp\/v2\/media\/6848"}],"wp:attachment":[{"href":"https:\/\/todoenseguridad.com\/site\/wp-json\/wp\/v2\/media?parent=6660"}],"wp:term":[{"taxonomy":"product_brand","embeddable":true,"href":"https:\/\/todoenseguridad.com\/site\/wp-json\/wp\/v2\/product_brand?post=6660"},{"taxonomy":"product_cat","embeddable":true,"href":"https:\/\/todoenseguridad.com\/site\/wp-json\/wp\/v2\/product_cat?post=6660"},{"taxonomy":"product_tag","embeddable":true,"href":"https:\/\/todoenseguridad.com\/site\/wp-json\/wp\/v2\/product_tag?post=6660"},{"taxonomy":"berocket_brand","embeddable":true,"href":"https:\/\/todoenseguridad.com\/site\/wp-json\/wp\/v2\/berocket_brand?post=6660"}],"curies":[{"name":"wp","href":"https:\/\/api.w.org\/{rel}","templated":true}]}}