{"id":6642,"date":"2020-07-10T20:18:50","date_gmt":"2020-07-11T01:18:50","guid":{"rendered":"https:\/\/todoenseguridad.com\/site\/producto\/epmd4x-v2-epcom-mini-domo-ptz-anti-vandalico-ip66-4x-zoom-hd-tvi\/"},"modified":"2026-03-25T12:53:48","modified_gmt":"2026-03-25T17:53:48","slug":"epmd4x-v2-epcom-mini-domo-ptz-anti-vandalico-ip66-4x-zoom-hd-tvi","status":"publish","type":"product","link":"https:\/\/todoenseguridad.com\/site\/producto\/epmd4x-v2-epcom-mini-domo-ptz-anti-vandalico-ip66-4x-zoom-hd-tvi\/","title":{"rendered":"EPMD4X-V2 EPCOM Mini Domo PTZ Anti-vandalico IP66 4X Zoom HD-TVI 1080P"},"content":{"rendered":"<p><!--?xml version=\"1.0\" encoding=\"utf-8\"?--><\/p>\n<h2 id=\"product_title_171433\"><span style=\"color: #0000ff;\">EPMD4X-V2 EPCOM Mini Domo PTZ Anti-vandalico IP66 4X Zoom HD-TVI 1080P<\/span><\/h2>\n<h3><span style=\"color: #000000;\">C\u00e1mara Mini PTZ 4X, resoluci\u00f3n 1080p, 4 tecnolog\u00edas de salida de video\u00a0(AHD, HD-TVI, HD-CVI, CVBS) compatible con una gran cantidad de grabadores del mercado, fabricada en metal con burbuja ahumada.<\/span><\/h3>\n<p><span style=\"color: #000000;\"><strong style=\"box-sizing: border-box; font-family: 'Helvetica Neue', Helvetica, Arial, sans-serif; font-size: 14px; background-color: #ffffff;\">Caracter\u00edsticas:<\/strong><\/span><\/p>\n<ul style=\"box-sizing: border-box; margin-top: 0px; margin-bottom: 10px; color: #333333; font-family: 'Helvetica Neue', Helvetica, Arial, sans-serif; font-size: 14px; background-color: #ffffff;\">\n<li style=\"box-sizing: border-box;\"><span style=\"color: #000000;\">Tecnolog\u00eda HD 1080P 4 in 1 TVI\/AHD\/CVI\/CVBS<\/span><\/li>\n<li style=\"box-sizing: border-box;\"><span style=\"color: #000000;\">Sensor CMOS 1\/2.8&#8243; 307 CMOS<\/span><\/li>\n<li style=\"box-sizing: border-box;\"><span style=\"color: #000000;\">Iluminaci\u00f3n m\u00ednima: Color\u00a00.005Lux@F1.2\u00a0 Blanco\/negro\u00a00.001Lux@F1.2<\/span><\/li>\n<li style=\"box-sizing: border-box;\"><span style=\"color: #000000;\">Lente motorizado: 4X, 2.8mm \u2013 12mm<\/span><\/li>\n<li style=\"box-sizing: border-box;\"><span style=\"color: #000000;\">Modo d\u00eda\/noche<\/span><\/li>\n<li style=\"box-sizing: border-box;\"><span style=\"color: #000000;\">IR 20 metros<\/span><\/li>\n<li style=\"box-sizing: border-box;\"><span style=\"color: #000000;\">Funciones: BLC, dWDR, 2D\/3D DNR, Focus mode.<\/span><\/li>\n<li style=\"box-sizing: border-box;\"><span style=\"color: #000000;\">Rango de movimiento: Pan 355\u00b0 \u00a0Tilt 80\u00b0.<\/span><\/li>\n<li style=\"box-sizing: border-box;\"><span style=\"color: #000000;\">Funciones PTZ: 220 preset<strong style=\"box-sizing: border-box;\">.<\/strong><\/span><\/li>\n<li style=\"box-sizing: border-box;\"><span style=\"color: #000000;\">Protocolo coaxitron para el movimiento de PTZ.<\/span><\/li>\n<\/ul>\n<p><span style=\"color: #000000; font-family: 'Helvetica Neue', Helvetica, Arial, sans-serif; font-size: 14px; background-color: #ffffff;\">\u00a0<\/span><br \/>\n<span style=\"color: #000000;\"><strong style=\"box-sizing: border-box; font-family: 'Helvetica Neue', Helvetica, Arial, sans-serif; font-size: 14px; background-color: #ffffff;\">Caracter\u00edsticas f\u00edsicas y el\u00e9ctricas:<\/strong><\/span><\/p>\n<ul style=\"box-sizing: border-box; margin-top: 0px; margin-bottom: 10px; color: #333333; font-family: 'Helvetica Neue', Helvetica, Arial, sans-serif; font-size: 14px; background-color: #ffffff;\">\n<li style=\"box-sizing: border-box;\"><span style=\"color: #000000;\">Aplicaci\u00f3n interior, exterior.<\/span><\/li>\n<li style=\"box-sizing: border-box;\"><span style=\"color: #000000;\">Nivel de protecci\u00f3n IP66<\/span><\/li>\n<li style=\"box-sizing: border-box;\"><span style=\"color: #000000;\">Temperatura de operaci\u00f3n\/Humedad: -20\u00b0C \u00ef\u00bd\u017e 60\u00b0C \/ &lt;90%RH<\/span><\/li>\n<li style=\"box-sizing: border-box;\"><span style=\"color: #000000;\">Alimentaci\u00f3n: 12Vdc, Max 10W.<\/span><\/li>\n<li style=\"box-sizing: border-box;\"><span style=\"color: #000000;\">Proteccion TVS3000V<\/span><\/li>\n<\/ul>\n<p>&nbsp;<\/p>\n<p style=\"color: #848282; font-family: tahoma, verdana, arial; font-size: 11px;\" align=\"justify\"><span style=\"color: #ff0000;\"><strong><span style=\"font-size: xx-large;\">DUDAS?<\/span><\/strong><\/span><\/p>\n<p style=\"color: #848282; font-family: tahoma, verdana, arial; font-size: 11px;\" align=\"justify\"><span style=\"color: #ff6600; font-size: medium;\"><strong>Llamenos GRATIS NACIONAL al\u00a0 01-800-087-4650<\/strong><\/span><\/p>\n<p style=\"color: #848282; font-family: tahoma, verdana, arial; font-size: 11px;\"><span style=\"color: #ada96e;\">En algunas ocasiones nuestros inventarios pueden moverse y no tener en existencia alg\u00fan producto. Llamenos o escribanos para confirmar si ese articulo que busca lo tenemos o quizas podamos sugerir algun otro.<br \/>\nUtilice la<\/span>\u00a0<strong>AYUDA EN LINEA<\/strong><\/p>\n<p><span style=\"color: #f87217; font-family: tahoma, verdana, arial; font-size: 11px;\">Por favor tome un minuto y revise nuestras POLITICAS de venta al calce de la pagina.<\/span><\/p>\n","protected":false},"excerpt":{"rendered":"<p>EPMD4X-V2 EPCOM Mini Domo PTZ Anti-vandalico IP66 4X Zoom HD-TVI 1080P C\u00e1mara Mini PTZ 4X, resoluci\u00f3n 1080p, 4 tecnolog\u00edas de salida de video\u00a0(AHD, HD-TVI, HD-CVI, CVBS) compatible con una gran cantidad de grabadores del mercado, fabricada en metal con burbuja ahumada. Caracter\u00edsticas: Tecnolog\u00eda HD 1080P 4 in 1 TVI\/AHD\/CVI\/CVBS Sensor CMOS 1\/2.8&#8243; 307 CMOS Iluminaci\u00f3n [&hellip;]<\/p>\n","protected":false},"featured_media":8200,"template":"","meta":{"_acf_changed":false},"product_brand":[],"product_cat":[84],"product_tag":[],"berocket_brand":[],"class_list":{"0":"post-6642","1":"product","2":"type-product","3":"status-publish","4":"has-post-thumbnail","6":"product_cat-ptz","8":"first","9":"instock","10":"taxable","11":"shipping-taxable","12":"purchasable","13":"product-type-simple","14":"berocket_lgv_grid","15":"berocket_lgv_list_grid"},"acf":[],"aioseo_notices":[],"_links":{"self":[{"href":"https:\/\/todoenseguridad.com\/site\/wp-json\/wp\/v2\/product\/6642","targetHints":{"allow":["GET"]}}],"collection":[{"href":"https:\/\/todoenseguridad.com\/site\/wp-json\/wp\/v2\/product"}],"about":[{"href":"https:\/\/todoenseguridad.com\/site\/wp-json\/wp\/v2\/types\/product"}],"wp:featuredmedia":[{"embeddable":true,"href":"https:\/\/todoenseguridad.com\/site\/wp-json\/wp\/v2\/media\/8200"}],"wp:attachment":[{"href":"https:\/\/todoenseguridad.com\/site\/wp-json\/wp\/v2\/media?parent=6642"}],"wp:term":[{"taxonomy":"product_brand","embeddable":true,"href":"https:\/\/todoenseguridad.com\/site\/wp-json\/wp\/v2\/product_brand?post=6642"},{"taxonomy":"product_cat","embeddable":true,"href":"https:\/\/todoenseguridad.com\/site\/wp-json\/wp\/v2\/product_cat?post=6642"},{"taxonomy":"product_tag","embeddable":true,"href":"https:\/\/todoenseguridad.com\/site\/wp-json\/wp\/v2\/product_tag?post=6642"},{"taxonomy":"berocket_brand","embeddable":true,"href":"https:\/\/todoenseguridad.com\/site\/wp-json\/wp\/v2\/berocket_brand?post=6642"}],"curies":[{"name":"wp","href":"https:\/\/api.w.org\/{rel}","templated":true}]}}