{"id":6639,"date":"2020-07-10T20:18:49","date_gmt":"2020-07-11T01:18:49","guid":{"rendered":"https:\/\/todoenseguridad.com\/site\/producto\/ds-2ce5au1t-avpit3zf-hikvision-domo-turbohd-4k-lente-mot-2-7\/"},"modified":"2026-03-25T12:55:36","modified_gmt":"2026-03-25T17:55:36","slug":"ds-2ce5au1t-avpit3zf-hikvision-domo-turbohd-4k-lente-mot-2-7","status":"publish","type":"product","link":"https:\/\/todoenseguridad.com\/site\/producto\/ds-2ce5au1t-avpit3zf-hikvision-domo-turbohd-4k-lente-mot-2-7\/","title":{"rendered":"DS-2CE5AU1T-AVPIT3ZF HIKVISION Domo TURBOHD 4K \/ Lente Mot. 2.7 a 13.5 mm"},"content":{"rendered":"<p><!--?xml version=\"1.0\" encoding=\"utf-8\"?--><\/p>\n<h2 id=\"product_title_164061\"><span style=\"color: #0000ff;\">DS-2CE5AU1T-AVPIT3ZF HIKVISION Domo TURBOHD 4K (8Megapixel) \/ Lente Mot. 2.7 a 13.5 mm \/ 40 mts IR EXIR \/ IP67 \/ 12 VCD \/ 24 VCA \/ TVI-AHD-CVI-CVBS \/ 9 a 15 VCD<\/span><\/h2>\n<p><span style=\"color: #000000;\"><strong>Caracter\u00edsticas principales:<\/strong><\/span><\/p>\n<ul>\n<li><span style=\"color: #000000;\">Resoluci\u00f3n m\u00e1xima: 8.29 Megapixel (3840 x 2160).<\/span><\/li>\n<li><span style=\"color: #000000;\">Sensor CMOS scan progresivo.<\/span><\/li>\n<li><span style=\"color: #000000;\">Lente motorizado: 2.7\u00a0a 13.5 mm (angulo de vision 108.1 a 45.6\u00ba).<\/span><\/li>\n<li><span style=\"color: #000000;\">40 mts IR EXIR.<\/span><\/li>\n<li><span style=\"color: #000000;\">Soporta 4 tecnolog\u00edas (TVI \/ AHD \/ CVI \/ CVBS).<\/span><\/li>\n<li><span style=\"color: #000000;\">Permite seleccionar la resolucion entre 8 Megapixel \/ 5 Megapixel \/ 4 Megapixel \/ 2 Megapixel.<\/span><\/li>\n<li><span style=\"color: #000000;\">Funciones: dWDR \/ BLC \/ DNR \/ Mirror.<\/span><\/li>\n<\/ul>\n<p><span style=\"color: #000000;\"><strong>Caracter\u00edsticas f\u00edsicas y el\u00e9ctricas:<\/strong><\/span><\/p>\n<p><span style=\"color: #000000;\"><strong>NOTA:Para la aplicacion de mas de una camara se recomienda el uso de fuente en corriente alterna en conjunto con PLAD100I y el conector JR52.<\/strong><\/span><\/p>\n<ul>\n<li><span style=\"color: #000000;\">Temperatura de operaci\u00f3n: -40\u00baC a 60\u00baC.<\/span><\/li>\n<li><span style=\"color: #000000;\">Alimentaci\u00f3n: 9.6 a 14.4\u00a0vcd \/ 19.2 a 28.8 vca \/ 8.2\u00a0Watts.<\/span><\/li>\n<li><span style=\"color: #000000;\">Protecci\u00f3n: IP67.<\/span><\/li>\n<li><span style=\"color: #000000;\">Fabricado en metal.<\/span><\/li>\n<li><span style=\"color: #000000;\">Dimensiones: 145\u00a0x 111.3\u00a0mm.<\/span><\/li>\n<li><span style=\"color: #000000;\">Peso: 860\u00a0grs.<\/span><\/li>\n<li><span style=\"color: #000000;\">Garant\u00eda: 2 a\u00f1os.<\/span><\/li>\n<\/ul>\n<p>&nbsp;<\/p>\n<p style=\"color: #848282; font-family: tahoma, verdana, arial; font-size: 11px;\" align=\"justify\"><span style=\"color: #ff0000;\"><strong><span style=\"font-size: xx-large;\">DUDAS?<\/span><\/strong><\/span><\/p>\n<p style=\"color: #848282; font-family: tahoma, verdana, arial; font-size: 11px;\" align=\"justify\"><span style=\"color: #ff6600; font-size: medium;\"><strong>Llamenos GRATIS NACIONAL al\u00a0 01-800-087-4650<\/strong><\/span><\/p>\n<p style=\"color: #848282; font-family: tahoma, verdana, arial; font-size: 11px;\"><span style=\"color: #ada96e;\">En algunas ocasiones nuestros inventarios pueden moverse y no tener en existencia alg\u00fan producto. Llamenos o escribanos para confirmar si ese articulo que busca lo tenemos o quizas podamos sugerir algun otro.<br \/>\nUtilice la<\/span>\u00a0<strong>AYUDA EN LINEA<\/strong><\/p>\n<p><span style=\"color: #f87217; font-family: tahoma, verdana, arial; font-size: 11px;\">Por favor tome un minuto y revise nuestras POLITICAS de venta al calce de la pagina.<\/span><\/p>\n","protected":false},"excerpt":{"rendered":"<p>DS-2CE5AU1T-AVPIT3ZF HIKVISION Domo TURBOHD 4K (8Megapixel) \/ Lente Mot. 2.7 a 13.5 mm \/ 40 mts IR EXIR \/ IP67 \/ 12 VCD \/ 24 VCA \/ TVI-AHD-CVI-CVBS \/ 9 a 15 VCD Caracter\u00edsticas principales: Resoluci\u00f3n m\u00e1xima: 8.29 Megapixel (3840 x 2160). Sensor CMOS scan progresivo. Lente motorizado: 2.7\u00a0a 13.5 mm (angulo de vision 108.1 [&hellip;]<\/p>\n","protected":false},"featured_media":7603,"template":"","meta":{"_acf_changed":false},"product_brand":[],"product_cat":[83],"product_tag":[],"berocket_brand":[],"class_list":{"0":"post-6639","1":"product","2":"type-product","3":"status-publish","4":"has-post-thumbnail","6":"product_cat-domo-cctv-hdtvi-turbo","8":"first","9":"instock","10":"taxable","11":"shipping-taxable","12":"purchasable","13":"product-type-simple","14":"berocket_lgv_grid","15":"berocket_lgv_list_grid"},"acf":[],"aioseo_notices":[],"_links":{"self":[{"href":"https:\/\/todoenseguridad.com\/site\/wp-json\/wp\/v2\/product\/6639","targetHints":{"allow":["GET"]}}],"collection":[{"href":"https:\/\/todoenseguridad.com\/site\/wp-json\/wp\/v2\/product"}],"about":[{"href":"https:\/\/todoenseguridad.com\/site\/wp-json\/wp\/v2\/types\/product"}],"wp:featuredmedia":[{"embeddable":true,"href":"https:\/\/todoenseguridad.com\/site\/wp-json\/wp\/v2\/media\/7603"}],"wp:attachment":[{"href":"https:\/\/todoenseguridad.com\/site\/wp-json\/wp\/v2\/media?parent=6639"}],"wp:term":[{"taxonomy":"product_brand","embeddable":true,"href":"https:\/\/todoenseguridad.com\/site\/wp-json\/wp\/v2\/product_brand?post=6639"},{"taxonomy":"product_cat","embeddable":true,"href":"https:\/\/todoenseguridad.com\/site\/wp-json\/wp\/v2\/product_cat?post=6639"},{"taxonomy":"product_tag","embeddable":true,"href":"https:\/\/todoenseguridad.com\/site\/wp-json\/wp\/v2\/product_tag?post=6639"},{"taxonomy":"berocket_brand","embeddable":true,"href":"https:\/\/todoenseguridad.com\/site\/wp-json\/wp\/v2\/berocket_brand?post=6639"}],"curies":[{"name":"wp","href":"https:\/\/api.w.org\/{rel}","templated":true}]}}