{"id":6587,"date":"2020-07-10T20:18:41","date_gmt":"2020-07-11T01:18:41","guid":{"rendered":"https:\/\/todoenseguridad.com\/site\/producto\/e8-turbo-ig2w-epcom-eyeball-turbohd-1080p-gran-angular-103a\/"},"modified":"2026-03-30T17:47:12","modified_gmt":"2026-03-30T22:47:12","slug":"e8-turbo-ig2w-epcom-eyeball-turbohd-1080p-gran-angular-103","status":"publish","type":"product","link":"https:\/\/todoenseguridad.com\/site\/producto\/e8-turbo-ig2w-epcom-eyeball-turbohd-1080p-gran-angular-103\/","title":{"rendered":"E8-TURBO-IG2W EPCOM Eyeball TURBOHD 1080p \/ Gran Angular 103\u00b0\/ Lente 2.8 mm \/ EXIR Inteligente 20 mts"},"content":{"rendered":"<p><!--?xml version=\"1.0\" encoding=\"utf-8\"?--><\/p>\n<h2 id=\"product_title_167225\"><span style=\"color: #0000ff;\">E8-TURBO-IG2W EPCOM Eyeball TURBOHD 1080p \/ Gran Angular 103\u00b0 \/ Lente 2.8 mm \/ EXIR Inteligente 20 mts \/ Interior \/ TVI-AHD-CVI-CVBS \/ dWDR<\/span><\/h2>\n<h3><span style=\"color: #000000;\"><strong style=\"box-sizing: border-box;\">Caracter\u00edsticas Principales:<\/strong><\/span><\/h3>\n<ul>\n<li style=\"line-height: 2;\"><span style=\"font-size: 14px; color: #000000;\">Resoluci\u00f3n m\u00e1xima: 1920 x 1080 (2 Megapixel)<\/span><\/li>\n<li style=\"line-height: 2;\"><span style=\"font-size: 14px; color: #000000;\">Iluminaci\u00f3n m\u00ednima: 0.01 Lux@(F1.2,AGC ON), 0 Lux con\u00a0IR.<\/span><\/li>\n<li style=\"line-height: 2;\"><span style=\"font-size: 14px; color: #000000;\">Lente fijo: 2.8 mm<\/span><\/li>\n<li style=\"line-height: 2;\"><span style=\"font-size: 14px; color: #000000;\">20 mts IR EXIR.<\/span><\/li>\n<li style=\"line-height: 2;\"><span style=\"font-size: 14px; color: #000000;\">Soporta 4 tecnolog\u00edas (TVI \/ AHD \/ CVI \/ CVBS ).<\/span><\/li>\n<\/ul>\n<h3><span style=\"color: #000000;\"><strong style=\"box-sizing: border-box;\">Caracter\u00edsticas F\u00edsicas y El\u00e9ctricas:<\/strong><\/span><\/h3>\n<ul>\n<li style=\"line-height: 2;\"><span style=\"font-size: 14px; color: #000000;\">Temperatura de operaci\u00f3n: -40\u00baC a 60\u00baC.<\/span><\/li>\n<li style=\"line-height: 2;\"><span style=\"font-size: 14px; color: #000000;\">Alimentaci\u00f3n: 12 Vcd \/ 4 Watts.<\/span><\/li>\n<li style=\"line-height: 2;\"><span style=\"font-size: 14px; color: #000000;\">Protecci\u00f3n: Interior<\/span><\/li>\n<li style=\"line-height: 2;\"><span style=\"font-size: 14px; color: #000000;\">Fabricado en material de policarbonato.<\/span><\/li>\n<li style=\"line-height: 2;\"><span style=\"font-size: 14px; color: #000000;\">Dimensiones: 85.4 x 76.12 mm\u00a0<\/span><\/li>\n<li style=\"line-height: 2;\"><span style=\"font-size: 14px; color: #000000;\">Peso: 130 g.<\/span><\/li>\n<li style=\"line-height: 2;\"><span style=\"color: #000000;\"><strong><span style=\"font-size: 14px;\">Garant\u00eda: 4 a\u00f1os.<\/span><\/strong><\/span><\/li>\n<\/ul>\n<p style=\"color: #848282; font-family: tahoma, verdana, arial; font-size: 11px;\" align=\"justify\"><span style=\"color: #ff0000;\"><strong><span style=\"font-size: xx-large;\">DUDAS?<\/span><\/strong><\/span><\/p>\n<p style=\"color: #848282; font-family: tahoma, verdana, arial; font-size: 11px;\" align=\"justify\"><span style=\"color: #ff6600; font-size: medium;\"><strong>Llamenos GRATIS NACIONAL al\u00a0 01-800-087-4650<\/strong><\/span><\/p>\n<p style=\"color: #848282; font-family: tahoma, verdana, arial; font-size: 11px;\"><span style=\"color: #ada96e;\">En algunas ocasiones nuestros inventarios pueden moverse y no tener en existencia alg\u00fan producto. Llamenos o escribanos para confirmar si ese articulo que busca lo tenemos o quizas podamos sugerir algun otro.<br \/>\nUtilice la<\/span>\u00a0<strong>AYUDA EN LINEA<\/strong><\/p>\n<p><span style=\"color: #f87217; font-family: tahoma, verdana, arial; font-size: 11px;\">Por favor tome un minuto y revise nuestras POLITICAS de venta al calce de la pagina.<\/span><\/p>\n","protected":false},"excerpt":{"rendered":"<p>E8-TURBO-IG2W EPCOM Eyeball TURBOHD 1080p \/ Gran Angular 103\u00b0 \/ Lente 2.8 mm \/ EXIR Inteligente 20 mts \/ Interior \/ TVI-AHD-CVI-CVBS \/ dWDR Caracter\u00edsticas Principales: Resoluci\u00f3n m\u00e1xima: 1920 x 1080 (2 Megapixel) Iluminaci\u00f3n m\u00ednima: 0.01 Lux@(F1.2,AGC ON), 0 Lux con\u00a0IR. Lente fijo: 2.8 mm 20 mts IR EXIR. Soporta 4 tecnolog\u00edas (TVI \/ AHD [&hellip;]<\/p>\n","protected":false},"featured_media":8144,"template":"","meta":{"_acf_changed":false},"product_brand":[],"product_cat":[83],"product_tag":[],"berocket_brand":[],"class_list":{"0":"post-6587","1":"product","2":"type-product","3":"status-publish","4":"has-post-thumbnail","6":"product_cat-domo-cctv-hdtvi-turbo","8":"first","9":"instock","10":"taxable","11":"shipping-taxable","12":"purchasable","13":"product-type-simple","14":"berocket_lgv_grid","15":"berocket_lgv_list_grid"},"acf":[],"aioseo_notices":[],"_links":{"self":[{"href":"https:\/\/todoenseguridad.com\/site\/wp-json\/wp\/v2\/product\/6587","targetHints":{"allow":["GET"]}}],"collection":[{"href":"https:\/\/todoenseguridad.com\/site\/wp-json\/wp\/v2\/product"}],"about":[{"href":"https:\/\/todoenseguridad.com\/site\/wp-json\/wp\/v2\/types\/product"}],"wp:featuredmedia":[{"embeddable":true,"href":"https:\/\/todoenseguridad.com\/site\/wp-json\/wp\/v2\/media\/8144"}],"wp:attachment":[{"href":"https:\/\/todoenseguridad.com\/site\/wp-json\/wp\/v2\/media?parent=6587"}],"wp:term":[{"taxonomy":"product_brand","embeddable":true,"href":"https:\/\/todoenseguridad.com\/site\/wp-json\/wp\/v2\/product_brand?post=6587"},{"taxonomy":"product_cat","embeddable":true,"href":"https:\/\/todoenseguridad.com\/site\/wp-json\/wp\/v2\/product_cat?post=6587"},{"taxonomy":"product_tag","embeddable":true,"href":"https:\/\/todoenseguridad.com\/site\/wp-json\/wp\/v2\/product_tag?post=6587"},{"taxonomy":"berocket_brand","embeddable":true,"href":"https:\/\/todoenseguridad.com\/site\/wp-json\/wp\/v2\/berocket_brand?post=6587"}],"curies":[{"name":"wp","href":"https:\/\/api.w.org\/{rel}","templated":true}]}}