{"id":6578,"date":"2020-07-10T20:18:39","date_gmt":"2020-07-11T01:18:39","guid":{"rendered":"https:\/\/todoenseguridad.com\/site\/producto\/ds-2ce19u1t-ait3zf-hikvision-bullet-turbohd-4k-8-megapixeles\/"},"modified":"2026-03-25T12:59:15","modified_gmt":"2026-03-25T17:59:15","slug":"ds-2ce19u1t-ait3zf-hikvision-bullet-turbohd-4k-8-megapixeles","status":"publish","type":"product","link":"https:\/\/todoenseguridad.com\/site\/producto\/ds-2ce19u1t-ait3zf-hikvision-bullet-turbohd-4k-8-megapixeles\/","title":{"rendered":"DS-2CE19U1T-AIT3ZF HIKVISION Bullet TURBOHD 4K\/ IR EXIR Inteligente 80 mts \/ Exterior IP67"},"content":{"rendered":"<p><!--?xml version=\"1.0\" encoding=\"utf-8\"?--><\/p>\n<h2 id=\"product_title_161324\"><span style=\"color: #0000ff;\">DS-2CE19U1T-AIT3ZF HIKVISION Bullet TURBOHD 4K (8 Megapixeles) \/ Lente Mot. 2.7 a 13.5 mm \/ IR EXIR Inteligente 80 mts \/ Exterior IP67 \/ Soporta 12 VCD &amp; 24 VCA \/ dWDR<\/span><\/h2>\n<h3><span style=\"color: #000000;\"><strong>Caracter\u00edsticas Principales:<\/strong><\/span><\/h3>\n<ul>\n<li><span style=\"color: #000000;\">Resoluci\u00f3n m\u00e1xima: 8.29 Megap\u00edxel (3840 x 2160).<\/span><\/li>\n<li><span style=\"color: #000000;\">Sensor CMOS scan progresivo.<\/span><\/li>\n<li><span style=\"color: #000000;\">Lente Motorizado: 2.7 &#8211; 13.5 mm (\u00e1ngulo de visi\u00f3n 108.1 a 45.6\u00b0).<\/span><\/li>\n<li><span style=\"color: #000000;\">80 mts IR EXIR.<\/span><\/li>\n<li><span style=\"color: #000000;\">Soporta 4 tecnolog\u00edas (TVI \/ AHD \/ CVI \/ CVBS).<\/span><\/li>\n<li><span style=\"color: #000000;\">Permite seleccionar la resoluci\u00f3n entre 8 Megap\u00edxel \/ 5 Megap\u00edxel \/ 4 Megap\u00edxel \/ 2 Megap\u00edxel.<\/span><\/li>\n<li><span style=\"color: #000000;\">Funciones: dWDR \/ BLC \/ DNR \/ Mirror.<\/span><\/li>\n<\/ul>\n<h3><span style=\"color: #000000;\"><strong>Caracter\u00edsticas f\u00edsicas y el\u00e9ctricas:<\/strong><\/span><\/h3>\n<p><span style=\"color: #000000;\"><strong>Nota:Para aplicacion de mas de una camara se recomienda fuente de corriente alterna en conjunto con el PLAD1000I y conector JR52.<\/strong><\/span><\/p>\n<ul>\n<li><span style=\"color: #000000;\">Temperatura de operaci\u00f3n: -40\u00baC a 60\u00baC.<\/span><\/li>\n<li><span style=\"color: #000000;\">Alimentaci\u00f3n: 9 a 15 vcd \/ 10.8 Watts.<\/span><\/li>\n<li><span style=\"color: #000000;\">Protecci\u00f3n: IP67.<\/span><\/li>\n<li><span style=\"color: #000000;\">Fabricado en metal y policarbonato<\/span><\/li>\n<li><span style=\"color: #000000;\">Dimensiones: 84.5 x 92 x 255.1 mm.<\/span><\/li>\n<li><span style=\"color: #000000;\">Peso: 695 grs.<\/span><\/li>\n<li><span style=\"color: #000000;\">Garant\u00eda: 2 a\u00f1os.<\/span><\/li>\n<\/ul>\n<p style=\"color: #848282; font-family: tahoma, verdana, arial; font-size: 11px;\" align=\"justify\"><span style=\"color: #ff0000;\"><strong><span style=\"font-size: xx-large;\">DUDAS?<\/span><\/strong><\/span><\/p>\n<p style=\"color: #848282; font-family: tahoma, verdana, arial; font-size: 11px;\" align=\"justify\"><span style=\"color: #ff6600; font-size: medium;\"><strong>Llamenos GRATIS NACIONAL al\u00a0 01-800-087-4650<\/strong><\/span><\/p>\n<p style=\"color: #848282; font-family: tahoma, verdana, arial; font-size: 11px;\"><span style=\"color: #ada96e;\">En algunas ocasiones nuestros inventarios pueden moverse y no tener en existencia alg\u00fan producto. Llamenos o escribanos para confirmar si ese articulo que busca lo tenemos o quizas podamos sugerir algun otro.<br \/>\nUtilice la<\/span>\u00a0<strong>AYUDA EN LINEA<\/strong><\/p>\n<p><span style=\"color: #f87217; font-family: tahoma, verdana, arial; font-size: 11px;\">Por favor tome un minuto y revise nuestras POLITICAS de venta al calce de la pagina.<\/span><\/p>\n<p>&nbsp;<\/p>\n<p>&nbsp;<\/p>\n","protected":false},"excerpt":{"rendered":"<p>DS-2CE19U1T-AIT3ZF HIKVISION Bullet TURBOHD 4K (8 Megapixeles) \/ Lente Mot. 2.7 a 13.5 mm \/ IR EXIR Inteligente 80 mts \/ Exterior IP67 \/ Soporta 12 VCD &amp; 24 VCA \/ dWDR Caracter\u00edsticas Principales: Resoluci\u00f3n m\u00e1xima: 8.29 Megap\u00edxel (3840 x 2160). Sensor CMOS scan progresivo. Lente Motorizado: 2.7 &#8211; 13.5 mm (\u00e1ngulo de visi\u00f3n 108.1 [&hellip;]<\/p>\n","protected":false},"featured_media":7948,"template":"","meta":{"_acf_changed":false},"product_brand":[],"product_cat":[82],"product_tag":[],"berocket_brand":[],"class_list":{"0":"post-6578","1":"product","2":"type-product","3":"status-publish","4":"has-post-thumbnail","6":"product_cat-bullet-cctv-hdtvi-turbo","8":"first","9":"instock","10":"taxable","11":"shipping-taxable","12":"purchasable","13":"product-type-simple","14":"berocket_lgv_grid","15":"berocket_lgv_list_grid"},"acf":[],"aioseo_notices":[],"_links":{"self":[{"href":"https:\/\/todoenseguridad.com\/site\/wp-json\/wp\/v2\/product\/6578","targetHints":{"allow":["GET"]}}],"collection":[{"href":"https:\/\/todoenseguridad.com\/site\/wp-json\/wp\/v2\/product"}],"about":[{"href":"https:\/\/todoenseguridad.com\/site\/wp-json\/wp\/v2\/types\/product"}],"wp:featuredmedia":[{"embeddable":true,"href":"https:\/\/todoenseguridad.com\/site\/wp-json\/wp\/v2\/media\/7948"}],"wp:attachment":[{"href":"https:\/\/todoenseguridad.com\/site\/wp-json\/wp\/v2\/media?parent=6578"}],"wp:term":[{"taxonomy":"product_brand","embeddable":true,"href":"https:\/\/todoenseguridad.com\/site\/wp-json\/wp\/v2\/product_brand?post=6578"},{"taxonomy":"product_cat","embeddable":true,"href":"https:\/\/todoenseguridad.com\/site\/wp-json\/wp\/v2\/product_cat?post=6578"},{"taxonomy":"product_tag","embeddable":true,"href":"https:\/\/todoenseguridad.com\/site\/wp-json\/wp\/v2\/product_tag?post=6578"},{"taxonomy":"berocket_brand","embeddable":true,"href":"https:\/\/todoenseguridad.com\/site\/wp-json\/wp\/v2\/berocket_brand?post=6578"}],"curies":[{"name":"wp","href":"https:\/\/api.w.org\/{rel}","templated":true}]}}