{"id":6559,"date":"2020-07-10T20:18:37","date_gmt":"2020-07-11T01:18:37","guid":{"rendered":"https:\/\/todoenseguridad.com\/site\/producto\/thc-b320-vf-hilook-by-hikvision-bullet-turbohd-1080p-lente-var\/"},"modified":"2026-03-30T17:48:34","modified_gmt":"2026-03-30T22:48:34","slug":"thc-b320-vf-hilook-by-hikvision-bullet-turbohd-1080p-lente-var","status":"publish","type":"product","link":"https:\/\/todoenseguridad.com\/site\/producto\/thc-b320-vf-hilook-by-hikvision-bullet-turbohd-1080p-lente-var\/","title":{"rendered":"THC-B320-VF HILOOK BY HIKVISION Bullet TURBOHD 1080p \/ IR EXIR Inteligente 40 mts"},"content":{"rendered":"<p><!--?xml version=\"1.0\" encoding=\"utf-8\"?--><\/p>\n<h2 id=\"product_title_162372\"><span style=\"color: #0000ff;\">THC-B320-VF HILOOK BY HIKVISION Bullet TURBOHD 1080p \/ Lente Var. 2.8 a 12 mm \/ CLIMAS EXTREMOS \/ IR EXIR Inteligente 40 mts \/ Exterior IP66 \/ TVI-AHD-CVI-CVBS \/ dWDR<\/span><\/h2>\n<p><span style=\"color: #000000;\"><strong>Caracter\u00edsticas principales:<\/strong><\/span><\/p>\n<ul>\n<li><span style=\"color: #000000;\">Resoluci\u00f3n m\u00e1xima: 1920 x 1080 ( 2 Megapixel).<\/span><\/li>\n<li><span style=\"color: #000000;\">Iluminaci\u00f3n m\u00ednima: 0.01 Lux @ (F1.2, AGC ON, 0 Lux con IR.<\/span><\/li>\n<li><span style=\"color: #000000;\">Lente varifocal: 2.8 &#8211; 12 mm (angulo de apertura 33.4\u00ba &#8211; 111.5\u00ba)<\/span><\/li>\n<li><span style=\"color: #000000;\">40 mts IR EXIR (visi\u00f3n nocturna)<\/span><\/li>\n<li><span style=\"color: #000000;\">Soporta 4 tecnolog\u00edas seleccionables (TVI \/ AHD \/ CVI \/ CVBS).<\/span><\/li>\n<li><span style=\"color: #000000;\">Funciones: dWDR \/ BLC \/ AGC.<\/span><\/li>\n<\/ul>\n<p><span style=\"color: #000000;\"><strong>Caracter\u00edsticas F\u00edsicas y El\u00e9ctricas:<\/strong><\/span><\/p>\n<ul>\n<li><span style=\"color: #000000;\">Temperatura de operaci\u00f3n: -40\u00baC a 60\u00baC.<\/span><\/li>\n<li><span style=\"color: #000000;\">Alimentaci\u00f3n: 12 vcd \/ 4.8 Watts.<\/span><\/li>\n<li><span style=\"color: #000000;\">Protecci\u00f3n: Interior \/ Exterior IP66.<\/span><\/li>\n<li><span style=\"color: #000000;\">Fabricado en material de metal y policarbonato.<\/span><\/li>\n<li><span style=\"color: #000000;\">Dimensiones: 256.4 x 83.3 x 78.2 mm.<\/span><\/li>\n<li><span style=\"color: #000000;\">Peso: 605 grs.<\/span><\/li>\n<li><span style=\"color: #000000;\"><strong>Garant\u00eda: 1 a\u00f1o.<\/strong><\/span><\/li>\n<\/ul>\n<p style=\"color: #848282; font-family: tahoma, verdana, arial; font-size: 11px;\" align=\"justify\"><span style=\"color: #ff0000;\"><strong><span style=\"font-size: xx-large;\">DUDAS?<\/span><\/strong><\/span><\/p>\n<p style=\"color: #848282; font-family: tahoma, verdana, arial; font-size: 11px;\" align=\"justify\"><span style=\"color: #ff6600; font-size: medium;\"><strong>Llamenos GRATIS NACIONAL al\u00a0 01-800-087-4650<\/strong><\/span><\/p>\n<p style=\"color: #848282; font-family: tahoma, verdana, arial; font-size: 11px;\"><span style=\"color: #ada96e;\">En algunas ocasiones nuestros inventarios pueden moverse y no tener en existencia alg\u00fan producto. Llamenos o escribanos para confirmar si ese articulo que busca lo tenemos o quizas podamos sugerir algun otro.<br \/>\nUtilice la<\/span>\u00a0<strong>AYUDA EN LINEA<\/strong><\/p>\n<p><span style=\"color: #f87217; font-family: tahoma, verdana, arial; font-size: 11px;\">Por favor tome un minuto y revise nuestras POLITICAS de venta al calce de la pagina.<\/span><\/p>\n","protected":false},"excerpt":{"rendered":"<p>THC-B320-VF HILOOK BY HIKVISION Bullet TURBOHD 1080p \/ Lente Var. 2.8 a 12 mm \/ CLIMAS EXTREMOS \/ IR EXIR Inteligente 40 mts \/ Exterior IP66 \/ TVI-AHD-CVI-CVBS \/ dWDR Caracter\u00edsticas principales: Resoluci\u00f3n m\u00e1xima: 1920 x 1080 ( 2 Megapixel). Iluminaci\u00f3n m\u00ednima: 0.01 Lux @ (F1.2, AGC ON, 0 Lux con IR. Lente varifocal: 2.8 [&hellip;]<\/p>\n","protected":false},"featured_media":9268,"template":"","meta":{"_acf_changed":false},"product_brand":[],"product_cat":[82],"product_tag":[],"berocket_brand":[],"class_list":{"0":"post-6559","1":"product","2":"type-product","3":"status-publish","4":"has-post-thumbnail","6":"product_cat-bullet-cctv-hdtvi-turbo","8":"first","9":"instock","10":"taxable","11":"shipping-taxable","12":"purchasable","13":"product-type-simple","14":"berocket_lgv_grid","15":"berocket_lgv_list_grid"},"acf":[],"aioseo_notices":[],"_links":{"self":[{"href":"https:\/\/todoenseguridad.com\/site\/wp-json\/wp\/v2\/product\/6559","targetHints":{"allow":["GET"]}}],"collection":[{"href":"https:\/\/todoenseguridad.com\/site\/wp-json\/wp\/v2\/product"}],"about":[{"href":"https:\/\/todoenseguridad.com\/site\/wp-json\/wp\/v2\/types\/product"}],"wp:featuredmedia":[{"embeddable":true,"href":"https:\/\/todoenseguridad.com\/site\/wp-json\/wp\/v2\/media\/9268"}],"wp:attachment":[{"href":"https:\/\/todoenseguridad.com\/site\/wp-json\/wp\/v2\/media?parent=6559"}],"wp:term":[{"taxonomy":"product_brand","embeddable":true,"href":"https:\/\/todoenseguridad.com\/site\/wp-json\/wp\/v2\/product_brand?post=6559"},{"taxonomy":"product_cat","embeddable":true,"href":"https:\/\/todoenseguridad.com\/site\/wp-json\/wp\/v2\/product_cat?post=6559"},{"taxonomy":"product_tag","embeddable":true,"href":"https:\/\/todoenseguridad.com\/site\/wp-json\/wp\/v2\/product_tag?post=6559"},{"taxonomy":"berocket_brand","embeddable":true,"href":"https:\/\/todoenseguridad.com\/site\/wp-json\/wp\/v2\/berocket_brand?post=6559"}],"curies":[{"name":"wp","href":"https:\/\/api.w.org\/{rel}","templated":true}]}}