{"id":6549,"date":"2020-07-10T20:18:36","date_gmt":"2020-07-11T01:18:36","guid":{"rendered":"https:\/\/todoenseguridad.com\/site\/producto\/ds-2ce16d0t-itf-hikvision-bala-turbohd-1080p-gran-angular-99a\/"},"modified":"2026-03-30T17:52:31","modified_gmt":"2026-03-30T22:52:31","slug":"ds-2ce16d0t-itf-hikvision-bala-turbohd-1080p-gran-angular-99","status":"publish","type":"product","link":"https:\/\/todoenseguridad.com\/site\/producto\/ds-2ce16d0t-itf-hikvision-bala-turbohd-1080p-gran-angular-99\/","title":{"rendered":"DS-2CE16D0T-ITF HIKVISION Bala TURBOHD 1080p \/ Gran Angular 99\u00b0\/ 30 mts IR EXIR \/ Exterior IP67"},"content":{"rendered":"<p><!--?xml version=\"1.0\" encoding=\"utf-8\"?--><\/p>\n<h2 id=\"product_title_170074\"><span style=\"color: #0000ff;\">DS-2CE16D0T-ITF HIKVISION Bala TURBOHD 1080p \/ Gran Angular 99\u00b0 \/ Lente 2.8 mm \/ 30 mts IR EXIR \/ Exterior IP67 \/ 4 Tecnolog\u00edas \/ dWDR<\/span><\/h2>\n<h3><span style=\"color: #000000;\"><strong>Caracter\u00edsticas principales:<\/strong><\/span><\/h3>\n<ul>\n<li><span style=\"font-size: 13.5pt; line-height: 107%; font-family: 'Times New Roman', serif; color: #000000;\">Resoluci\u00f3n m\u00e1xima: 1920 x 1080 (2 Megapixel).<\/span><\/li>\n<li><span style=\"font-size: 13.5pt; line-height: 107%; font-family: 'Times New Roman', serif; color: #000000;\">Lente fijo: 2.8 mm (angulo de visi\u00f3n 99\u00b0).<\/span><\/li>\n<li><span style=\"font-size: 13.5pt; line-height: 107%; font-family: 'Times New Roman', serif; color: #000000;\">30 mts smart IR (vision nocturna).<\/span><\/li>\n<li><span style=\"font-size: 13.5pt; line-height: 107%; font-family: 'Times New Roman', serif; color: #000000;\">Soporta las 4 tecnolog\u00edas del mercado (TVI \/ AHD \/ CVI \/ CVBS).<\/span><\/li>\n<li><span style=\"font-size: 13.5pt; line-height: 107%; font-family: 'Times New Roman', serif; color: #000000;\">dWDR \/ AGC \/ 2D DNR.<\/span><\/li>\n<li><span style=\"font-size: 13.5pt; line-height: 107%; font-family: 'Times New Roman', serif; color: #000000;\">Soporta coaxitron.<\/span><\/li>\n<\/ul>\n<p>&nbsp;<\/p>\n<p><span style=\"color: #000000;\"><strong>Caracter\u00edsticas F\u00edsicas y El\u00e9ctricas:<\/strong><\/span><\/p>\n<ul>\n<li><span style=\"font-size: 13.5pt; font-family: 'Times New Roman', serif; color: #000000;\">Alimentaci\u00f3n \/ Consumo: 12 VCD &#8211; 3 watts.<\/span><\/li>\n<li><span style=\"font-size: 13.5pt; font-family: 'Times New Roman', serif; color: #000000;\">Protecci\u00f3n: IP67 (interior \/ exterior).<\/span><\/li>\n<li><span style=\"font-size: 13.5pt; font-family: 'Times New Roman', serif; color: #000000;\">Fabricada en metal.<\/span><\/li>\n<li><span style=\"font-size: 13.5pt; font-family: 'Times New Roman', serif; color: #000000;\">Dimensiones: 57.9 x 60.9 x 138.8 mm.<\/span><\/li>\n<li><span style=\"font-size: 13.5pt; font-family: 'Times New Roman', serif; color: #000000;\">Peso: 257 g.<\/span><\/li>\n<li><span style=\"font-size: 13.5pt; font-family: 'Times New Roman', serif; color: #000000;\">Garant\u00eda: 2 a\u00f1os.<\/span><\/li>\n<\/ul>\n<p style=\"color: #848282; font-family: tahoma, verdana, arial; font-size: 11px;\" align=\"justify\"><span style=\"color: #ff0000;\"><strong><span style=\"font-size: xx-large;\">DUDAS?<\/span><\/strong><\/span><\/p>\n<p style=\"color: #848282; font-family: tahoma, verdana, arial; font-size: 11px;\" align=\"justify\"><span style=\"color: #ff6600; font-size: medium;\"><strong>Llamenos GRATIS NACIONAL al\u00a0 01-800-087-4650<\/strong><\/span><\/p>\n<p style=\"color: #848282; font-family: tahoma, verdana, arial; font-size: 11px;\"><span style=\"color: #ada96e;\">En algunas ocasiones nuestros inventarios pueden moverse y no tener en existencia alg\u00fan producto. Llamenos o escribanos para confirmar si ese articulo que busca lo tenemos o quizas podamos sugerir algun otro.<br \/>\nUtilice la<\/span>\u00a0<strong>AYUDA EN LINEA<\/strong><\/p>\n<p><span style=\"color: #f87217; font-family: tahoma, verdana, arial; font-size: 11px;\">Por favor tome un minuto y revise nuestras POLITICAS de venta al calce de la pagina.<\/span><\/p>\n","protected":false},"excerpt":{"rendered":"<p>DS-2CE16D0T-ITF HIKVISION Bala TURBOHD 1080p \/ Gran Angular 99\u00b0 \/ Lente 2.8 mm \/ 30 mts IR EXIR \/ Exterior IP67 \/ 4 Tecnolog\u00edas \/ dWDR Caracter\u00edsticas principales: Resoluci\u00f3n m\u00e1xima: 1920 x 1080 (2 Megapixel). Lente fijo: 2.8 mm (angulo de visi\u00f3n 99\u00b0). 30 mts smart IR (vision nocturna). Soporta las 4 tecnolog\u00edas del mercado [&hellip;]<\/p>\n","protected":false},"featured_media":7934,"template":"","meta":{"_acf_changed":false},"product_brand":[],"product_cat":[82],"product_tag":[],"berocket_brand":[],"class_list":{"0":"post-6549","1":"product","2":"type-product","3":"status-publish","4":"has-post-thumbnail","6":"product_cat-bullet-cctv-hdtvi-turbo","8":"first","9":"instock","10":"taxable","11":"shipping-taxable","12":"purchasable","13":"product-type-simple","14":"berocket_lgv_grid","15":"berocket_lgv_list_grid"},"acf":[],"aioseo_notices":[],"_links":{"self":[{"href":"https:\/\/todoenseguridad.com\/site\/wp-json\/wp\/v2\/product\/6549","targetHints":{"allow":["GET"]}}],"collection":[{"href":"https:\/\/todoenseguridad.com\/site\/wp-json\/wp\/v2\/product"}],"about":[{"href":"https:\/\/todoenseguridad.com\/site\/wp-json\/wp\/v2\/types\/product"}],"wp:featuredmedia":[{"embeddable":true,"href":"https:\/\/todoenseguridad.com\/site\/wp-json\/wp\/v2\/media\/7934"}],"wp:attachment":[{"href":"https:\/\/todoenseguridad.com\/site\/wp-json\/wp\/v2\/media?parent=6549"}],"wp:term":[{"taxonomy":"product_brand","embeddable":true,"href":"https:\/\/todoenseguridad.com\/site\/wp-json\/wp\/v2\/product_brand?post=6549"},{"taxonomy":"product_cat","embeddable":true,"href":"https:\/\/todoenseguridad.com\/site\/wp-json\/wp\/v2\/product_cat?post=6549"},{"taxonomy":"product_tag","embeddable":true,"href":"https:\/\/todoenseguridad.com\/site\/wp-json\/wp\/v2\/product_tag?post=6549"},{"taxonomy":"berocket_brand","embeddable":true,"href":"https:\/\/todoenseguridad.com\/site\/wp-json\/wp\/v2\/berocket_brand?post=6549"}],"curies":[{"name":"wp","href":"https:\/\/api.w.org\/{rel}","templated":true}]}}