{"id":6546,"date":"2020-07-10T20:18:35","date_gmt":"2020-07-11T01:18:35","guid":{"rendered":"https:\/\/todoenseguridad.com\/site\/producto\/b8-turbo-g2w-epcom-bullet-turbohd-1080p-metalica-gran-angula\/"},"modified":"2025-02-17T13:05:31","modified_gmt":"2025-02-17T18:05:31","slug":"b8-turbo-g2w-epcom-bullet-turbohd-1080p-metalica-gran-angula","status":"publish","type":"product","link":"https:\/\/todoenseguridad.com\/site\/producto\/b8-turbo-g2w-epcom-bullet-turbohd-1080p-metalica-gran-angula\/","title":{"rendered":"B8-TURBO-G2W EPCOM Bullet TURBOHD 1080p \/METALICA \/Gran Angular 103\/ IR EXIR Inteligente 20 mts\/ Exterior IP66"},"content":{"rendered":"<p><!--?xml version=\"1.0\" encoding=\"utf-8\"?--><\/p>\n<h2 id=\"product_title_167226\"><span style=\"color: #0000ff;\">B8-TURBO-G2W EPCOM Bullet TURBOHD 1080p \/ METALICA \/ Gran Angular 103\u00b0 \/ Lente 2.8 mm \/ IR EXIR Inteligente 20 mts \/ Exterior IP66 \/ TVI-AHD-CVI-CVBS<\/span><\/h2>\n<h3><span style=\"color: #000000;\"><strong style=\"box-sizing: border-box;\">Caracter\u00edsticas Principales:<\/strong><\/span><\/h3>\n<ul>\n<li><span style=\"color: #000000;\">Resoluci\u00f3n m\u00e1xima: 1920 x 1080 (2 MP)<\/span><\/li>\n<li><span style=\"color: #000000;\">Iluminaci\u00f3n m\u00ednima: 0.1 Lux@(F1.2, AGC ON), 0 Lux with IR.<\/span><\/li>\n<li><span style=\"color: #000000;\">Lente fijo: 2.8 mm<\/span><\/li>\n<li><span style=\"color: #000000;\">20 mts IR EXIR.<\/span><\/li>\n<li><span style=\"color: #000000;\">Angulo de Visi\u00f3n: 103\u00b0 (2.8 mm)<\/span><\/li>\n<li><span style=\"color: #000000;\">Funciones:\u00a0dWDR, BLC, DNR, Mirror<\/span><\/li>\n<li><span style=\"color: #000000;\">Soporta 4 tecnolog\u00edas seleccionables (TVI \/ AHD \/ CVI \/ CVBS).<\/span><\/li>\n<\/ul>\n<div>\n<h3><span style=\"color: #000000;\"><strong style=\"box-sizing: border-box;\">Caracter\u00edsticas F\u00edsicas y El\u00e9ctricas:<\/strong><\/span><\/h3>\n<ul style=\"box-sizing: border-box; margin-top: 0px; margin-bottom: 10px;\">\n<li style=\"box-sizing: border-box;\">\n<p style=\"box-sizing: border-box; margin: 0px 0px 10px;\"><span style=\"color: #000000;\">Temperatura de operaci\u00f3n: -40\u00baC a 60\u00baC.<\/span><\/p>\n<\/li>\n<li style=\"box-sizing: border-box;\">\n<p style=\"box-sizing: border-box; margin: 0px 0px 10px;\"><span style=\"color: #000000;\">Alimentaci\u00f3n: 12 Vcd \/ 4\u00a0Watts.<\/span><\/p>\n<\/li>\n<li style=\"box-sizing: border-box;\">\n<p style=\"box-sizing: border-box; margin: 0px 0px 10px;\"><span style=\"color: #000000;\">Protecci\u00f3n: Interior \/ exterior IP66<\/span><\/p>\n<\/li>\n<li style=\"box-sizing: border-box;\">\n<p style=\"box-sizing: border-box; margin: 0px 0px 10px;\"><span style=\"color: #000000;\">Fabricado en material de METAL.<\/span><\/p>\n<\/li>\n<li style=\"box-sizing: border-box;\">\n<p style=\"box-sizing: border-box; margin: 0px 0px 10px;\"><span style=\"color: #000000;\">Dimensiones: 165 x 62 x 58 mm.<\/span><\/p>\n<\/li>\n<li style=\"box-sizing: border-box;\">\n<p style=\"box-sizing: border-box; margin: 0px 0px 10px;\"><span style=\"color: #000000;\">Peso: 400 grs.<\/span><\/p>\n<\/li>\n<li style=\"box-sizing: border-box; margin: 0px 0px 10px;\"><span style=\"color: #000000;\"><strong>Garant\u00eda: 4 a\u00f1os.<\/strong><\/span><\/li>\n<\/ul>\n<\/div>\n<div><\/div>\n<div>\n<p style=\"color: #848282; font-family: tahoma, verdana, arial; font-size: 11px;\" align=\"justify\"><span style=\"color: #ff0000;\"><strong><span style=\"font-size: xx-large;\">DUDAS?<\/span><\/strong><\/span><\/p>\n<p style=\"color: #848282; font-family: tahoma, verdana, arial; font-size: 11px;\" align=\"justify\"><span style=\"color: #ff6600; font-size: medium;\"><strong>Llamenos GRATIS NACIONAL al\u00a0 01-800-087-4650<\/strong><\/span><\/p>\n<p style=\"color: #848282; font-family: tahoma, verdana, arial; font-size: 11px;\"><span style=\"color: #ada96e;\">En algunas ocasiones nuestros inventarios pueden moverse y no tener en existencia alg\u00fan producto. Llamenos o escribanos para confirmar si ese articulo que busca lo tenemos o quizas podamos sugerir algun otro.<br \/>\nUtilice la<\/span>\u00a0<strong>AYUDA EN LINEA<\/strong><\/p>\n<p><span style=\"color: #f87217; font-family: tahoma, verdana, arial; font-size: 11px;\">Por favor tome un minuto y revise nuestras POLITICAS de venta al calce de la pagina.<\/span><\/p>\n<\/div>\n","protected":false},"excerpt":{"rendered":"<p>B8-TURBO-G2W EPCOM Bullet TURBOHD 1080p \/ METALICA \/ Gran Angular 103\u00b0 \/ Lente 2.8 mm \/ IR EXIR Inteligente 20 mts \/ Exterior IP66 \/ TVI-AHD-CVI-CVBS Caracter\u00edsticas Principales: Resoluci\u00f3n m\u00e1xima: 1920 x 1080 (2 MP) Iluminaci\u00f3n m\u00ednima: 0.1 Lux@(F1.2, AGC ON), 0 Lux with IR. Lente fijo: 2.8 mm 20 mts IR EXIR. Angulo de [&hellip;]<\/p>\n","protected":false},"featured_media":7308,"template":"","meta":{"_acf_changed":false},"product_brand":[],"product_cat":[82],"product_tag":[],"berocket_brand":[],"class_list":{"0":"post-6546","1":"product","2":"type-product","3":"status-publish","4":"has-post-thumbnail","6":"product_cat-bullet-cctv-hdtvi-turbo","8":"first","9":"instock","10":"taxable","11":"shipping-taxable","12":"purchasable","13":"product-type-simple","14":"berocket_lgv_grid","15":"berocket_lgv_list_grid"},"acf":[],"aioseo_notices":[],"_links":{"self":[{"href":"https:\/\/todoenseguridad.com\/site\/wp-json\/wp\/v2\/product\/6546","targetHints":{"allow":["GET"]}}],"collection":[{"href":"https:\/\/todoenseguridad.com\/site\/wp-json\/wp\/v2\/product"}],"about":[{"href":"https:\/\/todoenseguridad.com\/site\/wp-json\/wp\/v2\/types\/product"}],"wp:featuredmedia":[{"embeddable":true,"href":"https:\/\/todoenseguridad.com\/site\/wp-json\/wp\/v2\/media\/7308"}],"wp:attachment":[{"href":"https:\/\/todoenseguridad.com\/site\/wp-json\/wp\/v2\/media?parent=6546"}],"wp:term":[{"taxonomy":"product_brand","embeddable":true,"href":"https:\/\/todoenseguridad.com\/site\/wp-json\/wp\/v2\/product_brand?post=6546"},{"taxonomy":"product_cat","embeddable":true,"href":"https:\/\/todoenseguridad.com\/site\/wp-json\/wp\/v2\/product_cat?post=6546"},{"taxonomy":"product_tag","embeddable":true,"href":"https:\/\/todoenseguridad.com\/site\/wp-json\/wp\/v2\/product_tag?post=6546"},{"taxonomy":"berocket_brand","embeddable":true,"href":"https:\/\/todoenseguridad.com\/site\/wp-json\/wp\/v2\/berocket_brand?post=6546"}],"curies":[{"name":"wp","href":"https:\/\/api.w.org\/{rel}","templated":true}]}}