{"id":6443,"date":"2020-07-10T20:18:18","date_gmt":"2020-07-11T01:18:18","guid":{"rendered":"https:\/\/todoenseguridad.com\/site\/producto\/rbwapg-5hact2hnd-mikrotik-punto-de-acceso-cliente-para-exterio\/"},"modified":"2026-03-25T14:28:06","modified_gmt":"2026-03-25T19:28:06","slug":"rbwapg-5hact2hnd-mikrotik-punto-de-acceso-cliente-para-exterio","status":"publish","type":"product","link":"https:\/\/todoenseguridad.com\/site\/producto\/rbwapg-5hact2hnd-mikrotik-punto-de-acceso-cliente-para-exterio\/","title":{"rendered":"RBWAPG-5HACT2HND MIKROTIK Punto de Acceso\/ Cliente para Exterior de Doble Banda"},"content":{"rendered":"<p><!--?xml version=\"1.0\" encoding=\"utf-8\"?--><\/p>\n<h2 id=\"product_title_87163\"><span style=\"color: #0000ff;\">RBWAPG-5HACT2HND MIKROTIK Punto de Acceso \/ Cliente para Exterior de Doble Banda 2.4 y 5GHz a\/b\/g\/n\/ac (Blanco)<\/span><\/h2>\n<p><span style=\"color: #000000;\"><strong><span style=\"font-size: medium;\">CARACTERISTICAS PRINCIPALES:<\/span><\/strong><\/span><\/p>\n<ul>\n<li><span style=\"color: #000000;\">Banda de Operaci\u00f3n: 2.4 y 5GHz.<\/span><\/li>\n<li><span style=\"color: #000000;\">Modos de Operaci\u00f3n: Punto de Acceso, Cliente.<\/span><\/li>\n<li><span style=\"color: #000000;\">Est\u00e1ndar 802.11 a\/b\/g\/n\/ac.<\/span><\/li>\n<li><span style=\"color: #000000;\">Antena\u00a0omnidireccional integrada\u00a0de 2dBi.<\/span><\/li>\n<li><span style=\"color: #000000;\">Potencia Hasta 316 mW en 2.4 GHz y 5 GHz.<\/span><\/li>\n<li><span style=\"color: #000000;\">Tres cadenas en 5 GHz y Dos cadenas en 2.4 GHz.<\/span><\/li>\n<li><span style=\"color: #000000;\">Soporta Poe Pasivo y 802.3af\/at.<\/span><\/li>\n<li><span style=\"color: #000000;\">Nivel de Licencia 4.<\/span><\/li>\n<li><span style=\"color: #000000;\">Dimensiones 185 x 85 x 30mm.<\/span><\/li>\n<li><span style=\"color: #000000;\">1 a\u00f1o de garant\u00eda.<\/span><\/li>\n<\/ul>\n<div><span style=\"color: #000000;\">Para la funcion Repetidor de Se\u00f1al se requiere actualizar el RouterOS<\/span><\/div>\n<div style=\"margin: 0px; padding: 0px; border: 0px none; font-size: 13px; vertical-align: baseline;\"><\/div>\n<div style=\"margin: 0px; padding: 0px; border: 0px none; font-size: 13px; vertical-align: baseline;\"><\/div>\n<div style=\"margin: 0px; padding: 0px; border: 0px none; font-size: 13px; vertical-align: baseline;\">\n<p><span style=\"color: #ff0000;\"><strong><span style=\"font-size: xx-large;\">DUDAS?<\/span><\/strong><\/span><\/p>\n<p style=\"color: #848282; font-family: tahoma, verdana, arial; font-size: 11px;\" align=\"justify\"><span style=\"color: #ff6600; font-size: medium;\"><strong>Llamenos GRATIS NACIONAL al\u00a0 01-800-087-4650<\/strong><\/span><\/p>\n<p style=\"color: #848282; font-family: tahoma, verdana, arial; font-size: 11px;\"><span style=\"color: #ada96e;\">En algunas ocasiones nuestros inventarios pueden moverse y no tener en existencia alg\u00fan producto. Llamenos o escribanos para confirmar si ese articulo que busca lo tenemos o quizas podamos sugerir algun otro.<br \/>\nUtilice la<\/span>\u00a0<strong>AYUDA EN LINEA<\/strong><\/p>\n<p><span style=\"color: #f87217; font-family: tahoma, verdana, arial; font-size: 11px;\">Por favor tome un minuto y revise nuestras POLITICAS de venta al calce de la pagina.<\/span><\/p>\n<\/div>\n","protected":false},"excerpt":{"rendered":"<p>RBWAPG-5HACT2HND MIKROTIK Punto de Acceso \/ Cliente para Exterior de Doble Banda 2.4 y 5GHz a\/b\/g\/n\/ac (Blanco) CARACTERISTICAS PRINCIPALES: Banda de Operaci\u00f3n: 2.4 y 5GHz. Modos de Operaci\u00f3n: Punto de Acceso, Cliente. Est\u00e1ndar 802.11 a\/b\/g\/n\/ac. Antena\u00a0omnidireccional integrada\u00a0de 2dBi. Potencia Hasta 316 mW en 2.4 GHz y 5 GHz. Tres cadenas en 5 GHz y Dos [&hellip;]<\/p>\n","protected":false},"featured_media":9055,"template":"","meta":{"_acf_changed":false},"product_brand":[],"product_cat":[74,73],"product_tag":[],"berocket_brand":[],"class_list":{"0":"post-6443","1":"product","2":"type-product","3":"status-publish","4":"has-post-thumbnail","6":"product_cat-access-point-punto-de-accesso","7":"product_cat-interior","9":"first","10":"instock","11":"taxable","12":"shipping-taxable","13":"purchasable","14":"product-type-simple","15":"berocket_lgv_grid","16":"berocket_lgv_list_grid"},"acf":[],"aioseo_notices":[],"_links":{"self":[{"href":"https:\/\/todoenseguridad.com\/site\/wp-json\/wp\/v2\/product\/6443","targetHints":{"allow":["GET"]}}],"collection":[{"href":"https:\/\/todoenseguridad.com\/site\/wp-json\/wp\/v2\/product"}],"about":[{"href":"https:\/\/todoenseguridad.com\/site\/wp-json\/wp\/v2\/types\/product"}],"wp:featuredmedia":[{"embeddable":true,"href":"https:\/\/todoenseguridad.com\/site\/wp-json\/wp\/v2\/media\/9055"}],"wp:attachment":[{"href":"https:\/\/todoenseguridad.com\/site\/wp-json\/wp\/v2\/media?parent=6443"}],"wp:term":[{"taxonomy":"product_brand","embeddable":true,"href":"https:\/\/todoenseguridad.com\/site\/wp-json\/wp\/v2\/product_brand?post=6443"},{"taxonomy":"product_cat","embeddable":true,"href":"https:\/\/todoenseguridad.com\/site\/wp-json\/wp\/v2\/product_cat?post=6443"},{"taxonomy":"product_tag","embeddable":true,"href":"https:\/\/todoenseguridad.com\/site\/wp-json\/wp\/v2\/product_tag?post=6443"},{"taxonomy":"berocket_brand","embeddable":true,"href":"https:\/\/todoenseguridad.com\/site\/wp-json\/wp\/v2\/berocket_brand?post=6443"}],"curies":[{"name":"wp","href":"https:\/\/api.w.org\/{rel}","templated":true}]}}