{"id":6440,"date":"2020-07-10T20:18:18","date_gmt":"2020-07-11T01:18:18","guid":{"rendered":"https:\/\/todoenseguridad.com\/site\/producto\/rbwsap-5hac2nd-mikrotik-punto-de-acceso-wifi-para-pared-doble-b\/"},"modified":"2026-03-25T14:28:59","modified_gmt":"2026-03-25T19:28:59","slug":"rbwsap-5hac2nd-mikrotik-punto-de-acceso-wifi-para-pared-doble-b","status":"publish","type":"product","link":"https:\/\/todoenseguridad.com\/site\/producto\/rbwsap-5hac2nd-mikrotik-punto-de-acceso-wifi-para-pared-doble-b\/","title":{"rendered":"RBWSAP-5HAC2ND MIKROTIK Punto de Acceso WiFi para Pared\/ Doble banda simult\u00e1nea"},"content":{"rendered":"<p><!--?xml version=\"1.0\" encoding=\"utf-8\"?--><\/p>\n<h2 id=\"product_title_153900\"><span style=\"color: #0000ff;\">RBWSAP-5HAC2ND MIKROTIK Punto de Acceso WiFi para Pared\/ Doble banda simult\u00e1nea en 2.4 y 5 GHz b\/g\/n\/ac<\/span><\/h2>\n<p><span style=\"color: #000000;\">El<strong> wsAP ac lite<\/strong> es un punto de acceso ideal para redes en hoteles, centros comerciales, hospitales, aeropuertos, etc.\u00a0Tiene una carcasa discreta que cabe en tomas de corriente de pared est\u00e1ndar.\u00a0De esta forma, la unidad no llama la atenci\u00f3n y se mezcla con cualquier entorno.<\/span><\/p>\n<p><span style=\"color: #000000;\">Cuenta con\u00a0\u00a0tres puertos Ethernet,\u00a0uno en la parte posterior para facilitar la entrada PoE y dos puertos LAN detr\u00e1s de la puerta frontal.\u00a0El dispositivo ofrece cobertura WiFi simult\u00e1nea en 2,4\u00a0y 5 GHz, admite 802.11ac, as\u00ed como est\u00e1ndares heredados. Cuenta con un\u00a0puerto USB 2.0 para cargar dispositivos m\u00f3viles o para el almacenamiento.<\/span><\/p>\n<p><span style=\"color: #000000;\">El dispositivo tambi\u00e9n tiene un conector de tel\u00e9fono (RJ11) para conectar un tel\u00e9fono.\u00a0Como accesorio separado puede solicitar un juego de tornillos especial (c\u00f3digo de producto K50), que garantiza que la puerta inferior solo pueda ser abierta por el propietario.<\/span><\/p>\n<p><span style=\"color: #000000;\"><strong><span style=\"font-size: medium;\">CARACTERISTICAS PRINCIPALES:<\/span><\/strong><\/span><\/p>\n<ul>\n<li><span style=\"color: #000000;\">Rango de operaci\u00f3n en 2412-2484MHz.<\/span><\/li>\n<li><span style=\"color: #000000;\">Rango de operaci\u00f3n en 5150-5875MHz.<\/span><\/li>\n<li><span style=\"color: #000000;\">Est\u00e1ndar\u00a0802.11b\/g\/n\/ac.<\/span><\/li>\n<li><span style=\"color: #000000;\"><strong>\u00abNo incluye PoE\u00bb<\/strong><\/span><\/li>\n<li><span style=\"color: #000000;\"><strong>Soporta PoE pasivo de 18 &#8211; 57 V<\/strong><\/span><\/li>\n<li><span style=\"color: #000000;\"><strong>Soporta\u00a0 PoE Estandar 802.3 af\/at<\/strong><\/span><\/li>\n<li><span style=\"color: #000000;\">Ganancia de la antena en 2.4GHz es de 1.5dBi.<\/span><\/li>\n<li><span style=\"color: #000000;\">Ganancia de la antena en 5GHz\u00a0es de 3dBi.<\/span><\/li>\n<li><span style=\"color: #000000;\"><strong>Nivel de licencia 4.<\/strong><\/span><\/li>\n<li><span style=\"color: #000000;\"><strong>1 A\u00f1o de garant\u00eda.<\/strong><\/span><\/li>\n<li><span style=\"color: #000000;\">Dimensiones 112 x 126 x 30mm.<\/span><\/li>\n<\/ul>\n<p><span style=\"color: #ff0000;\"><strong><span style=\"font-size: xx-large;\">DUDAS?<\/span><\/strong><\/span><\/p>\n<p style=\"color: #848282; font-family: tahoma, verdana, arial; font-size: 11px;\" align=\"justify\"><span style=\"color: #ff6600; font-size: medium;\"><strong>Llamenos GRATIS NACIONAL al\u00a0 01-800-087-4650<\/strong><\/span><\/p>\n<p style=\"color: #848282; font-family: tahoma, verdana, arial; font-size: 11px;\"><span style=\"color: #ada96e;\">En algunas ocasiones nuestros inventarios pueden moverse y no tener en existencia alg\u00fan producto. Llamenos o escribanos para confirmar si ese articulo que busca lo tenemos o quizas podamos sugerir algun otro.<br \/>\nUtilice la<\/span>\u00a0<strong>AYUDA EN LINEA<\/strong><\/p>\n<p><span style=\"color: #f87217; font-family: tahoma, verdana, arial; font-size: 11px;\">Por favor tome un minuto y revise nuestras POLITICAS de venta al calce de la pagina.<\/span><\/p>\n","protected":false},"excerpt":{"rendered":"<p>RBWSAP-5HAC2ND MIKROTIK Punto de Acceso WiFi para Pared\/ Doble banda simult\u00e1nea en 2.4 y 5 GHz b\/g\/n\/ac El wsAP ac lite es un punto de acceso ideal para redes en hoteles, centros comerciales, hospitales, aeropuertos, etc.\u00a0Tiene una carcasa discreta que cabe en tomas de corriente de pared est\u00e1ndar.\u00a0De esta forma, la unidad no llama la [&hellip;]<\/p>\n","protected":false},"featured_media":9056,"template":"","meta":{"_acf_changed":false},"product_brand":[],"product_cat":[74,73],"product_tag":[],"berocket_brand":[],"class_list":{"0":"post-6440","1":"product","2":"type-product","3":"status-publish","4":"has-post-thumbnail","6":"product_cat-access-point-punto-de-accesso","7":"product_cat-interior","9":"first","10":"instock","11":"taxable","12":"shipping-taxable","13":"purchasable","14":"product-type-simple","15":"berocket_lgv_grid","16":"berocket_lgv_list_grid"},"acf":[],"aioseo_notices":[],"_links":{"self":[{"href":"https:\/\/todoenseguridad.com\/site\/wp-json\/wp\/v2\/product\/6440","targetHints":{"allow":["GET"]}}],"collection":[{"href":"https:\/\/todoenseguridad.com\/site\/wp-json\/wp\/v2\/product"}],"about":[{"href":"https:\/\/todoenseguridad.com\/site\/wp-json\/wp\/v2\/types\/product"}],"wp:featuredmedia":[{"embeddable":true,"href":"https:\/\/todoenseguridad.com\/site\/wp-json\/wp\/v2\/media\/9056"}],"wp:attachment":[{"href":"https:\/\/todoenseguridad.com\/site\/wp-json\/wp\/v2\/media?parent=6440"}],"wp:term":[{"taxonomy":"product_brand","embeddable":true,"href":"https:\/\/todoenseguridad.com\/site\/wp-json\/wp\/v2\/product_brand?post=6440"},{"taxonomy":"product_cat","embeddable":true,"href":"https:\/\/todoenseguridad.com\/site\/wp-json\/wp\/v2\/product_cat?post=6440"},{"taxonomy":"product_tag","embeddable":true,"href":"https:\/\/todoenseguridad.com\/site\/wp-json\/wp\/v2\/product_tag?post=6440"},{"taxonomy":"berocket_brand","embeddable":true,"href":"https:\/\/todoenseguridad.com\/site\/wp-json\/wp\/v2\/berocket_brand?post=6440"}],"curies":[{"name":"wp","href":"https:\/\/api.w.org\/{rel}","templated":true}]}}