{"id":6439,"date":"2020-07-10T20:18:17","date_gmt":"2020-07-11T01:18:17","guid":{"rendered":"https:\/\/todoenseguridad.com\/site\/producto\/rbcapl-2nd-mikrotik-punto-de-acceso-para-interior-de-2-4ghz-con\/"},"modified":"2026-03-30T17:58:47","modified_gmt":"2026-03-30T22:58:47","slug":"rbcapl-2nd-mikrotik-punto-de-acceso-para-interior-de-2-4ghz-con","status":"publish","type":"product","link":"https:\/\/todoenseguridad.com\/site\/producto\/rbcapl-2nd-mikrotik-punto-de-acceso-para-interior-de-2-4ghz-con\/","title":{"rendered":"RBcAPL-2nD MIKROTIK Punto de acceso para interior de 2.4GHz con antena integrada de 1.5 dBi"},"content":{"rendered":"<p><!--?xml version=\"1.0\" encoding=\"utf-8\"?--><\/p>\n<h2 id=\"product_title_136758\"><span style=\"color: #0000ff;\">RBcAPL-2nD MIKROTIK Punto de acceso para interior de 2.4GHz con antena integrada de 1.5 dBi, hasta 158mW de Potencia<\/span><\/h2>\n<h3><span style=\"color: #000000;\">cAP\u00a0Lite<\/span><\/h3>\n<p style=\"border: 0px none; margin: 0px; padding: 10px 0px; font-size: 14px; font-family: 'Roboto Condensed', sans-serif;\"><span style=\"color: #000000;\">El <span style=\"font-family: 'Roboto Condensed', sans-serif; font-size: 14px;\">Cap<\/span> Lite\u00a0es un dispositivo de punto de acceso peque\u00f1o, ideal para lugares p\u00fablicos y negocios de hosteler\u00eda como hoteles, aeropuertos, centros comerciales, etc., incluidos con el producto,\u00a0dos carcasas diferentes, que pueden ser f\u00e1cilmente intercambiadas, o bien, si usted realmente como para encajar el dise\u00f1o con el medio ambiente, estamos proporcionando impresora 3D archivos de dise\u00f1o amigable.<\/span><\/p>\n<p><span style=\"color: #000000;\">El cAP Lite soporta 802.11b\/g\/n y puede ser alimentado por energ\u00eda sobre Ethernet (PoE).\u00a0Es un compa\u00f1ero perfecto para el Mikrotik CAPsMAN (controlado administrador del sistema AP), que le permite controlar todos los dispositivos AP desde una ubicaci\u00f3n central.\u00a0El cAP Lite tambi\u00e9n se puede utilizar como punto de acceso independiente con todo el potencial de RouterOS.<\/span><\/p>\n<h1 id=\"spec\" style=\"border: 0px none; margin: 0px; padding: 35px 0px 0px; font-size: 24px; font-family: 'PT Sans', sans-serif;\"><span style=\"font-size: medium; color: #000000;\">Especificaciones del producto<\/span><\/h1>\n<table class=\"parameters_table\" border=\"0\">\n<tbody>\n<tr style=\"border-width: 1px 0px; border-top: 1px solid #e2e2e2; border-right-style: initial; border-bottom: 1px solid #e2e2e2; border-left-style: initial; border-right-color: initial; border-left-color: initial; border-image: initial; margin: 0px; padding: 0px; background-color: #f7f7f7;\">\n<td style=\"border: 0px none; margin: 0px; padding: 7px; vertical-align: top;\">C\u00f3digo de producto:<\/td>\n<td style=\"border: 0px none; margin: 0px; padding: 7px; vertical-align: top;\">RBcAPL-2nD<\/td>\n<\/tr>\n<tr style=\"border-width: 1px 0px; border-top: 1px solid #e2e2e2; border-right-style: initial; border-bottom: 1px solid #e2e2e2; border-left-style: initial; border-right-color: initial; border-left-color: initial; border-image: initial; margin: 0px; padding: 0px;\">\n<td style=\"border: 0px none; margin: 0px; padding: 7px; vertical-align: top;\">CPU frecuencia nominal:<\/td>\n<td style=\"border: 0px none; margin: 0px; padding: 7px; vertical-align: top;\">650 MHz<\/td>\n<\/tr>\n<tr style=\"border-width: 1px 0px; border-top: 1px solid #e2e2e2; border-right-style: initial; border-bottom: 1px solid #e2e2e2; border-left-style: initial; border-right-color: initial; border-left-color: initial; border-image: initial; margin: 0px; padding: 0px; background-color: #f7f7f7;\">\n<td style=\"border: 0px none; margin: 0px; padding: 7px; vertical-align: top;\">N\u00famero de n\u00facleos de CPU:<\/td>\n<td style=\"border: 0px none; margin: 0px; padding: 7px; vertical-align: top;\">1<\/td>\n<\/tr>\n<tr style=\"border-width: 1px 0px; border-top: 1px solid #e2e2e2; border-right-style: initial; border-bottom: 1px solid #e2e2e2; border-left-style: initial; border-right-color: initial; border-left-color: initial; border-image: initial; margin: 0px; padding: 0px;\">\n<td style=\"border: 0px none; margin: 0px; padding: 7px; vertical-align: top;\">Tama\u00f1o de RAM:<\/td>\n<td style=\"border: 0px none; margin: 0px; padding: 7px; vertical-align: top;\">64 MB<\/td>\n<\/tr>\n<tr style=\"border-width: 1px 0px; border-top: 1px solid #e2e2e2; border-right-style: initial; border-bottom: 1px solid #e2e2e2; border-left-style: initial; border-right-color: initial; border-left-color: initial; border-image: initial; margin: 0px; padding: 0px; background-color: #f7f7f7;\">\n<td style=\"border: 0px none; margin: 0px; padding: 7px; vertical-align: top;\">Puertos Ethernet 10\/100:<\/td>\n<td style=\"border: 0px none; margin: 0px; padding: 7px; vertical-align: top;\">1<\/td>\n<\/tr>\n<tr style=\"border-width: 1px 0px; border-top: 1px solid #e2e2e2; border-right-style: initial; border-bottom: 1px solid #e2e2e2; border-left-style: initial; border-right-color: initial; border-left-color: initial; border-image: initial; margin: 0px; padding: 0px;\">\n<td style=\"border: 0px none; margin: 0px; padding: 7px; vertical-align: top;\">modelo de chip inal\u00e1mbrico:<\/td>\n<td style=\"border: 0px none; margin: 0px; padding: 7px; vertical-align: top;\">QCA9533<\/td>\n<\/tr>\n<tr style=\"border-width: 1px 0px; border-top: 1px solid #e2e2e2; border-right-style: initial; border-bottom: 1px solid #e2e2e2; border-left-style: initial; border-right-color: initial; border-left-color: initial; border-image: initial; margin: 0px; padding: 0px; background-color: #f7f7f7;\">\n<td style=\"border: 0px none; margin: 0px; padding: 7px; vertical-align: top;\">Los est\u00e1ndares inal\u00e1mbricos:<\/td>\n<td style=\"border: 0px none; margin: 0px; padding: 7px; vertical-align: top;\">802.11b \/ g \/ n<\/td>\n<\/tr>\n<tr style=\"border-width: 1px 0px; border-top: 1px solid #e2e2e2; border-right-style: initial; border-bottom: 1px solid #e2e2e2; border-left-style: initial; border-right-color: initial; border-left-color: initial; border-image: initial; margin: 0px; padding: 0px;\">\n<td style=\"border: 0px none; margin: 0px; padding: 7px; vertical-align: top;\">PoE:<\/td>\n<td style=\"border: 0px none; margin: 0px; padding: 7px; vertical-align: top;\">802.3af \/ at<\/td>\n<\/tr>\n<tr style=\"border-width: 1px 0px; border-top: 1px solid #e2e2e2; border-right-style: initial; border-bottom: 1px solid #e2e2e2; border-left-style: initial; border-right-color: initial; border-left-color: initial; border-image: initial; margin: 0px; padding: 0px; background-color: #f7f7f7;\">\n<td style=\"border: 0px none; margin: 0px; padding: 7px; vertical-align: top;\">tensi\u00f3n de entrada soportados:<\/td>\n<td style=\"border: 0px none; margin: 0px; padding: 7px; vertical-align: top;\">5 V &#8211; 60 V<\/td>\n<\/tr>\n<tr style=\"border-width: 1px 0px; border-top: 1px solid #e2e2e2; border-right-style: initial; border-bottom: 1px solid #e2e2e2; border-left-style: initial; border-right-color: initial; border-left-color: initial; border-image: initial; margin: 0px; padding: 0px;\">\n<td style=\"border: 0px none; margin: 0px; padding: 7px; vertical-align: top;\">Dimensiones:<\/td>\n<td style=\"border: 0px none; margin: 0px; padding: 7px; vertical-align: top;\">caso de la pared: 88 x 52 x 20 mm de casos Techo: \u00e2\u0152\u20ac88 mm x 20 mm<\/td>\n<\/tr>\n<tr style=\"border-width: 1px 0px; border-top: 1px solid #e2e2e2; border-right-style: initial; border-bottom: 1px solid #e2e2e2; border-left-style: initial; border-right-color: initial; border-left-color: initial; border-image: initial; margin: 0px; padding: 0px; background-color: #f7f7f7;\">\n<td style=\"border: 0px none; margin: 0px; padding: 7px; vertical-align: top;\">Sistema operativo:<\/td>\n<td style=\"border: 0px none; margin: 0px; padding: 7px; vertical-align: top;\">RouterOS<\/td>\n<\/tr>\n<tr style=\"border-width: 1px 0px; border-top: 1px solid #e2e2e2; border-right-style: initial; border-bottom: 1px solid #e2e2e2; border-left-style: initial; border-right-color: initial; border-left-color: initial; border-image: initial; margin: 0px; padding: 0px;\">\n<td style=\"border: 0px none; margin: 0px; padding: 7px; vertical-align: top;\">temperatura ambiente Probado:<\/td>\n<td style=\"border: 0px none; margin: 0px; padding: 7px; vertical-align: top;\">-40 \u00b0 C .. + 70 \u00b0 C<\/td>\n<\/tr>\n<tr style=\"border-width: 1px 0px; border-top: 1px solid #e2e2e2; border-right-style: initial; border-bottom: 1px solid #e2e2e2; border-left-style: initial; border-right-color: initial; border-left-color: initial; border-image: initial; margin: 0px; padding: 0px; background-color: #f7f7f7;\">\n<td style=\"border: 0px none; margin: 0px; padding: 7px; vertical-align: top;\">nivel de licencia:<\/td>\n<td style=\"border: 0px none; margin: 0px; padding: 7px; vertical-align: top;\">4<\/td>\n<\/tr>\n<tr style=\"border-width: 1px 0px; border-top: 1px solid #e2e2e2; border-right-style: initial; border-bottom: 1px solid #e2e2e2; border-left-style: initial; border-right-color: initial; border-left-color: initial; border-image: initial; margin: 0px; padding: 0px;\">\n<td style=\"border: 0px none; margin: 0px; padding: 7px; vertical-align: top;\">Ganancia de la antena:<\/td>\n<td style=\"border: 0px none; margin: 0px; padding: 7px; vertical-align: top;\">1.5<\/td>\n<\/tr>\n<tr style=\"border-width: 1px 0px; border-top: 1px solid #e2e2e2; border-right-style: initial; border-bottom: 1px solid #e2e2e2; border-left-style: initial; border-right-color: initial; border-left-color: initial; border-image: initial; margin: 0px; padding: 0px; background-color: #f7f7f7;\">\n<td style=\"border: 0px none; margin: 0px; padding: 7px; vertical-align: top;\">UPC:<\/td>\n<td style=\"border: 0px none; margin: 0px; padding: 7px; vertical-align: top;\">QCA9533<\/td>\n<\/tr>\n<tr style=\"border-width: 1px 0px; border-top: 1px solid #e2e2e2; border-right-style: initial; border-bottom: 1px solid #e2e2e2; border-left-style: initial; border-right-color: initial; border-left-color: initial; border-image: initial; margin: 0px; padding: 0px;\">\n<td style=\"border: 0px none; margin: 0px; padding: 7px; vertical-align: top;\">Consumo m\u00e1ximo de energ\u00eda:<\/td>\n<td style=\"border: 0px none; margin: 0px; padding: 7px; vertical-align: top;\">4W<\/td>\n<\/tr>\n<tr style=\"border-width: 1px 0px; border-top: 1px solid #e2e2e2; border-right-style: initial; border-bottom: 1px solid #e2e2e2; border-left-style: initial; border-right-color: initial; border-left-color: initial; border-image: initial; margin: 0px; padding: 0px; background-color: #f7f7f7;\">\n<td style=\"border: 0px none; margin: 0px; padding: 7px; vertical-align: top;\">N\u00famero de cadenas:<\/td>\n<td style=\"border: 0px none; margin: 0px; padding: 7px; vertical-align: top;\">2<\/td>\n<\/tr>\n<tr style=\"border-width: 1px 0px; border-top: 1px solid #e2e2e2; border-right-style: initial; border-bottom: 1px solid #e2e2e2; border-left-style: initial; border-right-color: initial; border-left-color: initial; border-image: initial; margin: 0px; padding: 0px;\">\n<td style=\"border: 0px none; margin: 0px; padding: 7px; vertical-align: top;\">Tipo de almacenamiento:<\/td>\n<td style=\"border: 0px none; margin: 0px; padding: 7px; vertical-align: top;\">FLASH<\/td>\n<\/tr>\n<tr style=\"border-width: 1px 0px; border-top: 1px solid #e2e2e2; border-right-style: initial; border-bottom: 1px solid #e2e2e2; border-left-style: initial; border-right-color: initial; border-left-color: initial; border-image: initial; margin: 0px; padding: 0px; background-color: #f7f7f7;\">\n<td style=\"border: 0px none; margin: 0px; padding: 7px; vertical-align: top;\">El tama\u00f1o de almacenamiento:<\/td>\n<td style=\"border: 0px none; margin: 0px; padding: 7px; vertical-align: top;\">16 MB<\/td>\n<\/tr>\n<\/tbody>\n<\/table>\n<p>&nbsp;<\/p>\n<p><span style=\"color: #ff0000;\"><strong><span style=\"font-size: xx-large;\">DUDAS?<\/span><\/strong><\/span><\/p>\n<p style=\"color: #848282; font-family: tahoma, verdana, arial; font-size: 11px;\" align=\"justify\"><span style=\"color: #ff6600; font-size: medium;\"><strong>Llamenos GRATIS NACIONAL al\u00a0 01-800-087-4650<\/strong><\/span><\/p>\n<p style=\"color: #848282; font-family: tahoma, verdana, arial; font-size: 11px;\"><span style=\"color: #ada96e;\">En algunas ocasiones nuestros inventarios pueden moverse y no tener en existencia alg\u00fan producto. Llamenos o escribanos para confirmar si ese articulo que busca lo tenemos o quizas podamos sugerir algun otro.<br \/>\nUtilice la<\/span>\u00a0<strong>AYUDA EN LINEA<\/strong><\/p>\n<p><span style=\"color: #f87217; font-family: tahoma, verdana, arial; font-size: 11px;\">Por favor tome un minuto y revise nuestras POLITICAS de venta al calce de la pagina.<\/span><\/p>\n<p>&nbsp;<\/p>\n","protected":false},"excerpt":{"rendered":"<p>RBcAPL-2nD MIKROTIK Punto de acceso para interior de 2.4GHz con antena integrada de 1.5 dBi, hasta 158mW de Potencia cAP\u00a0Lite El Cap Lite\u00a0es un dispositivo de punto de acceso peque\u00f1o, ideal para lugares p\u00fablicos y negocios de hosteler\u00eda como hoteles, aeropuertos, centros comerciales, etc., incluidos con el producto,\u00a0dos carcasas diferentes, que pueden ser f\u00e1cilmente intercambiadas, [&hellip;]<\/p>\n","protected":false},"featured_media":9052,"template":"","meta":{"_acf_changed":false},"product_brand":[],"product_cat":[74,73],"product_tag":[],"berocket_brand":[],"class_list":{"0":"post-6439","1":"product","2":"type-product","3":"status-publish","4":"has-post-thumbnail","6":"product_cat-access-point-punto-de-accesso","7":"product_cat-interior","9":"first","10":"instock","11":"taxable","12":"shipping-taxable","13":"purchasable","14":"product-type-simple","15":"berocket_lgv_grid","16":"berocket_lgv_list_grid"},"acf":[],"aioseo_notices":[],"_links":{"self":[{"href":"https:\/\/todoenseguridad.com\/site\/wp-json\/wp\/v2\/product\/6439","targetHints":{"allow":["GET"]}}],"collection":[{"href":"https:\/\/todoenseguridad.com\/site\/wp-json\/wp\/v2\/product"}],"about":[{"href":"https:\/\/todoenseguridad.com\/site\/wp-json\/wp\/v2\/types\/product"}],"wp:featuredmedia":[{"embeddable":true,"href":"https:\/\/todoenseguridad.com\/site\/wp-json\/wp\/v2\/media\/9052"}],"wp:attachment":[{"href":"https:\/\/todoenseguridad.com\/site\/wp-json\/wp\/v2\/media?parent=6439"}],"wp:term":[{"taxonomy":"product_brand","embeddable":true,"href":"https:\/\/todoenseguridad.com\/site\/wp-json\/wp\/v2\/product_brand?post=6439"},{"taxonomy":"product_cat","embeddable":true,"href":"https:\/\/todoenseguridad.com\/site\/wp-json\/wp\/v2\/product_cat?post=6439"},{"taxonomy":"product_tag","embeddable":true,"href":"https:\/\/todoenseguridad.com\/site\/wp-json\/wp\/v2\/product_tag?post=6439"},{"taxonomy":"berocket_brand","embeddable":true,"href":"https:\/\/todoenseguridad.com\/site\/wp-json\/wp\/v2\/berocket_brand?post=6439"}],"curies":[{"name":"wp","href":"https:\/\/api.w.org\/{rel}","templated":true}]}}