{"id":6434,"date":"2020-07-10T20:18:17","date_gmt":"2020-07-11T01:18:17","guid":{"rendered":"https:\/\/todoenseguridad.com\/site\/producto\/uapacpro-ubiquiti-access-point-inalambrico-unifi-ac-interior-m\/"},"modified":"2026-03-25T14:29:35","modified_gmt":"2026-03-25T19:29:35","slug":"uapacpro-ubiquiti-access-point-inalambrico-unifi-ac-interior-m","status":"publish","type":"product","link":"https:\/\/todoenseguridad.com\/site\/producto\/uapacpro-ubiquiti-access-point-inalambrico-unifi-ac-interior-m\/","title":{"rendered":"UAPACPRO UBIQUITI ACCESS POINT INALAMBRICO UNIFI AC\/ INTERIOR\/ MIMO 3&#215;3"},"content":{"rendered":"<p><!--?xml version=\"1.0\" encoding=\"utf-8\"?--><\/p>\n<h2><span style=\"color: #0000ff;\">UAPACPRO UBIQUITI ACCESS POINT INALAMBRICO UNIFI AC\/ INTERIOR\/ MIMO 3&#215;3\/ 22 DBM\/ HASTA 1750MBPS<\/span><\/h2>\n<p><span style=\"font-family: arial, helvetica, sans-serif; font-size: small; color: #000000;\"> La serie de equipos Unifi AC Pro AP, cuenta con caracteristicas mas actuales del protocolo 802.11ac, un dise\u00f1o elegante y con tecnologia MIMO 3&#215;3, lo cual es ideal para el maximo rendimiento y despliegue de sus redes inalambricas.<\/span><\/p>\n<h3><span style=\"color: #000000;\">APLICACIONES:<\/span><\/h3>\n<h3><span style=\"color: #000000;\">Tecnologia MIMO 11AC 3&#215;3 con radio dual.<\/span><\/h3>\n<p><span style=\"font-family: arial, helvetica, sans-serif; font-size: small; color: #000000;\">El equipo UniFi AC Pro AP, soporta de forma simultanea la conectividad dual band en frecuencias de 2.4 y 5GHz, gracias a su tecnologia MIMO 3&#215;3 lo cual pueden incrementar su velocidad hasta 5 veces mas.<\/span><\/p>\n<h3><span style=\"color: #000000;\">Dise\u00f1ado para un optimo rendimiento de RF.<\/span><\/h3>\n<p><span style=\"font-family: arial, helvetica, sans-serif; font-size: small; color: #000000;\">Cuenta con el mas nuevo dise\u00f1o de controladores UniFi por lo cual optimiza el rendimiento de RF.<\/span><\/p>\n<h3><span style=\"color: #000000;\">Dise\u00f1o versatil.<\/span><\/h3>\n<p><span style=\"font-family: arial, helvetica, sans-serif; font-size: small; color: #000000;\">El equipo UniFi AC Pro AP, soporta velocidades Gigabit, tambi\u00e9n puede reducir la conexi\u00f3n de cables ya que soporta el protocolo 802.3af y gracias a su dise\u00f1o, puede ser utilizado en interiores como en exteriores.<\/span><\/p>\n<h3><span style=\"color: #000000;\">Gesti\u00f3n de Wi-Fi empresarial escalable.<\/span><\/h3>\n<p><span style=\"font-family: arial, helvetica, sans-serif; font-size: small; color: #000000;\">El controlador UniFi es un poderoso software empresarial para la gesti\u00f3n inal\u00e1mbrica ideal para implementaciones de alta densidad de clientes que requieren baja latencia y alto rendimiento de tiempo de actividad. Un solo controlador UniFi en ejecuci\u00f3n en la nube puede gestionar m\u00faltiples sitios, implementaciones distribuidas y multi-alquiler para proveedores de servicios administrados.<\/span><\/p>\n<div id=\"ccca\" class=\"ccca\">\n<h3 align=\"left\"><span style=\"color: #000000;\">Principales Caracteristicas: <\/span><\/h3>\n<div align=\"left\">\n<ul>\n<li><span style=\"font-family: arial, helvetica, sans-serif; font-size: small; color: #000000;\">Interfaz de red: 1 puerto ethernet RJ-45 10\/100\/1000<\/span><\/li>\n<li><span style=\"font-family: arial, helvetica, sans-serif; font-size: small; color: #000000;\">Antenas: 3 antena banda doble, 2.4GHz; 3dBi, 5GHz: 3dBi.<\/span><\/li>\n<li><span style=\"font-family: arial, helvetica, sans-serif; font-size: small; color: #000000;\">Estandar inalambrico: 802.11a\/b\/g\/n\/ac.<\/span><\/li>\n<li><span style=\"font-family: arial, helvetica, sans-serif; font-size: small; color: #000000;\">Fuente de alimentaci\u00f3n: Adaptador PoE pasivo (Gigabit) a 48V, 0.5A, soporta estandares 802.3af\/802.3at.<\/span><\/li>\n<li><span style=\"font-family: arial, helvetica, sans-serif; font-size: small; color: #000000;\">Seguridad inalambrica: WEP, WPA-PSK, WPA-Enterprise (WPA\/WPA2, TKIP\/AES).<\/span><\/li>\n<li><span style=\"font-family: arial, helvetica, sans-serif; font-size: small; color: #000000;\">Maximo consumo de corriente: 9W.<\/span><\/li>\n<li><span style=\"font-family: arial, helvetica, sans-serif; font-size: small; color: #000000;\">Temperatura de operaci\u00f3n: -10\u00b0C ~ 70\u00b0C.<\/span><\/li>\n<\/ul>\n<\/div>\n<\/div>\n<div>\n<div>\n<div>\n<div>\n<p style=\"color: #848282; font-family: tahoma, verdana, arial; font-size: 11px;\" align=\"justify\"><span style=\"color: #ff0000;\"><strong><span style=\"font-size: xx-large;\">DUDAS?<\/span><\/strong><\/span><\/p>\n<p style=\"color: #848282; font-family: tahoma, verdana, arial; font-size: 11px;\" align=\"justify\"><span style=\"color: #ff6600; font-size: medium;\"><strong>Llamenos GRATIS NACIONAL al\u00a0 01-800-087-4650<\/strong><\/span><\/p>\n<p style=\"color: #848282; font-family: tahoma, verdana, arial; font-size: 11px;\"><span style=\"color: #ada96e;\">En algunas ocasiones nuestros inventarios pueden moverse y no tener en existencia alg\u00fan producto. Llamenos o escribanos para confirmar si ese articulo que busca lo tenemos o quizas podamos sugerir algun otro.<br \/>\nUtilice la<\/span>\u00a0<strong>AYUDA EN LINEA<\/strong><\/p>\n<p><span style=\"color: #f87217; font-family: tahoma, verdana, arial; font-size: 11px;\">Por favor tome un minuto y revise nuestras POLITICAS de venta al calce de la pagina.<\/span><\/p>\n<\/div>\n<\/div>\n<\/div>\n<\/div>\n","protected":false},"excerpt":{"rendered":"<p>UAPACPRO UBIQUITI ACCESS POINT INALAMBRICO UNIFI AC\/ INTERIOR\/ MIMO 3&#215;3\/ 22 DBM\/ HASTA 1750MBPS La serie de equipos Unifi AC Pro AP, cuenta con caracteristicas mas actuales del protocolo 802.11ac, un dise\u00f1o elegante y con tecnologia MIMO 3&#215;3, lo cual es ideal para el maximo rendimiento y despliegue de sus redes inalambricas. APLICACIONES: Tecnologia MIMO [&hellip;]<\/p>\n","protected":false},"featured_media":7134,"template":"","meta":{"_acf_changed":false},"product_brand":[],"product_cat":[72],"product_tag":[],"berocket_brand":[],"class_list":{"0":"post-6434","1":"product","2":"type-product","3":"status-publish","4":"has-post-thumbnail","6":"product_cat-redes-inalambricas","8":"first","9":"instock","10":"taxable","11":"shipping-taxable","12":"purchasable","13":"product-type-simple","14":"berocket_lgv_grid","15":"berocket_lgv_list_grid"},"acf":[],"aioseo_notices":[],"_links":{"self":[{"href":"https:\/\/todoenseguridad.com\/site\/wp-json\/wp\/v2\/product\/6434","targetHints":{"allow":["GET"]}}],"collection":[{"href":"https:\/\/todoenseguridad.com\/site\/wp-json\/wp\/v2\/product"}],"about":[{"href":"https:\/\/todoenseguridad.com\/site\/wp-json\/wp\/v2\/types\/product"}],"wp:featuredmedia":[{"embeddable":true,"href":"https:\/\/todoenseguridad.com\/site\/wp-json\/wp\/v2\/media\/7134"}],"wp:attachment":[{"href":"https:\/\/todoenseguridad.com\/site\/wp-json\/wp\/v2\/media?parent=6434"}],"wp:term":[{"taxonomy":"product_brand","embeddable":true,"href":"https:\/\/todoenseguridad.com\/site\/wp-json\/wp\/v2\/product_brand?post=6434"},{"taxonomy":"product_cat","embeddable":true,"href":"https:\/\/todoenseguridad.com\/site\/wp-json\/wp\/v2\/product_cat?post=6434"},{"taxonomy":"product_tag","embeddable":true,"href":"https:\/\/todoenseguridad.com\/site\/wp-json\/wp\/v2\/product_tag?post=6434"},{"taxonomy":"berocket_brand","embeddable":true,"href":"https:\/\/todoenseguridad.com\/site\/wp-json\/wp\/v2\/berocket_brand?post=6434"}],"curies":[{"name":"wp","href":"https:\/\/api.w.org\/{rel}","templated":true}]}}