{"id":6430,"date":"2020-07-10T20:18:16","date_gmt":"2020-07-11T01:18:16","guid":{"rendered":"https:\/\/todoenseguridad.com\/site\/producto\/uapaclite-ubiquiti-access-point-inalambrico-unifi-ac-de-diseao\/"},"modified":"2026-03-25T14:31:30","modified_gmt":"2026-03-25T19:31:30","slug":"uapaclite-ubiquiti-access-point-inalambrico-unifi-ac-de-diseao","status":"publish","type":"product","link":"https:\/\/todoenseguridad.com\/site\/producto\/uapaclite-ubiquiti-access-point-inalambrico-unifi-ac-de-diseao\/","title":{"rendered":"UAPACLITE UBIQUITI ACCESS POINT INALAMBRICO UNIFI AC\/ INTERIOR"},"content":{"rendered":"<p><!--?xml version=\"1.0\" encoding=\"utf-8\"?--><\/p>\n<h2><span style=\"color: #0000ff;\">UAPACLITE UBIQUITI ACCESS POINT INALAMBRICO UNIFI AC DE DISE\u00d1O COMPACTO\/ INTERIOR\/ MIMO 2&#215;2\/ 20 DBM\/ HASTA 1167MBPS<\/span><\/h2>\n<div>\n<p class=\"ql-align-justify\"><span style=\"color: #000000;\">La serie de equipos Unifi UAP AC Lite, cuenta con caracter\u00edsticas m\u00e1s actuales del protocolo 802.11ac, y tambi\u00e9n con un dise\u00f1o refinado e ideal para el despliegue de redes inal\u00e1mbricas con un alto rendimiento en transmisi\u00f3n de informaci\u00f3n.<\/span><\/p>\n<\/div>\n<h3><span style=\"color: #000000;\"> Rendimiento de radio dual con velocidad Gigabit.<\/span><\/h3>\n<div>\n<p class=\"ql-align-justify\"><span style=\"color: #000000;\">El equipo UniFi UAP AC Lite, permite entregar hasta 5 veces m\u00e1s de rendimiento que la primera generaci\u00f3n de AP\u00b4s mientras que todav\u00eda mantiene la estrategia de precios para los equipos de Ubiquiti.<\/span><\/p>\n<\/div>\n<h3><span style=\"color: #000000;\"> Dise\u00f1o ultra compacto.<\/span><\/h3>\n<div>\n<p class=\"ql-align-justify\"><span style=\"color: black;\">El equipo UniFi UAP AC Lite, cuenta con un dise\u00f1o m\u00e1s fino para \u00e1reas reducidas, esto comparado con los AP de UniFi.<\/span><\/p>\n<\/div>\n<h3><span style=\"color: #000000;\"> Dise\u00f1ado para un \u00f3ptimo rendimiento de RF.<\/span><\/h3>\n<div>\n<p class=\"ql-align-justify\"><span style=\"color: #000000;\">El equipo UniFi UAP AC Lite, cuenta con el m\u00e1s nuevo dise\u00f1o de controladores UniFi por lo cual optimiza el rendimiento de RF.<\/span><\/p>\n<\/div>\n<h3><span style=\"color: #000000;\"> Administraci\u00f3n escalable empresarial WiFi.<\/span><\/h3>\n<div>\n<p class=\"ql-align-justify\"><span style=\"color: #000000;\">El software controlador UniFi V4, es una potente herramienta empresarial inal\u00e1mbrica que es ideal para un desarrollo de clientes de alta densidad y que requiere una baja latencia y un alto desempe\u00f1o. Con el software que cuenta, se puede contar con el control virtual de los planos, lo que permite una ilimitada escalabilidad bajo un controlador centralizado.<\/span><\/p>\n<\/div>\n<h3><span style=\"color: #000000;\">CARACTERISTICAS PRINCIPALES:<\/span><\/h3>\n<div>\n<div>\n<ul>\n<li><span style=\"color: #000000;\">Interfaz de red: 1 puerto Ethernet RJ-45 10\/100\/1000<\/span><\/li>\n<li><span style=\"color: #000000;\">Antenas: 1 antena banda doble, 2.4GHz; 3dBi, 5GHz: 3dBi.<\/span><\/li>\n<li><span style=\"color: #000000;\">Est\u00e1ndar inal\u00e1mbrico: 802.11a\/b\/g\/n\/ac.<\/span><\/li>\n<li><span style=\"color: #000000;\">Fuente de alimentaci\u00f3n: Adaptador Poe Gigabit a 24V, 0.5A.<\/span><\/li>\n<li><span style=\"color: #000000;\">Seguridad inal\u00e1mbrica: WEP, WPA-PSK, WPA-Enterprise (WPA\/WPA2, TKIP\/AES).<\/span><\/li>\n<li><span style=\"color: #000000;\">M\u00e1ximo consumo de corriente: 6.5W.<\/span><\/li>\n<li><span style=\"color: #000000;\">M\u00e9todo de alimentaci\u00f3n: PoE pasivo (pares 4,5, retorno 7,8).<\/span><\/li>\n<li><span style=\"color: #000000;\">Temperatura de operaci\u00f3n: -10\u00b0C ~ 70\u00b0C.<\/span><\/li>\n<\/ul>\n<\/div>\n<\/div>\n<div>\n<div>\n<div>\n<div>\n<p style=\"color: #848282; font-family: tahoma, verdana, arial; font-size: 11px;\" align=\"justify\"><span style=\"color: #ff0000;\"><strong><span style=\"font-size: xx-large;\">DUDAS?<\/span><\/strong><\/span><\/p>\n<p style=\"color: #848282; font-family: tahoma, verdana, arial; font-size: 11px;\" align=\"justify\"><span style=\"color: #ff6600; font-size: medium;\"><strong>Llamenos GRATIS NACIONAL al\u00a0 01-800-087-4650<\/strong><\/span><\/p>\n<p style=\"color: #848282; font-family: tahoma, verdana, arial; font-size: 11px;\"><span style=\"color: #ada96e;\">En algunas ocasiones nuestros inventarios pueden moverse y no tener en existencia alg\u00fan producto. Llamenos o escribanos para confirmar si ese articulo que busca lo tenemos o quizas podamos sugerir algun otro.<br \/>\nUtilice la<\/span>\u00a0<strong>AYUDA EN LINEA<\/strong><\/p>\n<p><span style=\"color: #f87217; font-family: tahoma, verdana, arial; font-size: 11px;\">Por favor tome un minuto y revise nuestras POLITICAS de venta al calce de la pagina.<\/span><\/p>\n<\/div>\n<\/div>\n<\/div>\n<\/div>\n","protected":false},"excerpt":{"rendered":"<p>UAPACLITE UBIQUITI ACCESS POINT INALAMBRICO UNIFI AC DE DISE\u00d1O COMPACTO\/ INTERIOR\/ MIMO 2&#215;2\/ 20 DBM\/ HASTA 1167MBPS La serie de equipos Unifi UAP AC Lite, cuenta con caracter\u00edsticas m\u00e1s actuales del protocolo 802.11ac, y tambi\u00e9n con un dise\u00f1o refinado e ideal para el despliegue de redes inal\u00e1mbricas con un alto rendimiento en transmisi\u00f3n de informaci\u00f3n. [&hellip;]<\/p>\n","protected":false},"featured_media":6850,"template":"","meta":{"_acf_changed":false},"product_brand":[],"product_cat":[74,73,72],"product_tag":[],"berocket_brand":[],"class_list":{"0":"post-6430","1":"product","2":"type-product","3":"status-publish","4":"has-post-thumbnail","6":"product_cat-access-point-punto-de-accesso","7":"product_cat-interior","8":"product_cat-redes-inalambricas","10":"first","11":"instock","12":"taxable","13":"shipping-taxable","14":"purchasable","15":"product-type-simple","16":"berocket_lgv_grid","17":"berocket_lgv_list_grid"},"acf":[],"aioseo_notices":[],"_links":{"self":[{"href":"https:\/\/todoenseguridad.com\/site\/wp-json\/wp\/v2\/product\/6430","targetHints":{"allow":["GET"]}}],"collection":[{"href":"https:\/\/todoenseguridad.com\/site\/wp-json\/wp\/v2\/product"}],"about":[{"href":"https:\/\/todoenseguridad.com\/site\/wp-json\/wp\/v2\/types\/product"}],"wp:featuredmedia":[{"embeddable":true,"href":"https:\/\/todoenseguridad.com\/site\/wp-json\/wp\/v2\/media\/6850"}],"wp:attachment":[{"href":"https:\/\/todoenseguridad.com\/site\/wp-json\/wp\/v2\/media?parent=6430"}],"wp:term":[{"taxonomy":"product_brand","embeddable":true,"href":"https:\/\/todoenseguridad.com\/site\/wp-json\/wp\/v2\/product_brand?post=6430"},{"taxonomy":"product_cat","embeddable":true,"href":"https:\/\/todoenseguridad.com\/site\/wp-json\/wp\/v2\/product_cat?post=6430"},{"taxonomy":"product_tag","embeddable":true,"href":"https:\/\/todoenseguridad.com\/site\/wp-json\/wp\/v2\/product_tag?post=6430"},{"taxonomy":"berocket_brand","embeddable":true,"href":"https:\/\/todoenseguridad.com\/site\/wp-json\/wp\/v2\/berocket_brand?post=6430"}],"curies":[{"name":"wp","href":"https:\/\/api.w.org\/{rel}","templated":true}]}}