{"id":6396,"date":"2020-07-10T20:18:11","date_gmt":"2020-07-11T01:18:11","guid":{"rendered":"https:\/\/todoenseguridad.com\/site\/producto\/wd60purz-wester-digital-wd-disco-de-6tb-2\/"},"modified":"2026-03-25T14:33:40","modified_gmt":"2026-03-25T19:33:40","slug":"wd60purz-wester-digital-wd-disco-de-6tb-2","status":"publish","type":"product","link":"https:\/\/todoenseguridad.com\/site\/producto\/wd60purz-wester-digital-wd-disco-de-6tb-2\/","title":{"rendered":"WD60PURZ WESTER DIGITAL (WD) Disco de 6TB\/ 3 A\u00d1OS DE GARANT\u00cdA\/ Para Videovigilancia"},"content":{"rendered":"<p><!--?xml version=\"1.0\" encoding=\"utf-8\"?--><\/p>\n<h2 id=\"product_title_139753\"><span style=\"color: #0000ff;\">WD60PURZ WESTER DIGITAL (WD) Disco Duro PURPLE de 6TB\/ 3 A\u00d1OS DE GARANT\u00cdA\/ Para Videovigilancia<\/span><\/h2>\n<h3><span style=\"color: #000000;\"><strong>Almacenamiento definitivo para estar protegido<\/strong><\/span><\/h3>\n<p><span style=\"color: #000000;\">Creado para sistemas de seguridad de alta defici\u00f3n que operan de forma ininterrumpida (24\/7). Los discos WD Purple cuentan con una carga de trabajo de hasta 180TB\/a\u00f1o, soportan hasta 64 c\u00e1maras y est\u00e1n optimizados para sistemas de videovigilancia.<\/span><\/p>\n<p><span style=\"color: #000000;\">-El disco duro adecuado para el trabajo adecuado<\/span><br \/>\n<span style=\"color: #000000;\">Los discos duros WD Purple han sido ideados espec\u00edficamente para las demandas extremas de los sistemas de videovigilancia que funcionan las 24 horas, los 365 d\u00edas, y alcanzan altas temperaturas.<\/span><\/p>\n<p><span style=\"color: #000000;\">-Un rendimiento en el que puede confiar<\/span><br \/>\n<span style=\"color: #000000;\">Fabricado por un l\u00edder mundial en la industria del almacenamiento, WD Purple se ha ideado para la reproducci\u00f3n de video de alta calidad cuando m\u00e1s lo necesita.<\/span><\/p>\n<p><span style=\"color: #000000;\">-Ampl\u00ede su visi\u00f3n hasta 64 c\u00e1maras<\/span><br \/>\n<span style=\"color: #000000;\">Los discos duros WD Purple est\u00e1n optimizados para soportar hasta 64 c\u00e1maras, d\u00e1ndole la flexibilidad de actualizar y ampliar su sistema de seguridad en el futuro.<\/span><\/p>\n<h3><strong><span style=\"color: #000000;\">INTEGRACI\u00d3N<\/span> <span style=\"color: #000000;\">IMPECABLE<\/span><\/strong><\/h3>\n<p><span style=\"color: #000000;\">La compatibilidad con una amplia gama de dispositivos y chipsets l\u00edderes en el sector asegura que sin duda encontrar\u00e1 la configuraci\u00f3n y compatibilidad que se ajusten a su DVR\/NVR.<\/span><\/p>\n<h3><span style=\"color: #000000;\"><strong>MENOS ES M\u00c1S<\/strong><\/span><\/h3>\n<p><span style=\"color: #000000;\">Un bajo consumo de energ\u00eda es crucial en un entorno de videovigilancia que funciona permanentemente y alcanza altas temperaturas. La tecnolog\u00eda IntelliSeek ayuda a reducir las vibraciones y el ruido ambiental.<\/span><\/p>\n<h3><span style=\"color: #000000;\"><strong>DISE\u00d1ADO PARA LA VIDEOVIGILANCIA<\/strong><\/span><\/h3>\n<p><span style=\"color: #000000;\">El disco duro WD Purple est\u00e1 dise\u00f1ado para los sistemas de seguridad y es compatible con muchos de los fabricantes l\u00edderes en vigilancia y seguridad.<\/span><\/p>\n<h3><span style=\"color: #000000;\"><strong>\u00bfCU\u00c1L ES LA DIFERENCIA ENTRE LOS DISCOS DUROS WD PURPLE Y LOS DISCOS DUROS PARA PC?<\/strong><\/span><\/h3>\n<p><span style=\"color: #000000;\">El disco duro \u00a0 WD Purple est\u00e1 espec\u00edficamente dise\u00f1ado para soluciones de videovigilancia que funcionan 24\/7 y est\u00e1 optimizado con la tecnolog\u00eda AllFrame4k<sup>TM<\/sup> para una mejor reproducci\u00f3n y rendimiento del sistema.<\/span><br \/>\n<span style=\"color: #000000;\">Los discos duros WD Purple admiten el triple de carga de trabajo de los discos para PC (dise\u00f1ados para trabajar 8\/5), lo que hace que puedan gestionar las demandas m\u00e1s exigentes de los sistemas de videovigilancia.<\/span><\/p>\n<h3><span style=\"color: #000000;\"><strong>ESPECIFICACIONES TECNICAS:<\/strong><\/span><\/h3>\n<p><span style=\"color: #000000;\"><strong>Capacidad:<\/strong> 6 TB.<\/span><br \/>\n<span style=\"color: #000000;\"><strong>Factor de forma:<\/strong> 3.5 pulgadas.<\/span><br \/>\n<span style=\"color: #000000;\"><strong>Velocidad de Transferencia de datos:<\/strong><\/span><br \/>\n<span style=\"color: #000000;\">&#8211; B\u00fafer a host: 6Gb\/s.<\/span><br \/>\n<span style=\"color: #000000;\">&#8211; Host a\/desde disco (sostenido): 175 MB\/s<\/span><br \/>\n<span style=\"color: #000000;\"><strong>Cache:\u00a0<\/strong>64 MB.<\/span><br \/>\n<span style=\"color: #000000;\"><strong>Velocidad de rotaci\u00f3n:\u00a0<\/strong>5400RMP.<\/span><br \/>\n<span style=\"color: #000000;\"><strong>Interfaz<\/strong>:\u00a0SATA III,\u00a06.0 Gb\/s.<\/span><br \/>\n<span style=\"color: #000000;\"><strong>Aplicaci\u00f3n:\u00a0<\/strong>Optimizado para Aplicaciones de Video Vigilancia<\/span><br \/>\n<span style=\"color: #000000;\"><strong>Cantidad de bah\u00edas:<\/strong> De 1 a 8.<\/span><br \/>\n<span style=\"color: #000000;\"><strong>Cantidad de c\u00e1maras:<\/strong> De 1 a 64.<\/span><\/p>\n<h3><span style=\"color: #000000;\"><strong>CARACTERISTICAS FISICAS Y ELECTRICAS:<\/strong><\/span><\/h3>\n<p><span style=\"color: #000000;\"><strong>Temperatura de Operaci\u00f3n:<\/strong><\/span><br \/>\n<span style=\"color: #000000;\">&#8211; En funcionamiento: 0 &#8211; 65 \u00baC<\/span><br \/>\n<span style=\"color: #000000;\">&#8211; Inactivo: -40 &#8211; 70 \u00baC<\/span><br \/>\n<span style=\"color: #000000;\"><strong>Consumo el\u00e9ctrico:<\/strong><\/span><br \/>\n<span style=\"color: #000000;\">&#8211; Lectura \/ escritura: 3.3W<\/span><br \/>\n<span style=\"color: #000000;\">&#8211; Inactivo: 2.9W<\/span><br \/>\n<span style=\"color: #000000;\">&#8211; Espera y suspensi\u00f3n: 0.4W<\/span><br \/>\n<span style=\"color: #000000;\"><strong>Dimensiones:<\/strong> 25.4 x 147 x 101.6mm<\/span><br \/>\n<span style=\"color: #000000;\"><strong>Peso:<\/strong> 750g.<\/span><\/p>\n<p><strong><span style=\"font-size: 18px; color: #000000;\"><span style=\"background-color: #ffffff;\">Garant\u00eda: 3 A\u00f1os<\/span><\/span><\/strong><\/p>\n<div>\n<div>\n<div>\n<div>\n<p style=\"color: #848282; font-family: tahoma, verdana, arial; font-size: 11px;\" align=\"justify\"><span style=\"color: #ff0000;\"><strong><span style=\"font-size: xx-large;\">DUDAS?<\/span><\/strong><\/span><\/p>\n<p style=\"color: #848282; font-family: tahoma, verdana, arial; font-size: 11px;\" align=\"justify\"><span style=\"color: #ff6600; font-size: medium;\"><strong>Llamenos GRATIS NACIONAL al\u00a0 01-81-1522-9255<\/strong><\/span><\/p>\n<p style=\"color: #848282; font-family: tahoma, verdana, arial; font-size: 11px;\"><span style=\"color: #ada96e;\">En algunas ocasiones nuestros inventarios pueden moverse y no tener en existencia alg\u00fan producto. Llamenos o escribanos para confirmar si ese articulo que busca lo tenemos o quizas podamos sugerir algun otro.<br \/>\nUtilice la<\/span>\u00a0<strong>AYUDA EN LINEA<\/strong><\/p>\n<p><span style=\"color: #f87217; font-family: tahoma, verdana, arial; font-size: 11px;\">Por favor tome un minuto y revise nuestras POLITICAS de venta al calce de la pagina.<\/span><\/p>\n<\/div>\n<\/div>\n<\/div>\n<\/div>\n","protected":false},"excerpt":{"rendered":"<p>WD60PURZ WESTER DIGITAL (WD) Disco Duro PURPLE de 6TB\/ 3 A\u00d1OS DE GARANT\u00cdA\/ Para Videovigilancia Almacenamiento definitivo para estar protegido Creado para sistemas de seguridad de alta defici\u00f3n que operan de forma ininterrumpida (24\/7). Los discos WD Purple cuentan con una carga de trabajo de hasta 180TB\/a\u00f1o, soportan hasta 64 c\u00e1maras y est\u00e1n optimizados para [&hellip;]<\/p>\n","protected":false},"featured_media":9513,"template":"","meta":{"_acf_changed":false},"product_brand":[],"product_cat":[59,125,61,131],"product_tag":[],"berocket_brand":[],"class_list":{"0":"post-6396","1":"product","2":"type-product","3":"status-publish","4":"has-post-thumbnail","6":"product_cat-accesorios-camaras-hd","7":"product_cat-accesorios-camaras-ip","8":"product_cat-disco-duro","9":"product_cat-disco-duro-accesorios-camaras-ip","11":"first","12":"instock","13":"taxable","14":"shipping-taxable","15":"purchasable","16":"product-type-simple","17":"berocket_lgv_grid","18":"berocket_lgv_list_grid"},"acf":[],"aioseo_notices":[],"_links":{"self":[{"href":"https:\/\/todoenseguridad.com\/site\/wp-json\/wp\/v2\/product\/6396","targetHints":{"allow":["GET"]}}],"collection":[{"href":"https:\/\/todoenseguridad.com\/site\/wp-json\/wp\/v2\/product"}],"about":[{"href":"https:\/\/todoenseguridad.com\/site\/wp-json\/wp\/v2\/types\/product"}],"wp:featuredmedia":[{"embeddable":true,"href":"https:\/\/todoenseguridad.com\/site\/wp-json\/wp\/v2\/media\/9513"}],"wp:attachment":[{"href":"https:\/\/todoenseguridad.com\/site\/wp-json\/wp\/v2\/media?parent=6396"}],"wp:term":[{"taxonomy":"product_brand","embeddable":true,"href":"https:\/\/todoenseguridad.com\/site\/wp-json\/wp\/v2\/product_brand?post=6396"},{"taxonomy":"product_cat","embeddable":true,"href":"https:\/\/todoenseguridad.com\/site\/wp-json\/wp\/v2\/product_cat?post=6396"},{"taxonomy":"product_tag","embeddable":true,"href":"https:\/\/todoenseguridad.com\/site\/wp-json\/wp\/v2\/product_tag?post=6396"},{"taxonomy":"berocket_brand","embeddable":true,"href":"https:\/\/todoenseguridad.com\/site\/wp-json\/wp\/v2\/berocket_brand?post=6396"}],"curies":[{"name":"wp","href":"https:\/\/api.w.org\/{rel}","templated":true}]}}