{"id":6361,"date":"2020-07-10T20:18:06","date_gmt":"2020-07-11T01:18:06","guid":{"rendered":"https:\/\/todoenseguridad.com\/site\/producto\/p160-zk-control-de-acceso-y-asistencia-simple-600-palmas-3000-2\/"},"modified":"2026-03-25T15:13:03","modified_gmt":"2026-03-25T20:13:03","slug":"p160-zk-control-de-acceso-y-asistencia-simple-600-palmas-3000-2","status":"publish","type":"product","link":"https:\/\/todoenseguridad.com\/site\/producto\/p160-zk-control-de-acceso-y-asistencia-simple-600-palmas-3000-2\/","title":{"rendered":"P160 ZK CONTROL DE ACCESO Y ASISTENCIA SIMPLE\/ 600 PALMAS\/ 3000 HUELLAS\/ MODULO POE"},"content":{"rendered":"<p><!--?xml version=\"1.0\" encoding=\"utf-8\"?--><\/p>\n<h2><span style=\"color: #0000ff;\">P160 ZK CONTROL DE ACCESO Y ASISTENCIA SIMPLE\/ 600 PALMAS\/ 3000 HUELLAS\/ TCPIP\/ MODULO POE\/ BATERIA DE RESPALDO<\/span><\/h2>\n<h3><span style=\"color: #000000;\">Descripcion<\/span><\/h3>\n<p style=\"text-align: left;\"><span style=\"color: #000000;\">\u00a0P160 es una terminal multi-biom\u00e9trica para aplicaciones de Tiempo y Asistencia con funciones de Control de Acceso ya que puede ser conectada con cerraduras el\u00e9ctricas, sensores de puertas y botones de salidas.<\/span><\/p>\n<p style=\"text-align: left;\"><span style=\"color: #000000;\">Cuenta con el m\u00e1s reciente algoritmo de reconocimiento de palma y huella digital que con su optimizada tecnolog\u00eda puede almacenar hasta 600 plantillas de palma y hasta 20.000 de huella digital.<\/span><\/p>\n<p style=\"text-align: left;\"><span style=\"color: #000000;\">Comunicaci\u00f3n v\u00eda TCP\/IP, USB-Host, para garantizar una \u00f3ptima conexi\u00f3n y transferencia de datos. Adem\u00e1s de poseer gran velocidad de veri\u00ef\u00ac\u0081caci\u00f3n y una interfaz amigable con el usuario, su atractivo dise\u00f1o es ideal para su instalaci\u00f3n en o\u00ef\u00ac\u0081cinas.<\/span><\/p>\n<div>\n<div>\n<div>\n<div>\n<p style=\"color: #848282; font-family: tahoma, verdana, arial; font-size: 11px;\" align=\"justify\"><span style=\"color: #ff0000;\"><strong><span style=\"font-size: xx-large;\">DUDAS?<\/span><\/strong><\/span><\/p>\n<p style=\"color: #848282; font-family: tahoma, verdana, arial; font-size: 11px;\" align=\"justify\"><span style=\"color: #ff6600; font-size: medium;\"><strong>Llamenos GRATIS NACIONAL al\u00a0 01-81-1522-9255<\/strong><\/span><\/p>\n<p style=\"color: #848282; font-family: tahoma, verdana, arial; font-size: 11px;\"><span style=\"color: #ada96e;\">En algunas ocasiones nuestros inventarios pueden moverse y no tener en existencia alg\u00fan producto. Llamenos o escribanos para confirmar si ese articulo que busca lo tenemos o quizas podamos sugerir algun otro.<br \/>\nUtilice la<\/span>\u00a0<strong>AYUDA EN LINEA<\/strong><\/p>\n<p><span style=\"color: #f87217; font-family: tahoma, verdana, arial; font-size: 11px;\">Por favor tome un minuto y revise nuestras POLITICAS de venta al calce de la pagina.<\/span><\/p>\n<\/div>\n<\/div>\n<\/div>\n<\/div>\n","protected":false},"excerpt":{"rendered":"<p>P160 ZK CONTROL DE ACCESO Y ASISTENCIA SIMPLE\/ 600 PALMAS\/ 3000 HUELLAS\/ TCPIP\/ MODULO POE\/ BATERIA DE RESPALDO Descripcion \u00a0P160 es una terminal multi-biom\u00e9trica para aplicaciones de Tiempo y Asistencia con funciones de Control de Acceso ya que puede ser conectada con cerraduras el\u00e9ctricas, sensores de puertas y botones de salidas. Cuenta con el m\u00e1s [&hellip;]<\/p>\n","protected":false},"featured_media":9429,"template":"","meta":{"_acf_changed":false},"product_brand":[],"product_cat":[96,99,98],"product_tag":[],"berocket_brand":[],"class_list":{"0":"post-6361","1":"product","2":"type-product","3":"status-publish","4":"has-post-thumbnail","6":"product_cat-control-de-acceso","7":"product_cat-control-de-asistencia","8":"product_cat-lector-biometrico","10":"first","11":"instock","12":"taxable","13":"shipping-taxable","14":"purchasable","15":"product-type-simple","16":"berocket_lgv_grid","17":"berocket_lgv_list_grid"},"acf":[],"aioseo_notices":[],"_links":{"self":[{"href":"https:\/\/todoenseguridad.com\/site\/wp-json\/wp\/v2\/product\/6361","targetHints":{"allow":["GET"]}}],"collection":[{"href":"https:\/\/todoenseguridad.com\/site\/wp-json\/wp\/v2\/product"}],"about":[{"href":"https:\/\/todoenseguridad.com\/site\/wp-json\/wp\/v2\/types\/product"}],"wp:featuredmedia":[{"embeddable":true,"href":"https:\/\/todoenseguridad.com\/site\/wp-json\/wp\/v2\/media\/9429"}],"wp:attachment":[{"href":"https:\/\/todoenseguridad.com\/site\/wp-json\/wp\/v2\/media?parent=6361"}],"wp:term":[{"taxonomy":"product_brand","embeddable":true,"href":"https:\/\/todoenseguridad.com\/site\/wp-json\/wp\/v2\/product_brand?post=6361"},{"taxonomy":"product_cat","embeddable":true,"href":"https:\/\/todoenseguridad.com\/site\/wp-json\/wp\/v2\/product_cat?post=6361"},{"taxonomy":"product_tag","embeddable":true,"href":"https:\/\/todoenseguridad.com\/site\/wp-json\/wp\/v2\/product_tag?post=6361"},{"taxonomy":"berocket_brand","embeddable":true,"href":"https:\/\/todoenseguridad.com\/site\/wp-json\/wp\/v2\/berocket_brand?post=6361"}],"curies":[{"name":"wp","href":"https:\/\/api.w.org\/{rel}","templated":true}]}}