{"id":6323,"date":"2020-07-10T20:18:00","date_gmt":"2020-07-11T01:18:00","guid":{"rendered":"https:\/\/todoenseguridad.com\/site\/producto\/asr1101a-dahua-lectora-para-tarjetas-mifare-conexion-wiegand-o-2\/"},"modified":"2026-03-30T17:57:59","modified_gmt":"2026-03-30T22:57:59","slug":"asr1101a-dahua-lectora-para-tarjetas-mifare-conexion-wiegand-o-2","status":"publish","type":"product","link":"https:\/\/todoenseguridad.com\/site\/producto\/asr1101a-dahua-lectora-para-tarjetas-mifare-conexion-wiegand-o-2\/","title":{"rendered":"ASR1101A DAHUA LECTORA PARA TARJETAS MIFARE\/ CONEXION WIEGAND O RS485\/ IP55 PARA INTEMPERIE"},"content":{"rendered":"<p><!--?xml version=\"1.0\" encoding=\"utf-8\"?--><\/p>\n<h2><span style=\"color: #0000ff;\">ASR1101A DAHUA LECTORA PARA TARJETAS MIFARE\/ CONEXION WIEGAND O RS485\/ CLASIFICACION IP55 PARA INTEMPERIE\/ DESBLOQUEO POR PASSWORD\/ INDICADOR DE LUZ<\/span><\/h2>\n<h3><span style=\"color: #000000;\">Informacion General<\/span><\/h3>\n<p style=\"text-align: justify;\"><span style=\"font-family: arial, helvetica, sans-serif; font-size: small; color: #000000;\">La lectora modelo <strong>ASR1101A<\/strong>\u00a0es una\u00a0lectora de tarjetas Mifare que\u00a0cuenta con un teclado tactil y pantalla LCD. \u00a0Tiene la facilidad de leer tarjetas Mifare o utilizar alguna contrase\u00f1a de desbloqueo y enviar la informaci\u00f3n a un dispositivo de control de acceso para ser verificada posteriormente. Cuenta con una comunicaci\u00f3n Wiegand y \u00a0un indice de protecci\u00f3n IP55 el cual es\u00a0a prueba de cortocircuitos y\u00a0libre de est\u00e1tica.\u00a0<\/span><\/p>\n<p style=\"text-align: justify;\"><span style=\"font-family: arial, helvetica, sans-serif; font-size: small; color: #000000;\">Como lector de tarjetas Mifare<strong>\u00a0<\/strong>ofrece la soluci\u00f3n de control de acceso m\u00e1s segura y rentable para edificios comerciales, propiedades de corporaciones y comunidades inteligentes.<\/span><\/p>\n<h3><span style=\"color: #000000;\">Funciones:<\/span><\/h3>\n<p style=\"text-align: justify;\"><span style=\"color: #000000;\"><strong><span style=\"font-family: arial, helvetica, sans-serif; font-size: small;\">Lectura de tarjetas Mifare 13.56 Mhz.<\/span><\/strong><\/span><\/p>\n<p style=\"text-align: justify;\"><span style=\"font-family: arial, helvetica, sans-serif; font-size: small; color: #000000;\">Rango de lectura\u00a06-8cm.<\/span><\/p>\n<p style=\"text-align: justify;\"><span style=\"font-family: arial, helvetica, sans-serif; font-size: small; color: #000000;\">Desbloqueo por contrase\u00f1a.<\/span><\/p>\n<p style=\"text-align: justify;\"><span style=\"font-family: arial, helvetica, sans-serif; font-size: small; color: #000000;\">Comunicaci\u00f3n Wiegand.<\/span><\/p>\n<p style=\"text-align: justify;\"><span style=\"font-family: arial, helvetica, sans-serif; font-size: small; color: #000000;\">Alarma de tamper.<\/span><\/p>\n<p style=\"text-align: justify;\"><span style=\"font-family: arial, helvetica, sans-serif; font-size: small; color: #000000;\">Luz y sonido indicador.<\/span><\/p>\n<h3><span style=\"color: #000000;\">Pasos de la instalaci\u00f3n:<\/span><\/h3>\n<p style=\"text-align: justify;\"><span style=\"font-size: small; font-family: arial, helvetica, sans-serif; color: #000000;\"><strong>Paso 1<\/strong>. Fije la placa de instalaci\u00f3n en la pared o en otra superficie.<\/span><\/p>\n<p style=\"text-align: justify;\"><span style=\"font-size: small; font-family: arial, helvetica, sans-serif; color: #000000;\"><strong>Paso 2.<\/strong>\u00a0Conecte el dispositivo y conecte cada puerto de cableado.<\/span><\/p>\n<p style=\"text-align: justify;\"><span style=\"font-size: small; font-family: arial, helvetica, sans-serif; color: #000000;\"><strong>Paso 3.<\/strong>\u00a0Haga que el extremo superior del dispositivo coincida con la ranura de la placa\u00a0de instalaci\u00f3n.<\/span><\/p>\n<p style=\"text-align: justify;\"><span style=\"font-size: small; font-family: arial, helvetica, sans-serif; color: #000000;\"><strong>Paso 4.<\/strong>\u00a0Empalme el dispositivo con el soporte de instalaci\u00f3n.<\/span><\/p>\n<p style=\"text-align: justify;\"><span style=\"font-size: small; font-family: arial, helvetica, sans-serif; color: #000000;\"><strong>Paso 5.<\/strong>\u00a0Use tornillos para ajustarlo de abajo hacia arriba.<\/span><\/p>\n<h3><span style=\"color: #000000;\">Principales Caracter\u00edsticas:<\/span><\/h3>\n<ul>\n<li style=\"text-align: left;\"><span style=\"font-size: small; font-family: arial, helvetica, sans-serif; color: #000000;\">Procesador principal 8 Bits.<\/span><\/li>\n<li style=\"text-align: left;\"><span style=\"font-size: small; font-family: arial, helvetica, sans-serif; color: #000000;\">Formato de lectura Mifare 13.56 MHz.<\/span><\/li>\n<li style=\"text-align: left;\"><span style=\"font-size: small; font-family: arial, helvetica, sans-serif; color: #000000;\">Rango de lectura en tarjetas 6-8 cm.<\/span><\/li>\n<li style=\"text-align: left;\"><span style=\"font-size: small; font-family: arial, helvetica, sans-serif; color: #000000;\">Tiempo de respuesta en tarjeta &lt;0.1s.<\/span><\/li>\n<li style=\"text-align: left;\"><span style=\"font-size: small; font-family: arial, helvetica, sans-serif; color: #000000;\">Desbloqueo por contrase\u00f1a.<\/span><\/li>\n<li style=\"text-align: left;\"><span style=\"color: #000000;\"><strong><span style=\"font-family: arial, helvetica, sans-serif; font-size: small;\">Comunicaci\u00f3n Wiegand.<\/span><\/strong><\/span><\/li>\n<li style=\"text-align: left;\"><span style=\"font-size: small; font-family: arial, helvetica, sans-serif; color: #000000;\">Comunicaci\u00f3n RS485.<\/span><\/li>\n<li style=\"text-align: left;\"><span style=\"font-size: small; font-family: arial, helvetica, sans-serif; color: #000000;\">Alarma de tamper.<\/span><\/li>\n<li style=\"text-align: left;\"><span style=\"font-size: small; font-family: arial, helvetica, sans-serif; color: #000000;\">Luz y sonido indicador.<\/span><\/li>\n<li style=\"text-align: left;\"><span style=\"font-size: small; font-family: arial, helvetica, sans-serif; color: #000000;\">Indice de protecci\u00f3n IP55.<\/span><\/li>\n<li style=\"text-align: left;\"><span style=\"font-size: small; font-family: arial, helvetica, sans-serif; color: #000000;\">Fuente de alimentaci\u00f3n\u00a09-15V CD.<\/span><\/li>\n<li style=\"text-align: left;\"><span style=\"font-size: small; font-family: arial, helvetica, sans-serif; color: #000000;\">Consumo de energ\u00eda\u00a0100mA.<\/span><\/li>\n<li style=\"text-align: left;\"><span style=\"font-size: small; font-family: arial, helvetica, sans-serif; color: #000000;\">Ambiente de trabajo\u00a0-30\u00baC a 60\u00baC.<\/span><\/li>\n<li style=\"text-align: left;\"><span style=\"font-size: small; font-family: arial, helvetica, sans-serif; color: #000000;\">Humedad de trabajo \u226495%.<\/span><\/li>\n<li style=\"text-align: left;\"><span style=\"font-size: small; font-family: arial, helvetica, sans-serif; color: #000000;\">Dimensiones (WxDxH)\u00a013.5cm * 8.6cm * 1.2cm.<\/span><\/li>\n<li style=\"text-align: left;\"><span style=\"font-size: small; font-family: arial, helvetica, sans-serif; color: #000000;\">Peso 0.25kg.<\/span><\/li>\n<\/ul>\n<div>\n<div>\n<div>\n<div>\n<p style=\"color: #848282; font-family: tahoma, verdana, arial; font-size: 11px;\" align=\"justify\"><span style=\"color: #ff0000;\"><strong><span style=\"font-size: xx-large;\">DUDAS?<\/span><\/strong><\/span><\/p>\n<p style=\"color: #848282; font-family: tahoma, verdana, arial; font-size: 11px;\" align=\"justify\"><span style=\"color: #ff6600; font-size: medium;\"><strong>Llamenos GRATIS NACIONAL al\u00a0 01-81-1522-9255<\/strong><\/span><\/p>\n<p style=\"color: #848282; font-family: tahoma, verdana, arial; font-size: 11px;\"><span style=\"color: #ada96e;\">En algunas ocasiones nuestros inventarios pueden moverse y no tener en existencia alg\u00fan producto. Llamenos o escribanos para confirmar si ese articulo que busca lo tenemos o quizas podamos sugerir algun otro.<br \/>\nUtilice la<\/span>\u00a0<strong>AYUDA EN LINEA<\/strong><\/p>\n<p><span style=\"color: #f87217; font-family: tahoma, verdana, arial; font-size: 11px;\">Por favor tome un minuto y revise nuestras POLITICAS de venta al calce de la pagina.<\/span><\/p>\n<\/div>\n<\/div>\n<\/div>\n<\/div>\n","protected":false},"excerpt":{"rendered":"<p>ASR1101A DAHUA LECTORA PARA TARJETAS MIFARE\/ CONEXION WIEGAND O RS485\/ CLASIFICACION IP55 PARA INTEMPERIE\/ DESBLOQUEO POR PASSWORD\/ INDICADOR DE LUZ Informacion General La lectora modelo ASR1101A\u00a0es una\u00a0lectora de tarjetas Mifare que\u00a0cuenta con un teclado tactil y pantalla LCD. \u00a0Tiene la facilidad de leer tarjetas Mifare o utilizar alguna contrase\u00f1a de desbloqueo y enviar la informaci\u00f3n [&hellip;]<\/p>\n","protected":false},"featured_media":7280,"template":"","meta":{"_acf_changed":false},"product_brand":[],"product_cat":[96,98],"product_tag":[],"berocket_brand":[],"class_list":{"0":"post-6323","1":"product","2":"type-product","3":"status-publish","4":"has-post-thumbnail","6":"product_cat-control-de-acceso","7":"product_cat-lector-biometrico","9":"first","10":"instock","11":"taxable","12":"shipping-taxable","13":"purchasable","14":"product-type-simple","15":"berocket_lgv_grid","16":"berocket_lgv_list_grid"},"acf":[],"aioseo_notices":[],"_links":{"self":[{"href":"https:\/\/todoenseguridad.com\/site\/wp-json\/wp\/v2\/product\/6323","targetHints":{"allow":["GET"]}}],"collection":[{"href":"https:\/\/todoenseguridad.com\/site\/wp-json\/wp\/v2\/product"}],"about":[{"href":"https:\/\/todoenseguridad.com\/site\/wp-json\/wp\/v2\/types\/product"}],"wp:featuredmedia":[{"embeddable":true,"href":"https:\/\/todoenseguridad.com\/site\/wp-json\/wp\/v2\/media\/7280"}],"wp:attachment":[{"href":"https:\/\/todoenseguridad.com\/site\/wp-json\/wp\/v2\/media?parent=6323"}],"wp:term":[{"taxonomy":"product_brand","embeddable":true,"href":"https:\/\/todoenseguridad.com\/site\/wp-json\/wp\/v2\/product_brand?post=6323"},{"taxonomy":"product_cat","embeddable":true,"href":"https:\/\/todoenseguridad.com\/site\/wp-json\/wp\/v2\/product_cat?post=6323"},{"taxonomy":"product_tag","embeddable":true,"href":"https:\/\/todoenseguridad.com\/site\/wp-json\/wp\/v2\/product_tag?post=6323"},{"taxonomy":"berocket_brand","embeddable":true,"href":"https:\/\/todoenseguridad.com\/site\/wp-json\/wp\/v2\/berocket_brand?post=6323"}],"curies":[{"name":"wp","href":"https:\/\/api.w.org\/{rel}","templated":true}]}}