{"id":6260,"date":"2020-07-10T20:17:50","date_gmt":"2020-07-11T01:17:50","guid":{"rendered":"https:\/\/todoenseguridad.com\/site\/producto\/uap-ubiquiti-networks-access-point-300-mbps-3\/"},"modified":"2026-03-25T15:17:31","modified_gmt":"2026-03-25T20:17:31","slug":"uap-ubiquiti-networks-access-point-300-mbps-3","status":"publish","type":"product","link":"https:\/\/todoenseguridad.com\/site\/producto\/uap-ubiquiti-networks-access-point-300-mbps-3\/","title":{"rendered":"UAP UBIQUITI NETWORKS Access point 300 Mbps\/ MIMO 2&#215;2\/ airMAX"},"content":{"rendered":"<p><!--?xml version=\"1.0\" encoding=\"utf-8\"?--><\/p>\n<h2 align=\"justify\"><span style=\"color: #0000ff;\">UAP UBIQUITI NETWORKS Access Point, 300 Mbps, MIMO 2&#215;2, WDS, airMAX, 2.41-2.46 GHz, 300 Mbps, 100 mW, MESH<\/span><\/h2>\n<ul>\n<li><span style=\"color: #000000;\">Nuevo dine\u00f1o tipo detector de humo.<\/span><\/li>\n<li><span style=\"color: #000000;\">Compatible con software de administaci\u00f3n UNIFI Controller (incluido).<\/span><\/li>\n<li><span style=\"color: #000000;\">Hotspot y controlador de ancho de banda integrado.<\/span><\/li>\n<li><span style=\"color: #000000;\">Modo de operaci\u00f3n: access point, AP WDS, repetidor MESH.<\/span><\/li>\n<li><span style=\"color: #000000;\">Ancho de canal: 5, 10, 20 MHz (ajustable).<\/span><\/li>\n<li><span style=\"color: #000000;\">Qos, VPN, VLAN.<\/span><\/li>\n<li><span style=\"color: #000000;\">Cifrado: WEP 64 y 128 bits, WPA\/WPA2, AES, TKIP, 802.1i.<\/span><\/li>\n<li><span style=\"color: #000000;\">Alimentaci\u00f3n: 24 Vcd, 0.5 A, incluye PoE.<\/span><\/li>\n<li><span style=\"color: #000000;\">Temperatura: -10 a 70 \u00b0C<\/span><\/li>\n<li><span style=\"color: #000000;\">M\u00e1s de 100 clientes concurrentes.<\/span><\/li>\n<\/ul>\n<p><span style=\"color: #000000;\">Dimensiones: 200 mm de di\u00e1metro \/ Peso: 359 g.<\/span><\/p>\n<p style=\"color: #848282; font-family: tahoma, verdana, arial; font-size: 11px;\" align=\"justify\"><span style=\"color: #ff0000;\"><strong><span style=\"font-size: xx-large;\">DUDAS?<\/span><\/strong><\/span><\/p>\n<p style=\"color: #848282; font-family: tahoma, verdana, arial; font-size: 11px;\" align=\"justify\"><span style=\"color: #ff6600; font-size: medium;\"><strong>Llamenos GRATIS NACIONAL al\u00a0 01-800-087-4650<\/strong><\/span><\/p>\n<p style=\"color: #848282; font-family: tahoma, verdana, arial; font-size: 11px;\"><span style=\"color: #ada96e;\">En algunas ocasiones nuestros inventarios pueden moverse y no tener en existencia alg\u00fan producto. Llamenos o escribanos para confirmar si ese articulo que busca lo tenemos o quizas podamos sugerir algun otro.<br \/>\nUtilice la<\/span>\u00a0<strong>AYUDA EN LINEA<\/strong><\/p>\n<p style=\"color: #848282; font-family: tahoma, verdana, arial; font-size: 11px;\">\n<p><span style=\"color: #f87217; font-family: tahoma, verdana, arial; font-size: 11px;\">Por favor tome un minuto y revise nuestras POLITICAS de venta al calce de la pagina.<\/span><\/p>\n","protected":false},"excerpt":{"rendered":"<p>UAP UBIQUITI NETWORKS Access Point, 300 Mbps, MIMO 2&#215;2, WDS, airMAX, 2.41-2.46 GHz, 300 Mbps, 100 mW, MESH Nuevo dine\u00f1o tipo detector de humo. Compatible con software de administaci\u00f3n UNIFI Controller (incluido). Hotspot y controlador de ancho de banda integrado. Modo de operaci\u00f3n: access point, AP WDS, repetidor MESH. Ancho de canal: 5, 10, 20 [&hellip;]<\/p>\n","protected":false},"featured_media":6698,"template":"","meta":{"_acf_changed":false},"product_brand":[],"product_cat":[74,73,72],"product_tag":[],"berocket_brand":[],"class_list":{"0":"post-6260","1":"product","2":"type-product","3":"status-publish","4":"has-post-thumbnail","6":"product_cat-access-point-punto-de-accesso","7":"product_cat-interior","8":"product_cat-redes-inalambricas","10":"first","11":"instock","12":"taxable","13":"shipping-taxable","14":"purchasable","15":"product-type-simple","16":"berocket_lgv_grid","17":"berocket_lgv_list_grid"},"acf":[],"aioseo_notices":[],"_links":{"self":[{"href":"https:\/\/todoenseguridad.com\/site\/wp-json\/wp\/v2\/product\/6260","targetHints":{"allow":["GET"]}}],"collection":[{"href":"https:\/\/todoenseguridad.com\/site\/wp-json\/wp\/v2\/product"}],"about":[{"href":"https:\/\/todoenseguridad.com\/site\/wp-json\/wp\/v2\/types\/product"}],"wp:featuredmedia":[{"embeddable":true,"href":"https:\/\/todoenseguridad.com\/site\/wp-json\/wp\/v2\/media\/6698"}],"wp:attachment":[{"href":"https:\/\/todoenseguridad.com\/site\/wp-json\/wp\/v2\/media?parent=6260"}],"wp:term":[{"taxonomy":"product_brand","embeddable":true,"href":"https:\/\/todoenseguridad.com\/site\/wp-json\/wp\/v2\/product_brand?post=6260"},{"taxonomy":"product_cat","embeddable":true,"href":"https:\/\/todoenseguridad.com\/site\/wp-json\/wp\/v2\/product_cat?post=6260"},{"taxonomy":"product_tag","embeddable":true,"href":"https:\/\/todoenseguridad.com\/site\/wp-json\/wp\/v2\/product_tag?post=6260"},{"taxonomy":"berocket_brand","embeddable":true,"href":"https:\/\/todoenseguridad.com\/site\/wp-json\/wp\/v2\/berocket_brand?post=6260"}],"curies":[{"name":"wp","href":"https:\/\/api.w.org\/{rel}","templated":true}]}}