{"id":6195,"date":"2020-07-10T20:17:42","date_gmt":"2020-07-11T01:17:42","guid":{"rendered":"https:\/\/todoenseguridad.com\/site\/producto\/t064rf-century-paquete-de-100-tags-para-sujecia%c2%b3n-de-equipos-ra-2\/"},"modified":"2025-02-19T12:13:20","modified_gmt":"2025-02-19T17:13:20","slug":"t064rf-century-paquete-de-100-tags-para-sujecion-de-equipos-ra-2","status":"publish","type":"product","link":"https:\/\/todoenseguridad.com\/site\/producto\/t064rf-century-paquete-de-100-tags-para-sujecion-de-equipos-ra-2\/","title":{"rendered":"T064RF CENTURY Paquete de 100 Tags para Sujecion de Equipos R\u00edgidos y Cables"},"content":{"rendered":"<p><!--?xml version=\"1.0\" encoding=\"utf-8\"?--><\/p>\n<h2 id=\"product_title_85689\"><span style=\"color: #0000ff;\">T064RF CENTURY Paquete de 100 Tags para Sujeci\u00f3n de Equipos R\u00edgidos y Cables (Equipos Electr\u00f3nicos, Art\u00edculos Deportivos, etc.)<\/span><\/h2>\n<ul style=\"line-height: 20.8px;\">\n<li><span style=\"color: #000000;\">Frecuencia: 8.23 MHz.<\/span><\/li>\n<li><span style=\"color: #000000;\">Color: Gris Claro.<\/span><\/li>\n<li><span style=\"color: #000000;\">Lock: Est\u00e1ndar.<\/span><\/li>\n<li><span style=\"color: #000000;\">Dimensiones: 38 x \u00a031 x 19.5 cm<\/span><\/li>\n<\/ul>\n<p><span style=\"color: #000000;\"><span style=\"line-height: 20.8px;\">\u00a0<\/span><strong style=\"margin: 0px; padding: 0px; border: 0px none; vertical-align: baseline;\">Nota: Alcance m\u00e1ximo de\u00a0 distancia\u00a0 entre antenas (CA24-G01 y CA35-G07)\u00a0de 140cm\u00a0a 160cm,\u00a0<\/strong><span style=\"font-family: Arial, sans-serif; font-size: 13.3333px;\">(<\/span>La variaci\u00f3n \u00a0de la \u00a0distancia depende del lugar de instalaci\u00f3n<span style=\"font-family: Arial, sans-serif; font-size: 13.3333px;\">).<\/span><\/span><\/p>\n<div>\n<div>\n<div>\n<div>\n<p style=\"color: #848282; font-family: tahoma, verdana, arial; font-size: 11px;\" align=\"justify\"><span style=\"color: #ff0000;\"><strong><span style=\"font-size: xx-large;\">DUDAS?<\/span><\/strong><\/span><\/p>\n<p style=\"color: #848282; font-family: tahoma, verdana, arial; font-size: 11px;\" align=\"justify\"><span style=\"color: #ff6600; font-size: medium;\"><strong>Llamenos GRATIS NACIONAL al\u00a0 01-81-1522-9255<\/strong><\/span><\/p>\n<p style=\"color: #848282; font-family: tahoma, verdana, arial; font-size: 11px;\"><span style=\"color: #ada96e;\">En algunas ocasiones nuestros inventarios pueden moverse y no tener en existencia alg\u00fan producto. Llamenos o escribanos para confirmar si ese articulo que busca lo tenemos o quizas podamos sugerir algun otro.<br \/>\nUtilice la<\/span>\u00a0<strong>AYUDA EN LINEA<\/strong><\/p>\n<p><span style=\"color: #f87217; font-family: tahoma, verdana, arial; font-size: 11px;\">Por favor tome un minuto y revise nuestras POLITICAS de venta al calce de la pagina.<\/span><\/p>\n<\/div>\n<\/div>\n<\/div>\n<\/div>\n","protected":false},"excerpt":{"rendered":"<p>T064RF CENTURY Paquete de 100 Tags para Sujeci\u00f3n de Equipos R\u00edgidos y Cables (Equipos Electr\u00f3nicos, Art\u00edculos Deportivos, etc.) Frecuencia: 8.23 MHz. Color: Gris Claro. Lock: Est\u00e1ndar. Dimensiones: 38 x \u00a031 x 19.5 cm \u00a0Nota: Alcance m\u00e1ximo de\u00a0 distancia\u00a0 entre antenas (CA24-G01 y CA35-G07)\u00a0de 140cm\u00a0a 160cm,\u00a0(La variaci\u00f3n \u00a0de la \u00a0distancia depende del lugar de instalaci\u00f3n). DUDAS? [&hellip;]<\/p>\n","protected":false},"featured_media":7126,"template":"","meta":{"_acf_changed":false},"product_brand":[],"product_cat":[113,116],"product_tag":[],"berocket_brand":[],"class_list":{"0":"post-6195","1":"product","2":"type-product","3":"status-publish","4":"has-post-thumbnail","6":"product_cat-proteccion-de-mercancia","7":"product_cat-tags","9":"first","10":"instock","11":"taxable","12":"shipping-taxable","13":"purchasable","14":"product-type-simple","15":"berocket_lgv_grid","16":"berocket_lgv_list_grid"},"acf":[],"aioseo_notices":[],"_links":{"self":[{"href":"https:\/\/todoenseguridad.com\/site\/wp-json\/wp\/v2\/product\/6195","targetHints":{"allow":["GET"]}}],"collection":[{"href":"https:\/\/todoenseguridad.com\/site\/wp-json\/wp\/v2\/product"}],"about":[{"href":"https:\/\/todoenseguridad.com\/site\/wp-json\/wp\/v2\/types\/product"}],"wp:featuredmedia":[{"embeddable":true,"href":"https:\/\/todoenseguridad.com\/site\/wp-json\/wp\/v2\/media\/7126"}],"wp:attachment":[{"href":"https:\/\/todoenseguridad.com\/site\/wp-json\/wp\/v2\/media?parent=6195"}],"wp:term":[{"taxonomy":"product_brand","embeddable":true,"href":"https:\/\/todoenseguridad.com\/site\/wp-json\/wp\/v2\/product_brand?post=6195"},{"taxonomy":"product_cat","embeddable":true,"href":"https:\/\/todoenseguridad.com\/site\/wp-json\/wp\/v2\/product_cat?post=6195"},{"taxonomy":"product_tag","embeddable":true,"href":"https:\/\/todoenseguridad.com\/site\/wp-json\/wp\/v2\/product_tag?post=6195"},{"taxonomy":"berocket_brand","embeddable":true,"href":"https:\/\/todoenseguridad.com\/site\/wp-json\/wp\/v2\/berocket_brand?post=6195"}],"curies":[{"name":"wp","href":"https:\/\/api.w.org\/{rel}","templated":true}]}}