{"id":6147,"date":"2020-07-10T20:14:49","date_gmt":"2020-07-11T01:14:49","guid":{"rendered":"https:\/\/todoenseguridad.com\/site\/producto\/prosecb-02-epcom-conectores-modulos-fotovoltaicos-2\/"},"modified":"2025-02-19T12:31:09","modified_gmt":"2025-02-19T17:31:09","slug":"prosecb-02-epcom-conectores-modulos-fotovoltaicos-2","status":"publish","type":"product","link":"https:\/\/todoenseguridad.com\/site\/producto\/prosecb-02-epcom-conectores-modulos-fotovoltaicos-2\/","title":{"rendered":"PROSECB-02 EPCOM CONECTORES MODULOS FOTOVOLTAICOS"},"content":{"rendered":"<p><!--?xml version=\"1.0\" encoding=\"utf-8\"?--><\/p>\n<h2><span style=\"color: #0000ff;\">PROSECB-02 EPCOM CONECTORES PARA MODULOS FOTOVOLTAICOS<\/span><\/h2>\n<h3 class=\"producto-caracteristicas-info-header\"><span style=\"color: #000000;\">Especificaciones:<\/span><\/h3>\n<p><span style=\"color: #000000;\">Conectores tipo MC4 para\u00a0M\u00f3dulos Fotovoltaicos<\/span><\/p>\n<p><span style=\"line-height: 20.8px; color: #000000;\">Con una excelente resistencia UV, que permite ser<\/span><br \/>\n<span style=\"line-height: 20.8px; color: #000000;\">utilizado en ambientes severos. La conexi\u00f3n del cable es<\/span><br \/>\n<span style=\"line-height: 20.8px; color: #000000;\">f\u00e1cil de instalar y funciona como candado para evitar falsos<\/span><br \/>\n<span style=\"line-height: 20.8px; color: #000000;\">contactos.<\/span><\/p>\n<p><span style=\"color: #000000;\"><strong style=\"line-height: 20.8px;\">PROSECB02<\/strong><\/span><\/p>\n<p><span style=\"line-height: 20.8px; color: #000000;\">\u00a0 \u00a0Especificaci\u00f3n t\u00e9cnica:<\/span><br \/>\n<span style=\"line-height: 20.8px; color: #000000;\">\u2022 Tensi\u00f3n m\u00e1xima de trabajo: 1000 Vcd.<\/span><br \/>\n<span style=\"line-height: 20.8px; color: #000000;\">\u2022 Corriente nominal: 30 A.<\/span><br \/>\n<span style=\"line-height: 20.8px; color: #000000;\">\u2022 Clase de la llama: UL94-V0.<\/span><br \/>\n<span style=\"line-height: 20.8px; color: #000000;\">\u2022 Grado de contaminaci\u00f3n: 2.<\/span><br \/>\n<span style=\"line-height: 20.8px; color: #000000;\">\u2022 Resistencia de contacto: \u22645 mm\u03a9.<\/span><br \/>\n<span style=\"line-height: 20.8px; color: #000000;\">\u2022 Grado de protecci\u00f3n: IP67.<\/span><br \/>\n<span style=\"line-height: 20.8px; color: #000000;\">\u2022 Especificaci\u00f3n de la l\u00ednea de conexi\u00f3n: 4 mm2.<\/span><br \/>\n<span style=\"line-height: 20.8px; color: #000000;\">\u2022 Rango de temperatura ambiente: -40 a 85 \u00baC.<\/span><br \/>\n<span style=\"line-height: 20.8px; color: #000000;\">\u2022 Nivel de seguridad: clase II.<\/span><br \/>\n<span style=\"line-height: 20.8px; color: #000000;\">\u2022 Fuerza de inserci\u00f3n: \u226450 N.<\/span><br \/>\n<span style=\"line-height: 20.8px; color: #000000;\">\u2022 Fuerza de extracci\u00f3n: \u226550 N.<\/span><\/p>\n","protected":false},"excerpt":{"rendered":"<p>PROSECB-02 EPCOM CONECTORES PARA MODULOS FOTOVOLTAICOS Especificaciones: Conectores tipo MC4 para\u00a0M\u00f3dulos Fotovoltaicos Con una excelente resistencia UV, que permite ser utilizado en ambientes severos. La conexi\u00f3n del cable es f\u00e1cil de instalar y funciona como candado para evitar falsos contactos. PROSECB02 \u00a0 \u00a0Especificaci\u00f3n t\u00e9cnica: \u2022 Tensi\u00f3n m\u00e1xima de trabajo: 1000 Vcd. \u2022 Corriente nominal: 30 [&hellip;]<\/p>\n","protected":false},"featured_media":7581,"template":"","meta":{"_acf_changed":false},"product_brand":[],"product_cat":[123],"product_tag":[],"berocket_brand":[],"class_list":{"0":"post-6147","1":"product","2":"type-product","3":"status-publish","4":"has-post-thumbnail","6":"product_cat-accesorios-energia-solar","8":"first","9":"instock","10":"taxable","11":"shipping-taxable","12":"purchasable","13":"product-type-simple","14":"berocket_lgv_grid","15":"berocket_lgv_list_grid"},"acf":[],"aioseo_notices":[],"_links":{"self":[{"href":"https:\/\/todoenseguridad.com\/site\/wp-json\/wp\/v2\/product\/6147","targetHints":{"allow":["GET"]}}],"collection":[{"href":"https:\/\/todoenseguridad.com\/site\/wp-json\/wp\/v2\/product"}],"about":[{"href":"https:\/\/todoenseguridad.com\/site\/wp-json\/wp\/v2\/types\/product"}],"wp:featuredmedia":[{"embeddable":true,"href":"https:\/\/todoenseguridad.com\/site\/wp-json\/wp\/v2\/media\/7581"}],"wp:attachment":[{"href":"https:\/\/todoenseguridad.com\/site\/wp-json\/wp\/v2\/media?parent=6147"}],"wp:term":[{"taxonomy":"product_brand","embeddable":true,"href":"https:\/\/todoenseguridad.com\/site\/wp-json\/wp\/v2\/product_brand?post=6147"},{"taxonomy":"product_cat","embeddable":true,"href":"https:\/\/todoenseguridad.com\/site\/wp-json\/wp\/v2\/product_cat?post=6147"},{"taxonomy":"product_tag","embeddable":true,"href":"https:\/\/todoenseguridad.com\/site\/wp-json\/wp\/v2\/product_tag?post=6147"},{"taxonomy":"berocket_brand","embeddable":true,"href":"https:\/\/todoenseguridad.com\/site\/wp-json\/wp\/v2\/berocket_brand?post=6147"}],"curies":[{"name":"wp","href":"https:\/\/api.w.org\/{rel}","templated":true}]}}