{"id":5672,"date":"2020-07-10T20:11:03","date_gmt":"2020-07-11T01:11:03","guid":{"rendered":"https:\/\/todoenseguridad.com\/site\/producto\/ds-1475zj-y-hikvision-montaje-vertical-para-poste-material-de\/"},"modified":"2026-03-25T15:46:05","modified_gmt":"2026-03-25T20:46:05","slug":"ds-1475zj-y-hikvision-montaje-vertical-para-poste-material-de","status":"publish","type":"product","link":"https:\/\/todoenseguridad.com\/site\/producto\/ds-1475zj-y-hikvision-montaje-vertical-para-poste-material-de\/","title":{"rendered":"DS-1475ZJ-Y HIKVISION Montaje Vertical para Poste \/ Material de Acero Inoxidable"},"content":{"rendered":"<p><!--?xml version=\"1.0\" encoding=\"utf-8\"?--><\/p>\n<h2 id=\"product_title_167603\"><span style=\"color: #0000ff;\">DS-1475ZJ-Y HIKVISION Montaje Vertical para Poste \/ Material de Acero Inoxidable<\/span><\/h2>\n<h3><span style=\"color: #000000;\">Caracter\u00edsticas principales:<\/span><\/h3>\n<ul>\n<li><span style=\"color: #000000;\">Montaje de poste vertical.<\/span><\/li>\n<li><span style=\"color: #000000;\">Modelos recomendados: DS-2CD5A26G0-IZHSY \/ DS-2CD5A46G0-IZHSY \/ DS-2CD5546G0-IZHSY \/ DS-2CD5526G0-IZHSY<\/span><\/li>\n<\/ul>\n<div>\n<h3><span style=\"color: #000000;\">Caracter\u00edsticas F\u00edsicas y El\u00e9ctricas:<\/span><\/h3>\n<ul>\n<li><span style=\"color: #000000;\">Color blanco.<\/span><\/li>\n<li><span style=\"color: #000000;\">Dimensiones: 250 X 127 X 46 mm<\/span><\/li>\n<\/ul>\n<\/div>\n<div><span style=\"color: #000000;\">\u00a0<\/span><\/div>\n<h3><span style=\"color: #000000;\">Caracter\u00edsticas Destacadas:<\/span><\/h3>\n<div>\n<ul>\n<li><span style=\"color: #000000;\">Material de acero inoxidable por tratamiento de pulverizaci\u00f3n superficial (SUS304)<\/span><\/li>\n<\/ul>\n<\/div>\n<p>&nbsp;<\/p>\n<p style=\"color: #848282; font-family: tahoma, verdana, arial; font-size: 11px;\" align=\"justify\"><span style=\"color: #ff0000;\"><strong><span style=\"font-size: xx-large;\">DUDAS?<\/span><\/strong><\/span><\/p>\n<p style=\"color: #848282; font-family: tahoma, verdana, arial; font-size: 11px;\" align=\"justify\"><span style=\"color: #ff6600; font-size: medium;\"><strong>Llamenos GRATIS NACIONAL al\u00a0 01-800-087-4650<\/strong><\/span><\/p>\n<p style=\"color: #848282; font-family: tahoma, verdana, arial; font-size: 11px;\"><span style=\"color: #ada96e;\">En algunas ocasiones nuestros inventarios pueden moverse y no tener en existencia alg\u00fan producto. Llamenos o escribanos para confirmar si ese articulo que busca lo tenemos o quizas podamos sugerir algun otro.<br \/>\nUtilice la<\/span>\u00a0<strong>AYUDA EN LINEA<\/strong><\/p>\n<p><span style=\"color: #f87217; font-family: tahoma, verdana, arial; font-size: 11px;\">Por favor tome un minuto y revise nuestras POLITICAS de venta al calce de la pagina.<\/span><\/p>\n","protected":false},"excerpt":{"rendered":"<p>DS-1475ZJ-Y HIKVISION Montaje Vertical para Poste \/ Material de Acero Inoxidable Caracter\u00edsticas principales: Montaje de poste vertical. Modelos recomendados: DS-2CD5A26G0-IZHSY \/ DS-2CD5A46G0-IZHSY \/ DS-2CD5546G0-IZHSY \/ DS-2CD5526G0-IZHSY Caracter\u00edsticas F\u00edsicas y El\u00e9ctricas: Color blanco. Dimensiones: 250 X 127 X 46 mm \u00a0 Caracter\u00edsticas Destacadas: Material de acero inoxidable por tratamiento de pulverizaci\u00f3n superficial (SUS304) &nbsp; DUDAS? Llamenos [&hellip;]<\/p>\n","protected":false},"featured_media":7097,"template":"","meta":{"_acf_changed":false},"product_brand":[],"product_cat":[59,125,134,69],"product_tag":[],"berocket_brand":[],"class_list":{"0":"post-5672","1":"product","2":"type-product","3":"status-publish","4":"has-post-thumbnail","6":"product_cat-accesorios-camaras-hd","7":"product_cat-accesorios-camaras-ip","8":"product_cat-varios-accesorios-camaras-ip","9":"product_cat-varios","11":"first","12":"instock","13":"taxable","14":"shipping-taxable","15":"purchasable","16":"product-type-simple","17":"berocket_lgv_grid","18":"berocket_lgv_list_grid"},"acf":[],"aioseo_notices":[],"_links":{"self":[{"href":"https:\/\/todoenseguridad.com\/site\/wp-json\/wp\/v2\/product\/5672","targetHints":{"allow":["GET"]}}],"collection":[{"href":"https:\/\/todoenseguridad.com\/site\/wp-json\/wp\/v2\/product"}],"about":[{"href":"https:\/\/todoenseguridad.com\/site\/wp-json\/wp\/v2\/types\/product"}],"wp:featuredmedia":[{"embeddable":true,"href":"https:\/\/todoenseguridad.com\/site\/wp-json\/wp\/v2\/media\/7097"}],"wp:attachment":[{"href":"https:\/\/todoenseguridad.com\/site\/wp-json\/wp\/v2\/media?parent=5672"}],"wp:term":[{"taxonomy":"product_brand","embeddable":true,"href":"https:\/\/todoenseguridad.com\/site\/wp-json\/wp\/v2\/product_brand?post=5672"},{"taxonomy":"product_cat","embeddable":true,"href":"https:\/\/todoenseguridad.com\/site\/wp-json\/wp\/v2\/product_cat?post=5672"},{"taxonomy":"product_tag","embeddable":true,"href":"https:\/\/todoenseguridad.com\/site\/wp-json\/wp\/v2\/product_tag?post=5672"},{"taxonomy":"berocket_brand","embeddable":true,"href":"https:\/\/todoenseguridad.com\/site\/wp-json\/wp\/v2\/berocket_brand?post=5672"}],"curies":[{"name":"wp","href":"https:\/\/api.w.org\/{rel}","templated":true}]}}