{"id":5626,"date":"2020-07-10T20:10:58","date_gmt":"2020-07-11T01:10:58","guid":{"rendered":"https:\/\/todoenseguridad.com\/site\/producto\/ca-35g07-century-par-de-arcos-eas-para-proteccia%c2%b3n-de-ropa-bote\/"},"modified":"2026-03-25T15:49:53","modified_gmt":"2026-03-25T20:49:53","slug":"ca-35g07-century-par-de-arcos-eas-para-proteccia%c2%b3n-de-ropa-bote","status":"publish","type":"product","link":"https:\/\/todoenseguridad.com\/site\/producto\/ca-35g07-century-par-de-arcos-eas-para-proteccia%c2%b3n-de-ropa-bote\/","title":{"rendered":"CA-35G07 CENTURY Par de Arcos EAS para Proteccion de Ropa, Botellas"},"content":{"rendered":"<p><!--?xml version=\"1.0\" encoding=\"utf-8\"?--><\/p>\n<h2 id=\"product_title_153235\"><span style=\"color: #0000ff;\">CA-35G07 CENTURY Par de Arcos EAS para Protecci\u00f3n de Ropa, Botellas, Accesorios RX, TX 8.2 MHz hasta 1.8 m<\/span><\/h2>\n<h3><span style=\"color: #000000;\">especificaciones<\/span><\/h3>\n<ul>\n<li><span style=\"color: #000000;\">Frecuencia: 8.2 MHz. <strong>(Tecnolog\u00eda RF)<\/strong><\/span><\/li>\n<li><span style=\"color: #000000;\">Consumo de energ\u00eda: 18\u00a0W.<\/span><\/li>\n<li><span style=\"color: #000000;\">Voltaje de operaci\u00f3n: \u00a012 Vcd<\/span><\/li>\n<li><span style=\"color: #000000;\">Temperatura de operaci\u00f3n: \u00a00 a 35 \u00b0 C.<\/span><\/li>\n<li><span style=\"color: #000000;\">Base color: Azul.<\/span><\/li>\n<li><span style=\"color: #000000;\">Color de la luz de alarma: Roja.<\/span><\/li>\n<li><span style=\"color: #000000;\">Material: Los laterales son de aluminio y al centro contiene acr\u00edlico.<\/span><\/li>\n<li><span style=\"color: #000000;\">Dimensiones: 1670 x 401 x 109\u00a0mm<\/span><\/li>\n<li><span style=\"color: #000000;\">Alarma: \u00a0100\u00a0dB.<\/span><\/li>\n<li><span style=\"color: #000000;\">Debe cuidarse que el metal no este cerca de lo contrario podr\u00eda generar falsas alarmas.<\/span><\/li>\n<\/ul>\n<p><span style=\"color: #000000;\"><strong>Tipos de tags recomendados:<\/strong><\/span><\/p>\n<ul>\n<li><span style=\"color: #000000;\">Para Ropa: T051\u00a0\u00a0PROTCL-WU\u00a0PROTCL-BU\u00a0\u00a0PROTCLB\u00a0\u00a0PRO-SQW\u00a0\u00a0T001\/B\u00a0\u00a0T001\/BB\u00a0\u00a0T005\u00a0T004\u00a0\u00a0T005B<\/span><\/li>\n<li><span style=\"color: #000000;\">Para botellas:\u00a0B004<\/span><\/li>\n<li><span style=\"color: #000000;\">P\u00e4ra lentes:\u00a0T181<\/span><\/li>\n<li><span style=\"color: #000000;\">Para sujetar: T064RF\u00a0T511\/2A\u00a0\u00a0T511\/2AB\u00a0T146\/3A\u00a0T022<\/span><\/li>\n<li><span style=\"color: #000000;\">Para botes:\u00a0T704\/B<\/span><\/li>\n<li><span style=\"color: #000000;\">Para superficies (no met\u00e1lica):\u00a0GF4040H<\/span><\/li>\n<\/ul>\n<p><span style=\"color: #000000;\">Nota:<\/span><br \/>\n<span style=\"color: #000000;\">Si desea agregar mayor distancia se puede agregar un RX (G01) al transmisor.<\/span><br \/>\n<span style=\"color: #000000;\">Soporta hasta 15 transmisores en toda la trayectoria, requiere sincronizaci\u00f3n.<\/span><\/p>\n<p>&nbsp;<\/p>\n<p>&nbsp;<\/p>\n","protected":false},"excerpt":{"rendered":"<p>CA-35G07 CENTURY Par de Arcos EAS para Protecci\u00f3n de Ropa, Botellas, Accesorios RX, TX 8.2 MHz hasta 1.8 m especificaciones Frecuencia: 8.2 MHz. (Tecnolog\u00eda RF) Consumo de energ\u00eda: 18\u00a0W. Voltaje de operaci\u00f3n: \u00a012 Vcd Temperatura de operaci\u00f3n: \u00a00 a 35 \u00b0 C. Base color: Azul. Color de la luz de alarma: Roja. Material: Los laterales [&hellip;]<\/p>\n","protected":false},"featured_media":6818,"template":"","meta":{"_acf_changed":false},"product_brand":[],"product_cat":[115,113],"product_tag":[],"berocket_brand":[],"class_list":{"0":"post-5626","1":"product","2":"type-product","3":"status-publish","4":"has-post-thumbnail","6":"product_cat-detectores-proteccion","7":"product_cat-proteccion-de-mercancia","9":"first","10":"instock","11":"taxable","12":"shipping-taxable","13":"purchasable","14":"product-type-simple","15":"berocket_lgv_grid","16":"berocket_lgv_list_grid"},"acf":[],"aioseo_notices":[],"_links":{"self":[{"href":"https:\/\/todoenseguridad.com\/site\/wp-json\/wp\/v2\/product\/5626","targetHints":{"allow":["GET"]}}],"collection":[{"href":"https:\/\/todoenseguridad.com\/site\/wp-json\/wp\/v2\/product"}],"about":[{"href":"https:\/\/todoenseguridad.com\/site\/wp-json\/wp\/v2\/types\/product"}],"wp:featuredmedia":[{"embeddable":true,"href":"https:\/\/todoenseguridad.com\/site\/wp-json\/wp\/v2\/media\/6818"}],"wp:attachment":[{"href":"https:\/\/todoenseguridad.com\/site\/wp-json\/wp\/v2\/media?parent=5626"}],"wp:term":[{"taxonomy":"product_brand","embeddable":true,"href":"https:\/\/todoenseguridad.com\/site\/wp-json\/wp\/v2\/product_brand?post=5626"},{"taxonomy":"product_cat","embeddable":true,"href":"https:\/\/todoenseguridad.com\/site\/wp-json\/wp\/v2\/product_cat?post=5626"},{"taxonomy":"product_tag","embeddable":true,"href":"https:\/\/todoenseguridad.com\/site\/wp-json\/wp\/v2\/product_tag?post=5626"},{"taxonomy":"berocket_brand","embeddable":true,"href":"https:\/\/todoenseguridad.com\/site\/wp-json\/wp\/v2\/berocket_brand?post=5626"}],"curies":[{"name":"wp","href":"https:\/\/api.w.org\/{rel}","templated":true}]}}