{"id":5608,"date":"2020-07-10T20:10:56","date_gmt":"2020-07-11T01:10:56","guid":{"rendered":"https:\/\/todoenseguridad.com\/site\/producto\/f22id-zk-control-de-acceso-y-asistencia-3000-huellas-5000-tarj\/"},"modified":"2026-03-25T15:51:19","modified_gmt":"2026-03-25T20:51:19","slug":"f22id-zk-control-de-acceso-y-asistencia-3000-huellas-5000-tarj","status":"publish","type":"product","link":"https:\/\/todoenseguridad.com\/site\/producto\/f22id-zk-control-de-acceso-y-asistencia-3000-huellas-5000-tarj\/","title":{"rendered":"F22-ID ZK CONTROL DE ACCESO Y ASISTENCIA\/ 3000 HUELLAS\/ 5000 TARJETAS ID"},"content":{"rendered":"<p><!--?xml version=\"1.0\" encoding=\"utf-8\"?--><\/p>\n<h2><span style=\"color: #0000ff;\">F22ID ZK CONTROL DE ACCESO Y ASISTENCIA\/ 3000 HUELLAS\/ 5000 TARJETAS ID\/ TECLADO TACTIL\/ SILKID\/ TCPIP\/ WIFI\/ USB<\/span><\/h2>\n<h3><span style=\"color: #000000;\">Descripcion<\/span><\/h3>\n<p><span style=\"color: #000000;\">F22 es una terminal biom\u00e9trica ultradelgada para control de acceso y gesti\u00f3n de asistencia de empleados, integrado con sensor BioID y comunicaci\u00f3n Wi-Fi, lo que en conjunto con su avanzado y veloz algoritmo, ofrece un gran, con\u00ef\u00ac\u0081able y preciso rendimiento.<\/span><\/p>\n<p><span style=\"color: #000000;\">El F22 brinda una mejor experiencia con su teclado t\u00e1ctil y ofrece una gran \u00ef\u00ac\u201aexibilidad para su instalaci\u00f3n como dispositivo independiente o conectado a cualquier panel de control de acceso que soporte se\u00f1al Wiegand est\u00e1ndar.<\/span><\/p>\n<p><span style=\"color: #000000;\">Cuenta con comunicaciones TCP\/IP, RS485 y Wi-Fi para que el dispositivo pueda ser utilizado de acuerdo a diferentes necesidades.<\/span><\/p>\n<p style=\"text-align: left;\"><span style=\"color: #000000;\">\u2022Pantalla TFT a color de 2.4 pulgadas y teclado t\u00e1ctil.<\/span><\/p>\n<p style=\"text-align: left;\"><span style=\"color: #000000;\">\u2022Dise\u00f1o ultradelgado y elegante.<\/span><\/p>\n<p style=\"text-align: left;\"><span style=\"color: #000000;\">\u2022Funciones avanzadas de control de acceso.<\/span><\/p>\n<p style=\"text-align: left;\"><span style=\"color: #000000;\">\u2022Wi-Fi est\u00e1ndar.<\/span><\/p>\n<p style=\"text-align: left;\"><span style=\"color: #000000;\">\u2022Comunicaci\u00f3n por TCP\/IP, RS485, USB-Host.<\/span><\/p>\n<p style=\"text-align: left;\"><span style=\"color: #000000;\">\u2022Entrada y salida Wiegand.<\/span><\/p>\n<p style=\"text-align: left;\"><span style=\"color: #000000;\">\u2022Entrada auxiliar con mayor \u00ef\u00ac\u201aexibilidad para conectar con alg\u00fan detector o interruptor de emergencia.<\/span><\/p>\n<div>\n<div>\n<div>\n<div>\n<p style=\"color: #848282; font-family: tahoma, verdana, arial; font-size: 11px;\" align=\"justify\"><span style=\"color: #ff0000;\"><strong><span style=\"font-size: xx-large;\">DUDAS?<\/span><\/strong><\/span><\/p>\n<p style=\"color: #848282; font-family: tahoma, verdana, arial; font-size: 11px;\" align=\"justify\"><span style=\"color: #ff6600; font-size: medium;\"><strong>Llamenos GRATIS NACIONAL al\u00a0 01-81-1522-9255<\/strong><\/span><\/p>\n<p style=\"color: #848282; font-family: tahoma, verdana, arial; font-size: 11px;\"><span style=\"color: #ada96e;\">En algunas ocasiones nuestros inventarios pueden moverse y no tener en existencia alg\u00fan producto. Llamenos o escribanos para confirmar si ese articulo que busca lo tenemos o quizas podamos sugerir algun otro.<br \/>\nUtilice la<\/span>\u00a0<strong>AYUDA EN LINEA<\/strong><\/p>\n<p><span style=\"color: #f87217; font-family: tahoma, verdana, arial; font-size: 11px;\">Por favor tome un minuto y revise nuestras POLITICAS de venta al calce de la pagina.<\/span><\/p>\n<\/div>\n<\/div>\n<\/div>\n<\/div>\n","protected":false},"excerpt":{"rendered":"<p>F22ID ZK CONTROL DE ACCESO Y ASISTENCIA\/ 3000 HUELLAS\/ 5000 TARJETAS ID\/ TECLADO TACTIL\/ SILKID\/ TCPIP\/ WIFI\/ USB Descripcion F22 es una terminal biom\u00e9trica ultradelgada para control de acceso y gesti\u00f3n de asistencia de empleados, integrado con sensor BioID y comunicaci\u00f3n Wi-Fi, lo que en conjunto con su avanzado y veloz algoritmo, ofrece un gran, [&hellip;]<\/p>\n","protected":false},"featured_media":9447,"template":"","meta":{"_acf_changed":false},"product_brand":[],"product_cat":[96,99,98],"product_tag":[],"berocket_brand":[],"class_list":{"0":"post-5608","1":"product","2":"type-product","3":"status-publish","4":"has-post-thumbnail","6":"product_cat-control-de-acceso","7":"product_cat-control-de-asistencia","8":"product_cat-lector-biometrico","10":"first","11":"instock","12":"taxable","13":"shipping-taxable","14":"purchasable","15":"product-type-simple","16":"berocket_lgv_grid","17":"berocket_lgv_list_grid"},"acf":[],"aioseo_notices":[],"_links":{"self":[{"href":"https:\/\/todoenseguridad.com\/site\/wp-json\/wp\/v2\/product\/5608","targetHints":{"allow":["GET"]}}],"collection":[{"href":"https:\/\/todoenseguridad.com\/site\/wp-json\/wp\/v2\/product"}],"about":[{"href":"https:\/\/todoenseguridad.com\/site\/wp-json\/wp\/v2\/types\/product"}],"wp:featuredmedia":[{"embeddable":true,"href":"https:\/\/todoenseguridad.com\/site\/wp-json\/wp\/v2\/media\/9447"}],"wp:attachment":[{"href":"https:\/\/todoenseguridad.com\/site\/wp-json\/wp\/v2\/media?parent=5608"}],"wp:term":[{"taxonomy":"product_brand","embeddable":true,"href":"https:\/\/todoenseguridad.com\/site\/wp-json\/wp\/v2\/product_brand?post=5608"},{"taxonomy":"product_cat","embeddable":true,"href":"https:\/\/todoenseguridad.com\/site\/wp-json\/wp\/v2\/product_cat?post=5608"},{"taxonomy":"product_tag","embeddable":true,"href":"https:\/\/todoenseguridad.com\/site\/wp-json\/wp\/v2\/product_tag?post=5608"},{"taxonomy":"berocket_brand","embeddable":true,"href":"https:\/\/todoenseguridad.com\/site\/wp-json\/wp\/v2\/berocket_brand?post=5608"}],"curies":[{"name":"wp","href":"https:\/\/api.w.org\/{rel}","templated":true}]}}