{"id":5308,"date":"2020-07-10T20:10:24","date_gmt":"2020-07-11T01:10:24","guid":{"rendered":"https:\/\/todoenseguridad.com\/site\/producto\/ds-2de5425iw-ae-hikvision-ptz-ip-4mp\/"},"modified":"2026-03-25T15:57:33","modified_gmt":"2026-03-25T20:57:33","slug":"ds-2de5425iw-ae-hikvision-ptz-ip-4mp","status":"publish","type":"product","link":"https:\/\/todoenseguridad.com\/site\/producto\/ds-2de5425iw-ae-hikvision-ptz-ip-4mp\/","title":{"rendered":"DS-2DE5425IW-AE HIKVISION PTZ IP 4MP\/ 25X Zoom\/ IP66"},"content":{"rendered":"<p><!--?xml version=\"1.0\" encoding=\"utf-8\"?--><\/p>\n<h2 id=\"product_title_160366\"><span style=\"color: #0000ff;\">DS-2DE5425IW-AE HIKVISION PTZ IP 4MP \/ 25X Zoom \/ 150 mts IR \/ Ultra Baja Iluminaci\u00f3n \/ IP66 \/ WDR \/ Hi-PoE<\/span><\/h2>\n<p><span style=\"box-sizing: border-box; color: black;\"><strong style=\"box-sizing: border-box;\">Caracter\u00edsticas principales:<\/strong><\/span><\/p>\n<ul>\n<li><span style=\"color: #000000;\">Resoluci\u00f3n maxima: 2560\u00a0x 1440\u00a0( 4\u00a0Megapixel).<\/span><\/li>\n<li><span style=\"color: #000000;\">Iluminacion minima: color 0.005 Lux @ (F1.6, AGC ON).<\/span><\/li>\n<li><span style=\"color: #000000;\">Iluminacion minima: B\/N\u00a00.001\u00a0Lux @ (F1.6, AGC ON).<\/span><\/li>\n<li><span style=\"color: #000000;\">D\u00eda \/ Noche Real\u00a0(filtro ICR).<\/span><\/li>\n<li><span style=\"color: #000000;\">Distancia focal: 4.8\u00a0a 120 mm (25X zoom \u00f3ptico \/ 16X zoom digital).<\/span><\/li>\n<li><span style=\"color: #000000;\">Distancia de infrarrojo: 150\u00a0mts\u00a0Smart IR.<\/span><\/li>\n<li><span style=\"color: #000000;\">Funciones normales:\u00a0HLC\u00a0\/ ROI \/\u00a0WDR 120dB \/\u00a0BLC \/\u00a0Intrusion de area \/\u00a0Cruece de linea \/ EIS \/ Defog.<\/span><\/li>\n<li><span style=\"color: #000000;\">Compresi\u00f3n: H.265+ \/ H.265 \/ H.264+ \/ H.264.<\/span><\/li>\n<li><span style=\"color: #000000;\">Compatible con la plataforma de Hik-Connect.<\/span><\/li>\n<\/ul>\n<p style=\"box-sizing: border-box; margin: 0px 0px 10px; font-family: 'Helvetica Neue', Helvetica, Arial, sans-serif; font-size: 14px;\"><span style=\"box-sizing: border-box; color: black;\"><strong style=\"box-sizing: border-box;\">Caracteristicas Generales:<\/strong><\/span><\/p>\n<ul>\n<li><span style=\"color: #000000;\">Paneo: 360\u00b0.<\/span><\/li>\n<li><span style=\"color: #000000;\">Tildeo: -15\u00b0 a 90\u00ba.<\/span><\/li>\n<li><span style=\"color: #000000;\">Preset \/ Patrol \/ Pattern: 300 \/ 8 \/ 4.<\/span><\/li>\n<li><span style=\"color: #000000;\">Tareas calendarizadas.<\/span><\/li>\n<li><span style=\"color: #000000;\">Main Stream:\u00a0\u00a030 fps (2560 \u00d7 1440, 2048 \u00d7 1536, 1920 \u00d7 1080, 1280 \u00d7 960, 1280 \u00d7 720) 60 fps (1920 \u00d7 1080, 1280 \u00d7 960, 1280 \u00d7 720).<\/span><\/li>\n<li><span style=\"color: #000000;\">Sub Stream:\u00a030fps (704 \u00d7 480, 640 \u00d7 480, 352 \u00d7 240).<\/span><\/li>\n<li><span style=\"color: #000000;\">Tercer Stream:\u00a0\u00a030 fps (2560 \u00d7 1440, 2048 \u00d7 1536, 1920 \u00d7 1080, 1280 \u00d7 960, 1280 \u00d7 720, 704 \u00d7 480, 640 \u00d7 480, 352 \u00d7 240).<\/span><\/li>\n<li><span style=\"color: #000000;\">Soporta hasta 20 usuarios simultaneos.<\/span><\/li>\n<\/ul>\n<p style=\"box-sizing: border-box; margin: 0px 0px 10px; font-family: 'Helvetica Neue', Helvetica, Arial, sans-serif; font-size: 14px;\"><span style=\"color: #000000;\"><strong style=\"box-sizing: border-box;\">Entradas y Salidas de Audio \/ Alarmas \/ Red:<\/strong><\/span><\/p>\n<ul>\n<li><span style=\"color: #000000;\">Entradas de alarma: N\/A.<\/span><\/li>\n<li><span style=\"color: #000000;\">Salidas de alarma: N\/A.<\/span><\/li>\n<li><span style=\"color: #000000;\">Entradas de audio: N\/A.<\/span><\/li>\n<li><span style=\"color: #000000;\">Salidas de audio: N\/A.<\/span><\/li>\n<li><span style=\"color: #000000;\">Puerto de red: 1 ( 10 \/ 100 Mbps \/ Hi-PoE ).<\/span><\/li>\n<li><span style=\"color: #000000;\">Almacenamiento micro SD de hasta 256 GB \/ ANR (Automatic Network Recovery).<\/span><\/li>\n<li><span style=\"color: #000000;\">Soporta Onvif \/ ISAPI \/ CGI.<\/span><\/li>\n<\/ul>\n<p style=\"box-sizing: border-box; margin: 0px 0px 10px; font-family: 'Helvetica Neue', Helvetica, Arial, sans-serif; font-size: 14px;\"><span style=\"box-sizing: border-box; color: #000000;\"><strong style=\"box-sizing: border-box;\">Caracter\u00edsticas F\u00edsicas y El\u00e9ctricas:<\/strong><\/span><\/p>\n<ul style=\"box-sizing: border-box; margin-top: 0px; margin-bottom: 10px; font-family: 'Helvetica Neue', Helvetica, Arial, sans-serif; font-size: 14px;\">\n<li style=\"box-sizing: border-box;\">\n<p style=\"box-sizing: border-box; margin: 0px 0px 10px;\"><span style=\"box-sizing: border-box; color: #000000;\">Alimentaci\u00f3n: 24 vca\u00a0\/ Hi-PoE \/ 30\u00a0W.<\/span><\/p>\n<\/li>\n<li style=\"box-sizing: border-box;\">\n<p style=\"box-sizing: border-box; margin: 0px 0px 10px;\"><span style=\"box-sizing: border-box; color: #000000;\">Temperatura de operaci\u00f3n: -30\u00b0C a 65\u00b0C \/\u00a0Humedad al 90% m\u00e1ximo.<\/span><\/p>\n<\/li>\n<li style=\"box-sizing: border-box;\">\n<p style=\"box-sizing: border-box; margin: 0px 0px 10px;\"><span style=\"color: #000000;\">Uso en exterior IP66<\/span><\/p>\n<\/li>\n<li style=\"box-sizing: border-box;\">\n<p style=\"box-sizing: border-box; margin: 0px 0px 10px;\"><span style=\"box-sizing: border-box; color: #000000;\">Proteccion contra sobretensiones y proteccion contra voltajes transistorios.<\/span><\/p>\n<\/li>\n<li style=\"box-sizing: border-box;\">\n<p style=\"box-sizing: border-box; margin: 0px 0px 10px;\"><span style=\"box-sizing: border-box; color: #000000;\">Dimensiones: 208\u00a0x 345\u00a0mm<\/span><\/p>\n<\/li>\n<li style=\"box-sizing: border-box;\">\n<p style=\"box-sizing: border-box; margin: 0px 0px 10px;\"><span style=\"box-sizing: border-box; color: #000000;\">Peso: 3.3\u00a0Kgs.<\/span><\/p>\n<\/li>\n<li style=\"box-sizing: border-box; margin: 0px 0px 10px;\"><span style=\"color: #000000;\"><strong style=\"box-sizing: border-box;\"><span style=\"box-sizing: border-box;\">Garant\u00eda: 2 a\u00f1os.<\/span><\/strong><\/span><\/li>\n<li style=\"box-sizing: border-box; margin: 0px 0px 10px;\"><span style=\"color: #000000;\"><strong style=\"box-sizing: border-box;\">El PTZ incluye fuente de 24 vca y brazo de pared.<\/strong><\/span><\/li>\n<li style=\"box-sizing: border-box; margin: 0px 0px 10px;\"><span style=\"color: #000000;\"><strong style=\"box-sizing: border-box;\">Se recomienda usar el modelo\u00a0LAS-6057-CNRJ45\u00a0en caso de que requieran alimentar el domo por medio de PoE.<\/strong><\/span><\/li>\n<\/ul>\n<div><\/div>\n<div>\n<div>\n<div>\n<div>\n<div>\n<p style=\"color: #848282; font-family: tahoma, verdana, arial; font-size: 11px;\" align=\"justify\"><span style=\"color: #ff0000;\"><strong><span style=\"font-size: xx-large;\">DUDAS?<\/span><\/strong><\/span><\/p>\n<p style=\"color: #848282; font-family: tahoma, verdana, arial; font-size: 11px;\" align=\"justify\"><span style=\"color: #ff6600; font-size: medium;\"><strong>Llamenos GRATIS NACIONAL al\u00a0 01-81-1522-9255<\/strong><\/span><\/p>\n<p style=\"color: #848282; font-family: tahoma, verdana, arial; font-size: 11px;\"><span style=\"color: #ada96e;\">En algunas ocasiones nuestros inventarios pueden moverse y no tener en existencia alg\u00fan producto. Llamenos o escribanos para confirmar si ese articulo que busca lo tenemos o quizas podamos sugerir algun otro.<br \/>\nUtilice la<\/span>\u00a0<strong>AYUDA EN LINEA<\/strong><\/p>\n<p><span style=\"color: #f87217; font-family: tahoma, verdana, arial; font-size: 11px;\">Por favor tome un minuto y revise nuestras POLITICAS de venta al calce de la pagina.<\/span><\/p>\n<\/div>\n<\/div>\n<\/div>\n<\/div>\n<\/div>\n","protected":false},"excerpt":{"rendered":"<p>DS-2DE5425IW-AE HIKVISION PTZ IP 4MP \/ 25X Zoom \/ 150 mts IR \/ Ultra Baja Iluminaci\u00f3n \/ IP66 \/ WDR \/ Hi-PoE Caracter\u00edsticas principales: Resoluci\u00f3n maxima: 2560\u00a0x 1440\u00a0( 4\u00a0Megapixel). Iluminacion minima: color 0.005 Lux @ (F1.6, AGC ON). Iluminacion minima: B\/N\u00a00.001\u00a0Lux @ (F1.6, AGC ON). D\u00eda \/ Noche Real\u00a0(filtro ICR). Distancia focal: 4.8\u00a0a 120 mm [&hellip;]<\/p>\n","protected":false},"featured_media":7985,"template":"","meta":{"_acf_changed":false},"product_brand":[],"product_cat":[51,54],"product_tag":[],"berocket_brand":[],"class_list":{"0":"post-5308","1":"product","2":"type-product","3":"status-publish","4":"has-post-thumbnail","6":"product_cat-camaras-i-p","7":"product_cat-pt-ptz","9":"first","10":"instock","11":"taxable","12":"shipping-taxable","13":"purchasable","14":"product-type-simple","15":"berocket_lgv_grid","16":"berocket_lgv_list_grid"},"acf":[],"aioseo_notices":[],"_links":{"self":[{"href":"https:\/\/todoenseguridad.com\/site\/wp-json\/wp\/v2\/product\/5308","targetHints":{"allow":["GET"]}}],"collection":[{"href":"https:\/\/todoenseguridad.com\/site\/wp-json\/wp\/v2\/product"}],"about":[{"href":"https:\/\/todoenseguridad.com\/site\/wp-json\/wp\/v2\/types\/product"}],"wp:featuredmedia":[{"embeddable":true,"href":"https:\/\/todoenseguridad.com\/site\/wp-json\/wp\/v2\/media\/7985"}],"wp:attachment":[{"href":"https:\/\/todoenseguridad.com\/site\/wp-json\/wp\/v2\/media?parent=5308"}],"wp:term":[{"taxonomy":"product_brand","embeddable":true,"href":"https:\/\/todoenseguridad.com\/site\/wp-json\/wp\/v2\/product_brand?post=5308"},{"taxonomy":"product_cat","embeddable":true,"href":"https:\/\/todoenseguridad.com\/site\/wp-json\/wp\/v2\/product_cat?post=5308"},{"taxonomy":"product_tag","embeddable":true,"href":"https:\/\/todoenseguridad.com\/site\/wp-json\/wp\/v2\/product_tag?post=5308"},{"taxonomy":"berocket_brand","embeddable":true,"href":"https:\/\/todoenseguridad.com\/site\/wp-json\/wp\/v2\/berocket_brand?post=5308"}],"curies":[{"name":"wp","href":"https:\/\/api.w.org\/{rel}","templated":true}]}}