{"id":5299,"date":"2020-07-10T20:10:23","date_gmt":"2020-07-11T01:10:23","guid":{"rendered":"https:\/\/todoenseguridad.com\/site\/producto\/ds-2de5232w-ae-hikvision-ptz-ip-2mp\/"},"modified":"2026-03-25T16:03:34","modified_gmt":"2026-03-25T21:03:34","slug":"ds-2de5232w-ae-hikvision-ptz-ip-2mp","status":"publish","type":"product","link":"https:\/\/todoenseguridad.com\/site\/producto\/ds-2de5232w-ae-hikvision-ptz-ip-2mp\/","title":{"rendered":"DS-2DE5232W-AE HIKVISION PTZ IP 2MP\/ H.265+\/ 32X Zoom\/ IP66"},"content":{"rendered":"<p><!--?xml version=\"1.0\" encoding=\"utf-8\"?--><\/p>\n<h2 id=\"product_title_152678\" class=\"no_margin_top titulo_vista_producto\"><span style=\"color: #0000ff;\"><span class=\"modelo-marca\">DS-2DE5232W-AE <\/span><span class=\"modelo-marca\">HIKVISION <\/span>PTZ IP 2MP \/ H.265+ \/ 32X Zoom \/ D\u00eda-Noche ICR Real \/ WDR \/ PoE+ \/ IP66 \/ IK10 \/ 60 IPS \/ Ultra Baja Iluminaci\u00f3n <\/span><\/h2>\n<p><span style=\"box-sizing: border-box; color: black;\"><strong style=\"box-sizing: border-box;\">Caracter\u00edsticas principales:<\/strong><\/span><\/p>\n<ul style=\"box-sizing: border-box; margin-top: 0px; margin-bottom: 10px;\">\n<li style=\"box-sizing: border-box;\">\n<p style=\"box-sizing: border-box; margin: 0px 0px 10px;\"><span style=\"box-sizing: border-box; color: black;\">Resoluci\u00f3n maxima: 1920 x 1080 ( 2 Me<span style=\"color: #000000;\">gapixel).<\/span><\/span><\/p>\n<\/li>\n<li style=\"box-sizing: border-box;\">\n<p style=\"box-sizing: border-box; margin: 0px 0px 10px;\"><span style=\"box-sizing: border-box; color: #000000;\">Iluminaci\u00f3n m\u00ednima: color 0.005 Lux @ (F1.6, AGC ON).<\/span><\/p>\n<\/li>\n<li style=\"box-sizing: border-box;\">\n<p style=\"box-sizing: border-box; margin: 0px 0px 10px;\"><span style=\"box-sizing: border-box; color: #000000;\">Iluminaci\u00f3n m\u00ednima: B\/N\u00a00.001\u00a0Lux @ (F1.6, AGC ON).<\/span><\/p>\n<\/li>\n<li style=\"box-sizing: border-box;\">\n<p style=\"box-sizing: border-box; margin: 0px 0px 10px;\"><span style=\"box-sizing: border-box; color: #000000;\">D\u00eda \/ Noche Real\u00a0(filtro ICR).<\/span><\/p>\n<\/li>\n<li style=\"box-sizing: border-box;\">\n<p style=\"box-sizing: border-box; margin: 0px 0px 10px;\"><span style=\"box-sizing: border-box; color: #000000;\">Distancia focal: 4.8\u00a0a 153\u00a0mm (32X zoom \u00f3ptico \/ 16X zoom digital).<\/span><\/p>\n<\/li>\n<li style=\"box-sizing: border-box;\">\n<p style=\"box-sizing: border-box; margin: 0px 0px 10px;\"><span style=\"box-sizing: border-box; color: #000000;\">Distancia de infrarrojo: N\/A<\/span><\/p>\n<\/li>\n<li style=\"box-sizing: border-box; margin: 0px 0px 10px;\">\n<p style=\"box-sizing: border-box; margin: 0px 0px 10px;\"><span style=\"box-sizing: border-box; color: #000000;\">Funciones normales<strong style=\"box-sizing: border-box;\">:<\/strong>\u00a0\u00a0ROI \/ WDR Real 120 dB\u00a0\/\u00a0BLC \/ 3D-DNR.<\/span><\/p>\n<\/li>\n<li style=\"box-sizing: border-box; margin: 0px 0px 10px;\">\n<p style=\"box-sizing: border-box; margin: 0px 0px 10px;\"><span style=\"box-sizing: border-box; color: #000000;\">Funciones especiales: Intrusion de area \/\u00a0Cruce de linea.<\/span><\/p>\n<\/li>\n<li style=\"box-sizing: border-box;\">\n<p style=\"box-sizing: border-box; margin: 0px 0px 10px;\"><span style=\"color: #000000;\">Compresi\u00f3n: H.265+ \/ H.265 \/ H.264+ \/ H.264.<\/span><\/p>\n<\/li>\n<\/ul>\n<p style=\"box-sizing: border-box; margin: 0px 0px 10px;\"><span style=\"box-sizing: border-box; color: #000000;\"><strong style=\"box-sizing: border-box;\">Caracter\u00edsticas Generales:<\/strong><\/span><\/p>\n<ul style=\"box-sizing: border-box; margin-top: 0px; margin-bottom: 10px;\">\n<li style=\"box-sizing: border-box;\">\n<p style=\"box-sizing: border-box; margin: 0px 0px 10px;\"><span style=\"box-sizing: border-box; color: #000000;\">Paneo: 360\u00b0.<\/span><\/p>\n<\/li>\n<li style=\"box-sizing: border-box;\">\n<p style=\"box-sizing: border-box; margin: 0px 0px 10px;\"><span style=\"box-sizing: border-box; color: #000000;\">Tildeo: -5\u00b0 a 90.<\/span><\/p>\n<\/li>\n<li style=\"box-sizing: border-box;\">\n<p style=\"box-sizing: border-box; margin: 0px 0px 10px;\"><span style=\"box-sizing: border-box; color: #000000;\">Preset \/ Patrol \/ Pattern: 300 \/ 8 \/ 4.<\/span><\/p>\n<\/li>\n<li style=\"box-sizing: border-box;\">\n<p style=\"box-sizing: border-box; margin: 0px 0px 10px;\"><span style=\"box-sizing: border-box; color: #000000;\">Tareas calendarizadas.<\/span><\/p>\n<\/li>\n<li style=\"box-sizing: border-box;\">\n<p style=\"box-sizing: border-box; margin: 0px 0px 10px;\"><span style=\"color: #000000;\"><span style=\"box-sizing: border-box;\">Main Stream:\u00a0<\/span>30 fps (1920 \u00d7 1080, 1280 \u00d7 960, 1280 \u00d7 720) \/\u00a060 fps (1920 \u00d7 1080,\u00a01280 \u00d7 960, 1280 \u00d7 720).<\/span><\/p>\n<\/li>\n<li style=\"box-sizing: border-box;\">\n<p style=\"box-sizing: border-box; margin: 0px 0px 10px;\"><span style=\"color: #000000;\">Sub Steam: 30fps (704 \u00d7 480, 640 \u00d7 480, 352 \u00d7 240).<\/span><\/p>\n<\/li>\n<li style=\"box-sizing: border-box;\">\n<p style=\"box-sizing: border-box; margin: 0px 0px 10px;\"><span style=\"color: #000000;\">Tercer Stream:\u00a030fps (1920 \u00d7 1080, 1280 \u00d7 960, 1280 \u00d7 720, 704 \u00d7 480, 640 \u00d7 480, 352 \u00d7 240).<\/span><\/p>\n<\/li>\n<li style=\"box-sizing: border-box;\">\n<p style=\"box-sizing: border-box; margin: 0px 0px 10px;\"><span style=\"color: #000000;\">Soporta hasta 20 usuarios simult\u00e1neos.<\/span><\/p>\n<\/li>\n<\/ul>\n<p style=\"box-sizing: border-box; margin: 0px 0px 10px;\"><span style=\"color: #000000;\"><strong style=\"box-sizing: border-box;\">Entradas y Salidas de Audio \/ Alarmas \/ Almacenamiento \/ Red:<\/strong><\/span><\/p>\n<ul style=\"box-sizing: border-box; margin-top: 0px; margin-bottom: 10px;\">\n<li style=\"box-sizing: border-box;\">\n<p style=\"box-sizing: border-box; margin: 0px 0px 10px;\"><span style=\"color: #000000;\">Entradas de alarma: 2.<\/span><\/p>\n<\/li>\n<li style=\"box-sizing: border-box;\">\n<p style=\"box-sizing: border-box; margin: 0px 0px 10px;\"><span style=\"color: #000000;\">Salidas de alarma: 1.<\/span><\/p>\n<\/li>\n<li style=\"box-sizing: border-box;\">\n<p style=\"box-sizing: border-box; margin: 0px 0px 10px;\"><span style=\"color: #000000;\">Entradas de audio: 1.<\/span><\/p>\n<\/li>\n<li style=\"box-sizing: border-box;\">\n<p style=\"box-sizing: border-box; margin: 0px 0px 10px;\"><span style=\"color: #000000;\">Salidas de audio: 1.<\/span><\/p>\n<\/li>\n<li style=\"box-sizing: border-box;\">\n<p style=\"box-sizing: border-box; margin: 0px 0px 10px;\"><span style=\"color: #000000;\">Puerto de red: 1 ( 10 \/ 100 Mbps\u00a0) \/ PoE+ (802.3 at).<\/span><\/p>\n<\/li>\n<li style=\"box-sizing: border-box;\">\n<p style=\"box-sizing: border-box; margin: 0px 0px 10px;\"><span style=\"color: #000000;\">Almacenamiento micro SD de hasta 256\u00a0GB \/ ANR (Automatic Network Recovery).<\/span><\/p>\n<\/li>\n<li style=\"box-sizing: border-box;\">\n<p style=\"box-sizing: border-box; margin: 0px 0px 10px;\"><span style=\"color: #000000;\">Soporta Onvif \/ ISAPI \/ CGI.<\/span><\/p>\n<\/li>\n<\/ul>\n<p style=\"box-sizing: border-box; margin: 0px 0px 10px;\"><span style=\"box-sizing: border-box; color: #000000;\"><strong style=\"box-sizing: border-box;\">Caracter\u00edsticas F\u00edsicas y El\u00e9ctricas:<\/strong><\/span><\/p>\n<ul style=\"box-sizing: border-box; margin-top: 0px; margin-bottom: 10px;\">\n<li style=\"box-sizing: border-box;\">\n<p style=\"box-sizing: border-box; margin: 0px 0px 10px;\"><span style=\"box-sizing: border-box; color: #000000;\">Alimentaci\u00f3n: 24\u00a0Vca\u00a0\/ 18\u00a0W \/ PoE +.<\/span><\/p>\n<\/li>\n<li style=\"box-sizing: border-box;\">\n<p style=\"box-sizing: border-box; margin: 0px 0px 10px;\"><span style=\"box-sizing: border-box; color: #000000;\">Temperatura de operaci\u00f3n: -30\u00b0C a 65\u00b0C \/\u00a0Humedad al 90% m\u00e1ximo.<\/span><\/p>\n<\/li>\n<li style=\"box-sizing: border-box; margin: 0px 0px 10px;\"><span style=\"color: #000000;\">Uso en interior \/ Exterior (IP66).<\/span><\/li>\n<li style=\"box-sizing: border-box; margin: 0px 0px 10px;\"><span style=\"color: #000000;\">Antivandalismo (IK10).<\/span><\/li>\n<li style=\"box-sizing: border-box;\">\n<p style=\"box-sizing: border-box; margin: 0px 0px 10px;\"><span style=\"box-sizing: border-box; color: #000000;\">Protecci\u00f3n contra sobretensiones y protecci\u00f3n contra voltajes transitorios.<\/span><\/p>\n<\/li>\n<li style=\"box-sizing: border-box;\">\n<p style=\"box-sizing: border-box; margin: 0px 0px 10px;\"><span style=\"box-sizing: border-box; color: #000000;\">Dimensiones: 220\u00a0x 280\u00a0mm<\/span><\/p>\n<\/li>\n<li style=\"box-sizing: border-box;\">\n<p style=\"box-sizing: border-box; margin: 0px 0px 10px;\"><span style=\"box-sizing: border-box; color: #000000;\">Peso: 3\u00a0kgs.<\/span><\/p>\n<\/li>\n<li style=\"box-sizing: border-box; margin: 0px 0px 10px;\"><span style=\"color: #000000;\"><strong style=\"box-sizing: border-box;\"><span style=\"box-sizing: border-box;\">Garant\u00eda: 2 a\u00f1os.<\/span><\/strong><\/span><\/li>\n<li style=\"box-sizing: border-box; margin: 0px 0px 10px;\"><span style=\"color: #000000;\"><strong style=\"box-sizing: border-box;\"><span style=\"box-sizing: border-box;\">El PTZ incluye fuente de alimentacion (24 Vca) y brazo de pared (DS-1602ZJ).<\/span><\/strong><\/span><\/li>\n<\/ul>\n<p>&nbsp;<\/p>\n<div>\n<div>\n<div>\n<div>\n<p style=\"color: #848282; font-family: tahoma, verdana, arial; font-size: 11px;\" align=\"justify\"><span style=\"color: #ff0000;\"><strong><span style=\"font-size: xx-large;\">DUDAS?<\/span><\/strong><\/span><\/p>\n<p style=\"color: #848282; font-family: tahoma, verdana, arial; font-size: 11px;\" align=\"justify\"><span style=\"color: #ff6600; font-size: medium;\"><strong>Llamenos GRATIS NACIONAL al\u00a0 01-81-1522-9255<\/strong><\/span><\/p>\n<p style=\"color: #848282; font-family: tahoma, verdana, arial; font-size: 11px;\"><span style=\"color: #ada96e;\">En algunas ocasiones nuestros inventarios pueden moverse y no tener en existencia alg\u00fan producto. Llamenos o escribanos para confirmar si ese articulo que busca lo tenemos o quizas podamos sugerir algun otro.<br \/>\nUtilice la<\/span>\u00a0<strong>AYUDA EN LINEA<\/strong><\/p>\n<p><span style=\"color: #f87217; font-family: tahoma, verdana, arial; font-size: 11px;\">Por favor tome un minuto y revise nuestras POLITICAS de venta al calce de la pagina.<\/span><\/p>\n<\/div>\n<\/div>\n<\/div>\n<\/div>\n","protected":false},"excerpt":{"rendered":"<p>DS-2DE5232W-AE HIKVISION PTZ IP 2MP \/ H.265+ \/ 32X Zoom \/ D\u00eda-Noche ICR Real \/ WDR \/ PoE+ \/ IP66 \/ IK10 \/ 60 IPS \/ Ultra Baja Iluminaci\u00f3n Caracter\u00edsticas principales: Resoluci\u00f3n maxima: 1920 x 1080 ( 2 Megapixel). Iluminaci\u00f3n m\u00ednima: color 0.005 Lux @ (F1.6, AGC ON). Iluminaci\u00f3n m\u00ednima: B\/N\u00a00.001\u00a0Lux @ (F1.6, AGC ON). [&hellip;]<\/p>\n","protected":false},"featured_media":7984,"template":"","meta":{"_acf_changed":false},"product_brand":[],"product_cat":[51,54],"product_tag":[],"berocket_brand":[],"class_list":{"0":"post-5299","1":"product","2":"type-product","3":"status-publish","4":"has-post-thumbnail","6":"product_cat-camaras-i-p","7":"product_cat-pt-ptz","9":"first","10":"instock","11":"taxable","12":"shipping-taxable","13":"purchasable","14":"product-type-simple","15":"berocket_lgv_grid","16":"berocket_lgv_list_grid"},"acf":[],"aioseo_notices":[],"_links":{"self":[{"href":"https:\/\/todoenseguridad.com\/site\/wp-json\/wp\/v2\/product\/5299","targetHints":{"allow":["GET"]}}],"collection":[{"href":"https:\/\/todoenseguridad.com\/site\/wp-json\/wp\/v2\/product"}],"about":[{"href":"https:\/\/todoenseguridad.com\/site\/wp-json\/wp\/v2\/types\/product"}],"wp:featuredmedia":[{"embeddable":true,"href":"https:\/\/todoenseguridad.com\/site\/wp-json\/wp\/v2\/media\/7984"}],"wp:attachment":[{"href":"https:\/\/todoenseguridad.com\/site\/wp-json\/wp\/v2\/media?parent=5299"}],"wp:term":[{"taxonomy":"product_brand","embeddable":true,"href":"https:\/\/todoenseguridad.com\/site\/wp-json\/wp\/v2\/product_brand?post=5299"},{"taxonomy":"product_cat","embeddable":true,"href":"https:\/\/todoenseguridad.com\/site\/wp-json\/wp\/v2\/product_cat?post=5299"},{"taxonomy":"product_tag","embeddable":true,"href":"https:\/\/todoenseguridad.com\/site\/wp-json\/wp\/v2\/product_tag?post=5299"},{"taxonomy":"berocket_brand","embeddable":true,"href":"https:\/\/todoenseguridad.com\/site\/wp-json\/wp\/v2\/berocket_brand?post=5299"}],"curies":[{"name":"wp","href":"https:\/\/api.w.org\/{rel}","templated":true}]}}