{"id":5276,"date":"2020-07-10T20:10:21","date_gmt":"2020-07-11T01:10:21","guid":{"rendered":"https:\/\/todoenseguridad.com\/site\/producto\/xnd-6011f-samsung-camara-domo-interior-para-plafa%c2%b3n-2mp\/"},"modified":"2026-03-25T16:04:28","modified_gmt":"2026-03-25T21:04:28","slug":"xnd-6011f-samsung-camara-domo-interior-para-plafa%c2%b3n-2mp","status":"publish","type":"product","link":"https:\/\/todoenseguridad.com\/site\/producto\/xnd-6011f-samsung-camara-domo-interior-para-plafa%c2%b3n-2mp\/","title":{"rendered":"XND-6011F HANWHA VISION Camara Domo Interior para Plafon 2MP\/ H.265"},"content":{"rendered":"<p><!--?xml version=\"1.0\" encoding=\"utf-8\"?--><\/p>\n<h2 id=\"product_title_140001\" class=\"no_margin_top titulo_vista_producto\"><span style=\"color: #0000ff;\"><span class=\"modelo-marca\">XND-6011F <\/span> <span class=\"modelo-marca\">SAMSUNG <\/span>C\u00e1mara Domo Interior para Plaf\u00f3n 2MP \/ 2.8mm \/ WDR 150db \/ H.265 &amp; WiseStream \/ HLC<\/span><\/h2>\n<p><span style=\"color: #000000;\"><strong style=\"box-sizing: border-box; line-height: inherit; font-family: MyriadProRegular_0, Helvetica, Arial, sans-serif; font-size: 16px; background-color: #fcfcfc;\">Caracter\u00edsticas principales<\/strong><\/span><\/p>\n<ul>\n<li><span style=\"color: #000000;\">Resoluci\u00f3n 2MP @ 60fps<\/span><\/li>\n<li><span style=\"color: #000000;\">Compatible con c\u00f3decs H.265\/H.264\/MJPEG<\/span><\/li>\n<li><span style=\"color: #000000;\">Lente fijo 2.8mm<\/span><\/li>\n<li><span style=\"color: #000000;\">Wide Dynamic Range (WDR) 150dB<\/span><\/li>\n<li><span style=\"color: #000000;\">Estabilizaci\u00f3n digital de imagen<\/span><\/li>\n<li><span style=\"color: #000000;\">Microfono interconstruido<\/span><\/li>\n<li><span style=\"color: #000000;\">Soporta Memoria SD \/ SDCH \/ SDXC (Max. 256GB)<\/span><\/li>\n<li><span style=\"color: #000000;\">Alimentacion:\u00a0PoE<\/span><\/li>\n<\/ul>\n<h3 style=\"box-sizing: border-box; margin: 0px; padding: 0px 0px 19px 25px; position: relative; width: 432px; height: 33px;\"><strong><span style=\"color: #000000;\">3 A\u00f1os de garant\u00eda<\/span><br \/>\n<\/strong><\/h3>\n<p>&nbsp;<\/p>\n<div>\n<div>\n<div>\n<div>\n<p style=\"color: #848282; font-family: tahoma, verdana, arial; font-size: 11px;\" align=\"justify\"><span style=\"color: #ff0000;\"><strong><span style=\"font-size: xx-large;\">DUDAS?<\/span><\/strong><\/span><\/p>\n<p style=\"color: #848282; font-family: tahoma, verdana, arial; font-size: 11px;\" align=\"justify\"><span style=\"color: #ff6600; font-size: medium;\"><strong>Llamenos GRATIS NACIONAL al\u00a0 01-81-1522-9255<\/strong><\/span><\/p>\n<p style=\"color: #848282; font-family: tahoma, verdana, arial; font-size: 11px;\"><span style=\"color: #ada96e;\">En algunas ocasiones nuestros inventarios pueden moverse y no tener en existencia alg\u00fan producto. Llamenos o escribanos para confirmar si ese articulo que busca lo tenemos o quizas podamos sugerir algun otro.<br \/>\nUtilice la<\/span>\u00a0<strong>AYUDA EN LINEA<\/strong><\/p>\n<p><span style=\"color: #f87217; font-family: tahoma, verdana, arial; font-size: 11px;\">Por favor tome un minuto y revise nuestras POLITICAS de venta al calce de la pagina.<\/span><\/p>\n<\/div>\n<\/div>\n<\/div>\n<\/div>\n<p>&nbsp;<\/p>\n<p>&nbsp;<\/p>\n","protected":false},"excerpt":{"rendered":"<p>XND-6011F SAMSUNG C\u00e1mara Domo Interior para Plaf\u00f3n 2MP \/ 2.8mm \/ WDR 150db \/ H.265 &amp; WiseStream \/ HLC Caracter\u00edsticas principales Resoluci\u00f3n 2MP @ 60fps Compatible con c\u00f3decs H.265\/H.264\/MJPEG Lente fijo 2.8mm Wide Dynamic Range (WDR) 150dB Estabilizaci\u00f3n digital de imagen Microfono interconstruido Soporta Memoria SD \/ SDCH \/ SDXC (Max. 256GB) Alimentacion:\u00a0PoE 3 A\u00f1os [&hellip;]<\/p>\n","protected":false},"featured_media":6829,"template":"","meta":{"_acf_changed":false},"product_brand":[],"product_cat":[51,53],"product_tag":[],"berocket_brand":[],"class_list":{"0":"post-5276","1":"product","2":"type-product","3":"status-publish","4":"has-post-thumbnail","6":"product_cat-camaras-i-p","7":"product_cat-domo","9":"first","10":"instock","11":"taxable","12":"shipping-taxable","13":"purchasable","14":"product-type-simple","15":"berocket_lgv_grid","16":"berocket_lgv_list_grid"},"acf":[],"aioseo_notices":[],"_links":{"self":[{"href":"https:\/\/todoenseguridad.com\/site\/wp-json\/wp\/v2\/product\/5276","targetHints":{"allow":["GET"]}}],"collection":[{"href":"https:\/\/todoenseguridad.com\/site\/wp-json\/wp\/v2\/product"}],"about":[{"href":"https:\/\/todoenseguridad.com\/site\/wp-json\/wp\/v2\/types\/product"}],"wp:featuredmedia":[{"embeddable":true,"href":"https:\/\/todoenseguridad.com\/site\/wp-json\/wp\/v2\/media\/6829"}],"wp:attachment":[{"href":"https:\/\/todoenseguridad.com\/site\/wp-json\/wp\/v2\/media?parent=5276"}],"wp:term":[{"taxonomy":"product_brand","embeddable":true,"href":"https:\/\/todoenseguridad.com\/site\/wp-json\/wp\/v2\/product_brand?post=5276"},{"taxonomy":"product_cat","embeddable":true,"href":"https:\/\/todoenseguridad.com\/site\/wp-json\/wp\/v2\/product_cat?post=5276"},{"taxonomy":"product_tag","embeddable":true,"href":"https:\/\/todoenseguridad.com\/site\/wp-json\/wp\/v2\/product_tag?post=5276"},{"taxonomy":"berocket_brand","embeddable":true,"href":"https:\/\/todoenseguridad.com\/site\/wp-json\/wp\/v2\/berocket_brand?post=5276"}],"curies":[{"name":"wp","href":"https:\/\/api.w.org\/{rel}","templated":true}]}}