{"id":5234,"date":"2020-07-10T20:10:19","date_gmt":"2020-07-11T01:10:19","guid":{"rendered":"https:\/\/todoenseguridad.com\/site\/producto\/samsung-lno-6070r-camara-bala-exterior-2mp\/"},"modified":"2026-03-25T16:08:55","modified_gmt":"2026-03-25T21:08:55","slug":"samsung-lno-6070r-camara-bala-exterior-2mp","status":"publish","type":"product","link":"https:\/\/todoenseguridad.com\/site\/producto\/samsung-lno-6070r-camara-bala-exterior-2mp\/","title":{"rendered":"LNO-6070R HANWHA VISION Camara Bala Exterior 2MP\/ IR 30M\/ IP66"},"content":{"rendered":"<p><!--?xml version=\"1.0\" encoding=\"utf-8\"?--><\/p>\n<h2 id=\"product_title_157853\" class=\"no_margin_top titulo_vista_producto\"><span style=\"color: #0000ff;\"><span class=\"modelo-marca\">LNO-6070R<span class=\"modelo-marca\"> SAMSUNG<\/span> <\/span>C\u00e1mara Bala Exterior 2MP \/ Lente Varifocal 3.2 -10mm \/ IR 30M \/ WDR 120db \/ IP66<\/span><\/h2>\n<p style=\"box-sizing: border-box; margin: 5px; font-size: 14px; padding: 0px; border: 0px none; vertical-align: baseline; font-family: Arial, 'Helvetica Neue', Helvetica, sans-serif; color: #010101; line-height: 18px; width: 440px;\"><strong style=\"box-sizing: border-box; margin: 0px; padding: 0px; border: 0px none; vertical-align: baseline;\">Caracter\u00edsticas de la c\u00e1mara:<\/strong><\/p>\n<ul style=\"box-sizing: border-box; font-size: 14px; padding: inherit; border: 0px none; vertical-align: baseline; list-style: inherit; color: #000000; font-family: Arial, 'Helvetica Neue', Helvetica, sans-serif; margin: inherit inherit inherit 30px;\">\n<li style=\"box-sizing: border-box; margin: 0px; padding: 0px; border: 0px none; vertical-align: baseline;\">\n<p style=\"box-sizing: border-box; margin: 5px; padding: 0px; border: 0px none; vertical-align: baseline; color: #010101; line-height: 18px; width: 410px;\">Sensor de imagen: 1\/2.9\u00a0CMOS Scan Progresivo.<\/p>\n<\/li>\n<li style=\"box-sizing: border-box; margin: 0px; padding: 0px; border: 0px none; vertical-align: baseline;\">\n<p style=\"box-sizing: border-box; margin: 5px; padding: 0px; border: 0px none; vertical-align: baseline; color: #010101; line-height: 18px; width: 410px;\">Iluminaci\u00f3n m\u00ednima: Color: 0.095Lux, B\/N: 0Lux con\u00a0IR encendido.<\/p>\n<\/li>\n<li style=\"box-sizing: border-box; margin: 0px; padding: 0px; border: 0px none; vertical-align: baseline;\">\n<p style=\"box-sizing: border-box; margin: 5px; padding: 0px; border: 0px none; vertical-align: baseline; color: #010101; line-height: 18px; width: 410px;\">D\u00eda \/ Noche real con filtro ICR.<\/p>\n<\/li>\n<li style=\"box-sizing: border-box; margin: 0px; padding: 0px; border: 0px none; vertical-align: baseline;\">\n<p style=\"box-sizing: border-box; margin: 5px; padding: 0px; border: 0px none; vertical-align: baseline; color: #010101; line-height: 18px; width: 410px;\">Lente Varifocal: 3.2\u00a0a 10 mm.<\/p>\n<\/li>\n<li style=\"box-sizing: border-box; margin: 0px; padding: 0px; border: 0px none; vertical-align: baseline;\">\n<p style=\"box-sizing: border-box; margin: 5px; padding: 0px; border: 0px none; vertical-align: baseline; color: #010101; line-height: 18px; width: 410px;\">Distancia de IR: 30m IR inteligente.<\/p>\n<\/li>\n<li style=\"box-sizing: border-box; margin: 0px; padding: 0px; border: 0px none; vertical-align: baseline;\">\n<p style=\"box-sizing: border-box; margin: 5px; padding: 0px; border: 0px none; vertical-align: baseline; color: #010101; line-height: 18px; width: 410px;\">Funciones:\u00a0WDR real (120dB).<\/p>\n<\/li>\n<\/ul>\n<p style=\"box-sizing: border-box; margin: 5px; font-size: 14px; padding: 0px; border: 0px none; vertical-align: baseline; font-family: Arial, 'Helvetica Neue', Helvetica, sans-serif; color: #010101; line-height: 18px; width: 440px;\"><strong style=\"box-sizing: border-box; margin: 0px; padding: 0px; border: 0px none; vertical-align: baseline;\">Compresi\u00f3n de v\u00eddeo y resoluci\u00f3n m\u00e1xima:<\/strong><\/p>\n<ul style=\"padding: inherit; box-sizing: border-box; font-size: 14px; border: 0px none; vertical-align: baseline; list-style: inherit; color: #010101; font-family: Arial, 'Helvetica Neue', Helvetica, sans-serif; margin: inherit inherit inherit 30px;\">\n<li style=\"box-sizing: border-box; margin: 0px; padding: 0px; border: 0px none; vertical-align: baseline;\">\n<p style=\"box-sizing: border-box; margin: 5px; padding: 0px; border: 0px none; vertical-align: baseline; line-height: 18px; width: 410px;\">Resoluci\u00f3n m\u00e1xima: 2 Megap\u00edxel (1920 x 1080) a 30FPS.<\/p>\n<\/li>\n<li style=\"box-sizing: border-box; margin: 0px; padding: 0px; border: 0px none; vertical-align: baseline;\">\n<p style=\"box-sizing: border-box; margin: 5px; padding: 0px; border: 0px none; vertical-align: baseline; line-height: 18px; width: 410px;\">Compresi\u00f3n: H.264, MJPEG.<\/p>\n<\/li>\n<li style=\"box-sizing: border-box; margin: 0px; padding: 0px; border: 0px none; vertical-align: baseline;\">\n<p style=\"box-sizing: border-box; margin: 5px; padding: 0px; border: 0px none; vertical-align: baseline; line-height: 18px; width: 410px;\">ONVIF: Profile S\/G, SUNAPI (HTTP API).<\/p>\n<\/li>\n<\/ul>\n<p style=\"box-sizing: border-box; margin: 5px; font-size: 14px; padding: 0px; border: 0px none; vertical-align: baseline; font-family: Arial, 'Helvetica Neue', Helvetica, sans-serif; color: #010101; line-height: 18px; width: 440px;\"><strong style=\"box-sizing: border-box; margin: 0px; padding: 0px; border: 0px none; vertical-align: baseline;\">Funciones de red y almacenamiento:<\/strong><\/p>\n<ul style=\"box-sizing: border-box; font-size: 14px; padding: inherit; border: 0px none; vertical-align: baseline; list-style: inherit; color: #010101; font-family: Arial, 'Helvetica Neue', Helvetica, sans-serif; margin: inherit inherit inherit 30px;\">\n<li style=\"box-sizing: border-box; margin: 0px; padding: 0px; border: 0px none; vertical-align: baseline;\">\n<p style=\"box-sizing: border-box; margin: 5px; padding: 0px; border: 0px none; vertical-align: baseline; line-height: 18px; width: 410px;\">Almacenamiento: Soporta microSD de hasta 32GB (no incluida).<\/p>\n<\/li>\n<li style=\"box-sizing: border-box; margin: 0px; padding: 0px; border: 0px none; vertical-align: baseline;\">\n<p style=\"box-sizing: border-box; margin: 5px; padding: 0px; border: 0px none; vertical-align: baseline; line-height: 18px; width: 410px;\">ONVIF: PROFILE S, PROFILE G, PSIA, CGI, ISAPI.<\/p>\n<\/li>\n<\/ul>\n<p style=\"box-sizing: border-box; margin: 5px; font-size: 14px; padding: 0px; border: 0px none; vertical-align: baseline; font-family: Arial, 'Helvetica Neue', Helvetica, sans-serif; color: #010101; line-height: 18px; width: 440px;\"><strong style=\"box-sizing: border-box; margin: 0px; padding: 0px; border: 0px none; vertical-align: baseline;\">Caracter\u00edsticas f\u00edsicas y el\u00e9ctricas:<\/strong><\/p>\n<ul style=\"box-sizing: border-box; font-size: 14px; padding: inherit; border: 0px none; vertical-align: baseline; list-style: inherit; color: #000000; font-family: Arial, 'Helvetica Neue', Helvetica, sans-serif; margin: inherit inherit inherit 30px;\">\n<li style=\"box-sizing: border-box; margin: 0px; padding: 0px; border: 0px none; vertical-align: baseline;\">\n<p style=\"box-sizing: border-box; margin: 5px; padding: 0px; border: 0px none; vertical-align: baseline; color: #010101; line-height: 18px; width: 410px;\">Temperatura de operaci\u00f3n:\u00a0-30 a 55\u00a0\u00b0C, humedad menor a 90%.<\/p>\n<\/li>\n<li style=\"box-sizing: border-box; margin: 0px; padding: 0px; border: 0px none; vertical-align: baseline;\">\u00a0Alimentaci\u00f3n: PoE (802.3af) \/ 6.5\u00a0W.<\/li>\n<li style=\"box-sizing: border-box; margin: 0px; padding: 0px; border: 0px none; vertical-align: baseline;\">\n<p style=\"box-sizing: border-box; margin: 5px; padding: 0px; border: 0px none; vertical-align: baseline; color: #010101; line-height: 18px; width: 410px;\">Protecci\u00f3n: IP66.<\/p>\n<\/li>\n<li style=\"box-sizing: border-box; margin: 0px; padding: 0px; border: 0px none; vertical-align: baseline;\">\n<p style=\"box-sizing: border-box; margin: 5px; padding: 0px; border: 0px none; vertical-align: baseline; color: #010101; line-height: 18px; width: 410px;\">Dimensiones: 78\u00a0\u00d7 262\u00a0mm.<\/p>\n<\/li>\n<li style=\"box-sizing: border-box; margin: 0px; padding: 0px; border: 0px none; vertical-align: baseline;\">\n<p style=\"box-sizing: border-box; margin: 5px; padding: 0px; border: 0px none; vertical-align: baseline; color: #010101; line-height: 18px; width: 410px;\">Peso: 380 g.<\/p>\n<\/li>\n<\/ul>\n<p style=\"box-sizing: border-box; margin: 5px; font-size: 14px; padding: 0px; border: 0px none; vertical-align: baseline; font-family: Arial, 'Helvetica Neue', Helvetica, sans-serif; color: #010101; line-height: 18px; width: 440px;\"><strong style=\"box-sizing: border-box; margin: 0px; padding: 0px; border: 0px none; vertical-align: baseline;\">Garant\u00eda: 3\u00a0a\u00f1os.<\/strong><\/p>\n<div>\n<div>\n<div>\n<div>\n<p style=\"color: #848282; font-family: tahoma, verdana, arial; font-size: 11px;\" align=\"justify\"><span style=\"color: #ff0000;\"><strong><span style=\"font-size: xx-large;\">DUDAS?<\/span><\/strong><\/span><\/p>\n<p style=\"color: #848282; font-family: tahoma, verdana, arial; font-size: 11px;\" align=\"justify\"><span style=\"color: #ff6600; font-size: medium;\"><strong>Llamenos GRATIS NACIONAL al\u00a0 01-81-1522-9255<\/strong><\/span><\/p>\n<p style=\"color: #848282; font-family: tahoma, verdana, arial; font-size: 11px;\"><span style=\"color: #ada96e;\">En algunas ocasiones nuestros inventarios pueden moverse y no tener en existencia alg\u00fan producto. Llamenos o escribanos para confirmar si ese articulo que busca lo tenemos o quizas podamos sugerir algun otro.<br \/>\nUtilice la<\/span>\u00a0<strong>AYUDA EN LINEA<\/strong><\/p>\n<p><span style=\"color: #f87217; font-family: tahoma, verdana, arial; font-size: 11px;\">Por favor tome un minuto y revise nuestras POLITICAS de venta al calce de la pagina.<\/span><\/p>\n<\/div>\n<\/div>\n<\/div>\n<\/div>\n<p>&nbsp;<\/p>\n<p>&nbsp;<\/p>\n","protected":false},"excerpt":{"rendered":"<p>LNO-6070R SAMSUNG C\u00e1mara Bala Exterior 2MP \/ Lente Varifocal 3.2 -10mm \/ IR 30M \/ WDR 120db \/ IP66 Caracter\u00edsticas de la c\u00e1mara: Sensor de imagen: 1\/2.9\u00a0CMOS Scan Progresivo. Iluminaci\u00f3n m\u00ednima: Color: 0.095Lux, B\/N: 0Lux con\u00a0IR encendido. D\u00eda \/ Noche real con filtro ICR. Lente Varifocal: 3.2\u00a0a 10 mm. Distancia de IR: 30m IR inteligente. [&hellip;]<\/p>\n","protected":false},"featured_media":8737,"template":"","meta":{"_acf_changed":false},"product_brand":[],"product_cat":[52,51],"product_tag":[],"berocket_brand":[],"class_list":{"0":"post-5234","1":"product","2":"type-product","3":"status-publish","4":"has-post-thumbnail","6":"product_cat-bullet","7":"product_cat-camaras-i-p","9":"first","10":"instock","11":"taxable","12":"shipping-taxable","13":"purchasable","14":"product-type-simple","15":"berocket_lgv_grid","16":"berocket_lgv_list_grid"},"acf":[],"aioseo_notices":[],"_links":{"self":[{"href":"https:\/\/todoenseguridad.com\/site\/wp-json\/wp\/v2\/product\/5234","targetHints":{"allow":["GET"]}}],"collection":[{"href":"https:\/\/todoenseguridad.com\/site\/wp-json\/wp\/v2\/product"}],"about":[{"href":"https:\/\/todoenseguridad.com\/site\/wp-json\/wp\/v2\/types\/product"}],"wp:featuredmedia":[{"embeddable":true,"href":"https:\/\/todoenseguridad.com\/site\/wp-json\/wp\/v2\/media\/8737"}],"wp:attachment":[{"href":"https:\/\/todoenseguridad.com\/site\/wp-json\/wp\/v2\/media?parent=5234"}],"wp:term":[{"taxonomy":"product_brand","embeddable":true,"href":"https:\/\/todoenseguridad.com\/site\/wp-json\/wp\/v2\/product_brand?post=5234"},{"taxonomy":"product_cat","embeddable":true,"href":"https:\/\/todoenseguridad.com\/site\/wp-json\/wp\/v2\/product_cat?post=5234"},{"taxonomy":"product_tag","embeddable":true,"href":"https:\/\/todoenseguridad.com\/site\/wp-json\/wp\/v2\/product_tag?post=5234"},{"taxonomy":"berocket_brand","embeddable":true,"href":"https:\/\/todoenseguridad.com\/site\/wp-json\/wp\/v2\/berocket_brand?post=5234"}],"curies":[{"name":"wp","href":"https:\/\/api.w.org\/{rel}","templated":true}]}}