{"id":5223,"date":"2020-07-10T20:10:18","date_gmt":"2020-07-11T01:10:18","guid":{"rendered":"https:\/\/todoenseguridad.com\/site\/producto\/hikvision-ipc-b140h-hilook-series-bala-ip-4mp\/"},"modified":"2025-02-20T12:14:11","modified_gmt":"2025-02-20T17:14:11","slug":"hikvision-ipc-b140h-hilook-series-bala-ip-4mp","status":"publish","type":"product","link":"https:\/\/todoenseguridad.com\/site\/producto\/hikvision-ipc-b140h-hilook-series-bala-ip-4mp\/","title":{"rendered":"IPC-B140H HIKVISION HiLook Series \/ Bala IP 4MP\/ IP67\/ PoE"},"content":{"rendered":"<p><!--?xml version=\"1.0\" encoding=\"utf-8\"?--><\/p>\n<h2 id=\"product_title_143299\" class=\"no_margin_top titulo_vista_producto\"><span style=\"color: #0000ff;\"><span class=\"modelo-marca\">IPC-B140H <\/span><\/span><span style=\"color: #0000ff;\"><span class=\"modelo-marca\"><span class=\"modelo-marca\">HIKVISION<\/span> <\/span>HiLook Series \/ Bala IP 4MP \/ 30 mts IR \/ Exterior IP67 \/ PoE \/ dWDR \/ Lente 2.8 mm<\/span><\/h2>\n<p><span style=\"box-sizing: border-box; color: black;\"><strong style=\"box-sizing: border-box;\">Caracter\u00edsticas pr<span style=\"color: #000000;\">incipales:<\/span><\/strong><\/span><\/p>\n<ul style=\"box-sizing: border-box; margin-top: 0px; margin-bottom: 10px; font-family: 'Helvetica Neue', Helvetica, Arial, sans-serif; font-size: 14px;\">\n<li style=\"box-sizing: border-box;\">\n<p style=\"box-sizing: border-box; margin: 0px 0px 10px;\"><span style=\"box-sizing: border-box; color: #000000;\">Resoluci\u00f3n maxima: 2560\u00a0x 1440\u00a0( 4\u00a0Megapixel).<\/span><\/p>\n<\/li>\n<li style=\"box-sizing: border-box;\">\n<p style=\"box-sizing: border-box; margin: 0px 0px 10px;\"><span style=\"box-sizing: border-box; color: #000000;\">Iluminaci\u00f3n m\u00ednima: color 0.01\u00a0Lux @ (F1.2, AGC ON).<\/span><\/p>\n<\/li>\n<li style=\"box-sizing: border-box;\">\n<p style=\"box-sizing: border-box; margin: 0px 0px 10px;\"><span style=\"box-sizing: border-box; color: #000000;\">Iluminaci\u00f3n m\u00ednima: B\/N\u00a00.028 Lux con IR.<\/span><\/p>\n<\/li>\n<li style=\"box-sizing: border-box;\">\n<p style=\"box-sizing: border-box; margin: 0px 0px 10px;\"><span style=\"box-sizing: border-box; color: #000000;\">D\u00eda \/ Noche Real\u00a0(filtro ICR).<\/span><\/p>\n<\/li>\n<li style=\"box-sizing: border-box;\">\n<p style=\"box-sizing: border-box; margin: 0px 0px 10px;\"><span style=\"box-sizing: border-box; color: #000000;\">Distancia focal: 2.8 mm (gran angular).<\/span><\/p>\n<\/li>\n<li style=\"box-sizing: border-box;\">\n<p style=\"box-sizing: border-box; margin: 0px 0px 10px;\"><span style=\"box-sizing: border-box; color: #000000;\">Distancia de infrarrojo: 30\u00a0mts\u00a0Smart IR.<\/span><\/p>\n<\/li>\n<li style=\"box-sizing: border-box; margin: 0px 0px 10px;\">\n<p style=\"box-sizing: border-box; margin: 0px 0px 10px;\"><span style=\"box-sizing: border-box; color: #000000;\">Funciones normales<strong style=\"box-sizing: border-box;\">:<\/strong>\u00a0dWDR \/ BLC\u00a0\/ 3D-DNR.<\/span><\/p>\n<\/li>\n<li style=\"box-sizing: border-box;\">\n<p style=\"box-sizing: border-box; margin: 0px 0px 10px;\"><span style=\"color: #000000;\">Compresi\u00f3n: H.265+ \/ H.265 \/ H.264+ \/ H.264.<\/span><\/p>\n<\/li>\n<li style=\"box-sizing: border-box;\">\n<p style=\"box-sizing: border-box; margin: 0px 0px 10px;\"><span style=\"color: #000000;\">Compatible con la plataforma de Hik-Connect.<\/span><\/p>\n<\/li>\n<\/ul>\n<p style=\"box-sizing: border-box; margin: 0px 0px 10px; font-family: 'Helvetica Neue', Helvetica, Arial, sans-serif; font-size: 14px;\"><span style=\"box-sizing: border-box; color: #000000;\"><strong style=\"box-sizing: border-box;\">Caracter\u00edsticas Generales:<\/strong>\u00e2\u20ac\u2039<\/span><\/p>\n<ul style=\"box-sizing: border-box; margin-top: 0px; margin-bottom: 10px; font-family: 'Helvetica Neue', Helvetica, Arial, sans-serif; font-size: 14px;\">\n<li style=\"box-sizing: border-box;\">\n<p style=\"box-sizing: border-box; margin: 0px 0px 10px;\"><span style=\"color: #000000;\"><span style=\"box-sizing: border-box;\">Main Stream: 2<\/span>0 fps (2560\u00a0\u00d7 1440), 30 fps (2304 x 1296, 1920 x 1080, 1280 x 720).<\/span><\/p>\n<\/li>\n<li style=\"box-sizing: border-box;\">\n<p style=\"box-sizing: border-box; margin: 0px 0px 10px;\"><span style=\"color: #000000;\">Sub Steam: 30fps (640 \u00d7 480, 640 \u00d7 360, 320 \u00d7 240).<\/span><\/p>\n<\/li>\n<li style=\"box-sizing: border-box;\">\n<p style=\"box-sizing: border-box; margin: 0px 0px 10px;\"><span style=\"color: #000000;\">Soporta hasta 6\u00a0usuarios simult\u00e1neos.<\/span><\/p>\n<\/li>\n<\/ul>\n<p style=\"box-sizing: border-box; margin: 0px 0px 10px; font-family: 'Helvetica Neue', Helvetica, Arial, sans-serif; font-size: 14px;\"><span style=\"color: #000000;\"><strong style=\"box-sizing: border-box;\">Entradas y Salidas de Audio \/ Alarmas \/ Almacenamiento \/ Red:<\/strong><\/span><\/p>\n<ul style=\"box-sizing: border-box; margin-top: 0px; margin-bottom: 10px; font-family: 'Helvetica Neue', Helvetica, Arial, sans-serif; font-size: 14px;\">\n<li style=\"box-sizing: border-box;\">\n<p style=\"box-sizing: border-box; margin: 0px 0px 10px;\"><span style=\"color: #000000;\">Entradas de alarma: N\/A.<\/span><\/p>\n<\/li>\n<li style=\"box-sizing: border-box;\">\n<p style=\"box-sizing: border-box; margin: 0px 0px 10px;\"><span style=\"color: #000000;\">Salidas de alarma:\u00a0<span style=\"box-sizing: border-box;\">N\/A<\/span>.<\/span><\/p>\n<\/li>\n<li style=\"box-sizing: border-box;\">\n<p style=\"box-sizing: border-box; margin: 0px 0px 10px;\"><span style=\"color: #000000;\">Entradas de audio:\u00a0<span style=\"box-sizing: border-box;\">N\/A<\/span>.<\/span><\/p>\n<\/li>\n<li style=\"box-sizing: border-box;\">\n<p style=\"box-sizing: border-box; margin: 0px 0px 10px;\"><span style=\"color: #000000;\">Salidas de audio:\u00a0<span style=\"box-sizing: border-box;\">N\/A<\/span>.<\/span><\/p>\n<\/li>\n<li style=\"box-sizing: border-box;\">\n<p style=\"box-sizing: border-box; margin: 0px 0px 10px;\"><span style=\"color: #000000;\">Puerto de red: 1 ( 10 \/ 100 Mbps\u00a0).<\/span><\/p>\n<\/li>\n<li style=\"box-sizing: border-box;\">\n<p style=\"box-sizing: border-box; margin: 0px 0px 10px;\"><span style=\"color: #000000;\">Soporta Onvif Profile S &#8211; G \/ ISAPI.<\/span><\/p>\n<\/li>\n<\/ul>\n<p style=\"box-sizing: border-box; margin: 0px 0px 10px; font-family: 'Helvetica Neue', Helvetica, Arial, sans-serif; font-size: 14px;\"><span style=\"box-sizing: border-box; color: #000000;\"><strong style=\"box-sizing: border-box;\">Caracter\u00edsticas F\u00edsicas y El\u00e9ctricas:<\/strong><\/span><\/p>\n<ul style=\"box-sizing: border-box; margin-top: 0px; margin-bottom: 10px; font-family: 'Helvetica Neue', Helvetica, Arial, sans-serif; font-size: 14px;\">\n<li style=\"box-sizing: border-box;\">\n<p style=\"box-sizing: border-box; margin: 0px 0px 10px;\"><span style=\"box-sizing: border-box; color: #000000;\">Alimentaci\u00f3n: 12 Vcd \/ 7\u00a0W \/ PoE (802.3 af).<\/span><\/p>\n<\/li>\n<li style=\"box-sizing: border-box;\">\n<p style=\"box-sizing: border-box; margin: 0px 0px 10px;\"><span style=\"box-sizing: border-box; color: #000000;\">Temperatura de operaci\u00f3n: -30\u00b0C a 50\u00b0C \/\u00a0Humedad al 95% m\u00e1ximo.<\/span><\/p>\n<\/li>\n<li style=\"box-sizing: border-box;\">\n<p style=\"box-sizing: border-box; margin: 0px 0px 10px;\"><span style=\"color: #000000;\">Uso en Exterior \/ IP67.<\/span><\/p>\n<\/li>\n<li style=\"box-sizing: border-box;\">\n<p style=\"box-sizing: border-box; margin: 0px 0px 10px;\"><span style=\"color: #000000;\"><span style=\"box-sizing: border-box;\">Protecci\u00f3n contra sobretensiones y protecci\u00f3n contra voltajes transitorios.<\/span><\/span><\/p>\n<\/li>\n<li style=\"box-sizing: border-box; margin: 0px 0px 10px;\">\n<p style=\"box-sizing: border-box; margin: 0px 0px 10px;\"><span style=\"box-sizing: border-box; color: #000000;\">Dimensiones: 70\u00a0x 191.3\u00a0mm<\/span><\/p>\n<\/li>\n<li style=\"box-sizing: border-box; margin: 0px 0px 10px;\">\n<p style=\"box-sizing: border-box; margin: 0px 0px 10px;\"><span style=\"box-sizing: border-box; color: #000000;\">Fabricado en material de metal con base de plastico.\u00a0<\/span><\/p>\n<\/li>\n<li style=\"box-sizing: border-box;\">\n<p style=\"box-sizing: border-box; margin: 0px 0px 10px;\"><span style=\"box-sizing: border-box; color: #000000;\">Peso: 280\u00a0grs.<\/span><\/p>\n<\/li>\n<li style=\"box-sizing: border-box; margin: 0px 0px 10px;\"><span style=\"color: #000000;\"><strong style=\"box-sizing: border-box;\"><span style=\"box-sizing: border-box;\">Garant\u00eda: 1 a\u00f1o.<\/span><\/strong><\/span><\/li>\n<\/ul>\n<p>&nbsp;<\/p>\n<p>&nbsp;<\/p>\n","protected":false},"excerpt":{"rendered":"<p>IPC-B140H HIKVISION HiLook Series \/ Bala IP 4MP \/ 30 mts IR \/ Exterior IP67 \/ PoE \/ dWDR \/ Lente 2.8 mm Caracter\u00edsticas principales: Resoluci\u00f3n maxima: 2560\u00a0x 1440\u00a0( 4\u00a0Megapixel). Iluminaci\u00f3n m\u00ednima: color 0.01\u00a0Lux @ (F1.2, AGC ON). Iluminaci\u00f3n m\u00ednima: B\/N\u00a00.028 Lux con IR. D\u00eda \/ Noche Real\u00a0(filtro ICR). Distancia focal: 2.8 mm (gran angular). [&hellip;]<\/p>\n","protected":false},"featured_media":8580,"template":"","meta":{"_acf_changed":false},"product_brand":[],"product_cat":[52,51],"product_tag":[],"berocket_brand":[],"class_list":{"0":"post-5223","1":"product","2":"type-product","3":"status-publish","4":"has-post-thumbnail","6":"product_cat-bullet","7":"product_cat-camaras-i-p","9":"first","10":"instock","11":"taxable","12":"shipping-taxable","13":"purchasable","14":"product-type-simple","15":"berocket_lgv_grid","16":"berocket_lgv_list_grid"},"acf":[],"aioseo_notices":[],"_links":{"self":[{"href":"https:\/\/todoenseguridad.com\/site\/wp-json\/wp\/v2\/product\/5223","targetHints":{"allow":["GET"]}}],"collection":[{"href":"https:\/\/todoenseguridad.com\/site\/wp-json\/wp\/v2\/product"}],"about":[{"href":"https:\/\/todoenseguridad.com\/site\/wp-json\/wp\/v2\/types\/product"}],"wp:featuredmedia":[{"embeddable":true,"href":"https:\/\/todoenseguridad.com\/site\/wp-json\/wp\/v2\/media\/8580"}],"wp:attachment":[{"href":"https:\/\/todoenseguridad.com\/site\/wp-json\/wp\/v2\/media?parent=5223"}],"wp:term":[{"taxonomy":"product_brand","embeddable":true,"href":"https:\/\/todoenseguridad.com\/site\/wp-json\/wp\/v2\/product_brand?post=5223"},{"taxonomy":"product_cat","embeddable":true,"href":"https:\/\/todoenseguridad.com\/site\/wp-json\/wp\/v2\/product_cat?post=5223"},{"taxonomy":"product_tag","embeddable":true,"href":"https:\/\/todoenseguridad.com\/site\/wp-json\/wp\/v2\/product_tag?post=5223"},{"taxonomy":"berocket_brand","embeddable":true,"href":"https:\/\/todoenseguridad.com\/site\/wp-json\/wp\/v2\/berocket_brand?post=5223"}],"curies":[{"name":"wp","href":"https:\/\/api.w.org\/{rel}","templated":true}]}}