{"id":5151,"date":"2020-07-10T20:05:58","date_gmt":"2020-07-11T01:05:58","guid":{"rendered":"https:\/\/todoenseguridad.com\/site\/producto\/rd5g34-antena-paraba%c2%b3lica-disco-34-dbi-5-1-5-8ghz-doble-polari\/"},"modified":"2026-03-25T16:15:31","modified_gmt":"2026-03-25T21:15:31","slug":"rd5g34-antena-paraba%c2%b3lica-disco-34-dbi-5-1-5-8ghz-doble-polari","status":"publish","type":"product","link":"https:\/\/todoenseguridad.com\/site\/producto\/rd5g34-antena-paraba%c2%b3lica-disco-34-dbi-5-1-5-8ghz-doble-polari\/","title":{"rendered":"RD5G34 Antena parabolica disco 34 dBi, 5.1-5.8GHz, Doble polaridad"},"content":{"rendered":"<p><!--?xml version=\"1.0\" encoding=\"utf-8\"?--><\/p>\n<h3><span style=\"color: #0000ff;\"><strong><span class=\"editable\">RD5G34 <\/span><\/strong>Antena parab\u00f3lica disco 34 dBi, 5.1-5.8GHz, Doble polaridad, Ideal para ROCKETM5<\/span><\/h3>\n<p>&nbsp;<\/p>\n<h3 class=\"page-product-heading\">Informaci\u00f3n<\/h3>\n<p><strong>La RocketDish es una antena parab\u00f3lica Carrier Class est\u00e1 dise\u00f1ada para integrarse perfectamente con los radios Rocket M. <\/strong><\/p>\n<p>El Rocket M y la RocketDish crean aplicaciones PtP potentes con tecnolog\u00eda MIMO 2&#215;2.<\/p>\n<p>Esta perfecta integraci\u00f3n le proporciona a los arquitectos de red una comodidad y flexibilidad incomparable.<\/p>\n<p>A continuaci\u00f3n se presenta un ejemplo de c\u00f3mo implementar los RocketDishes:<\/p>\n<p>&nbsp;<\/p>\n<p align=\"left\"><strong>1 &#8211;<\/strong> Troncales de internet<br \/>\n<strong>2 &#8211;<\/strong> Red ISP<br \/>\n<strong>3 &#8211;<\/strong> RocketDish con Rocket M<br \/>\n<strong>4 &#8211;<\/strong> RocketDish con Rocket M<br \/>\n<strong>5 &#8211;<\/strong> BaseStation AirMax con Rocket M<br \/>\n<strong>6 &#8211;<\/strong> Edificio Corporativo con cliente NanoStation M<br \/>\n<strong>7 &#8211;<\/strong> Casa con cliente NanoStation M<br \/>\n<strong>8 &#8211;<\/strong> PyME con cliente NanoStation<br \/>\n<strong>9 &#8211;<\/strong> Poste de luz con NanoStation M que se conecta en serie con un PicoStation M para crear un punto de acceso inal\u00e1mbrico<\/p>\n<p align=\"left\">\n<p align=\"left\"><strong>Tecnolog\u00eda AirMax integrada<\/strong><\/p>\n<p align=\"left\">A diferencia del protocolo est\u00e1ndar WiFi, el TDMA de Ubiquiti (Time Division Multiple Access) permite que cada cliente env\u00ede y reciba datos usando un tiempo pre-asignado por ranuras programadas por un AP controlador inteligente.<\/p>\n<p align=\"left\">Este m\u00e9todo de \u00abranura de tiempo\u00bb elimina las colisiones de nodos ocultas y maximiza la eficiencia del tiempo aire. Provee muchas magnitudes de mejoras en el desempe\u00f1o de la latencia, del rendimiento y escalabilidad comparado con otros sistemas exteriores de su misma clase.<\/p>\n<p align=\"left\"><strong>QoS Inteligente<\/strong> &#8211; Se le da prioridad a voz\/video para un acceso sin inconvenientes<br \/>\n<strong>Escalabilidad<\/strong> &#8211; Alta capacidad y escalabilidad<br \/>\n<strong>Larga distancia<\/strong> &#8211; Capacidad para enlaces de alta velocidad<br \/>\n<strong>Latencia<\/strong> &#8211; M\u00faltiples funciones que reducen dr\u00e1sticamente el ruido<\/p>\n<p align=\"left\"><strong>F\u00e1cil Instalaci\u00f3n<\/strong><\/p>\n<p align=\"left\">Las antenas RocketDish y los radios Rocket M est\u00e1n dise\u00f1adas para trabajar en conjunto sin ning\u00fan inconveniente.<\/p>\n<p>La instalaci\u00f3n del Rocket M con la RocketDish no requiere de ninguna herramienta especial, simplemente debe encajar correctamente con el soporte universal del Rocket que viene integrado con las antenas.<\/p>\n<p align=\"left\">\n<p>&nbsp;<\/p>\n<div>\n<div>\n<div>\n<div>\n<p style=\"color: #848282; font-family: tahoma, verdana, arial; font-size: 11px;\" align=\"justify\"><span style=\"color: #ff0000;\"><strong><span style=\"font-size: xx-large;\">DUDAS?<\/span><\/strong><\/span><\/p>\n<p style=\"color: #848282; font-family: tahoma, verdana, arial; font-size: 11px;\" align=\"justify\"><span style=\"color: #ff6600; font-size: medium;\"><strong>Llamenos GRATIS NACIONAL al\u00a0 01-800-087-4650<\/strong><\/span><\/p>\n<p style=\"color: #848282; font-family: tahoma, verdana, arial; font-size: 11px;\"><span style=\"color: #ada96e;\">En algunas ocasiones nuestros inventarios pueden moverse y no tener en existencia alg\u00fan producto. Llamenos o escribanos para confirmar si ese articulo que busca lo tenemos o quizas podamos sugerir algun otro.<br \/>\nUtilice la<\/span>\u00a0<strong>AYUDA EN LINEA<\/strong><\/p>\n<p style=\"color: #848282; font-family: tahoma, verdana, arial; font-size: 11px;\">\n<p><span style=\"color: #f87217; font-family: tahoma, verdana, arial; font-size: 11px;\">Por favor tome un minuto y revise nuestras POLITICAS de venta al calce de la pagina.<\/span><\/p>\n<p>&nbsp;<\/p>\n<\/div>\n<\/div>\n<\/div>\n<\/div>\n<p>&nbsp;<\/p>\n","protected":false},"excerpt":{"rendered":"<p>RD5G34 Antena parab\u00f3lica disco 34 dBi, 5.1-5.8GHz, Doble polaridad, Ideal para ROCKETM5 &nbsp; Informaci\u00f3n La RocketDish es una antena parab\u00f3lica Carrier Class est\u00e1 dise\u00f1ada para integrarse perfectamente con los radios Rocket M. El Rocket M y la RocketDish crean aplicaciones PtP potentes con tecnolog\u00eda MIMO 2&#215;2. Esta perfecta integraci\u00f3n le proporciona a los arquitectos de [&hellip;]<\/p>\n","protected":false},"featured_media":9059,"template":"","meta":{"_acf_changed":false},"product_brand":[],"product_cat":[72],"product_tag":[],"berocket_brand":[],"class_list":{"0":"post-5151","1":"product","2":"type-product","3":"status-publish","4":"has-post-thumbnail","6":"product_cat-redes-inalambricas","8":"first","9":"instock","10":"taxable","11":"shipping-taxable","12":"purchasable","13":"product-type-simple","14":"berocket_lgv_grid","15":"berocket_lgv_list_grid"},"acf":[],"aioseo_notices":[],"_links":{"self":[{"href":"https:\/\/todoenseguridad.com\/site\/wp-json\/wp\/v2\/product\/5151","targetHints":{"allow":["GET"]}}],"collection":[{"href":"https:\/\/todoenseguridad.com\/site\/wp-json\/wp\/v2\/product"}],"about":[{"href":"https:\/\/todoenseguridad.com\/site\/wp-json\/wp\/v2\/types\/product"}],"wp:featuredmedia":[{"embeddable":true,"href":"https:\/\/todoenseguridad.com\/site\/wp-json\/wp\/v2\/media\/9059"}],"wp:attachment":[{"href":"https:\/\/todoenseguridad.com\/site\/wp-json\/wp\/v2\/media?parent=5151"}],"wp:term":[{"taxonomy":"product_brand","embeddable":true,"href":"https:\/\/todoenseguridad.com\/site\/wp-json\/wp\/v2\/product_brand?post=5151"},{"taxonomy":"product_cat","embeddable":true,"href":"https:\/\/todoenseguridad.com\/site\/wp-json\/wp\/v2\/product_cat?post=5151"},{"taxonomy":"product_tag","embeddable":true,"href":"https:\/\/todoenseguridad.com\/site\/wp-json\/wp\/v2\/product_tag?post=5151"},{"taxonomy":"berocket_brand","embeddable":true,"href":"https:\/\/todoenseguridad.com\/site\/wp-json\/wp\/v2\/berocket_brand?post=5151"}],"curies":[{"name":"wp","href":"https:\/\/api.w.org\/{rel}","templated":true}]}}