{"id":5149,"date":"2020-07-10T20:05:58","date_gmt":"2020-07-11T01:05:58","guid":{"rendered":"https:\/\/todoenseguridad.com\/site\/producto\/af-5g30-s45-antena-paraba%c2%b3lica-disco-4-9-5-9-ghz-para-af5x\/"},"modified":"2026-03-25T16:15:02","modified_gmt":"2026-03-25T21:15:02","slug":"af-5g30-s45-antena-paraba%c2%b3lica-disco-4-9-5-9-ghz-para-af5x","status":"publish","type":"product","link":"https:\/\/todoenseguridad.com\/site\/producto\/af-5g30-s45-antena-paraba%c2%b3lica-disco-4-9-5-9-ghz-para-af5x\/","title":{"rendered":"AF-5G30-S45 Antena parabolica disco, 4.9 &#8211; 5.9 GHz, Para AF5X,"},"content":{"rendered":"<p><!--?xml version=\"1.0\" encoding=\"utf-8\"?--><\/p>\n<h2><span style=\"color: #0000ff;\"><strong><span class=\"editable\">AF-5G30-S45 <\/span><\/strong>Antena parab\u00f3lica disco, 4.9 &#8211; 5.9 GHz, Para AF5X, Ganancia 30 dBi<\/span><\/h2>\n<h3 class=\"page-product-heading\"><span style=\"color: #000000;\">Informaci\u00f3n:<\/span><\/h3>\n<p><span style=\"color: #000000;\">La antena\u00a0AirFiber X\u00a0AF-5G30-S45 est\u00e1 especialmente dise\u00f1ado con una polaridad de inclinaci\u00f3n de 45\u00b0 para una integraci\u00f3n perfecta con el AF-5X. En combinaci\u00f3n con el AF-5X, la AF-5G30-S45 ofrece 30 dBi de ganancia de un plato de 650 mm de di\u00e1metro.<\/span><\/p>\n<p><span style=\"color: #000000;\">Cuenta con avances significativos para el aislamiento del ruido y rendimiento de la se\u00f1al, esto para poder complementar los radios de transmisi\u00f3n de las antenas airFiber X, para as\u00ed poder realizar su estructura Backhauls y para conexiones en punto a punto (PtP).<\/span><\/p>\n<p><span style=\"color: #000000;\"><strong>Caracter\u00edsticas:<\/strong><\/span><\/p>\n<ul>\n<li><span style=\"color: #000000;\">Rango de Frecuencia: 5.1-5.9 GHz<\/span><\/li>\n<li><span style=\"color: #000000;\">Ganancia: 30dBi<\/span><\/li>\n<li><span style=\"color: #000000;\">Polarizaci\u00f3n: Dual<\/span><\/li>\n<li><span style=\"color: #000000;\">Dise\u00f1o mec\u00e1nico innovador<\/span><\/li>\n<li><span style=\"color: #000000;\">Alineamiento de precisi\u00f3n<\/span><\/li>\n<li><span style=\"color: #000000;\">Dise\u00f1o a prueba de agua<\/span><\/li>\n<li><span style=\"color: #000000;\">Incluye soporte<\/span><\/li>\n<li><span style=\"color: #000000;\">Dimensiones 65 x 65 x 38.6 cms<\/span><\/li>\n<li><span style=\"color: #000000;\">Peso 7.4 kg<\/span><\/li>\n<\/ul>\n<p><span style=\"color: #000000;\"><strong>Flexibilidad de dise\u00f1o compacto para despliegue<\/strong><\/span><br \/>\n<span style=\"color: #000000;\">La forma compacta de las antenas airFiberX permite ser utilizadas en diversas aplicaciones, como enlaces para backhauls entre torres para as\u00ed poder realizar sus enlaces punto a punto.<\/span><\/p>\n<p><span style=\"color: #000000;\"><strong>Integraci\u00f3n plug and play.<\/strong><\/span><br \/>\n<span style=\"color: #000000;\">Las antenas airFiberX estan dise\u00f1adas para integrarse en conjunto con los equipos para radio de airFiberX.<\/span><\/p>\n<p><span style=\"color: #000000;\"><strong>Dise\u00f1o avanzado para aislamiento de RF.<\/strong><\/span><br \/>\n<span style=\"color: #000000;\">El dise\u00f1o industrial de innovaci\u00f3n con el que cuentan estos equipos permite reducir la interferencia considerablemente y as\u00ed poder ofrecer una ganancia superior para una alta capacidad en m\u00faltiples puntos de red.<\/span><\/p>\n<p><span style=\"color: #000000;\">La fuerza del campo electromagn\u00e9tico se muestra por un c\u00f3digo de colores:<\/span><\/p>\n<ul>\n<li><span style=\"color: #000000;\"><strong>Rojo: Mayor fuerza<\/strong><\/span><\/li>\n<li><span style=\"color: #000000;\"><strong>Verde: Resistencia media<\/strong><\/span><\/li>\n<li><span style=\"color: #000000;\"><strong>Azul: la fuerza m\u00e1s baja.<\/strong><\/span><\/li>\n<\/ul>\n<p><span style=\"color: #000000;\"><strong>Ventajas<\/strong><\/span><br \/>\n<span style=\"color: #000000;\">L\u00f3bulos laterales bajos que reducen la interferencia de otros transmisores en la zona.<\/span><br \/>\n<span style=\"color: #000000;\">Alto aislamiento que mejora el rendimiento para la coubicaci\u00f3n en las instalaciones de torres montadas.<\/span><br \/>\n<span style=\"color: #000000;\">El dise\u00f1o de bajo perfil con c\u00fapula integrada que reduce la carga de viento.<\/span><\/p>\n<p>&nbsp;<\/p>\n<div>\n<div>\n<div>\n<div>\n<p style=\"color: #848282; font-family: tahoma, verdana, arial; font-size: 11px;\" align=\"justify\"><span style=\"color: #ff0000;\"><strong><span style=\"font-size: xx-large;\">DUDAS?<\/span><\/strong><\/span><\/p>\n<p style=\"color: #848282; font-family: tahoma, verdana, arial; font-size: 11px;\" align=\"justify\"><span style=\"color: #ff6600; font-size: medium;\"><strong>Llamenos GRATIS NACIONAL al\u00a0 01-800-087-4650<\/strong><\/span><\/p>\n<p style=\"color: #848282; font-family: tahoma, verdana, arial; font-size: 11px;\"><span style=\"color: #ada96e;\">En algunas ocasiones nuestros inventarios pueden moverse y no tener en existencia alg\u00fan producto. Llamenos o escribanos para confirmar si ese articulo que busca lo tenemos o quizas podamos sugerir algun otro.<br \/>\nUtilice la<\/span>\u00a0<strong>AYUDA EN LINEA<\/strong><\/p>\n<p><span style=\"color: #f87217; font-family: tahoma, verdana, arial; font-size: 11px;\">Por favor tome un minuto y revise nuestras POLITICAS de venta al calce de la pagina.<\/span><\/p>\n<\/div>\n<\/div>\n<\/div>\n<\/div>\n","protected":false},"excerpt":{"rendered":"<p>AF-5G30-S45 Antena parab\u00f3lica disco, 4.9 &#8211; 5.9 GHz, Para AF5X, Ganancia 30 dBi Informaci\u00f3n: La antena\u00a0AirFiber X\u00a0AF-5G30-S45 est\u00e1 especialmente dise\u00f1ado con una polaridad de inclinaci\u00f3n de 45\u00b0 para una integraci\u00f3n perfecta con el AF-5X. En combinaci\u00f3n con el AF-5X, la AF-5G30-S45 ofrece 30 dBi de ganancia de un plato de 650 mm de di\u00e1metro. Cuenta [&hellip;]<\/p>\n","protected":false},"featured_media":7244,"template":"","meta":{"_acf_changed":false},"product_brand":[],"product_cat":[77,76,72],"product_tag":[],"berocket_brand":[],"class_list":{"0":"post-5149","1":"product","2":"type-product","3":"status-publish","4":"has-post-thumbnail","6":"product_cat-enlaces-punto-a-punto-ptop-wifi-2-4-5-8-60ghz","7":"product_cat-exterior","8":"product_cat-redes-inalambricas","10":"first","11":"instock","12":"taxable","13":"shipping-taxable","14":"purchasable","15":"product-type-simple","16":"berocket_lgv_grid","17":"berocket_lgv_list_grid"},"acf":[],"aioseo_notices":[],"_links":{"self":[{"href":"https:\/\/todoenseguridad.com\/site\/wp-json\/wp\/v2\/product\/5149","targetHints":{"allow":["GET"]}}],"collection":[{"href":"https:\/\/todoenseguridad.com\/site\/wp-json\/wp\/v2\/product"}],"about":[{"href":"https:\/\/todoenseguridad.com\/site\/wp-json\/wp\/v2\/types\/product"}],"wp:featuredmedia":[{"embeddable":true,"href":"https:\/\/todoenseguridad.com\/site\/wp-json\/wp\/v2\/media\/7244"}],"wp:attachment":[{"href":"https:\/\/todoenseguridad.com\/site\/wp-json\/wp\/v2\/media?parent=5149"}],"wp:term":[{"taxonomy":"product_brand","embeddable":true,"href":"https:\/\/todoenseguridad.com\/site\/wp-json\/wp\/v2\/product_brand?post=5149"},{"taxonomy":"product_cat","embeddable":true,"href":"https:\/\/todoenseguridad.com\/site\/wp-json\/wp\/v2\/product_cat?post=5149"},{"taxonomy":"product_tag","embeddable":true,"href":"https:\/\/todoenseguridad.com\/site\/wp-json\/wp\/v2\/product_tag?post=5149"},{"taxonomy":"berocket_brand","embeddable":true,"href":"https:\/\/todoenseguridad.com\/site\/wp-json\/wp\/v2\/berocket_brand?post=5149"}],"curies":[{"name":"wp","href":"https:\/\/api.w.org\/{rel}","templated":true}]}}