{"id":5143,"date":"2020-07-10T20:05:57","date_gmt":"2020-07-11T01:05:57","guid":{"rendered":"https:\/\/todoenseguridad.com\/site\/producto\/amo2g13-antena-omnidireccional-de-13-dbi-2-4-ghz-doble-polarid\/"},"modified":"2026-03-25T16:18:29","modified_gmt":"2026-03-25T21:18:29","slug":"amo2g13-antena-omnidireccional-de-13-dbi-2-4-ghz-doble-polarid","status":"publish","type":"product","link":"https:\/\/todoenseguridad.com\/site\/producto\/amo2g13-antena-omnidireccional-de-13-dbi-2-4-ghz-doble-polarid\/","title":{"rendered":"AMO2G13 Antena Omnidireccional de 13 dBi, 2.4 GHz, Doble polaridad"},"content":{"rendered":"<p><!--?xml version=\"1.0\" encoding=\"utf-8\"?--><\/p>\n<h2><span style=\"color: #0000ff;\"><strong><span class=\"editable\">AMO2G13 <\/span><\/strong>Antena Omnidireccional de 13 dBi, 2.4 GHz, Doble polaridad, Ideal para ROCKETM2 y UAP Outdoor+<\/span><\/h2>\n<h3 class=\"page-product-heading\"><span style=\"color: #000000;\">Informaci\u00f3n:<\/span><\/h3>\n<div class=\"rte\">\n<p><span style=\"color: #000000;\">La antena Omni AirMax es una antena MIMO omnidireccional Carrier Class con Polarizaci\u00f3n Dual 2&#215;2, especialmente dise\u00f1ada para el Rocket (Rocket no incluido).<\/span><\/p>\n<p><span style=\"color: #000000;\">Solo necesita un Rocket y una antena Omni AirMaxpara crear una estaci\u00f3n base 360\u00ba de gran alcance.<\/span><\/p>\n<ul>\n<li><span style=\"color: #000000;\">Perfecta integraci\u00f3n con el Rocket y UAP Outdoor+<\/span><\/li>\n<li><span style=\"color: #000000;\">Rango de Frecuencia: 2.35 &#8211; 2.55 GHz<\/span><\/li>\n<li><span style=\"color: #000000;\">Ganancia: 13 dBi<\/span><\/li>\n<li><span style=\"color: #000000;\">Ancho del haz de elevaci\u00f3n: 7 deg<\/span><\/li>\n<li><span style=\"color: #000000;\">Max VSWR: 1.7:1 Downtilt: 2 deg<\/span><\/li>\n<li><span style=\"color: #000000;\">Dimensiones** (l x w x h): 217 x 123 x 1386 mm<\/span><\/li>\n<li><span style=\"color: #000000;\">Peso**: 2.4 kg<\/span><\/li>\n<li><span style=\"color: #000000;\">Resistencia al viento: 100 mph<\/span><\/li>\n<li><span style=\"color: #000000;\">Carga de viento: 38 lb @ 100 mph<\/span><\/li>\n<li><span style=\"color: #000000;\">Polarizaci\u00f3n: Dual Lineal<\/span><\/li>\n<li><span style=\"color: #000000;\">Aislamiento Polarizaci\u00f3n cruzada: 25 dB min<\/span><\/li>\n<\/ul>\n<p>&nbsp;<\/p>\n<p><span style=\"color: #000000;\">Especificaci\u00f3n ETSI: EN 302 326 DN2<\/span><\/p>\n<p><span style=\"color: #000000;\"><strong>\u00a0<\/strong><\/span><\/p>\n<p><span style=\"color: #000000;\"><strong>Montaje:<\/strong><\/span><\/p>\n<p><span style=\"color: #000000;\">Kit de montaje para m\u00e1stil, bracket para acoplar el Rocket , jumper RF resistentes a la intemperie.<\/span><\/p>\n<p><span style=\"color: #000000;\">A diferencia de los protocolos WiFi est\u00e1ndar, el protocolo AirMax propietario de Ubiquiti basado en Acceso M\u00faltiple por Divisi\u00f3n de Tiempo (TDMA) permite a cada cliente enviar y recibir datos en unos intervalos de tiempos pre-designados por un controlador inteligente que incorpora el AP.<\/span><\/p>\n<p><span style=\"color: #000000;\">Este m\u00e9todo \u00abtime slot\u00bb de asignaci\u00f3n de tiempo elimina las colisiones del nodo oculto, y maximiza la eficiencia. Los equipos basados en AirMax ofrecen un mayor rendimiento, menor latencia y mayor escalabilidad en comparaci\u00f3n con otros equipos de exterior en su clase.<\/span><\/p>\n<p><span style=\"color: #000000;\">La funci\u00f3n QoS Inteligente prioriza la voz y video para evitar interrupciones. Alta capacidad y escalabilidad, alta velocidad a larga distancia, enlaces Carrier Class, baja latencia y reducci\u00f3n dr\u00e1stica del ruido son otras de sus caracter\u00edsticas.<\/span><\/p>\n<p><span style=\"color: #000000;\">Incluye:<\/span><\/p>\n<ul>\n<li><span style=\"color: #000000;\"><strong>Antena Airmax Omni<\/strong><\/span><\/li>\n<li><span style=\"color: #000000;\"><strong>Cable RF resistente a la intemperie<\/strong><\/span><\/li>\n<li><span style=\"color: #000000;\"><strong>Kit de montaje para acoplar el Rocket<\/strong><\/span><\/li>\n<li><span style=\"color: #000000;\"><strong>Kit de montaje universal para m\u00e1stil<\/strong><\/span><\/li>\n<\/ul>\n<\/div>\n","protected":false},"excerpt":{"rendered":"<p>AMO2G13 Antena Omnidireccional de 13 dBi, 2.4 GHz, Doble polaridad, Ideal para ROCKETM2 y UAP Outdoor+ Informaci\u00f3n: La antena Omni AirMax es una antena MIMO omnidireccional Carrier Class con Polarizaci\u00f3n Dual 2&#215;2, especialmente dise\u00f1ada para el Rocket (Rocket no incluido). Solo necesita un Rocket y una antena Omni AirMaxpara crear una estaci\u00f3n base 360\u00ba de [&hellip;]<\/p>\n","protected":false},"featured_media":7263,"template":"","meta":{"_acf_changed":false},"product_brand":[],"product_cat":[77,76,72],"product_tag":[],"berocket_brand":[],"class_list":{"0":"post-5143","1":"product","2":"type-product","3":"status-publish","4":"has-post-thumbnail","6":"product_cat-enlaces-punto-a-punto-ptop-wifi-2-4-5-8-60ghz","7":"product_cat-exterior","8":"product_cat-redes-inalambricas","10":"first","11":"instock","12":"taxable","13":"shipping-taxable","14":"purchasable","15":"product-type-simple","16":"berocket_lgv_grid","17":"berocket_lgv_list_grid"},"acf":[],"aioseo_notices":[],"_links":{"self":[{"href":"https:\/\/todoenseguridad.com\/site\/wp-json\/wp\/v2\/product\/5143","targetHints":{"allow":["GET"]}}],"collection":[{"href":"https:\/\/todoenseguridad.com\/site\/wp-json\/wp\/v2\/product"}],"about":[{"href":"https:\/\/todoenseguridad.com\/site\/wp-json\/wp\/v2\/types\/product"}],"wp:featuredmedia":[{"embeddable":true,"href":"https:\/\/todoenseguridad.com\/site\/wp-json\/wp\/v2\/media\/7263"}],"wp:attachment":[{"href":"https:\/\/todoenseguridad.com\/site\/wp-json\/wp\/v2\/media?parent=5143"}],"wp:term":[{"taxonomy":"product_brand","embeddable":true,"href":"https:\/\/todoenseguridad.com\/site\/wp-json\/wp\/v2\/product_brand?post=5143"},{"taxonomy":"product_cat","embeddable":true,"href":"https:\/\/todoenseguridad.com\/site\/wp-json\/wp\/v2\/product_cat?post=5143"},{"taxonomy":"product_tag","embeddable":true,"href":"https:\/\/todoenseguridad.com\/site\/wp-json\/wp\/v2\/product_tag?post=5143"},{"taxonomy":"berocket_brand","embeddable":true,"href":"https:\/\/todoenseguridad.com\/site\/wp-json\/wp\/v2\/berocket_brand?post=5143"}],"curies":[{"name":"wp","href":"https:\/\/api.w.org\/{rel}","templated":true}]}}