{"id":5067,"date":"2020-07-10T20:05:50","date_gmt":"2020-07-11T01:05:50","guid":{"rendered":"https:\/\/todoenseguridad.com\/site\/producto\/sd40212thn-camara-ip-dahua-domo-ptz-12x-2-mp\/"},"modified":"2026-03-25T16:19:36","modified_gmt":"2026-03-25T21:19:36","slug":"sd40212thn-camara-ip-dahua-domo-ptz-12x-2-mp","status":"publish","type":"product","link":"https:\/\/todoenseguridad.com\/site\/producto\/sd40212thn-camara-ip-dahua-domo-ptz-12x-2-mp\/","title":{"rendered":"SD40212THN CAMARA IP DAHUA DOMO PTZ 12X\/ 2 MP\/ POE\/ IP66"},"content":{"rendered":"<p><!--?xml version=\"1.0\" encoding=\"utf-8\"?--><\/p>\n<h2 class=\"product-name\"><span style=\"color: #0000ff;\">SD40212THN CAMARA IP DAHUA DOMO PTZ 12X\/ 2 MP\/ WDR REAL\/ IVS\/ POE PLUS\/ ECO SAVVY 2\/ EXTERIOR IP66\/ ONVIF\/ DWD<\/span><\/h2>\n<p><span style=\"color: #000000;\">La c\u00e1mara SD40212THN pertenece a la nueva familia de productos DAHUA \u201ceco savvy\u201d la cual adopta un chipset ambarella el cual tiene un bajo consumo de energ\u00eda y bajo consumo de ancho de banda, por lo que esta c\u00e1mara a una resoluci\u00f3n de 2 megap\u00edxeles tiene un ahorro de 75% en consumo de ancho de banda que una c\u00e1mara IP de 2 megap\u00edxeles normal.<\/span><\/p>\n<p><strong><span style=\"color: #000000;\">Distancia DORI.<\/span><\/strong><\/p>\n<p><span style=\"color: #000000;\">La distancia DORI es una proximidad general de la distancia que hace que sea f\u00e1cil elegir la c\u00e1mara adecuada para sus necesidades. La distancia DORI se calcula sobre la base de la especificaci\u00f3n del sensor y del resultado de la prueba de laboratorio seg\u00fan EN 62676-4, que define los criterios para Detectar, Observar, Reconocer e Identificar, respectivamente, por lo que esta c\u00e1mara cuenta con la capacidad de:<\/span><\/p>\n<p><strong><span style=\"color: #000000;\">Especial para revisar objetivos lejanos.<\/span><\/strong><\/p>\n<p><span style=\"color: #000000;\">Que m\u00e1s caracter\u00edsticas tiene la c\u00e1mara SD40212THN es una PTZ con un lente de 5.1mm~61.2 mm que nos da un zoom \u00f3ptico de 12x, este zoom nos permite tener un escenario amplio y una excelente vista de acercamiento.<\/span><\/p>\n<p><span style=\"color: #000000;\">La c\u00e1mara SD40212THN adem\u00e1s cuenta con la caracter\u00edstica de efecto de baja luz, adoptado en este nuevo bloque de c\u00e1mara que emplea un magn\u00edfico sensor y tecnolog\u00eda avanzada, para ser m\u00e1s espec\u00edficos, este bloque de c\u00e1mara es un todo en uno tiene video, audio (no incluye micr\u00f3fono), alarma, red, ranura de tarjeta SD.<\/span><\/p>\n<p><strong><span style=\"color: #000000;\">ONVIF.<\/span><\/strong><\/p>\n<p><span style=\"color: #000000;\">La c\u00e1mara SD40212THN cuenta con ONVIF el cual est\u00e1 basado en sistemas de video, streaming, configuraci\u00f3n de video, entre otras caracter\u00edsticas. La marca DAHUA como l\u00edder de la industria es un miembro completo de ONVIF junto con otras marcas, existen diferentes niveles de miembros de ONVIF observador, usuario, contribuidor y el m\u00e1ximo nivel que es miembro completo de ONVIF que es el caso de DAHUA.<\/span><\/p>\n<p><strong><span style=\"color: #000000;\">MONITOREO A TRAV\u00c9S DE SMART PSS.<\/span><\/strong><\/p>\n<p><span style=\"color: #000000;\">El Smart PSS es un software de gesti\u00f3n de dispositivos que puede soportar todos los productos de seguridad Dahua. Smart PSS es ampliamente utilizado en la mayor\u00eda de los sistemas de vigilancia y de intercomunicaci\u00f3n Dahua en peque\u00f1os y medianos proyectos. Smart PSS mantiene la facilidad de uso f\u00e1cil, as\u00ed como una gran funcionalidad: vigilar, revisar material de archivo, b\u00fasqueda inteligente, alarmas inteligentes, seguimiento inteligente, cada funcionalidad est\u00e1 a su disposici\u00f3n de forma gratuita. <\/span><\/p>\n<p><strong><span style=\"color: #000000;\">MONITOREO A TRAV\u00c9S DE CELULARES Y TABLETAS.<\/span><\/strong><\/p>\n<p><span style=\"color: #000000;\">La c\u00e1mara SD40212THN puede ser monitoreada a trav\u00e9s de dispositivos m\u00f3viles y tabletas con sistemas operativos IOS y ANDROID con el cual no s\u00f3lo podr\u00e1n ver sus c\u00e1maras en tiempo real (4, 8, 9,16 c\u00e1maras al mismo tiempo), sino tambi\u00e9n reproducci\u00f3n de\u00a0grabaciones y manipular PTZ entre otras funciones.<\/span><\/p>\n<p><strong><span style=\"color: #000000;\">Principales caracter\u00edsticas:<\/span><\/strong><\/p>\n<ul>\n<li><span style=\"color: #000000;\">Zoom de\u00a012x \u00f3ptico\u00a0(5.1mm~61.2mm).<\/span><\/li>\n<li><span style=\"color: #000000;\">Triple stream\u00a0de codificaci\u00f3n.<\/span><\/li>\n<li><span style=\"color: #000000;\">M\u00e1x. 25\/30fps@1080P(1920&#215;1080) &amp; 50\/60fps@720P resoluci\u00f3n.<\/span><\/li>\n<li><span style=\"color: #000000;\">WDR, d\u00eda\/noche (ICR).<\/span><\/li>\n<li><span style=\"color: #000000;\">Visualizaci\u00f3n web,\u00a0CMS (DSS\/PSS)\u00a0&amp; DMSS.<\/span><\/li>\n<li><span style=\"color: #000000;\">Paneo m\u00e1x 240\u00b0\/s,\u00a0360\u00b0 continuos\u00a0de rotaci\u00f3n.<\/span><\/li>\n<li><span style=\"color: #000000;\">Hasta 300 presets, 5-auto scan, 8 tour, 5 pattern.<\/span><\/li>\n<li><span style=\"color: #000000;\">Entrada y salida de audio.<\/span><\/li>\n<li><span style=\"color: #000000;\">2 entradas de alarma y 1 salida de alarma.<\/span><\/li>\n<li><span style=\"color: #000000;\">Posicionamiento 3D\u00a0Inteligente con protocolo DH-SD.<\/span><\/li>\n<li><span style=\"color: #000000;\">Ranura\u00a0micro SD\u00a0(m\u00e1x. 128GB).<\/span><\/li>\n<li><span style=\"color: #000000;\">Exterior IP66 (-40\u00b0 C ~ 60\u00b0 C).<\/span><\/li>\n<li><span style=\"color: #000000;\">ONVIF\u00a0PSIA CGI.<\/span><\/li>\n<li><span style=\"color: #000000;\">Alimentaci\u00f3n 24VAC (Incluida).<\/span><\/li>\n<li><span style=\"color: #000000;\">Brazo de pared (Incluido).<\/span><\/li>\n<\/ul>\n<div>\n<div>\n<div>\n<div>\n<p style=\"color: #848282; font-family: tahoma, verdana, arial; font-size: 11px;\" align=\"justify\"><span style=\"color: #ff0000;\"><strong><span style=\"font-size: xx-large;\">DUDAS?<\/span><\/strong><\/span><\/p>\n<p style=\"color: #848282; font-family: tahoma, verdana, arial; font-size: 11px;\" align=\"justify\"><span style=\"color: #ff6600; font-size: medium;\"><strong>Llamenos GRATIS NACIONAL al\u00a0 01-81-1522-9255<\/strong><\/span><\/p>\n<p style=\"color: #848282; font-family: tahoma, verdana, arial; font-size: 11px;\"><span style=\"color: #ada96e;\">En algunas ocasiones nuestros inventarios pueden moverse y no tener en existencia alg\u00fan producto. Llamenos o escribanos para confirmar si ese articulo que busca lo tenemos o quizas podamos sugerir algun otro.<br \/>\nUtilice la<\/span>\u00a0<strong>AYUDA EN LINEA<\/strong><\/p>\n<p><span style=\"color: #f87217; font-family: tahoma, verdana, arial; font-size: 11px;\">Por favor tome un minuto y revise nuestras POLITICAS de venta al calce de la pagina.<\/span><\/p>\n<\/div>\n<\/div>\n<\/div>\n<\/div>\n","protected":false},"excerpt":{"rendered":"<p>SD40212THN CAMARA IP DAHUA DOMO PTZ 12X\/ 2 MP\/ WDR REAL\/ IVS\/ POE PLUS\/ ECO SAVVY 2\/ EXTERIOR IP66\/ ONVIF\/ DWD La c\u00e1mara SD40212THN pertenece a la nueva familia de productos DAHUA \u201ceco savvy\u201d la cual adopta un chipset ambarella el cual tiene un bajo consumo de energ\u00eda y bajo consumo de ancho de banda, [&hellip;]<\/p>\n","protected":false},"featured_media":9147,"template":"","meta":{"_acf_changed":false},"product_brand":[],"product_cat":[51],"product_tag":[],"berocket_brand":[],"class_list":{"0":"post-5067","1":"product","2":"type-product","3":"status-publish","4":"has-post-thumbnail","6":"product_cat-camaras-i-p","8":"first","9":"instock","10":"taxable","11":"shipping-taxable","12":"purchasable","13":"product-type-simple","14":"berocket_lgv_grid","15":"berocket_lgv_list_grid"},"acf":[],"aioseo_notices":[],"_links":{"self":[{"href":"https:\/\/todoenseguridad.com\/site\/wp-json\/wp\/v2\/product\/5067","targetHints":{"allow":["GET"]}}],"collection":[{"href":"https:\/\/todoenseguridad.com\/site\/wp-json\/wp\/v2\/product"}],"about":[{"href":"https:\/\/todoenseguridad.com\/site\/wp-json\/wp\/v2\/types\/product"}],"wp:featuredmedia":[{"embeddable":true,"href":"https:\/\/todoenseguridad.com\/site\/wp-json\/wp\/v2\/media\/9147"}],"wp:attachment":[{"href":"https:\/\/todoenseguridad.com\/site\/wp-json\/wp\/v2\/media?parent=5067"}],"wp:term":[{"taxonomy":"product_brand","embeddable":true,"href":"https:\/\/todoenseguridad.com\/site\/wp-json\/wp\/v2\/product_brand?post=5067"},{"taxonomy":"product_cat","embeddable":true,"href":"https:\/\/todoenseguridad.com\/site\/wp-json\/wp\/v2\/product_cat?post=5067"},{"taxonomy":"product_tag","embeddable":true,"href":"https:\/\/todoenseguridad.com\/site\/wp-json\/wp\/v2\/product_tag?post=5067"},{"taxonomy":"berocket_brand","embeddable":true,"href":"https:\/\/todoenseguridad.com\/site\/wp-json\/wp\/v2\/berocket_brand?post=5067"}],"curies":[{"name":"wp","href":"https:\/\/api.w.org\/{rel}","templated":true}]}}