{"id":5038,"date":"2020-07-10T20:05:48","date_gmt":"2020-07-11T01:05:48","guid":{"rendered":"https:\/\/todoenseguridad.com\/site\/producto\/epc230u-dahua-camara-ip-de-2mp-antiexplosion-30x-zoom-optico-a\/"},"modified":"2026-03-25T16:20:35","modified_gmt":"2026-03-25T21:20:35","slug":"epc230u-dahua-camara-ip-de-2mp-antiexplosion-30x-zoom-optico-a","status":"publish","type":"product","link":"https:\/\/todoenseguridad.com\/site\/producto\/epc230u-dahua-camara-ip-de-2mp-antiexplosion-30x-zoom-optico-a\/","title":{"rendered":"EPC230U DAHUA CAMARA IP DE 2MP ANTIEXPLOSION\/ 30X ZOOM OPTICO\/ H265\/ IP68"},"content":{"rendered":"<p><!--?xml version=\"1.0\" encoding=\"utf-8\"?--><\/p>\n<h2 class=\"product-name\"><span style=\"color: #0000ff;\">EPC230U CAMARA DAHUA IP DE 2MP ANTIEXPLOSION &#8211; 30X ZOOM OPTICO\/ ACERO INOXIDABLE 304\/ STARLIGHT\/ H265\/ IVS\/ IR 100MTS\/ IP68<\/span><\/h2>\n<p><span style=\"color: #000000;\">La camara EPC230U es una camara\u00a0IP\u00a0de 2 Megap\u00edxeles cuanta con la caracter\u00edstica de Anti-Explosi\u00f3n, esta\u00a0dise\u00f1ada para ambientes donde la temperatura es de -45\u00b0C hasta 60\u00b0C, cuenta con potente zoom \u00f3ptico de 30x, compresi\u00f3n de video H265, luz ir hasta 100m distancia y funciones inteligentes.<\/span><\/p>\n<p><span style=\"color: #000000;\">El acero inoxidable de grado 304 es considerado el m\u00e1s vers\u00e1til y ampliamente utilizado de los aceros inoxidables austen\u00edticos. El tipo de acero 304 es capaz de satisfacer una amplia variedad de requisitos f\u00edsicos por lo que es un material ideal para utilizar en aplicaciones tales como cubiertas de ruedas, equipos de cocina y tanques de almacenamiento. El 304 proporciona una buena resistencia al ataque \u00e1cido moderado.<\/span><span style=\"color: #000000;\">\u00a0<\/span><\/p>\n<p><strong><span style=\"color: #000000;\">Distancia DORI.<\/span><\/strong><\/p>\n<p><span style=\"color: #000000;\">La distancia DORI es una proximidad general de la distancia que hace que sea f\u00e1cil elegir la c\u00e1mara adecuada para sus necesidades.\u00a0La distancia DORI se calcula sobre la base de la especificaci\u00f3n del sensor y del resultado de la prueba de laboratorio seg\u00fan EN 62676-4, que define los criterios para Detectar, Observar, Reconocer e Identificar, respectivamente, por lo que est\u00e1 cam\u00e1ra tiene la capacidad de:<\/span><\/p>\n<p><span style=\"color: #000000;\"><strong>Tecnolog\u00eda Starlight. \u00a0 \u00a0 \u00a0 \u00a0 \u00a0 \u00a0 \u00a0\u00a0<\/strong><\/span><\/p>\n<p><span style=\"color: #000000;\">La c\u00e1mara EPC230U \u00a0cuenta con la funci\u00f3n Starlight, esta funcion nos ayuda cuando tenemos condiciones mayores a 0.005 Lux, en estas condiciones de luz aun podemos tener imagenes a color y de buena calidad.\u00a0La serie Dahua Starlight ofrece una soluci\u00f3n rentable, flexible y resistente al futuro para condiciones de baja iluminaci\u00f3n.<\/span><\/p>\n<p><span style=\"color: #000000;\"><strong>Compresi\u00f3n de video H265.<\/strong><\/span><\/p>\n<p><span style=\"color: #000000;\">Compresi\u00f3n de v\u00eddeo H265 reduce a la mitad el ancho de banda necesario para la transmisi\u00f3n de v\u00eddeo y todo ello sin la temida perdida de calidad que s\u00ed que encontramos en otras alternativas del mercado.<\/span><\/p>\n<p><span style=\"color: #000000;\">La c\u00e1mara\u00a0EPC230U cuenta con diferentes funciones de detecci\u00f3n inteligente que est\u00e1n integradas en la c\u00e1mara:<\/span><\/p>\n<ul>\n<li><span style=\"color: #000000;\">Tripwire.<\/span><\/li>\n<li><span style=\"color: #000000;\">Intrusion.<\/span><\/li>\n<li><span style=\"color: #000000;\">Objeto abandonado\/perdido.<\/span><\/li>\n<li><span style=\"color: #000000;\">Detecci\u00f3n de rostros.<\/span><\/li>\n<\/ul>\n<div><\/div>\n<div>\n<p><span style=\"color: #000000;\"><strong>Caracter\u00edsticas Principales:<\/strong><\/span><\/p>\n<ul>\n<li><span style=\"color: #000000;\">1\/2.8\u201d 2 Megap\u00edxeles STARVIS\u2122 CMOS.<\/span><\/li>\n<li><span style=\"color: #000000;\">2 Megap\u00edxeles 1920(H) x 1080(V).<\/span><\/li>\n<li><span style=\"color: #000000;\">M\u00e1x. 50\/60fps@1080P.<\/span><\/li>\n<li><span style=\"color: #000000;\">Compresion H.265.<\/span><\/li>\n<li><span style=\"color: #000000;\">Potente zoom \u00f3ptico de 30x.<\/span><\/li>\n<li><span style=\"color: #000000;\">Tecnologia Starlight.<\/span><\/li>\n<li><span style=\"color: #000000;\">Compensaci\u00f3n de contraluz blc \/ hlc \/ wdr (120db).<\/span><\/li>\n<li><span style=\"color: #000000;\">Reducci\u00f3n de ruido ultra DNR (2D \/ 3D).<\/span><\/li>\n<li><span style=\"color: #000000;\">Regi\u00f3n de inter\u00e9s.<\/span><\/li>\n<li><span style=\"color: #000000;\">Estabilizaci\u00f3n electr\u00f3nica de imagen (EIS).<\/span><\/li>\n<li><span style=\"color: #000000;\">Funci\u00f3n Defog (desempa\u00f1ador).<\/span><\/li>\n<li><span style=\"color: #000000;\">Hasta 24 \u00e1reas de m\u00e1scaras de privacidad.<\/span><\/li>\n<li><span style=\"color: #000000;\">Funciones IVS (tripwire, intrusi\u00f3n, objeto abandonado\/perdido, detecci\u00f3n de rostros).<\/span><\/li>\n<li><span style=\"color: #000000;\">IR distancia de hasta 100m.<\/span><\/li>\n<li><span style=\"color: #000000;\">Puerto ethernet RJ-45 (10Base-T \/ 100Base-TX).<\/span><\/li>\n<li><span style=\"color: #000000;\">M\u00e1x. acceso de usuarios 20.<\/span><\/li>\n<li><span style=\"color: #000000;\">Alarma 2 entradas \/ 2 salidas.<\/span><\/li>\n<li><span style=\"color: #000000;\">Est\u00e1ndar de comunicaci\u00f3n ONVIF, PSIA, CGI.<\/span><\/li>\n<li><span style=\"color: #000000;\">Fuente de alimentaci\u00f3n 220V CA (100V\u00a0~ 240V CA).<\/span><\/li>\n<li><span style=\"color: #000000;\">Consumo de energ\u00eda 10W, 25W (IR encendido).<\/span><\/li>\n<li><span style=\"color: #000000;\">Certificacion ATEX\u00a0y IECEx.<\/span><\/li>\n<li><span style=\"color: #000000;\">Indice de protecci\u00f3n IP68.<\/span><\/li>\n<li><span style=\"color: #000000;\">Material acero inoxidable 304.<\/span><\/li>\n<li><span style=\"color: #000000;\">Dimensiones\u00a0\u03a639.61cm \u00d7 14.95cm \u00d7 14.3cm.<\/span><\/li>\n<li><span style=\"color: #000000;\">Peso 8.7kg.<\/span><\/li>\n<\/ul>\n<\/div>\n<p>&nbsp;<\/p>\n","protected":false},"excerpt":{"rendered":"<p>EPC230U CAMARA DAHUA IP DE 2MP ANTIEXPLOSION &#8211; 30X ZOOM OPTICO\/ ACERO INOXIDABLE 304\/ STARLIGHT\/ H265\/ IVS\/ IR 100MTS\/ IP68 La camara EPC230U es una camara\u00a0IP\u00a0de 2 Megap\u00edxeles cuanta con la caracter\u00edstica de Anti-Explosi\u00f3n, esta\u00a0dise\u00f1ada para ambientes donde la temperatura es de -45\u00b0C hasta 60\u00b0C, cuenta con potente zoom \u00f3ptico de 30x, compresi\u00f3n de video [&hellip;]<\/p>\n","protected":false},"featured_media":8167,"template":"","meta":{"_acf_changed":false},"product_brand":[],"product_cat":[52,51],"product_tag":[],"berocket_brand":[],"class_list":{"0":"post-5038","1":"product","2":"type-product","3":"status-publish","4":"has-post-thumbnail","6":"product_cat-bullet","7":"product_cat-camaras-i-p","9":"first","10":"instock","11":"taxable","12":"shipping-taxable","13":"purchasable","14":"product-type-simple","15":"berocket_lgv_grid","16":"berocket_lgv_list_grid"},"acf":[],"aioseo_notices":[],"_links":{"self":[{"href":"https:\/\/todoenseguridad.com\/site\/wp-json\/wp\/v2\/product\/5038","targetHints":{"allow":["GET"]}}],"collection":[{"href":"https:\/\/todoenseguridad.com\/site\/wp-json\/wp\/v2\/product"}],"about":[{"href":"https:\/\/todoenseguridad.com\/site\/wp-json\/wp\/v2\/types\/product"}],"wp:featuredmedia":[{"embeddable":true,"href":"https:\/\/todoenseguridad.com\/site\/wp-json\/wp\/v2\/media\/8167"}],"wp:attachment":[{"href":"https:\/\/todoenseguridad.com\/site\/wp-json\/wp\/v2\/media?parent=5038"}],"wp:term":[{"taxonomy":"product_brand","embeddable":true,"href":"https:\/\/todoenseguridad.com\/site\/wp-json\/wp\/v2\/product_brand?post=5038"},{"taxonomy":"product_cat","embeddable":true,"href":"https:\/\/todoenseguridad.com\/site\/wp-json\/wp\/v2\/product_cat?post=5038"},{"taxonomy":"product_tag","embeddable":true,"href":"https:\/\/todoenseguridad.com\/site\/wp-json\/wp\/v2\/product_tag?post=5038"},{"taxonomy":"berocket_brand","embeddable":true,"href":"https:\/\/todoenseguridad.com\/site\/wp-json\/wp\/v2\/berocket_brand?post=5038"}],"curies":[{"name":"wp","href":"https:\/\/api.w.org\/{rel}","templated":true}]}}