{"id":5009,"date":"2020-07-10T20:05:45","date_gmt":"2020-07-11T01:05:45","guid":{"rendered":"https:\/\/todoenseguridad.com\/site\/producto\/ds-7732ni-i4-16p-hikvision-nvr-12-megapixel-4k-32-canales-ip\/"},"modified":"2025-02-20T17:14:24","modified_gmt":"2025-02-20T22:14:24","slug":"ds-7732ni-i4-16p-hikvision-nvr-12-megapixel-4k-32-canales-ip","status":"publish","type":"product","link":"https:\/\/todoenseguridad.com\/site\/producto\/ds-7732ni-i4-16p-hikvision-nvr-12-megapixel-4k-32-canales-ip\/","title":{"rendered":"DS-7732NI-I4\/16P HIKVISION NVR 12MP\/ 32 Canales IP\/ 16 Puertos PoE+"},"content":{"rendered":"<p><!--?xml version=\"1.0\" encoding=\"utf-8\"?--><\/p>\n<h2 id=\"product_title_84977\" class=\"no_margin_top titulo_vista_producto\"><span style=\"color: #0000ff;\">NVR 12MP (4K) \/ 32 Canales IP \/ 16 Puertos PoE+ \/ Switch PoE 300 mts \/ HDMI en 4K \/ Soporta POS<\/span><\/h2>\n<h3><strong><span style=\"color: #000000;\">\u00bfQue es H.265+?<\/span><\/strong><\/h3>\n<p><span style=\"color: #000000;\">H.265+ es el m\u00e9todo de compresi\u00f3n patentado por Hikvision, permite<\/span><br \/>\n<span style=\"color: #000000;\">ahorrar hasta 80% de almacenamiento y ancho de banda.<\/span><\/p>\n<p><span style=\"color: #000000;\">+ Mas camaras (3MP \/ 5MP \/ 4K) con menor consumo de ancho<\/span><br \/>\n<span style=\"color: #000000;\">de banda.<\/span><br \/>\n<span style=\"color: #000000;\">+ Mas tiempo de grabacion con menos cantidad de discos duros.<\/span><\/p>\n<h3><span style=\"color: #000000;\"><strong>Caracter\u00edsticas del NVR:<\/strong><\/span><\/h3>\n<ul>\n<li><span style=\"color: #000000;\"><strong>Compresi\u00f3n de v\u00eddeo: H.265+ \/ H.265 \/ \u00a0H.264+ \/ H.264.<\/strong><\/span><\/li>\n<li><span style=\"color: #000000;\">Soporta mouse USB para operar (incluido).<\/span><\/li>\n<li><span style=\"color: #000000;\">Soporta 4\u00a0HDD\u00b4s de hasta 6TB. (no incluido).<\/span><\/li>\n<li><span style=\"color: #000000;\">Soporta b\u00fasqueda de agenda en forma local \u00f3 remota.<\/span><\/li>\n<li><span style=\"color: #000000;\">Soporta tecnolog\u00eda ANR con c\u00e1mara IP HIKVISION cuando la red esta desconectada.<\/span><\/li>\n<li><span style=\"color: #000000;\">Soporta Hot Spare para que nunca se pierda la grabaci\u00f3n en caso de que el NVR este fallando\u00a0( se requiere otro NVR que tambi\u00e9n soporte la funci\u00f3n).<\/span><\/li>\n<li><span style=\"color: #000000;\">Soporta DDNS (Hik-Connect, DynDNS, No-IP, etc).<\/span><\/li>\n<li><span style=\"color: #000000;\">Soporta Hik-Connect P2P.<\/span><\/li>\n<li><span style=\"color: #000000;\">Acceso remoto v\u00eda tel\u00e9fono: Android, iPhone, iPad (IVMS-4500 \/ Hik-Connect).<\/span><\/li>\n<li><span style=\"color: #000000;\">Compatibilidad con navegadores IE,\u00a0Safari, Chrome (ietab).<\/span><\/li>\n<li><span style=\"color: #000000;\">Software cliente IVMS-4200 (gratuito).<\/span><\/li>\n<li><span style=\"color: #000000;\"><strong>Soporta m\u00faltiples marcas como:\u00a0AXIS, ONVIF, PANASONIC, PSIA, SAMSUNG, ACTi, SANYO, ZAVIO, VIVOTEK entre otros.<\/strong><\/span><\/li>\n<\/ul>\n<p><span style=\"color: #000000;\"><strong>Capacidad de procesamiento y funciones de red:<\/strong><\/span><\/p>\n<ul>\n<li><span style=\"color: #000000;\"><strong>Throughput entrada: 256\u00a0Mbps.<\/strong><\/span><\/li>\n<li><span style=\"color: #000000;\"><strong>Throughput salida: 256\u00a0Mbps.<\/strong><\/span><\/li>\n<li><span style=\"color: #000000;\"><strong>El Modo Extendido solo puede alimentar c\u00e1maras IP fijas ( NO PTZ 802.3at)<\/strong><\/span><\/li>\n<li><span style=\"color: #000000;\">1 puerto red 10 \/ 100 \/ 1000 Mbps. (LAN)<\/span><\/li>\n<li><span style=\"color: #000000;\"><strong>16 Puertos PoE Interconstruidos 802.3 af\/at (30 W max por puerto).<\/strong><\/span><\/li>\n<li><span style=\"color: #000000;\"><strong>M\u00e1xima capacidad de suministros en puertos PoE: 200W.<\/strong><\/span><\/li>\n<li><span style=\"color: #000000;\">Configuraci\u00f3n remota de par\u00e1metros.<\/span><\/li>\n<li><span style=\"color: #000000;\">Descarga y reproducci\u00f3n por red de los archivos grabados en la NVR.<\/span><\/li>\n<li><span style=\"color: #000000;\">Soporta la descarga de bit\u00e1cora de alarmas del NVR en forma remota.<\/span><\/li>\n<li><span style=\"color: #000000;\">\u00a0Configuraci\u00f3n remota de par\u00e1metros.<\/span><\/li>\n<\/ul>\n<p><span style=\"color: #000000;\"><strong>Funciones de Grabaci\u00f3n y Visualizaci\u00f3n:<\/strong><\/span><\/p>\n<ul>\n<li><span style=\"color: #000000;\">Detecci\u00f3n de movimiento multizona.<\/span><\/li>\n<li><span style=\"color: #000000;\">Zoom digital en visualizaci\u00f3n y grabaci\u00f3n.<\/span><\/li>\n<li><span style=\"color: #000000;\">Dual stream (main stream y sub stream).<\/span><\/li>\n<li><span style=\"color: #000000;\">Soporta avance r\u00e1pido, lento, cuadro a cuadro, etc.<\/span><\/li>\n<li><span style=\"color: #000000;\">Soporta tecnolog\u00eda de discos duros S.M.A.R.T.<\/span><\/li>\n<li><span style=\"color: #000000;\">Soporta m\u00faltiples tipos de grabaci\u00f3n, incluyendo tiempo real, grabaci\u00f3n manual,videosensor, videosensor y alarma, videosensor o alarma.<\/span><\/li>\n<li><span style=\"color: #000000;\">Soporta grabaci\u00f3n c\u00edclica (sobreescritura) y no c\u00edclica.<\/span><\/li>\n<\/ul>\n<p><span style=\"color: #000000;\"><strong>Resoluci\u00f3n de Grabaci\u00f3n por Canal (recomendado):<\/strong><\/span><\/p>\n<ul>\n<li><span style=\"color: #000000;\">1 Megapixel: 32\u00a0Canales@30IPS.<\/span><\/li>\n<li><span style=\"color: #000000;\">2 Megapixel: 32\u00a0Canales@30IPS.<\/span><\/li>\n<li><span style=\"color: #000000;\">5 Megapixel: 32 Canales@12IPS.<\/span><\/li>\n<li><span style=\"color: #000000;\">8 Megapixel (4K): 30 Canales@8IPS.<\/span><\/li>\n<li><span style=\"color: #000000;\">Reproducci\u00f3n s\u00edncrona en canales: 16\u00a0Canales.<\/span><\/li>\n<\/ul>\n<p><span style=\"color: #000000;\"><strong>Interfaces Entradas \/ Salidas:<\/strong><\/span><\/p>\n<ul>\n<li><span style=\"color: #000000;\">Salida HDMI:\u00a04K (3840 \u00d7 2160)\/60Hz, 4K (3840 \u00d7 2160)\/30Hz, 1920 \u00d7 1080p\/60Hz, 1600 \u00d7 1200\/60Hz, 1280 \u00d7 1024\/60Hz, 1280 \u00d7 720\/60Hz, 1024 \u00d7 768\/60Hz.<\/span><\/li>\n<li><span style=\"color: #000000;\">Salida VGA:\u00a01920 \u00d7 1080p\/60Hz, 1280 \u00d7 1024\/60Hz, 1280 \u00d7 720\/60Hz, 1024 \u00d7 768\/60Hz.<\/span><\/li>\n<li><span style=\"color: #000000;\"><strong>Salida independiente\u00a0HDMI y VGA.<\/strong><\/span><\/li>\n<li><span style=\"color: #000000;\">Entrada de Audio: 1 Canal.<\/span><\/li>\n<li><span style=\"color: #000000;\">Salida de Audio: 1 Canal.<\/span><\/li>\n<li><span style=\"color: #000000;\">Entrada de Alarma: 4<\/span><\/li>\n<li><span style=\"color: #000000;\">Salida de Alarma: 1<\/span><\/li>\n<li><span style=\"color: #000000;\">Soporta audio bidireccional (audio de dos v\u00edas).<\/span><\/li>\n<li><span style=\"color: #000000;\">Grabaci\u00f3n externa: iSCSI y NFS (SYNOLOGY) \/ hasta 64 TB.<\/span><\/li>\n<li><span style=\"color: #000000;\">Capacidad de discos SATA: 4\u00a0HDD\u00b4s de hasta 6TB.<\/span><\/li>\n<li><span style=\"color: #000000;\">Soporte para e-SATA: N\/A.<\/span><\/li>\n<li><span style=\"color: #000000;\">Arreglo de discos: N\/A.<\/span><\/li>\n<\/ul>\n<p><span style=\"color: #000000;\"><strong>Caracter\u00edsticas f\u00edsicas y el\u00e9ctricas:<\/strong><\/span><\/p>\n<ul>\n<li><span style=\"color: #000000;\">Dimensiones: 445\u00a0\u00d7 390 \u00d7 75mm.<\/span><\/li>\n<li><span style=\"color: #000000;\">Alimentaci\u00f3n: 100 a 240Vca\u00a0\/ 20\u00a0W.<\/span><\/li>\n<li><span style=\"color: #000000;\">Temperatura de operaci\u00f3n: -10\u00b0C a 55\u00b0C.<\/span><\/li>\n<li><span style=\"color: #000000;\">Peso: 3\u00a0Kg sin HDD.<\/span><\/li>\n<\/ul>\n<p><span style=\"color: #000000;\"><strong>Garant\u00eda: 3\u00a0a\u00f1os.<\/strong><\/span><\/p>\n<p>&nbsp;<\/p>\n<div>\n<div>\n<div>\n<div>\n<p style=\"color: #848282; font-family: tahoma, verdana, arial; font-size: 11px;\" align=\"justify\"><span style=\"color: #ff0000;\"><strong><span style=\"font-size: xx-large;\">DUDAS?<\/span><\/strong><\/span><\/p>\n<p style=\"color: #848282; font-family: tahoma, verdana, arial; font-size: 11px;\" align=\"justify\"><span style=\"color: #ff6600; font-size: medium;\"><strong>Llamenos GRATIS NACIONAL al\u00a0 01-81-1522-9255<\/strong><\/span><\/p>\n<p style=\"color: #848282; font-family: tahoma, verdana, arial; font-size: 11px;\"><span style=\"color: #ada96e;\">En algunas ocasiones nuestros inventarios pueden moverse y no tener en existencia alg\u00fan producto. Llamenos o escribanos para confirmar si ese articulo que busca lo tenemos o quizas podamos sugerir algun otro.<br \/>\nUtilice la<\/span>\u00a0<strong>AYUDA EN LINEA<\/strong><\/p>\n<p><span style=\"color: #f87217; font-family: tahoma, verdana, arial; font-size: 11px;\">Por favor tome un minuto y revise nuestras POLITICAS de venta al calce de la pagina.<\/span><\/p>\n<\/div>\n<\/div>\n<\/div>\n<\/div>\n","protected":false},"excerpt":{"rendered":"<p>NVR 12MP (4K) \/ 32 Canales IP \/ 16 Puertos PoE+ \/ Switch PoE 300 mts \/ HDMI en 4K \/ Soporta POS \u00bfQue es H.265+? H.265+ es el m\u00e9todo de compresi\u00f3n patentado por Hikvision, permite ahorrar hasta 80% de almacenamiento y ancho de banda. + Mas camaras (3MP \/ 5MP \/ 4K) con menor [&hellip;]<\/p>\n","protected":false},"featured_media":8055,"template":"","meta":{"_acf_changed":false},"product_brand":[],"product_cat":[95],"product_tag":[],"berocket_brand":[],"class_list":{"0":"post-5009","1":"product","2":"type-product","3":"status-publish","4":"has-post-thumbnail","6":"product_cat-24-o-canales-grabadoras-nvr-ip","8":"first","9":"instock","10":"taxable","11":"shipping-taxable","12":"purchasable","13":"product-type-simple","14":"berocket_lgv_grid","15":"berocket_lgv_list_grid"},"acf":[],"aioseo_notices":[],"_links":{"self":[{"href":"https:\/\/todoenseguridad.com\/site\/wp-json\/wp\/v2\/product\/5009","targetHints":{"allow":["GET"]}}],"collection":[{"href":"https:\/\/todoenseguridad.com\/site\/wp-json\/wp\/v2\/product"}],"about":[{"href":"https:\/\/todoenseguridad.com\/site\/wp-json\/wp\/v2\/types\/product"}],"wp:featuredmedia":[{"embeddable":true,"href":"https:\/\/todoenseguridad.com\/site\/wp-json\/wp\/v2\/media\/8055"}],"wp:attachment":[{"href":"https:\/\/todoenseguridad.com\/site\/wp-json\/wp\/v2\/media?parent=5009"}],"wp:term":[{"taxonomy":"product_brand","embeddable":true,"href":"https:\/\/todoenseguridad.com\/site\/wp-json\/wp\/v2\/product_brand?post=5009"},{"taxonomy":"product_cat","embeddable":true,"href":"https:\/\/todoenseguridad.com\/site\/wp-json\/wp\/v2\/product_cat?post=5009"},{"taxonomy":"product_tag","embeddable":true,"href":"https:\/\/todoenseguridad.com\/site\/wp-json\/wp\/v2\/product_tag?post=5009"},{"taxonomy":"berocket_brand","embeddable":true,"href":"https:\/\/todoenseguridad.com\/site\/wp-json\/wp\/v2\/berocket_brand?post=5009"}],"curies":[{"name":"wp","href":"https:\/\/api.w.org\/{rel}","templated":true}]}}