{"id":4918,"date":"2020-07-10T20:05:38","date_gmt":"2020-07-11T01:05:38","guid":{"rendered":"https:\/\/todoenseguridad.com\/site\/producto\/ev-1016-turbox-epcom-dvr-nvr-18ch-16ch-turbo-hd-2mpx-2ch-ip-2mpx\/"},"modified":"2025-02-20T17:23:42","modified_gmt":"2025-02-20T22:23:42","slug":"ev-1016-turbox-epcom-dvr-nvr-18ch-16ch-turbo-hd-2mpx-2ch-ip-2mpx","status":"publish","type":"product","link":"https:\/\/todoenseguridad.com\/site\/producto\/ev-1016-turbox-epcom-dvr-nvr-18ch-16ch-turbo-hd-2mpx-2ch-ip-2mpx\/","title":{"rendered":"EV-1016-TURBOX EPCOM DVR\/ NVR 18CH\/ 16CH Turbo HD 2MP\/ 2CH IP 2MP"},"content":{"rendered":"<p><!--?xml version=\"1.0\" encoding=\"utf-8\"?--><\/p>\n<h2><span style=\"color: #0000ff;\">EV-1016-TURBOX EPCOM DVR,NVR 18 Canales (16+2), 16 Canales Turbo HD hasta 2MP, 2 Canales IP hasta 2MP, Compresion de video avanzada, Hik-Connect P2P, Video analisis, Salida de video FULL HD<\/span><\/h2>\n<p style=\"line-height: 20.8px;\"><span style=\"color: #000000;\"><strong>Caracter\u00edsticas principales:<\/strong><\/span><\/p>\n<ul style=\"line-height: 20.8px;\">\n<li><span style=\"color: #000000;\">Tecnolog\u00eda TURBO\u00a0HD ver. 3.0<\/span><\/li>\n<li><span style=\"color: #000000;\">Numero de canales: 16\u00a0ch.\u00a0analogicos, 2\u00a0ch.\u00a0IP.<\/span><\/li>\n<li><span style=\"color: #000000;\">Soporte de tecnolog\u00edas: AHD (1080p), HD-TVI (1080p), Analogico e IP (1080p)<\/span><\/li>\n<li><span style=\"color: #000000;\">Acceso\u00a0remoto: PC (WINDOWS \/ MAC),\u00a0Smart Phone (iPhone, iPad, Android).<\/span><\/li>\n<li><span style=\"color: #000000; font-family: Arial, 'Helvetica Neue', Helvetica, sans-serif;\">Compatibilidad con\u00a0navegador Chrome (IE tab),\u00a0Safari, Internet Explorer.<\/span><\/li>\n<\/ul>\n<p style=\"line-height: 20.8px;\"><span style=\"color: #000000;\"><strong>Compresi\u00f3n y resoluci\u00f3n:<\/strong><\/span><\/p>\n<ul>\n<li><span style=\"color: #000000;\">H.264+, H.264<\/span><\/li>\n<li><span style=\"color: #000000;\">Resoluci\u00f3n m\u00e1xima de grabaci\u00f3n:<\/span><\/li>\n<li><span style=\"color: #000000;\">HD-TVI: 1080p<\/span><\/li>\n<li><span style=\"color: #000000;\">ANALOGICO: 1200TVL.<\/span><\/li>\n<li><span style=\"color: #000000;\">AHD: 720P.<\/span><\/li>\n<li><span style=\"color: #000000;\">IP: 1080P (2\u00a0canal)<\/span><\/li>\n<li><span style=\"color: #000000;\">Frame Rate: 1080p@16IPS, 720p,WD1, 4CIF, VGA, 2CIF, CIF@30IPS<\/span><\/li>\n<li><span style=\"color: #000000;\">Video Bit Rate: 32 Kbps &#8211; 6\u00a0Mbps.<\/span><\/li>\n<li><span style=\"color: #000000;\">Audio: G.711u<\/span><\/li>\n<li><span style=\"color: #000000;\">Audio Bit Rate: 64Kbps.<\/span><\/li>\n<\/ul>\n<p style=\"line-height: 20.8px;\"><span style=\"color: #000000;\"><strong>Funciones de Grabaci\u00f3n y Visualizaci\u00f3n:<\/strong><\/span><\/p>\n<ul style=\"line-height: 20.8px;\">\n<li><span style=\"color: #000000;\">Detecci\u00f3n de movimiento multi zona<\/span><\/li>\n<li><span style=\"color: #000000;\">Zoom digital en visualizaci\u00f3n y grabaci\u00f3n<\/span><\/li>\n<li><span style=\"color: #000000;\">Soporta m\u00faltiples tipos de grabaci\u00f3n, incluyendo tiempo real, grabaci\u00f3n manual, video sensor.<\/span><\/li>\n<li><span style=\"color: #000000;\">B\u00fasqueda inteligente de grabaciones por detecci\u00f3n de movimiento.<\/span><\/li>\n<li><span style=\"color: #000000;\">Se proporciona SDK y c\u00f3digos de demostraci\u00f3n para disminuir el tiempo de desarrollo de aplicaciones.<\/span><\/li>\n<\/ul>\n<p style=\"line-height: 20.8px;\"><span style=\"color: #000000;\"><strong>Funciones de red:<\/strong><\/span><\/p>\n<ul style=\"line-height: 20.8px;\">\n<li><span style=\"color: #000000;\">Protocolos:\u00a0TCP\/IP,\u00a0PPPoE, DHCP, DNS, DDNS, NTP, SADP, SMTP, SNMP,\u00a0NFS, iSCSI, UPnP, HTTP, HTTPS.<\/span><\/li>\n<li><span style=\"color: #000000;\">Compatibilidad DDNS:\u00a0EZVIZ CLOUD P2P,\u00a0IP SERVER, DynDNS, PeanutHull, NO-IP, HIDDNS.<\/span><\/li>\n<li><span style=\"color: #000000;\">Actualizaci\u00f3n remota de firmware.<\/span><\/li>\n<li><span style=\"color: #000000;\">Soporta Doble streaming.<\/span><\/li>\n<\/ul>\n<p style=\"line-height: 20.8px;\"><span style=\"color: #000000;\"><strong>Interfaces Entradas \/ Salidas:<\/strong><\/span><\/p>\n<ul>\n<li><span style=\"color: #000000;\">ENTRADA DE VIDEO: 16\u00a0canales (BNC, 1.0Vp-p, 75\u03a9)<\/span><\/li>\n<li><span style=\"color: #000000;\">SALIDA DE VIDEO:<\/span><\/li>\n<li><span style=\"color: #000000;\">HDMI \/ VGA:\u00a0\u00e2\u20ac\u20394K (3840&#215;2160), 2K (2560&#215;1440),\u00a01920\u00d71080, 1280\u00d71024, 1280\u00d7720, 1024\u00d7768.<\/span><\/li>\n<li><span style=\"color: #000000;\">BNC: 1 Canal (BNC, 1.0Vp-p, 75\u03a9), resoluci\u00f3n m\u00e1xima: 704&#215;480.<\/span><\/li>\n<li><span style=\"color: #000000;\">ENTRADA\u00a0AUDIO: 1 Canal (RCA, 2.0 Vp-p, 1K\u03a9).<\/span><\/li>\n<li><span style=\"color: #000000;\">SALIDA AUDIO: 1\u00a0Canal\u00a0(RCA, 2.0 Vp-p, 1K\u03a9).<\/span><\/li>\n<li><span style=\"color: #000000;\">INTERFAZ SERIAL: RS-485 (HIKVISION C, PELCO D, PELCO\u00a0P, etc)<\/span><\/li>\n<li><span style=\"color: #000000;\">INTERFAZ USB:<\/span><\/li>\n<li><span style=\"color: #000000;\">Panel frontal: 1 puerto\u00a02.0<\/span><\/li>\n<li><span style=\"color: #000000;\">Panel posterior: 1 puerto\u00a03.0<\/span><\/li>\n<li><span style=\"color: #000000;\">INTERFAZ DE RED: 1\u00a0puetos (RJ-45 10\/100\u00a0Mbps).<\/span><\/li>\n<li><span style=\"color: #000000;\">CAP. DE DISCOS SATA: 2\u00a0HDDs \/ 6TB por disco.<\/span><\/li>\n<\/ul>\n<p style=\"line-height: 20.8px;\"><span style=\"color: #000000;\"><strong>Caracter\u00edsticas f\u00edsicas y el\u00e9ctricas:<\/strong><\/span><\/p>\n<ul style=\"line-height: 20.8px;\">\n<li><span style=\"color: #000000;\">Temperatura de Operaci\u00f3n: -10 ~ 55\u00baC.<\/span><\/li>\n<li><span style=\"color: #000000;\">Alimentaci\u00f3n: 12VCD.<\/span><\/li>\n<li><span style=\"color: #000000;\">Consumo el\u00e9ctrico m\u00e1ximo: 30W.<\/span><\/li>\n<li><span style=\"color: #000000;\">Dimensiones: 380\u00a0x 320\u00a0x 48mm.<\/span><\/li>\n<li><span style=\"color: #000000;\">Peso: 2\u00a0Kg. (sin discos duros).<\/span><\/li>\n<\/ul>\n<p>&nbsp;<\/p>\n<p>&nbsp;<\/p>\n","protected":false},"excerpt":{"rendered":"<p>EV-1016-TURBOX EPCOM DVR,NVR 18 Canales (16+2), 16 Canales Turbo HD hasta 2MP, 2 Canales IP hasta 2MP, Compresion de video avanzada, Hik-Connect P2P, Video analisis, Salida de video FULL HD Caracter\u00edsticas principales: Tecnolog\u00eda TURBO\u00a0HD ver. 3.0 Numero de canales: 16\u00a0ch.\u00a0analogicos, 2\u00a0ch.\u00a0IP. Soporte de tecnolog\u00edas: AHD (1080p), HD-TVI (1080p), Analogico e IP (1080p) Acceso\u00a0remoto: PC (WINDOWS [&hellip;]<\/p>\n","protected":false},"featured_media":8188,"template":"","meta":{"_acf_changed":false},"product_brand":[],"product_cat":[135],"product_tag":[],"berocket_brand":[],"class_list":{"0":"post-4918","1":"product","2":"type-product","3":"status-publish","4":"has-post-thumbnail","6":"product_cat-grabadoras-dvr-tvi","8":"first","9":"instock","10":"taxable","11":"shipping-taxable","12":"purchasable","13":"product-type-simple","14":"berocket_lgv_grid","15":"berocket_lgv_list_grid"},"acf":[],"aioseo_notices":[],"_links":{"self":[{"href":"https:\/\/todoenseguridad.com\/site\/wp-json\/wp\/v2\/product\/4918","targetHints":{"allow":["GET"]}}],"collection":[{"href":"https:\/\/todoenseguridad.com\/site\/wp-json\/wp\/v2\/product"}],"about":[{"href":"https:\/\/todoenseguridad.com\/site\/wp-json\/wp\/v2\/types\/product"}],"wp:featuredmedia":[{"embeddable":true,"href":"https:\/\/todoenseguridad.com\/site\/wp-json\/wp\/v2\/media\/8188"}],"wp:attachment":[{"href":"https:\/\/todoenseguridad.com\/site\/wp-json\/wp\/v2\/media?parent=4918"}],"wp:term":[{"taxonomy":"product_brand","embeddable":true,"href":"https:\/\/todoenseguridad.com\/site\/wp-json\/wp\/v2\/product_brand?post=4918"},{"taxonomy":"product_cat","embeddable":true,"href":"https:\/\/todoenseguridad.com\/site\/wp-json\/wp\/v2\/product_cat?post=4918"},{"taxonomy":"product_tag","embeddable":true,"href":"https:\/\/todoenseguridad.com\/site\/wp-json\/wp\/v2\/product_tag?post=4918"},{"taxonomy":"berocket_brand","embeddable":true,"href":"https:\/\/todoenseguridad.com\/site\/wp-json\/wp\/v2\/berocket_brand?post=4918"}],"curies":[{"name":"wp","href":"https:\/\/api.w.org\/{rel}","templated":true}]}}