{"id":4885,"date":"2020-07-10T20:05:35","date_gmt":"2020-07-11T01:05:35","guid":{"rendered":"https:\/\/todoenseguridad.com\/site\/producto\/xbs-arm-mastil-recto-iluminado-de-5mts-compatible-con-barreras\/"},"modified":"2026-03-25T16:50:44","modified_gmt":"2026-03-25T21:50:44","slug":"xbs-arm-mastil-recto-iluminado-de-5mts-compatible-con-barreras","status":"publish","type":"product","link":"https:\/\/todoenseguridad.com\/site\/producto\/xbs-arm-mastil-recto-iluminado-de-5mts-compatible-con-barreras\/","title":{"rendered":"XBS-ARM Mastil recto iluminado de 5mts compatible con barreras"},"content":{"rendered":"<p><!--?xml version=\"1.0\" encoding=\"utf-8\"?--><\/p>\n<h3><span style=\"color: #0000ff;\"><strong><span style=\"font-size: medium;\">XBS-ARM Mastil recto iluminado de 5 metros compatible con barreras Industrial By AccessPRO<\/span><\/strong><\/span><\/h3>\n<p>&nbsp;<\/p>\n<p>M\u00e1stil recto iluminado de 5 metros compatible con barreras Industrial By AccessPRO<\/p>\n<p>Voltaje de operaci\u00f3n: 12 Vcd<br \/>\nConsumo: 2 A<br \/>\n<strong>Fuente de alimentaci\u00f3n compatible: PS-12-DC-4C (No incluida)<\/strong><\/p>\n<p>Compatibilidad:<\/p>\n<ul>\n<li>XBS5000R<\/li>\n<li>XBS5000L<\/li>\n<li>XB5000R<\/li>\n<li>XB5000L<\/li>\n<\/ul>\n<p>&nbsp;<\/p>\n<p>&nbsp;<\/p>\n","protected":false},"excerpt":{"rendered":"<p>XBS-ARM Mastil recto iluminado de 5 metros compatible con barreras Industrial By AccessPRO &nbsp; M\u00e1stil recto iluminado de 5 metros compatible con barreras Industrial By AccessPRO Voltaje de operaci\u00f3n: 12 Vcd Consumo: 2 A Fuente de alimentaci\u00f3n compatible: PS-12-DC-4C (No incluida) Compatibilidad: XBS5000R XBS5000L XB5000R XB5000L &nbsp; &nbsp;<\/p>\n","protected":false},"featured_media":8768,"template":"","meta":{"_acf_changed":false},"product_brand":[],"product_cat":[97],"product_tag":[],"berocket_brand":[],"class_list":{"0":"post-4885","1":"product","2":"type-product","3":"status-publish","4":"has-post-thumbnail","6":"product_cat-barrera-vehicular","8":"first","9":"instock","10":"taxable","11":"shipping-taxable","12":"purchasable","13":"product-type-simple","14":"berocket_lgv_grid","15":"berocket_lgv_list_grid"},"acf":[],"aioseo_notices":[],"_links":{"self":[{"href":"https:\/\/todoenseguridad.com\/site\/wp-json\/wp\/v2\/product\/4885","targetHints":{"allow":["GET"]}}],"collection":[{"href":"https:\/\/todoenseguridad.com\/site\/wp-json\/wp\/v2\/product"}],"about":[{"href":"https:\/\/todoenseguridad.com\/site\/wp-json\/wp\/v2\/types\/product"}],"wp:featuredmedia":[{"embeddable":true,"href":"https:\/\/todoenseguridad.com\/site\/wp-json\/wp\/v2\/media\/8768"}],"wp:attachment":[{"href":"https:\/\/todoenseguridad.com\/site\/wp-json\/wp\/v2\/media?parent=4885"}],"wp:term":[{"taxonomy":"product_brand","embeddable":true,"href":"https:\/\/todoenseguridad.com\/site\/wp-json\/wp\/v2\/product_brand?post=4885"},{"taxonomy":"product_cat","embeddable":true,"href":"https:\/\/todoenseguridad.com\/site\/wp-json\/wp\/v2\/product_cat?post=4885"},{"taxonomy":"product_tag","embeddable":true,"href":"https:\/\/todoenseguridad.com\/site\/wp-json\/wp\/v2\/product_tag?post=4885"},{"taxonomy":"berocket_brand","embeddable":true,"href":"https:\/\/todoenseguridad.com\/site\/wp-json\/wp\/v2\/berocket_brand?post=4885"}],"curies":[{"name":"wp","href":"https:\/\/api.w.org\/{rel}","templated":true}]}}