{"id":4884,"date":"2020-07-10T20:05:35","date_gmt":"2020-07-11T01:05:35","guid":{"rendered":"https:\/\/todoenseguridad.com\/site\/producto\/xb-telesc-arm-accesspro-brazo-con-extension-telescopica-barrera\/"},"modified":"2026-03-25T16:50:06","modified_gmt":"2026-03-25T21:50:06","slug":"xb-telesc-arm-accesspro-brazo-con-extension-telescopica-barrera","status":"publish","type":"product","link":"https:\/\/todoenseguridad.com\/site\/producto\/xb-telesc-arm-accesspro-brazo-con-extension-telescopica-barrera\/","title":{"rendered":"XB-TELESC-ARM AccessPRO Brazo con extension telescopica barrera"},"content":{"rendered":"<p><!--?xml version=\"1.0\" encoding=\"utf-8\"?--><\/p>\n<h3><strong><span style=\"color: #000080; font-size: medium;\"><span style=\"color: #0000ff;\">XB-TELESC-ARM AccessPRO Brazo con extension telescopica para barreras Industrial By AccessPRO<\/span> <\/span><\/strong><\/h3>\n<p>&nbsp;<\/p>\n<p><span style=\"line-height: 20.8px;\">El m\u00e1stil para barreras vehiculares Industrial By AccessPRO, permite variar f\u00e1cilmente su longitud entre un m\u00ednimo de 3.6 metros hasta 5.5 metros sin la necesidad de cortarlo.<\/span><\/p>\n<p><strong>Nota: Brazo no iluminado \/ Hexagonal<\/strong><\/p>\n<p><span style=\"line-height: 20.8px;\"><strong>Compatibilidad<\/strong>:<\/span><\/p>\n<ul style=\"line-height: 20.8px;\">\n<li>XBS5000R<\/li>\n<li>XBS5000L<\/li>\n<li>XB5000R<\/li>\n<li>XB5000L<\/li>\n<li>LiftPRO<\/li>\n<li>LiftPROL<\/li>\n<li>LiftPROP<\/li>\n<li>LiftPROPL<\/li>\n<\/ul>\n<p>&nbsp;<\/p>\n<p>&nbsp;<\/p>\n","protected":false},"excerpt":{"rendered":"<p>XB-TELESC-ARM AccessPRO Brazo con extension telescopica para barreras Industrial By AccessPRO &nbsp; El m\u00e1stil para barreras vehiculares Industrial By AccessPRO, permite variar f\u00e1cilmente su longitud entre un m\u00ednimo de 3.6 metros hasta 5.5 metros sin la necesidad de cortarlo. Nota: Brazo no iluminado \/ Hexagonal Compatibilidad: XBS5000R XBS5000L XB5000R XB5000L LiftPRO LiftPROL LiftPROP LiftPROPL &nbsp; [&hellip;]<\/p>\n","protected":false},"featured_media":7357,"template":"","meta":{"_acf_changed":false},"product_brand":[],"product_cat":[97],"product_tag":[],"berocket_brand":[],"class_list":{"0":"post-4884","1":"product","2":"type-product","3":"status-publish","4":"has-post-thumbnail","6":"product_cat-barrera-vehicular","8":"first","9":"outofstock","10":"taxable","11":"shipping-taxable","12":"purchasable","13":"product-type-simple","14":"berocket_lgv_grid","15":"berocket_lgv_list_grid"},"acf":[],"aioseo_notices":[],"_links":{"self":[{"href":"https:\/\/todoenseguridad.com\/site\/wp-json\/wp\/v2\/product\/4884","targetHints":{"allow":["GET"]}}],"collection":[{"href":"https:\/\/todoenseguridad.com\/site\/wp-json\/wp\/v2\/product"}],"about":[{"href":"https:\/\/todoenseguridad.com\/site\/wp-json\/wp\/v2\/types\/product"}],"wp:featuredmedia":[{"embeddable":true,"href":"https:\/\/todoenseguridad.com\/site\/wp-json\/wp\/v2\/media\/7357"}],"wp:attachment":[{"href":"https:\/\/todoenseguridad.com\/site\/wp-json\/wp\/v2\/media?parent=4884"}],"wp:term":[{"taxonomy":"product_brand","embeddable":true,"href":"https:\/\/todoenseguridad.com\/site\/wp-json\/wp\/v2\/product_brand?post=4884"},{"taxonomy":"product_cat","embeddable":true,"href":"https:\/\/todoenseguridad.com\/site\/wp-json\/wp\/v2\/product_cat?post=4884"},{"taxonomy":"product_tag","embeddable":true,"href":"https:\/\/todoenseguridad.com\/site\/wp-json\/wp\/v2\/product_tag?post=4884"},{"taxonomy":"berocket_brand","embeddable":true,"href":"https:\/\/todoenseguridad.com\/site\/wp-json\/wp\/v2\/berocket_brand?post=4884"}],"curies":[{"name":"wp","href":"https:\/\/api.w.org\/{rel}","templated":true}]}}