{"id":4881,"date":"2020-07-10T20:05:35","date_gmt":"2020-07-11T01:05:35","guid":{"rendered":"https:\/\/todoenseguridad.com\/site\/producto\/ps-12-dc-4c-epcom-fuente-de-alimentacion-hasta-15v-5-amperes\/"},"modified":"2025-02-20T17:36:48","modified_gmt":"2025-02-20T22:36:48","slug":"ps-12-dc-4c-epcom-fuente-de-alimentacion-hasta-15v-5-amperes","status":"publish","type":"product","link":"https:\/\/todoenseguridad.com\/site\/producto\/ps-12-dc-4c-epcom-fuente-de-alimentacion-hasta-15v-5-amperes\/","title":{"rendered":"PS-12-DC-4C EPCOM Fuente de Alimentacion Hasta 15V 5 Amperes"},"content":{"rendered":"<p><!--?xml version=\"1.0\" encoding=\"utf-8\"?--><\/p>\n<h2><span style=\"color: #0000ff;\"> PS-12-DC-4C EPCOM NUEVA VERSION Fuente de Alimentacion Hasta 15V, Camaras LARGA DISTANCIA, 4 Canales, 5 Amperes <\/span><\/h2>\n<p><span style=\"color: #000000;\"><strong>NUEVA VERSI\u00d3N Con soporte hasta 15V para Larga Distancia<br \/>\nTodas las c\u00e1maras anal\u00f3gicas y TurboHD en SYSCOM soporta 15V, para alimentaci\u00f3n en larga distancia.<\/strong><\/span><\/p>\n<p><span style=\"color: #000000;\">Soluci\u00f3n practica y sencilla para aplicaciones de c\u00e1maras de CCTV.<\/span><br \/>\n<span style=\"color: #000000;\"><strong>Caracter\u00edsticas:<\/strong><\/span><\/p>\n<ul>\n<li><span style=\"color: #000000;\">Voltaje de entrada de 110 a 240 Vca.<\/span><\/li>\n<li><span style=\"color: #000000;\">Voltaje de salida de 11.70 a 15V<\/span><\/li>\n<li><span style=\"color: #000000;\">Sistema de 5A inteligentes (Distribuidos en 4 salidas).<\/span><\/li>\n<li><span style=\"color: #000000;\">Fusible t\u00e9rmico PTC integrado de 6A.<\/span><\/li>\n<li><span style=\"color: #000000;\">Incluye cable de alimentaci\u00f3n.<\/span><\/li>\n<li><span style=\"color: #000000;\">LED indicador de alimentaci\u00f3n.<\/span><\/li>\n<li><span style=\"color: #000000;\">Certificaciones : UL,CE<\/span><\/li>\n<li><span style=\"color: #000000;\">Peso : 400 grs.<\/span><\/li>\n<li><span style=\"color: #000000;\">Dimensiones : 13 cms x 5 cms. x 3 cms.<\/span><\/li>\n<\/ul>\n<p>&nbsp;<\/p>\n<p>&nbsp;<\/p>\n","protected":false},"excerpt":{"rendered":"<p>PS-12-DC-4C EPCOM NUEVA VERSION Fuente de Alimentacion Hasta 15V, Camaras LARGA DISTANCIA, 4 Canales, 5 Amperes NUEVA VERSI\u00d3N Con soporte hasta 15V para Larga Distancia Todas las c\u00e1maras anal\u00f3gicas y TurboHD en SYSCOM soporta 15V, para alimentaci\u00f3n en larga distancia. Soluci\u00f3n practica y sencilla para aplicaciones de c\u00e1maras de CCTV. Caracter\u00edsticas: Voltaje de entrada de [&hellip;]<\/p>\n","protected":false},"featured_media":8308,"template":"","meta":{"_acf_changed":false},"product_brand":[],"product_cat":[100],"product_tag":[],"berocket_brand":[],"class_list":{"0":"post-4881","1":"product","2":"type-product","3":"status-publish","4":"has-post-thumbnail","6":"product_cat-accesorios-control-de-acceso","8":"first","9":"instock","10":"taxable","11":"shipping-taxable","12":"purchasable","13":"product-type-simple","14":"berocket_lgv_grid","15":"berocket_lgv_list_grid"},"acf":[],"aioseo_notices":[],"_links":{"self":[{"href":"https:\/\/todoenseguridad.com\/site\/wp-json\/wp\/v2\/product\/4881","targetHints":{"allow":["GET"]}}],"collection":[{"href":"https:\/\/todoenseguridad.com\/site\/wp-json\/wp\/v2\/product"}],"about":[{"href":"https:\/\/todoenseguridad.com\/site\/wp-json\/wp\/v2\/types\/product"}],"wp:featuredmedia":[{"embeddable":true,"href":"https:\/\/todoenseguridad.com\/site\/wp-json\/wp\/v2\/media\/8308"}],"wp:attachment":[{"href":"https:\/\/todoenseguridad.com\/site\/wp-json\/wp\/v2\/media?parent=4881"}],"wp:term":[{"taxonomy":"product_brand","embeddable":true,"href":"https:\/\/todoenseguridad.com\/site\/wp-json\/wp\/v2\/product_brand?post=4881"},{"taxonomy":"product_cat","embeddable":true,"href":"https:\/\/todoenseguridad.com\/site\/wp-json\/wp\/v2\/product_cat?post=4881"},{"taxonomy":"product_tag","embeddable":true,"href":"https:\/\/todoenseguridad.com\/site\/wp-json\/wp\/v2\/product_tag?post=4881"},{"taxonomy":"berocket_brand","embeddable":true,"href":"https:\/\/todoenseguridad.com\/site\/wp-json\/wp\/v2\/berocket_brand?post=4881"}],"curies":[{"name":"wp","href":"https:\/\/api.w.org\/{rel}","templated":true}]}}