{"id":4879,"date":"2020-07-10T20:05:35","date_gmt":"2020-07-11T01:05:35","guid":{"rendered":"https:\/\/todoenseguridad.com\/site\/producto\/rcnt2pc-ruiz-electronics-tarjeta-contadora-de-eventos-a-pc\/"},"modified":"2026-03-25T16:48:01","modified_gmt":"2026-03-25T21:48:01","slug":"rcnt2pc-ruiz-electronics-tarjeta-contadora-de-eventos-a-pc","status":"publish","type":"product","link":"https:\/\/todoenseguridad.com\/site\/producto\/rcnt2pc-ruiz-electronics-tarjeta-contadora-de-eventos-a-pc\/","title":{"rendered":"RCNT2PC Ruiz Electronics Tarjeta Contadora de Eventos a PC"},"content":{"rendered":"<p><!--?xml version=\"1.0\" encoding=\"utf-8\"?--><\/p>\n<h2><span style=\"color: #0000ff;\">RCNT2PC Ruiz Electronics Tarjeta Contadora de Eventos con conexi\u00f3n USB a PC<\/span><\/h2>\n<ul>\n<li><span style=\"color: #000000;\">Alimentaci\u00f3n USB.<\/span><\/li>\n<li><span style=\"color: #000000;\">Cuenta con 2 entradas y 2 salidas de contacto seco.<\/span><\/li>\n<li><span style=\"color: #000000;\">Permite el monitoreo de eventos a trav\u00e9s de cable USB (requiere estar en l\u00ednea de forma constante).<\/span><\/li>\n<li><span style=\"color: #000000;\">Generaci\u00f3n de reportes b\u00e1sicos.<\/span><\/li>\n<li><span style=\"color: #000000;\">Activaci\u00f3n de salidas despu\u00e9s de un determinado numero de accesos.<\/span><\/li>\n<\/ul>\n<p>&nbsp;<\/p>\n<p>&nbsp;<\/p>\n","protected":false},"excerpt":{"rendered":"<p>RCNT2PC Ruiz Electronics Tarjeta Contadora de Eventos con conexi\u00f3n USB a PC Alimentaci\u00f3n USB. Cuenta con 2 entradas y 2 salidas de contacto seco. Permite el monitoreo de eventos a trav\u00e9s de cable USB (requiere estar en l\u00ednea de forma constante). Generaci\u00f3n de reportes b\u00e1sicos. Activaci\u00f3n de salidas despu\u00e9s de un determinado numero de accesos. [&hellip;]<\/p>\n","protected":false},"featured_media":10363,"template":"","meta":{"_acf_changed":false},"product_brand":[],"product_cat":[100,96],"product_tag":[],"berocket_brand":[],"class_list":{"0":"post-4879","1":"product","2":"type-product","3":"status-publish","4":"has-post-thumbnail","6":"product_cat-accesorios-control-de-acceso","7":"product_cat-control-de-acceso","9":"first","10":"instock","11":"taxable","12":"shipping-taxable","13":"purchasable","14":"product-type-simple","15":"berocket_lgv_grid","16":"berocket_lgv_list_grid"},"acf":[],"aioseo_notices":[],"_links":{"self":[{"href":"https:\/\/todoenseguridad.com\/site\/wp-json\/wp\/v2\/product\/4879","targetHints":{"allow":["GET"]}}],"collection":[{"href":"https:\/\/todoenseguridad.com\/site\/wp-json\/wp\/v2\/product"}],"about":[{"href":"https:\/\/todoenseguridad.com\/site\/wp-json\/wp\/v2\/types\/product"}],"wp:featuredmedia":[{"embeddable":true,"href":"https:\/\/todoenseguridad.com\/site\/wp-json\/wp\/v2\/media\/10363"}],"wp:attachment":[{"href":"https:\/\/todoenseguridad.com\/site\/wp-json\/wp\/v2\/media?parent=4879"}],"wp:term":[{"taxonomy":"product_brand","embeddable":true,"href":"https:\/\/todoenseguridad.com\/site\/wp-json\/wp\/v2\/product_brand?post=4879"},{"taxonomy":"product_cat","embeddable":true,"href":"https:\/\/todoenseguridad.com\/site\/wp-json\/wp\/v2\/product_cat?post=4879"},{"taxonomy":"product_tag","embeddable":true,"href":"https:\/\/todoenseguridad.com\/site\/wp-json\/wp\/v2\/product_tag?post=4879"},{"taxonomy":"berocket_brand","embeddable":true,"href":"https:\/\/todoenseguridad.com\/site\/wp-json\/wp\/v2\/berocket_brand?post=4879"}],"curies":[{"name":"wp","href":"https:\/\/api.w.org\/{rel}","templated":true}]}}