{"id":4876,"date":"2020-07-10T20:05:35","date_gmt":"2020-07-11T01:05:35","guid":{"rendered":"https:\/\/todoenseguridad.com\/site\/producto\/sys-lm8-accesspro-lazo-magnetico-para-aplicaciones-especiales\/"},"modified":"2026-03-25T16:46:36","modified_gmt":"2026-03-25T21:46:36","slug":"sys-lm8-accesspro-lazo-magnetico-para-aplicaciones-especiales","status":"publish","type":"product","link":"https:\/\/todoenseguridad.com\/site\/producto\/sys-lm8-accesspro-lazo-magnetico-para-aplicaciones-especiales\/","title":{"rendered":"SYS-LM8 AccessPRO Lazo magnetico para aplicaciones especiales"},"content":{"rendered":"<p><!--?xml version=\"1.0\" encoding=\"utf-8\"?--><\/p>\n<h2><span style=\"color: #0000ff;\"> SYS-LM8 AccessPRO Lazo magnetico para aplicaciones especiales (Trailer, Camiones grandes o similares) <\/span><\/h2>\n<p><span style=\"color: #000000;\">El lazo magn\u00e9tico SYSLM8 en conjunto con el Detector de Masa Met\u00e1lica MATRIXD1224, es un dispositivo de seguridad que evita que el brazo de la barrera baje si se encuentra un veh\u00edculo debajo de ella, es adem\u00e1s el encargado de enviar la orden de cierre a la barrera una vez que el veh\u00edculo ha pasado.<\/span><\/p>\n<p><span style=\"color: #000000;\"><strong>Notas:<\/strong><\/span><\/p>\n<ul>\n<li><span style=\"color: #000000;\"><strong>Requiere MATRIXD1224<\/strong><\/span><\/li>\n<li><span style=\"color: #000000;\"><strong><span style=\"line-height: 20.8px;\">El color puede variar.<\/span> <\/strong><\/span><\/li>\n<\/ul>\n<p>&nbsp;<\/p>\n<p>&nbsp;<\/p>\n","protected":false},"excerpt":{"rendered":"<p>SYS-LM8 AccessPRO Lazo magnetico para aplicaciones especiales (Trailer, Camiones grandes o similares) El lazo magn\u00e9tico SYSLM8 en conjunto con el Detector de Masa Met\u00e1lica MATRIXD1224, es un dispositivo de seguridad que evita que el brazo de la barrera baje si se encuentra un veh\u00edculo debajo de ella, es adem\u00e1s el encargado de enviar la orden [&hellip;]<\/p>\n","protected":false},"featured_media":8708,"template":"","meta":{"_acf_changed":false},"product_brand":[],"product_cat":[100,96],"product_tag":[],"berocket_brand":[],"class_list":{"0":"post-4876","1":"product","2":"type-product","3":"status-publish","4":"has-post-thumbnail","6":"product_cat-accesorios-control-de-acceso","7":"product_cat-control-de-acceso","9":"first","10":"instock","11":"taxable","12":"shipping-taxable","13":"purchasable","14":"product-type-simple","15":"berocket_lgv_grid","16":"berocket_lgv_list_grid"},"acf":[],"aioseo_notices":[],"_links":{"self":[{"href":"https:\/\/todoenseguridad.com\/site\/wp-json\/wp\/v2\/product\/4876","targetHints":{"allow":["GET"]}}],"collection":[{"href":"https:\/\/todoenseguridad.com\/site\/wp-json\/wp\/v2\/product"}],"about":[{"href":"https:\/\/todoenseguridad.com\/site\/wp-json\/wp\/v2\/types\/product"}],"wp:featuredmedia":[{"embeddable":true,"href":"https:\/\/todoenseguridad.com\/site\/wp-json\/wp\/v2\/media\/8708"}],"wp:attachment":[{"href":"https:\/\/todoenseguridad.com\/site\/wp-json\/wp\/v2\/media?parent=4876"}],"wp:term":[{"taxonomy":"product_brand","embeddable":true,"href":"https:\/\/todoenseguridad.com\/site\/wp-json\/wp\/v2\/product_brand?post=4876"},{"taxonomy":"product_cat","embeddable":true,"href":"https:\/\/todoenseguridad.com\/site\/wp-json\/wp\/v2\/product_cat?post=4876"},{"taxonomy":"product_tag","embeddable":true,"href":"https:\/\/todoenseguridad.com\/site\/wp-json\/wp\/v2\/product_tag?post=4876"},{"taxonomy":"berocket_brand","embeddable":true,"href":"https:\/\/todoenseguridad.com\/site\/wp-json\/wp\/v2\/berocket_brand?post=4876"}],"curies":[{"name":"wp","href":"https:\/\/api.w.org\/{rel}","templated":true}]}}