{"id":4872,"date":"2020-07-10T20:05:34","date_gmt":"2020-07-11T01:05:34","guid":{"rendered":"https:\/\/todoenseguridad.com\/site\/producto\/xbs-sw-01-accesspro-botonera-triple-de-uso-rudo\/"},"modified":"2025-02-20T17:47:16","modified_gmt":"2025-02-20T22:47:16","slug":"xbs-sw-01-accesspro-botonera-triple-de-uso-rudo","status":"publish","type":"product","link":"https:\/\/todoenseguridad.com\/site\/producto\/xbs-sw-01-accesspro-botonera-triple-de-uso-rudo\/","title":{"rendered":"XBS-SW-01 AccessPRO Botonera Triple de uso rudo"},"content":{"rendered":"<p><!--?xml version=\"1.0\" encoding=\"utf-8\"?--><\/p>\n<p><span style=\"color: #0000ff;\"><strong><span style=\"font-size: medium;\">XBS-SW-01 AccessPRO Botonera Triple de uso rudo<\/span><\/strong><\/span><\/p>\n<p>&nbsp;<\/p>\n<p><span style=\"line-height: 20.8px;\">Caracteristicas:<\/span><\/p>\n<ul style=\"line-height: 20.8px;\">\n<li>Soporta voltajes de 5 a 250 volts.<\/li>\n<li>Corriente m\u00e1xima de operaci\u00f3n: 5A<\/li>\n<li>Temperatura de operaci\u00f3n: -20 a 50 \u00b0C<\/li>\n<li>Grado de protecci\u00f3n IP40<\/li>\n<li>Dimensiones 68x131x51 mm<\/li>\n<\/ul>\n<p>&nbsp;<\/p>\n<p>&nbsp;<\/p>\n","protected":false},"excerpt":{"rendered":"<p>XBS-SW-01 AccessPRO Botonera Triple de uso rudo &nbsp; Caracteristicas: Soporta voltajes de 5 a 250 volts. Corriente m\u00e1xima de operaci\u00f3n: 5A Temperatura de operaci\u00f3n: -20 a 50 \u00b0C Grado de protecci\u00f3n IP40 Dimensiones 68x131x51 mm &nbsp; &nbsp;<\/p>\n","protected":false},"featured_media":7356,"template":"","meta":{"_acf_changed":false},"product_brand":[],"product_cat":[97],"product_tag":[],"berocket_brand":[],"class_list":{"0":"post-4872","1":"product","2":"type-product","3":"status-publish","4":"has-post-thumbnail","6":"product_cat-barrera-vehicular","8":"first","9":"instock","10":"taxable","11":"shipping-taxable","12":"purchasable","13":"product-type-simple","14":"berocket_lgv_grid","15":"berocket_lgv_list_grid"},"acf":[],"aioseo_notices":[],"_links":{"self":[{"href":"https:\/\/todoenseguridad.com\/site\/wp-json\/wp\/v2\/product\/4872","targetHints":{"allow":["GET"]}}],"collection":[{"href":"https:\/\/todoenseguridad.com\/site\/wp-json\/wp\/v2\/product"}],"about":[{"href":"https:\/\/todoenseguridad.com\/site\/wp-json\/wp\/v2\/types\/product"}],"wp:featuredmedia":[{"embeddable":true,"href":"https:\/\/todoenseguridad.com\/site\/wp-json\/wp\/v2\/media\/7356"}],"wp:attachment":[{"href":"https:\/\/todoenseguridad.com\/site\/wp-json\/wp\/v2\/media?parent=4872"}],"wp:term":[{"taxonomy":"product_brand","embeddable":true,"href":"https:\/\/todoenseguridad.com\/site\/wp-json\/wp\/v2\/product_brand?post=4872"},{"taxonomy":"product_cat","embeddable":true,"href":"https:\/\/todoenseguridad.com\/site\/wp-json\/wp\/v2\/product_cat?post=4872"},{"taxonomy":"product_tag","embeddable":true,"href":"https:\/\/todoenseguridad.com\/site\/wp-json\/wp\/v2\/product_tag?post=4872"},{"taxonomy":"berocket_brand","embeddable":true,"href":"https:\/\/todoenseguridad.com\/site\/wp-json\/wp\/v2\/berocket_brand?post=4872"}],"curies":[{"name":"wp","href":"https:\/\/api.w.org\/{rel}","templated":true}]}}