{"id":4870,"date":"2020-07-10T20:05:34","date_gmt":"2020-07-11T01:05:34","guid":{"rendered":"https:\/\/todoenseguridad.com\/site\/producto\/xbf-armled-accesspro-mastil-recto-de-3-metros-con-iluminacion\/"},"modified":"2026-03-25T16:54:41","modified_gmt":"2026-03-25T21:54:41","slug":"xbf-armled-accesspro-mastil-recto-de-3-metros-con-iluminacion","status":"publish","type":"product","link":"https:\/\/todoenseguridad.com\/site\/producto\/xbf-armled-accesspro-mastil-recto-de-3-metros-con-iluminacion\/","title":{"rendered":"XBF-ARMLED AccessPRO Mastil recto de 3 metros con iluminacion"},"content":{"rendered":"<p><!--?xml version=\"1.0\" encoding=\"utf-8\"?--><\/p>\n<h3><span style=\"color: #000080; font-size: medium;\"><span style=\"color: #0000ff;\"> XBF-ARMLED AccessPRO Mastil recto de 3 metros con iluminacion compatible con barreras AccessPRO Industrial by<\/span> <\/span><\/h3>\n<p>&nbsp;<\/p>\n<p>M\u00e1stil recto con iluminaci\u00f3n inclu\u00edda de 3 metros.<br \/>\nVoltaje de operaci\u00f3n: 12 Vcd<br \/>\nConsumo: 1.5 A<br \/>\n<strong>Fuente de alimentaci\u00f3n compatible: PS-12-DC-4C (No incluida)<\/strong><\/p>\n<p>Compatibilidad:<\/p>\n<ul>\n<li>XBF3000R<\/li>\n<li>XBF3000L<\/li>\n<li>XB6000R<\/li>\n<li>XB6000L<\/li>\n<\/ul>\n<p>&nbsp;<\/p>\n<p>&nbsp;<\/p>\n","protected":false},"excerpt":{"rendered":"<p>XBF-ARMLED AccessPRO Mastil recto de 3 metros con iluminacion compatible con barreras AccessPRO Industrial by &nbsp; M\u00e1stil recto con iluminaci\u00f3n inclu\u00edda de 3 metros. Voltaje de operaci\u00f3n: 12 Vcd Consumo: 1.5 A Fuente de alimentaci\u00f3n compatible: PS-12-DC-4C (No incluida) Compatibilidad: XBF3000R XBF3000L XB6000R XB6000L &nbsp; &nbsp;<\/p>\n","protected":false},"featured_media":8766,"template":"","meta":{"_acf_changed":false},"product_brand":[],"product_cat":[97],"product_tag":[],"berocket_brand":[],"class_list":{"0":"post-4870","1":"product","2":"type-product","3":"status-publish","4":"has-post-thumbnail","6":"product_cat-barrera-vehicular","8":"first","9":"instock","10":"taxable","11":"shipping-taxable","12":"purchasable","13":"product-type-simple","14":"berocket_lgv_grid","15":"berocket_lgv_list_grid"},"acf":[],"aioseo_notices":[],"_links":{"self":[{"href":"https:\/\/todoenseguridad.com\/site\/wp-json\/wp\/v2\/product\/4870","targetHints":{"allow":["GET"]}}],"collection":[{"href":"https:\/\/todoenseguridad.com\/site\/wp-json\/wp\/v2\/product"}],"about":[{"href":"https:\/\/todoenseguridad.com\/site\/wp-json\/wp\/v2\/types\/product"}],"wp:featuredmedia":[{"embeddable":true,"href":"https:\/\/todoenseguridad.com\/site\/wp-json\/wp\/v2\/media\/8766"}],"wp:attachment":[{"href":"https:\/\/todoenseguridad.com\/site\/wp-json\/wp\/v2\/media?parent=4870"}],"wp:term":[{"taxonomy":"product_brand","embeddable":true,"href":"https:\/\/todoenseguridad.com\/site\/wp-json\/wp\/v2\/product_brand?post=4870"},{"taxonomy":"product_cat","embeddable":true,"href":"https:\/\/todoenseguridad.com\/site\/wp-json\/wp\/v2\/product_cat?post=4870"},{"taxonomy":"product_tag","embeddable":true,"href":"https:\/\/todoenseguridad.com\/site\/wp-json\/wp\/v2\/product_tag?post=4870"},{"taxonomy":"berocket_brand","embeddable":true,"href":"https:\/\/todoenseguridad.com\/site\/wp-json\/wp\/v2\/berocket_brand?post=4870"}],"curies":[{"name":"wp","href":"https:\/\/api.w.org\/{rel}","templated":true}]}}