{"id":4810,"date":"2020-07-10T20:05:29","date_gmt":"2020-07-11T01:05:29","guid":{"rendered":"https:\/\/todoenseguridad.com\/site\/producto\/la302dc-delta-protector-de-descargas-sistema-fotovoltaico\/"},"modified":"2026-03-25T17:00:48","modified_gmt":"2026-03-25T22:00:48","slug":"la302dc-delta-protector-de-descargas-sistema-fotovoltaico","status":"publish","type":"product","link":"https:\/\/todoenseguridad.com\/site\/producto\/la302dc-delta-protector-de-descargas-sistema-fotovoltaico\/","title":{"rendered":"LA302DC DELTA Protector de descargas sistema fotovoltaico"},"content":{"rendered":"<p><!--?xml version=\"1.0\" encoding=\"utf-8\"?--><\/p>\n<h3><span style=\"color: #0000ff;\">LA302DC DELTA Protector de desc. electrico para sistema fotovoltaico<\/span><\/h3>\n<p>&nbsp;<\/p>\n<div class=\"producto-caracteristicas-info-header\">Especificaciones:<\/div>\n<p>Use este restrictor de picos de voltaje antes del regulador en su sistema fotovolt\u00e1ico. As\u00ed evitar\u00e1 da\u00f1os debido a picos de corriente originados por descargas el\u00e9ctricas inesperadas.<br \/>\n*Varistor de Oxido Silicon<br \/>\n*Numero iliminato de \u00a0protecciones .<br \/>\n*Tiempo de respuesta \u00a05 nanosegundos<\/p>\n","protected":false},"excerpt":{"rendered":"<p>LA302DC DELTA Protector de desc. electrico para sistema fotovoltaico &nbsp; Especificaciones: Use este restrictor de picos de voltaje antes del regulador en su sistema fotovolt\u00e1ico. As\u00ed evitar\u00e1 da\u00f1os debido a picos de corriente originados por descargas el\u00e9ctricas inesperadas. *Varistor de Oxido Silicon *Numero iliminato de \u00a0protecciones . *Tiempo de respuesta \u00a05 nanosegundos<\/p>\n","protected":false},"featured_media":6860,"template":"","meta":{"_acf_changed":false},"product_brand":[],"product_cat":[123,119],"product_tag":[],"berocket_brand":[],"class_list":{"0":"post-4810","1":"product","2":"type-product","3":"status-publish","4":"has-post-thumbnail","6":"product_cat-accesorios-energia-solar","7":"product_cat-energia-solar","9":"first","10":"instock","11":"taxable","12":"shipping-taxable","13":"purchasable","14":"product-type-simple","15":"berocket_lgv_grid","16":"berocket_lgv_list_grid"},"acf":[],"aioseo_notices":[],"_links":{"self":[{"href":"https:\/\/todoenseguridad.com\/site\/wp-json\/wp\/v2\/product\/4810","targetHints":{"allow":["GET"]}}],"collection":[{"href":"https:\/\/todoenseguridad.com\/site\/wp-json\/wp\/v2\/product"}],"about":[{"href":"https:\/\/todoenseguridad.com\/site\/wp-json\/wp\/v2\/types\/product"}],"wp:featuredmedia":[{"embeddable":true,"href":"https:\/\/todoenseguridad.com\/site\/wp-json\/wp\/v2\/media\/6860"}],"wp:attachment":[{"href":"https:\/\/todoenseguridad.com\/site\/wp-json\/wp\/v2\/media?parent=4810"}],"wp:term":[{"taxonomy":"product_brand","embeddable":true,"href":"https:\/\/todoenseguridad.com\/site\/wp-json\/wp\/v2\/product_brand?post=4810"},{"taxonomy":"product_cat","embeddable":true,"href":"https:\/\/todoenseguridad.com\/site\/wp-json\/wp\/v2\/product_cat?post=4810"},{"taxonomy":"product_tag","embeddable":true,"href":"https:\/\/todoenseguridad.com\/site\/wp-json\/wp\/v2\/product_tag?post=4810"},{"taxonomy":"berocket_brand","embeddable":true,"href":"https:\/\/todoenseguridad.com\/site\/wp-json\/wp\/v2\/berocket_brand?post=4810"}],"curies":[{"name":"wp","href":"https:\/\/api.w.org\/{rel}","templated":true}]}}